{"id":36618,"date":"2024-07-31T17:22:39","date_gmt":"2024-07-31T14:22:39","guid":{"rendered":"https:\/\/skin-heal.com\/?post_type=product&#038;p=36618"},"modified":"2024-07-18T17:30:16","modified_gmt":"2024-07-18T14:30:16","slug":"onefill-classic-1-x-1ml","status":"publish","type":"product","link":"https:\/\/skin-heal.com\/es\/producto\/onefill-classic-1-x-1ml\/","title":{"rendered":"OneFill Classic - 1 x 1ml"},"content":{"rendered":"<p>Centrado en la correcci\u00f3n natural de las arrugas superficiales y las l\u00edneas de la piel, OneFill Classic tampoco hace concesiones en materia de seguridad. Este relleno de alta calidad a base de \u00e1cido hialur\u00f3nico proporcionar\u00e1 de 3 a 6 meses de correcci\u00f3n perfecta de las delicadas depresiones de la piel en varias partes de la cara, incluyendo:<\/p>\n<ul>\n<li>L\u00edneas glabelares<\/li>\n<li>Arrugas superficiales en la frente<\/li>\n<li>Zona de desgarro<\/li>\n<li>Ojeras<\/li>\n<li>L\u00edneas de marioneta superficiales<\/li>\n<\/ul>\n<p>Una caracter\u00edstica clave de los productos Ha destinados a estas zonas delicadas es su densidad, viscoelasticidad y fluidez general. Rellenar suavemente las depresiones de la piel es necesario tanto por razones est\u00e9ticas como de seguridad (especialmente en la zona de desgarro). OneFill Classic consigue el equilibrio necesario y rellena de forma natural las zonas con p\u00e9rdida de volumen cut\u00e1neo, haciendo que el cambio sea imperceptible para el espectador.<\/p>\n<p>Se trata de un gel monof\u00e1sico de \u00e1cido hialur\u00f3nico. Esto significa que el relleno d\u00e9rmico tiene una mayor uniformidad y es m\u00e1s f\u00e1cil de trabajar para los profesionales, lo que les permite un mejor control y, por tanto, mejores resultados. Las arrugas, incluso las m\u00e1s delicadas como las patas de gallo, pueden corregirse sin riesgo de formaci\u00f3n de grumos. Una ventaja a\u00f1adida del uso de Classic de la marca OneFill es la mejora de la hidrataci\u00f3n a largo plazo en la zona de aplicaci\u00f3n, ya que el gel blando libera mol\u00e9culas hialur\u00f3nicas en la dermis.<\/p>\n<p>Cada envase de OneFill Classic relleno de arrugas contiene 1 ml de gel de \u00e1cido hialur\u00f3nico reticulado (HA de origen no animal) y dos agujas - 27G y 30G. La duraci\u00f3n del procedimiento es de hasta 30 minutos y el tratamiento de seguimiento seg\u00fan sea necesario.<\/p>","protected":false},"excerpt":{"rendered":"<p>Destinado a la correcci\u00f3n de arrugas superficiales y delicadas depresiones de la piel, OneFill Classic es un relleno blando coreano, a base de \u00e1cido hialur\u00f3nico, con estructura de gel monof\u00e1sico para mejorar la uniformidad y una concentraci\u00f3n de HA de 24mg\/ml, para una mayor resistencia y un efecto m\u00e1s duradero. Es uno de los rellenos de arrugas m\u00e1s seguros del mercado, pr\u00e1cticamente no quedan residuos de BDDE en el gel y se ha demostrado que es una de las soluciones antiedad y antiarrugas m\u00e1s seguras del mercado.<\/p>","protected":false},"featured_media":36617,"template":"","meta":[],"product_brand":[],"product_cat":[79,162],"product_tag":[],"class_list":{"0":"post-36618","1":"product","2":"type-product","3":"status-publish","4":"has-post-thumbnail","6":"product_cat-dermal-fillers","7":"product_cat-onefill","8":"clearfix","10":"first","11":"instock","12":"taxable","13":"shipping-taxable","14":"purchasable","15":"product-type-simple"},"yoast_head":"<!-- This site is optimized with the Yoast SEO plugin v27.3 - https:\/\/yoast.com\/product\/yoast-seo-wordpress\/ -->\n<title>OneFill Classic - 1 x 1ml - Skin Heal<\/title>\n<meta name=\"description\" content=\"A new soft filler from Korea, the OneFill Classic is a natural and effective way to fill up even the most shallow and delicate skin depressions like skin lines and wrinkles.\" \/>\n<meta name=\"robots\" content=\"index, follow, max-snippet:-1, max-image-preview:large, max-video-preview:-1\" \/>\n<link rel=\"canonical\" href=\"https:\/\/skin-heal.com\/es\/producto\/onefill-classic-1-x-1ml\/\" \/>\n<meta property=\"og:locale\" content=\"es_MX\" \/>\n<meta property=\"og:type\" content=\"article\" \/>\n<meta property=\"og:title\" content=\"OneFill Classic - 1 x 1ml - Skin Heal\" \/>\n<meta property=\"og:description\" content=\"A new soft filler from Korea, the OneFill Classic is a natural and effective way to fill up even the most shallow and delicate skin depressions like skin lines and wrinkles.\" \/>\n<meta property=\"og:url\" content=\"https:\/\/skin-heal.com\/es\/producto\/onefill-classic-1-x-1ml\/\" \/>\n<meta property=\"og:site_name\" content=\"Skin Heal\" \/>\n<meta property=\"og:image\" content=\"https:\/\/cdn.skin-heal.com\/wp-content\/uploads\/2024\/07\/OneFill-Classic.jpg\" \/>\n\t<meta property=\"og:image:width\" content=\"600\" \/>\n\t<meta property=\"og:image:height\" content=\"600\" \/>\n\t<meta property=\"og:image:type\" content=\"image\/jpeg\" \/>\n<meta name=\"twitter:card\" content=\"summary_large_image\" \/>\n<meta name=\"twitter:label1\" content=\"Tiempo de lectura\" \/>\n\t<meta name=\"twitter:data1\" content=\"2 minutos\" \/>\n<script type=\"application\/ld+json\" class=\"yoast-schema-graph\">{\"@context\":\"https:\\\/\\\/schema.org\",\"@graph\":[{\"@type\":\"WebPage\",\"@id\":\"https:\\\/\\\/skin-heal.com\\\/product\\\/onefill-classic-1-x-1ml\\\/\",\"url\":\"https:\\\/\\\/skin-heal.com\\\/product\\\/onefill-classic-1-x-1ml\\\/\",\"name\":\"OneFill Classic - 1 x 1ml - Skin Heal\",\"isPartOf\":{\"@id\":\"https:\\\/\\\/skin-heal.com\\\/#website\"},\"primaryImageOfPage\":{\"@id\":\"https:\\\/\\\/skin-heal.com\\\/product\\\/onefill-classic-1-x-1ml\\\/#primaryimage\"},\"image\":{\"@id\":\"https:\\\/\\\/skin-heal.com\\\/product\\\/onefill-classic-1-x-1ml\\\/#primaryimage\"},\"thumbnailUrl\":\"https:\\\/\\\/skin-heal.com\\\/wp-content\\\/uploads\\\/2024\\\/07\\\/OneFill-Classic.jpg\",\"datePublished\":\"2024-07-31T14:22:39+00:00\",\"description\":\"A new soft filler from Korea, the OneFill Classic is a natural and effective way to fill up even the most shallow and delicate skin depressions like skin lines and wrinkles.\",\"breadcrumb\":{\"@id\":\"https:\\\/\\\/skin-heal.com\\\/product\\\/onefill-classic-1-x-1ml\\\/#breadcrumb\"},\"inLanguage\":\"es\",\"potentialAction\":[{\"@type\":\"ReadAction\",\"target\":[\"https:\\\/\\\/skin-heal.com\\\/product\\\/onefill-classic-1-x-1ml\\\/\"]}]},{\"@type\":\"ImageObject\",\"inLanguage\":\"es\",\"@id\":\"https:\\\/\\\/skin-heal.com\\\/product\\\/onefill-classic-1-x-1ml\\\/#primaryimage\",\"url\":\"https:\\\/\\\/skin-heal.com\\\/wp-content\\\/uploads\\\/2024\\\/07\\\/OneFill-Classic.jpg\",\"contentUrl\":\"https:\\\/\\\/skin-heal.com\\\/wp-content\\\/uploads\\\/2024\\\/07\\\/OneFill-Classic.jpg\",\"width\":600,\"height\":600,\"caption\":\"OneFill Classic\"},{\"@type\":\"BreadcrumbList\",\"@id\":\"https:\\\/\\\/skin-heal.com\\\/product\\\/onefill-classic-1-x-1ml\\\/#breadcrumb\",\"itemListElement\":[{\"@type\":\"ListItem\",\"position\":1,\"name\":\"Home\",\"item\":\"https:\\\/\\\/skin-heal.com\\\/\"},{\"@type\":\"ListItem\",\"position\":2,\"name\":\"Store\",\"item\":\"https:\\\/\\\/skin-heal.com\\\/store\\\/\"},{\"@type\":\"ListItem\",\"position\":3,\"name\":\"OneFill Classic &#8211; 1 x 1ml\"}]},{\"@type\":\"WebSite\",\"@id\":\"https:\\\/\\\/skin-heal.com\\\/#website\",\"url\":\"https:\\\/\\\/skin-heal.com\\\/\",\"name\":\"Skin Heal\",\"description\":\"Lowest Prices for Dermal Fillers\",\"potentialAction\":[{\"@type\":\"SearchAction\",\"target\":{\"@type\":\"EntryPoint\",\"urlTemplate\":\"https:\\\/\\\/skin-heal.com\\\/?s={search_term_string}\"},\"query-input\":{\"@type\":\"PropertyValueSpecification\",\"valueRequired\":true,\"valueName\":\"search_term_string\"}}],\"inLanguage\":\"es\"}]}<\/script>\n<!-- \/ Yoast SEO plugin. -->","yoast_head_json":{"title":"OneFill Classic - 1 x 1ml - Skin Heal","description":"OneFill Classic, un nuevo relleno blando procedente de Corea, es una forma natural y eficaz de rellenar incluso las depresiones cut\u00e1neas m\u00e1s superficiales y delicadas, como las l\u00edneas de expresi\u00f3n y las arrugas.","robots":{"index":"index","follow":"follow","max-snippet":"max-snippet:-1","max-image-preview":"max-image-preview:large","max-video-preview":"max-video-preview:-1"},"canonical":"https:\/\/skin-heal.com\/es\/producto\/onefill-classic-1-x-1ml\/","og_locale":"es_MX","og_type":"article","og_title":"OneFill Classic - 1 x 1ml - Skin Heal","og_description":"A new soft filler from Korea, the OneFill Classic is a natural and effective way to fill up even the most shallow and delicate skin depressions like skin lines and wrinkles.","og_url":"https:\/\/skin-heal.com\/es\/producto\/onefill-classic-1-x-1ml\/","og_site_name":"Skin Heal","og_image":[{"width":600,"height":600,"url":"https:\/\/cdn.skin-heal.com\/wp-content\/uploads\/2024\/07\/OneFill-Classic.jpg","type":"image\/jpeg"}],"twitter_card":"summary_large_image","twitter_misc":{"Tiempo de lectura":"2 minutos"},"schema":{"@context":"https:\/\/schema.org","@graph":[{"@type":"WebPage","@id":"https:\/\/skin-heal.com\/product\/onefill-classic-1-x-1ml\/","url":"https:\/\/skin-heal.com\/product\/onefill-classic-1-x-1ml\/","name":"OneFill Classic - 1 x 1ml - Skin Heal","isPartOf":{"@id":"https:\/\/skin-heal.com\/#website"},"primaryImageOfPage":{"@id":"https:\/\/skin-heal.com\/product\/onefill-classic-1-x-1ml\/#primaryimage"},"image":{"@id":"https:\/\/skin-heal.com\/product\/onefill-classic-1-x-1ml\/#primaryimage"},"thumbnailUrl":"https:\/\/cdn.skin-heal.com\/wp-content\/uploads\/2024\/07\/OneFill-Classic.jpg","datePublished":"2024-07-31T14:22:39+00:00","description":"OneFill Classic, un nuevo relleno blando procedente de Corea, es una forma natural y eficaz de rellenar incluso las depresiones cut\u00e1neas m\u00e1s superficiales y delicadas, como las l\u00edneas de expresi\u00f3n y las arrugas.","breadcrumb":{"@id":"https:\/\/skin-heal.com\/product\/onefill-classic-1-x-1ml\/#breadcrumb"},"inLanguage":"es","potentialAction":[{"@type":"ReadAction","target":["https:\/\/skin-heal.com\/product\/onefill-classic-1-x-1ml\/"]}]},{"@type":"ImageObject","inLanguage":"es","@id":"https:\/\/skin-heal.com\/product\/onefill-classic-1-x-1ml\/#primaryimage","url":"https:\/\/cdn.skin-heal.com\/wp-content\/uploads\/2024\/07\/OneFill-Classic.jpg","contentUrl":"https:\/\/cdn.skin-heal.com\/wp-content\/uploads\/2024\/07\/OneFill-Classic.jpg","width":600,"height":600,"caption":"OneFill Classic"},{"@type":"BreadcrumbList","@id":"https:\/\/skin-heal.com\/product\/onefill-classic-1-x-1ml\/#breadcrumb","itemListElement":[{"@type":"ListItem","position":1,"name":"Home","item":"https:\/\/skin-heal.com\/"},{"@type":"ListItem","position":2,"name":"Store","item":"https:\/\/skin-heal.com\/store\/"},{"@type":"ListItem","position":3,"name":"OneFill Classic &#8211; 1 x 1ml"}]},{"@type":"WebSite","@id":"https:\/\/skin-heal.com\/#website","url":"https:\/\/skin-heal.com\/","name":"Curaci\u00f3n de la piel","description":"Los precios m\u00e1s bajos para los rellenos d\u00e9rmicos","potentialAction":[{"@type":"SearchAction","target":{"@type":"EntryPoint","urlTemplate":"https:\/\/skin-heal.com\/?s={search_term_string}"},"query-input":{"@type":"PropertyValueSpecification","valueRequired":true,"valueName":"search_term_string"}}],"inLanguage":"es"}]}},"_links":{"self":[{"href":"https:\/\/skin-heal.com\/es\/wp-json\/wp\/v2\/product\/36618","targetHints":{"allow":["GET"]}}],"collection":[{"href":"https:\/\/skin-heal.com\/es\/wp-json\/wp\/v2\/product"}],"about":[{"href":"https:\/\/skin-heal.com\/es\/wp-json\/wp\/v2\/types\/product"}],"wp:featuredmedia":[{"embeddable":true,"href":"https:\/\/skin-heal.com\/es\/wp-json\/wp\/v2\/media\/36617"}],"wp:attachment":[{"href":"https:\/\/skin-heal.com\/es\/wp-json\/wp\/v2\/media?parent=36618"}],"wp:term":[{"taxonomy":"product_brand","embeddable":true,"href":"https:\/\/skin-heal.com\/es\/wp-json\/wp\/v2\/product_brand?post=36618"},{"taxonomy":"product_cat","embeddable":true,"href":"https:\/\/skin-heal.com\/es\/wp-json\/wp\/v2\/product_cat?post=36618"},{"taxonomy":"product_tag","embeddable":true,"href":"https:\/\/skin-heal.com\/es\/wp-json\/wp\/v2\/product_tag?post=36618"}],"curies":[{"name":"wp","href":"https:\/\/api.w.org\/{rel}","templated":true}]}}