{"id":36620,"date":"2024-07-29T19:06:57","date_gmt":"2024-07-29T16:06:57","guid":{"rendered":"https:\/\/skin-heal.com\/?post_type=product&#038;p=36620"},"modified":"2024-07-18T19:11:40","modified_gmt":"2024-07-18T16:11:40","slug":"karisma-rh-collagen-filler-1-x-2ml","status":"publish","type":"product","link":"https:\/\/skin-heal.com\/es\/producto\/karisma-rh-collagen-filler-1-x-2ml\/","title":{"rendered":"Karisma RH Relleno de Col\u00e1geno - 1 x 2ml)"},"content":{"rendered":"<p>Karisma es, en cierto modo, un enfoque natural del rejuvenecimiento de la piel y de la terapia antiedad en general, incluido el relleno de depresiones cut\u00e1neas poco profundas. Utilizando el propio poder del cuerpo para producir col\u00e1geno, ayuda a levantar los tejidos fl\u00e1cidos, alisando la dermis superior mediante la restauraci\u00f3n del volumen y mejorando la elasticidad general y la resistencia de la piel.<\/p>\n<p>La base de todo ello es una hidrataci\u00f3n profunda y un aumento de la producci\u00f3n de col\u00e1geno. Karisma introduce grandes cantidades de \u00e1cido hialur\u00f3nico no reticulado en la piel. Se trata de un m\u00e9todo r\u00e1pido para mejorar la hidrataci\u00f3n, ya que las mol\u00e9culas de AH pueden retener cientos de veces su propio peso en agua. Para prolongar el proceso, la carboximetilcelulosa ralentiza dr\u00e1sticamente el efecto de la hialuronidasa, la enzima que disuelve las mol\u00e9culas de AH. La hidrataci\u00f3n profunda no s\u00f3lo es la forma m\u00e1s b\u00e1sica de tratamiento de la piel envejecida y el m\u00e9todo para recuperar la suavidad y la tersura (la piel seca y \u00e1spera son los problemas habituales de la piel envejecida), sino que tambi\u00e9n predispone a los fibroblastos a producir col\u00e1geno de forma m\u00e1s eficaz.<\/p>\n<p>Este \u00faltimo se desbloquea introduciendo un p\u00e9ptido especial en la matriz extracelular de la dermis: la cadena \u03b11 del polip\u00e9ptido r. Es fundamental para todo el proceso de s\u00edntesis del col\u00e1geno. Desde inducir a los fibroblastos a hacerlo, hasta asegurar que se sintetice el tipo correcto de col\u00e1geno de alta calidad - fuerte conformaci\u00f3n de triple h\u00e9lice construida a partir de las cepas de mol\u00e9culas de procol\u00e1geno.<\/p>\n<p>La acumulaci\u00f3n de col\u00e1geno en el ECM permite la restauraci\u00f3n de las estructuras de soporte, que tiran de la piel previamente fl\u00e1cida hacia arriba. Adem\u00e1s, la elasticidad mejora enormemente y el efecto global, incluido el relleno de las depresiones cut\u00e1neas con col\u00e1geno, puede durar entre seis y doce meses.<\/p>","protected":false},"excerpt":{"rendered":"<p>En lugar de a\u00f1adir volumen con HA reticulado, Karisma restaura el volumen perdido de la piel creando las condiciones perfectas para sintetizar col\u00e1geno con \u00e1cido hialur\u00f3nico y, a continuaci\u00f3n, amplificando el proceso mediante la estimulaci\u00f3n de los fibroblastos con una cadena \u03b11 de r-polip\u00e9ptido. Una soluci\u00f3n duradera para el rejuvenecimiento de la piel y un m\u00e9todo natural para rellenar arrugas y pliegues cut\u00e1neos superficiales a moderados, que tambi\u00e9n alisa la textura de la piel y mejora enormemente su elasticidad.<\/p>","protected":false},"featured_media":36621,"template":"","meta":[],"product_brand":[],"product_cat":[79],"product_tag":[],"class_list":{"0":"post-36620","1":"product","2":"type-product","3":"status-publish","4":"has-post-thumbnail","6":"product_cat-dermal-fillers","7":"clearfix","9":"first","10":"instock","11":"taxable","12":"shipping-taxable","13":"purchasable","14":"product-type-simple"},"yoast_head":"<!-- This site is optimized with the Yoast SEO plugin v27.4 - https:\/\/yoast.com\/product\/yoast-seo-wordpress\/ -->\n<title>Karisma RH Collagen Filler - 1 x 2ml) - Skin Heal<\/title>\n<meta name=\"description\" content=\"A deep and lasting rejuvenation of the face, neck and back of the hands using the natural power of collagen synthesis and the hydrating properties of highly concentrated non-crosslinked Hyaluronic acid.\" \/>\n<meta name=\"robots\" content=\"index, follow, max-snippet:-1, max-image-preview:large, max-video-preview:-1\" \/>\n<link rel=\"canonical\" href=\"https:\/\/skin-heal.com\/es\/producto\/karisma-rh-collagen-filler-1-x-2ml\/\" \/>\n<meta property=\"og:locale\" content=\"es_MX\" \/>\n<meta property=\"og:type\" content=\"article\" \/>\n<meta property=\"og:title\" content=\"Karisma RH Collagen Filler - 1 x 2ml) - Skin Heal\" \/>\n<meta property=\"og:description\" content=\"A deep and lasting rejuvenation of the face, neck and back of the hands using the natural power of collagen synthesis and the hydrating properties of highly concentrated non-crosslinked Hyaluronic acid.\" \/>\n<meta property=\"og:url\" content=\"https:\/\/skin-heal.com\/es\/producto\/karisma-rh-collagen-filler-1-x-2ml\/\" \/>\n<meta property=\"og:site_name\" content=\"Skin Heal\" \/>\n<meta property=\"og:image\" content=\"https:\/\/cdn.skin-heal.com\/wp-content\/uploads\/2024\/07\/Karisma-RH-Collagen.jpg\" \/>\n\t<meta property=\"og:image:width\" content=\"600\" \/>\n\t<meta property=\"og:image:height\" content=\"600\" \/>\n\t<meta property=\"og:image:type\" content=\"image\/jpeg\" \/>\n<meta name=\"twitter:card\" content=\"summary_large_image\" \/>\n<meta name=\"twitter:label1\" content=\"Tiempo de lectura\" \/>\n\t<meta name=\"twitter:data1\" content=\"2 minutos\" \/>\n<script type=\"application\/ld+json\" class=\"yoast-schema-graph\">{\"@context\":\"https:\\\/\\\/schema.org\",\"@graph\":[{\"@type\":\"WebPage\",\"@id\":\"https:\\\/\\\/skin-heal.com\\\/product\\\/karisma-rh-collagen-filler-1-x-2ml\\\/\",\"url\":\"https:\\\/\\\/skin-heal.com\\\/product\\\/karisma-rh-collagen-filler-1-x-2ml\\\/\",\"name\":\"Karisma RH Collagen Filler - 1 x 2ml) - Skin Heal\",\"isPartOf\":{\"@id\":\"https:\\\/\\\/skin-heal.com\\\/#website\"},\"primaryImageOfPage\":{\"@id\":\"https:\\\/\\\/skin-heal.com\\\/product\\\/karisma-rh-collagen-filler-1-x-2ml\\\/#primaryimage\"},\"image\":{\"@id\":\"https:\\\/\\\/skin-heal.com\\\/product\\\/karisma-rh-collagen-filler-1-x-2ml\\\/#primaryimage\"},\"thumbnailUrl\":\"https:\\\/\\\/skin-heal.com\\\/wp-content\\\/uploads\\\/2024\\\/07\\\/Karisma-RH-Collagen.jpg\",\"datePublished\":\"2024-07-29T16:06:57+00:00\",\"description\":\"A deep and lasting rejuvenation of the face, neck and back of the hands using the natural power of collagen synthesis and the hydrating properties of highly concentrated non-crosslinked Hyaluronic acid.\",\"breadcrumb\":{\"@id\":\"https:\\\/\\\/skin-heal.com\\\/product\\\/karisma-rh-collagen-filler-1-x-2ml\\\/#breadcrumb\"},\"inLanguage\":\"es\",\"potentialAction\":[{\"@type\":\"ReadAction\",\"target\":[\"https:\\\/\\\/skin-heal.com\\\/product\\\/karisma-rh-collagen-filler-1-x-2ml\\\/\"]}]},{\"@type\":\"ImageObject\",\"inLanguage\":\"es\",\"@id\":\"https:\\\/\\\/skin-heal.com\\\/product\\\/karisma-rh-collagen-filler-1-x-2ml\\\/#primaryimage\",\"url\":\"https:\\\/\\\/skin-heal.com\\\/wp-content\\\/uploads\\\/2024\\\/07\\\/Karisma-RH-Collagen.jpg\",\"contentUrl\":\"https:\\\/\\\/skin-heal.com\\\/wp-content\\\/uploads\\\/2024\\\/07\\\/Karisma-RH-Collagen.jpg\",\"width\":600,\"height\":600,\"caption\":\"Karisma RH Collagen\"},{\"@type\":\"BreadcrumbList\",\"@id\":\"https:\\\/\\\/skin-heal.com\\\/product\\\/karisma-rh-collagen-filler-1-x-2ml\\\/#breadcrumb\",\"itemListElement\":[{\"@type\":\"ListItem\",\"position\":1,\"name\":\"Home\",\"item\":\"https:\\\/\\\/skin-heal.com\\\/\"},{\"@type\":\"ListItem\",\"position\":2,\"name\":\"Store\",\"item\":\"https:\\\/\\\/skin-heal.com\\\/store\\\/\"},{\"@type\":\"ListItem\",\"position\":3,\"name\":\"Karisma RH Collagen Filler &#8211; 1 x 2ml)\"}]},{\"@type\":\"WebSite\",\"@id\":\"https:\\\/\\\/skin-heal.com\\\/#website\",\"url\":\"https:\\\/\\\/skin-heal.com\\\/\",\"name\":\"Skin Heal\",\"description\":\"Lowest Prices for Dermal Fillers\",\"potentialAction\":[{\"@type\":\"SearchAction\",\"target\":{\"@type\":\"EntryPoint\",\"urlTemplate\":\"https:\\\/\\\/skin-heal.com\\\/?s={search_term_string}\"},\"query-input\":{\"@type\":\"PropertyValueSpecification\",\"valueRequired\":true,\"valueName\":\"search_term_string\"}}],\"inLanguage\":\"es\"}]}<\/script>\n<!-- \/ Yoast SEO plugin. -->","yoast_head_json":{"title":"Karisma RH Relleno de Col\u00e1geno - 1 x 2ml) - Skin Heal","description":"Un rejuvenecimiento profundo y duradero del rostro, cuello y dorso de las manos utilizando el poder natural de la s\u00edntesis de col\u00e1geno y las propiedades hidratantes del \u00e1cido hialur\u00f3nico no reticulado altamente concentrado.","robots":{"index":"index","follow":"follow","max-snippet":"max-snippet:-1","max-image-preview":"max-image-preview:large","max-video-preview":"max-video-preview:-1"},"canonical":"https:\/\/skin-heal.com\/es\/producto\/karisma-rh-collagen-filler-1-x-2ml\/","og_locale":"es_MX","og_type":"article","og_title":"Karisma RH Collagen Filler - 1 x 2ml) - Skin Heal","og_description":"A deep and lasting rejuvenation of the face, neck and back of the hands using the natural power of collagen synthesis and the hydrating properties of highly concentrated non-crosslinked Hyaluronic acid.","og_url":"https:\/\/skin-heal.com\/es\/producto\/karisma-rh-collagen-filler-1-x-2ml\/","og_site_name":"Skin Heal","og_image":[{"width":600,"height":600,"url":"https:\/\/cdn.skin-heal.com\/wp-content\/uploads\/2024\/07\/Karisma-RH-Collagen.jpg","type":"image\/jpeg"}],"twitter_card":"summary_large_image","twitter_misc":{"Tiempo de lectura":"2 minutos"},"schema":{"@context":"https:\/\/schema.org","@graph":[{"@type":"WebPage","@id":"https:\/\/skin-heal.com\/product\/karisma-rh-collagen-filler-1-x-2ml\/","url":"https:\/\/skin-heal.com\/product\/karisma-rh-collagen-filler-1-x-2ml\/","name":"Karisma RH Relleno de Col\u00e1geno - 1 x 2ml) - Skin Heal","isPartOf":{"@id":"https:\/\/skin-heal.com\/#website"},"primaryImageOfPage":{"@id":"https:\/\/skin-heal.com\/product\/karisma-rh-collagen-filler-1-x-2ml\/#primaryimage"},"image":{"@id":"https:\/\/skin-heal.com\/product\/karisma-rh-collagen-filler-1-x-2ml\/#primaryimage"},"thumbnailUrl":"https:\/\/cdn.skin-heal.com\/wp-content\/uploads\/2024\/07\/Karisma-RH-Collagen.jpg","datePublished":"2024-07-29T16:06:57+00:00","description":"Un rejuvenecimiento profundo y duradero del rostro, cuello y dorso de las manos utilizando el poder natural de la s\u00edntesis de col\u00e1geno y las propiedades hidratantes del \u00e1cido hialur\u00f3nico no reticulado altamente concentrado.","breadcrumb":{"@id":"https:\/\/skin-heal.com\/product\/karisma-rh-collagen-filler-1-x-2ml\/#breadcrumb"},"inLanguage":"es","potentialAction":[{"@type":"ReadAction","target":["https:\/\/skin-heal.com\/product\/karisma-rh-collagen-filler-1-x-2ml\/"]}]},{"@type":"ImageObject","inLanguage":"es","@id":"https:\/\/skin-heal.com\/product\/karisma-rh-collagen-filler-1-x-2ml\/#primaryimage","url":"https:\/\/cdn.skin-heal.com\/wp-content\/uploads\/2024\/07\/Karisma-RH-Collagen.jpg","contentUrl":"https:\/\/cdn.skin-heal.com\/wp-content\/uploads\/2024\/07\/Karisma-RH-Collagen.jpg","width":600,"height":600,"caption":"Karisma RH Collagen"},{"@type":"BreadcrumbList","@id":"https:\/\/skin-heal.com\/product\/karisma-rh-collagen-filler-1-x-2ml\/#breadcrumb","itemListElement":[{"@type":"ListItem","position":1,"name":"Home","item":"https:\/\/skin-heal.com\/"},{"@type":"ListItem","position":2,"name":"Store","item":"https:\/\/skin-heal.com\/store\/"},{"@type":"ListItem","position":3,"name":"Karisma RH Collagen Filler &#8211; 1 x 2ml)"}]},{"@type":"WebSite","@id":"https:\/\/skin-heal.com\/#website","url":"https:\/\/skin-heal.com\/","name":"Curaci\u00f3n de la piel","description":"Los precios m\u00e1s bajos para los rellenos d\u00e9rmicos","potentialAction":[{"@type":"SearchAction","target":{"@type":"EntryPoint","urlTemplate":"https:\/\/skin-heal.com\/?s={search_term_string}"},"query-input":{"@type":"PropertyValueSpecification","valueRequired":true,"valueName":"search_term_string"}}],"inLanguage":"es"}]}},"_links":{"self":[{"href":"https:\/\/skin-heal.com\/es\/wp-json\/wp\/v2\/product\/36620","targetHints":{"allow":["GET"]}}],"collection":[{"href":"https:\/\/skin-heal.com\/es\/wp-json\/wp\/v2\/product"}],"about":[{"href":"https:\/\/skin-heal.com\/es\/wp-json\/wp\/v2\/types\/product"}],"wp:featuredmedia":[{"embeddable":true,"href":"https:\/\/skin-heal.com\/es\/wp-json\/wp\/v2\/media\/36621"}],"wp:attachment":[{"href":"https:\/\/skin-heal.com\/es\/wp-json\/wp\/v2\/media?parent=36620"}],"wp:term":[{"taxonomy":"product_brand","embeddable":true,"href":"https:\/\/skin-heal.com\/es\/wp-json\/wp\/v2\/product_brand?post=36620"},{"taxonomy":"product_cat","embeddable":true,"href":"https:\/\/skin-heal.com\/es\/wp-json\/wp\/v2\/product_cat?post=36620"},{"taxonomy":"product_tag","embeddable":true,"href":"https:\/\/skin-heal.com\/es\/wp-json\/wp\/v2\/product_tag?post=36620"}],"curies":[{"name":"wp","href":"https:\/\/api.w.org\/{rel}","templated":true}]}}