{"id":36674,"date":"2024-09-14T19:36:55","date_gmt":"2024-09-14T16:36:55","guid":{"rendered":"https:\/\/skin-heal.com\/?post_type=product&#038;p=36674"},"modified":"2024-09-04T19:39:50","modified_gmt":"2024-09-04T16:39:50","slug":"jalupro-young-eye-1-x-1ml","status":"publish","type":"product","link":"https:\/\/skin-heal.com\/es\/producto\/jalupro-young-eye-1-x-1ml\/","title":{"rendered":"Jalupro Ojo Joven (1 x 1ml)"},"content":{"rendered":"<p>El objetivo de Jalupro Young Eye no es s\u00f3lo potenciar el estado de la piel del contorno de los ojos, sino tambi\u00e9n proporcionar una mejora visible del aspecto general con molestos problemas como las bolsas de los ojos, la hinchaz\u00f3n y las ojeras, todos los cuales contribuyen tanto al deterioro de la dermis como a la percepci\u00f3n de la edad de la persona.<\/p>\n<p>Para lograr su objetivo, Jalupro Young Eye se basa en tres grupos clave de ingredientes.<\/p>\n<h3>\u00c1cido hialur\u00f3nico<\/h3>\n<p>Esta sustancia es natural de la piel humana y, de hecho, es absolutamente necesaria para los procesos normales de hidrataci\u00f3n. Para crear las condiciones perfectas para el rejuvenecimiento, Jalupro Young Eye introduce una mezcla de dos tipos de \u00e1cido hialur\u00f3nico no reticulado, que rellena mejor el espacio de la ECM y no s\u00f3lo potencia la hidrataci\u00f3n, sino que tambi\u00e9n crea las condiciones perfectas para que los fibroblastos sinteticen elastina y col\u00e1geno.<\/p>\n<h3>Amino\u00e1cidos<\/h3>\n<p>Una vez que el HA ha hecho el trabajo de base, los amino\u00e1cidos toman el relevo. Mezclando un potente c\u00f3ctel, el Young Eye act\u00faa como un potente colagenoestimulante. Al combinar los amino\u00e1cidos correctos, un skinbooster puede mejorar r\u00e1pidamente la s\u00edntesis de col\u00e1geno en la matriz extracelular estimulando los fibroblastos. Este relleno incluye:<\/p>\n<ul>\n<li>Glicina<\/li>\n<li>L-prolina<\/li>\n<li>L-leucina<\/li>\n<li>L-lisina<\/li>\n<li>L-alanina<\/li>\n<li>L-valina<\/li>\n<li>L-arginina<\/li>\n<\/ul>\n<h3>P\u00e9ptidos<\/h3>\n<p>Y, por \u00faltimo, los p\u00e9ptidos. Tienen un papel auxiliar junto a los amino\u00e1cidos en la producci\u00f3n de col\u00e1geno, pero son vitales cuando se trata del bienestar general de la piel. Gracias a ellos se consigue un efecto iluminador y antiinflamatorio, as\u00ed como un efecto antiedad global y a largo plazo de Jalupro Young Eye. El producto contiene tres p\u00e9ptidos:<\/p>\n<ul>\n<li>Decapeptido-3<\/li>\n<li>Oligopeptide-24<\/li>\n<li>Acetil tetrap\u00e9ptido-5<\/li>\n<\/ul>","protected":false},"excerpt":{"rendered":"<p>Jalupro Young Eye es un relleno d\u00e9rmico rejuvenecedor con \u00e1cido hialur\u00f3nico no reticulado, mezclado en un c\u00f3ctel potenciador de la piel con amino\u00e1cidos y p\u00e9ptidos, que ofrece una soluci\u00f3n compleja y completa para los problemas de la piel alrededor y debajo de los ojos. Esta potente soluci\u00f3n, trata las arrugas superficiales como las patas de gallo, pero tambi\u00e9n mejora la producci\u00f3n de col\u00e1geno en la matriz extracelular y proporciona un efecto iluminador de la piel.<\/p>","protected":false},"featured_media":36675,"template":"","meta":[],"product_brand":[],"product_cat":[79,45,80,68],"product_tag":[],"class_list":{"0":"post-36674","1":"product","2":"type-product","3":"status-publish","4":"has-post-thumbnail","6":"product_cat-dermal-fillers","7":"product_cat-jalupro","8":"product_cat-mesotherapy","9":"product_cat-professional-derma","10":"clearfix","12":"first","13":"instock","14":"taxable","15":"shipping-taxable","16":"purchasable","17":"product-type-simple"},"yoast_head":"<!-- This site is optimized with the Yoast SEO plugin v27.3 - https:\/\/yoast.com\/product\/yoast-seo-wordpress\/ -->\n<title>Jalupro Young Eye (1 x 1ml) - Skin Heal<\/title>\n<meta name=\"description\" content=\"Improve the skin around your eyes and deal away with fine wrinkles, puffiness, dark circles and eyebags using the Jalupro Young Eye \u2013 a potent skinboosting filler.\" \/>\n<meta name=\"robots\" content=\"index, follow, max-snippet:-1, max-image-preview:large, max-video-preview:-1\" \/>\n<link rel=\"canonical\" href=\"https:\/\/skin-heal.com\/es\/producto\/jalupro-young-eye-1-x-1ml\/\" \/>\n<meta property=\"og:locale\" content=\"es_MX\" \/>\n<meta property=\"og:type\" content=\"article\" \/>\n<meta property=\"og:title\" content=\"Jalupro Young Eye (1 x 1ml) - Skin Heal\" \/>\n<meta property=\"og:description\" content=\"Improve the skin around your eyes and deal away with fine wrinkles, puffiness, dark circles and eyebags using the Jalupro Young Eye \u2013 a potent skinboosting filler.\" \/>\n<meta property=\"og:url\" content=\"https:\/\/skin-heal.com\/es\/producto\/jalupro-young-eye-1-x-1ml\/\" \/>\n<meta property=\"og:site_name\" content=\"Skin Heal\" \/>\n<meta property=\"og:image\" content=\"https:\/\/cdn.skin-heal.com\/wp-content\/uploads\/2024\/09\/Jalupro-Young-Eye.jpg\" \/>\n\t<meta property=\"og:image:width\" content=\"600\" \/>\n\t<meta property=\"og:image:height\" content=\"600\" \/>\n\t<meta property=\"og:image:type\" content=\"image\/jpeg\" \/>\n<meta name=\"twitter:card\" content=\"summary_large_image\" \/>\n<meta name=\"twitter:label1\" content=\"Tiempo de lectura\" \/>\n\t<meta name=\"twitter:data1\" content=\"2 minutos\" \/>\n<script type=\"application\/ld+json\" class=\"yoast-schema-graph\">{\"@context\":\"https:\\\/\\\/schema.org\",\"@graph\":[{\"@type\":\"WebPage\",\"@id\":\"https:\\\/\\\/skin-heal.com\\\/product\\\/jalupro-young-eye-1-x-1ml\\\/\",\"url\":\"https:\\\/\\\/skin-heal.com\\\/product\\\/jalupro-young-eye-1-x-1ml\\\/\",\"name\":\"Jalupro Young Eye (1 x 1ml) - Skin Heal\",\"isPartOf\":{\"@id\":\"https:\\\/\\\/skin-heal.com\\\/#website\"},\"primaryImageOfPage\":{\"@id\":\"https:\\\/\\\/skin-heal.com\\\/product\\\/jalupro-young-eye-1-x-1ml\\\/#primaryimage\"},\"image\":{\"@id\":\"https:\\\/\\\/skin-heal.com\\\/product\\\/jalupro-young-eye-1-x-1ml\\\/#primaryimage\"},\"thumbnailUrl\":\"https:\\\/\\\/skin-heal.com\\\/wp-content\\\/uploads\\\/2024\\\/09\\\/Jalupro-Young-Eye.jpg\",\"datePublished\":\"2024-09-14T16:36:55+00:00\",\"description\":\"Improve the skin around your eyes and deal away with fine wrinkles, puffiness, dark circles and eyebags using the Jalupro Young Eye \u2013 a potent skinboosting filler.\",\"breadcrumb\":{\"@id\":\"https:\\\/\\\/skin-heal.com\\\/product\\\/jalupro-young-eye-1-x-1ml\\\/#breadcrumb\"},\"inLanguage\":\"es\",\"potentialAction\":[{\"@type\":\"ReadAction\",\"target\":[\"https:\\\/\\\/skin-heal.com\\\/product\\\/jalupro-young-eye-1-x-1ml\\\/\"]}]},{\"@type\":\"ImageObject\",\"inLanguage\":\"es\",\"@id\":\"https:\\\/\\\/skin-heal.com\\\/product\\\/jalupro-young-eye-1-x-1ml\\\/#primaryimage\",\"url\":\"https:\\\/\\\/skin-heal.com\\\/wp-content\\\/uploads\\\/2024\\\/09\\\/Jalupro-Young-Eye.jpg\",\"contentUrl\":\"https:\\\/\\\/skin-heal.com\\\/wp-content\\\/uploads\\\/2024\\\/09\\\/Jalupro-Young-Eye.jpg\",\"width\":600,\"height\":600,\"caption\":\"Jalupro Young Eye\"},{\"@type\":\"BreadcrumbList\",\"@id\":\"https:\\\/\\\/skin-heal.com\\\/product\\\/jalupro-young-eye-1-x-1ml\\\/#breadcrumb\",\"itemListElement\":[{\"@type\":\"ListItem\",\"position\":1,\"name\":\"Home\",\"item\":\"https:\\\/\\\/skin-heal.com\\\/\"},{\"@type\":\"ListItem\",\"position\":2,\"name\":\"Store\",\"item\":\"https:\\\/\\\/skin-heal.com\\\/store\\\/\"},{\"@type\":\"ListItem\",\"position\":3,\"name\":\"Jalupro Young Eye (1 x 1ml)\"}]},{\"@type\":\"WebSite\",\"@id\":\"https:\\\/\\\/skin-heal.com\\\/#website\",\"url\":\"https:\\\/\\\/skin-heal.com\\\/\",\"name\":\"Skin Heal\",\"description\":\"Lowest Prices for Dermal Fillers\",\"potentialAction\":[{\"@type\":\"SearchAction\",\"target\":{\"@type\":\"EntryPoint\",\"urlTemplate\":\"https:\\\/\\\/skin-heal.com\\\/?s={search_term_string}\"},\"query-input\":{\"@type\":\"PropertyValueSpecification\",\"valueRequired\":true,\"valueName\":\"search_term_string\"}}],\"inLanguage\":\"es\"}]}<\/script>\n<!-- \/ Yoast SEO plugin. -->","yoast_head_json":{"title":"Jalupro Ojo Joven (1 x 1ml) - Skin Heal","description":"Mejore la piel del contorno de los ojos y elimine las arrugas finas, las bolsas, las ojeras y las bolsas de los ojos con Jalupro Young Eye, un potente producto de relleno que estimula la piel.","robots":{"index":"index","follow":"follow","max-snippet":"max-snippet:-1","max-image-preview":"max-image-preview:large","max-video-preview":"max-video-preview:-1"},"canonical":"https:\/\/skin-heal.com\/es\/producto\/jalupro-young-eye-1-x-1ml\/","og_locale":"es_MX","og_type":"article","og_title":"Jalupro Young Eye (1 x 1ml) - Skin Heal","og_description":"Improve the skin around your eyes and deal away with fine wrinkles, puffiness, dark circles and eyebags using the Jalupro Young Eye \u2013 a potent skinboosting filler.","og_url":"https:\/\/skin-heal.com\/es\/producto\/jalupro-young-eye-1-x-1ml\/","og_site_name":"Skin Heal","og_image":[{"width":600,"height":600,"url":"https:\/\/cdn.skin-heal.com\/wp-content\/uploads\/2024\/09\/Jalupro-Young-Eye.jpg","type":"image\/jpeg"}],"twitter_card":"summary_large_image","twitter_misc":{"Tiempo de lectura":"2 minutos"},"schema":{"@context":"https:\/\/schema.org","@graph":[{"@type":"WebPage","@id":"https:\/\/skin-heal.com\/product\/jalupro-young-eye-1-x-1ml\/","url":"https:\/\/skin-heal.com\/product\/jalupro-young-eye-1-x-1ml\/","name":"Jalupro Ojo Joven (1 x 1ml) - Skin Heal","isPartOf":{"@id":"https:\/\/skin-heal.com\/#website"},"primaryImageOfPage":{"@id":"https:\/\/skin-heal.com\/product\/jalupro-young-eye-1-x-1ml\/#primaryimage"},"image":{"@id":"https:\/\/skin-heal.com\/product\/jalupro-young-eye-1-x-1ml\/#primaryimage"},"thumbnailUrl":"https:\/\/cdn.skin-heal.com\/wp-content\/uploads\/2024\/09\/Jalupro-Young-Eye.jpg","datePublished":"2024-09-14T16:36:55+00:00","description":"Mejore la piel del contorno de los ojos y elimine las arrugas finas, las bolsas, las ojeras y las bolsas de los ojos con Jalupro Young Eye, un potente producto de relleno que estimula la piel.","breadcrumb":{"@id":"https:\/\/skin-heal.com\/product\/jalupro-young-eye-1-x-1ml\/#breadcrumb"},"inLanguage":"es","potentialAction":[{"@type":"ReadAction","target":["https:\/\/skin-heal.com\/product\/jalupro-young-eye-1-x-1ml\/"]}]},{"@type":"ImageObject","inLanguage":"es","@id":"https:\/\/skin-heal.com\/product\/jalupro-young-eye-1-x-1ml\/#primaryimage","url":"https:\/\/cdn.skin-heal.com\/wp-content\/uploads\/2024\/09\/Jalupro-Young-Eye.jpg","contentUrl":"https:\/\/cdn.skin-heal.com\/wp-content\/uploads\/2024\/09\/Jalupro-Young-Eye.jpg","width":600,"height":600,"caption":"Jalupro Young Eye"},{"@type":"BreadcrumbList","@id":"https:\/\/skin-heal.com\/product\/jalupro-young-eye-1-x-1ml\/#breadcrumb","itemListElement":[{"@type":"ListItem","position":1,"name":"Home","item":"https:\/\/skin-heal.com\/"},{"@type":"ListItem","position":2,"name":"Store","item":"https:\/\/skin-heal.com\/store\/"},{"@type":"ListItem","position":3,"name":"Jalupro Young Eye (1 x 1ml)"}]},{"@type":"WebSite","@id":"https:\/\/skin-heal.com\/#website","url":"https:\/\/skin-heal.com\/","name":"Curaci\u00f3n de la piel","description":"Los precios m\u00e1s bajos para los rellenos d\u00e9rmicos","potentialAction":[{"@type":"SearchAction","target":{"@type":"EntryPoint","urlTemplate":"https:\/\/skin-heal.com\/?s={search_term_string}"},"query-input":{"@type":"PropertyValueSpecification","valueRequired":true,"valueName":"search_term_string"}}],"inLanguage":"es"}]}},"_links":{"self":[{"href":"https:\/\/skin-heal.com\/es\/wp-json\/wp\/v2\/product\/36674","targetHints":{"allow":["GET"]}}],"collection":[{"href":"https:\/\/skin-heal.com\/es\/wp-json\/wp\/v2\/product"}],"about":[{"href":"https:\/\/skin-heal.com\/es\/wp-json\/wp\/v2\/types\/product"}],"wp:featuredmedia":[{"embeddable":true,"href":"https:\/\/skin-heal.com\/es\/wp-json\/wp\/v2\/media\/36675"}],"wp:attachment":[{"href":"https:\/\/skin-heal.com\/es\/wp-json\/wp\/v2\/media?parent=36674"}],"wp:term":[{"taxonomy":"product_brand","embeddable":true,"href":"https:\/\/skin-heal.com\/es\/wp-json\/wp\/v2\/product_brand?post=36674"},{"taxonomy":"product_cat","embeddable":true,"href":"https:\/\/skin-heal.com\/es\/wp-json\/wp\/v2\/product_cat?post=36674"},{"taxonomy":"product_tag","embeddable":true,"href":"https:\/\/skin-heal.com\/es\/wp-json\/wp\/v2\/product_tag?post=36674"}],"curies":[{"name":"wp","href":"https:\/\/api.w.org\/{rel}","templated":true}]}}