{"id":36746,"date":"2024-12-04T17:56:44","date_gmt":"2024-12-04T15:56:44","guid":{"rendered":"https:\/\/skin-heal.com\/?post_type=product&#038;p=36746"},"modified":"2026-03-17T17:46:24","modified_gmt":"2026-03-17T15:46:24","slug":"pbserum-enzymatic-reagents-low","status":"publish","type":"product","link":"https:\/\/skin-heal.com\/es\/producto\/pbserum-enzymatic-reagents-low\/","title":{"rendered":"PBSerum Reactivos enzim\u00e1ticos Bajo"},"content":{"rendered":"<p>El PB Serum Enzymatic Reagents Low es un set para el cuidado de la piel cuidadosamente equilibrado y adaptado, que utiliza una dosis de \u00e1cido hialur\u00f3nico purificado de alta calidad, que se mezcla con un polvo de sus enzimas clave - Liasa PB72K, Lipasa PB500 y Colagenasa PB220, as\u00ed como un vial de soluci\u00f3n de reconstrucci\u00f3n.<\/p>\n<p>Destinado a proporcionar una mejora duradera y visible del aspecto percibido del rostro, el PB Serum Low mejorar\u00e1 el estado general de la piel. El \u00e1cido hialur\u00f3nico de alto peso molecular, o HMW-HA, desempe\u00f1ar\u00e1 un papel clave en la creaci\u00f3n de las condiciones perfectas para que el reactivo enzim\u00e1tico logre resultados \u00f3ptimos. El AH penetra en la matriz extracelular, mejora la hidrataci\u00f3n y crea las condiciones para la s\u00edntesis de col\u00e1geno. Adem\u00e1s, el HMW-HA act\u00faa como lubricante, o clasificador, minimizando el riesgo de adhesi\u00f3n de tejido fibr\u00f3tico.<\/p>\n<p>Lipase PB500 se ocupar\u00e1 suavemente de los tejidos grasos no deseados, especialmente en la zona del ment\u00f3n (papada). El exceso de grasa facial es un importante factor de envejecimiento. Tambi\u00e9n lo es la retenci\u00f3n de l\u00edquidos en los tejidos, para lo cual la enzima Liasa PB72K le ayudar\u00e1.<\/p>\n<p>Y el bienestar a largo plazo de la piel est\u00e1 asegurado por el efecto de la Colagenasa PB220. Como su nombre indica, desempe\u00f1a un papel vital en el metabolismo del col\u00e1geno, ayudando a la piel a romper las fibras de col\u00e1geno malformadas y potenciando los fibroblastos para producir nuevas cadenas de col\u00e1geno y construir de forma natural las estructuras de soporte celular.<\/p>\n<p>A largo plazo, el PB Serum Enzymatic Reagents Low ofrece una correcci\u00f3n duradera de las arrugas y un lifting de los tejidos cut\u00e1neos fl\u00e1cidos. Adem\u00e1s, ayuda a combatir la hinchaz\u00f3n general del rostro. Por \u00faltimo, pero no por ello menos importante, PS Serum Low ayuda a eliminar las cicatrices y los tejidos cicatriciales.<\/p>","protected":false},"excerpt":{"rendered":"<p>Desarrollado como una alternativa no invasiva a los m\u00e9todos tradicionales de rejuvenecimiento facial como la cirug\u00eda pl\u00e1stica, el PB Serum Enzymatic Reagents Low se dirige a m\u00faltiples problemas de la piel en la zona facial y es una soluci\u00f3n a varios problemas clave, que causan el envejecimiento prematuro de la piel. Es uno de los potenciadores enzim\u00e1ticos de la piel m\u00e1s potentes del mercado, que eliminar\u00e1 simult\u00e1neamente los dep\u00f3sitos de grasa no deseados en varias partes del rostro, proporcionar\u00e1 un potente efecto rejuvenecedor de reafirmaci\u00f3n de la piel y eliminaci\u00f3n de arrugas y tambi\u00e9n hidratar\u00e1 la zona tratada a largo plazo.<\/p>","protected":false},"featured_media":36751,"template":"","meta":[],"product_brand":[],"product_cat":[79],"product_tag":[],"class_list":{"0":"post-36746","1":"product","2":"type-product","3":"status-publish","4":"has-post-thumbnail","6":"product_cat-dermal-fillers","7":"clearfix","9":"first","10":"instock","11":"taxable","12":"shipping-taxable","13":"purchasable","14":"product-type-simple"},"yoast_head":"<!-- This site is optimized with the Yoast SEO plugin v27.4 - https:\/\/yoast.com\/product\/yoast-seo-wordpress\/ -->\n<title>PBSerum Enzymatic Reagents Low - Skin Heal<\/title>\n<meta name=\"description\" content=\"PB Serum Enzymatic Reagents Low uses advanced recombinant enzymes to rejuvenate and contour the face, improving skin texture and reducing mild fat and scarring. A safe, non-invasive option for facial reshaping and anti-aging.\" \/>\n<meta name=\"robots\" content=\"index, follow, max-snippet:-1, max-image-preview:large, max-video-preview:-1\" \/>\n<link rel=\"canonical\" href=\"https:\/\/skin-heal.com\/es\/producto\/pbserum-enzymatic-reagents-low\/\" \/>\n<meta property=\"og:locale\" content=\"es_MX\" \/>\n<meta property=\"og:type\" content=\"article\" \/>\n<meta property=\"og:title\" content=\"PBSerum Enzymatic Reagents Low - Skin Heal\" \/>\n<meta property=\"og:description\" content=\"PB Serum Enzymatic Reagents Low uses advanced recombinant enzymes to rejuvenate and contour the face, improving skin texture and reducing mild fat and scarring. A safe, non-invasive option for facial reshaping and anti-aging.\" \/>\n<meta property=\"og:url\" content=\"https:\/\/skin-heal.com\/es\/producto\/pbserum-enzymatic-reagents-low\/\" \/>\n<meta property=\"og:site_name\" content=\"Skin Heal\" \/>\n<meta property=\"article:modified_time\" content=\"2026-03-17T15:46:24+00:00\" \/>\n<meta property=\"og:image\" content=\"https:\/\/cdn.skin-heal.com\/wp-content\/uploads\/2024\/11\/PBSerum-Enzymatic-Reagents-Low.jpg\" \/>\n\t<meta property=\"og:image:width\" content=\"600\" \/>\n\t<meta property=\"og:image:height\" content=\"600\" \/>\n\t<meta property=\"og:image:type\" content=\"image\/jpeg\" \/>\n<meta name=\"twitter:card\" content=\"summary_large_image\" \/>\n<meta name=\"twitter:label1\" content=\"Tiempo de lectura\" \/>\n\t<meta name=\"twitter:data1\" content=\"2 minutos\" \/>\n<script type=\"application\/ld+json\" class=\"yoast-schema-graph\">{\"@context\":\"https:\\\/\\\/schema.org\",\"@graph\":[{\"@type\":\"WebPage\",\"@id\":\"https:\\\/\\\/skin-heal.com\\\/product\\\/pbserum-enzymatic-reagents-low\\\/\",\"url\":\"https:\\\/\\\/skin-heal.com\\\/product\\\/pbserum-enzymatic-reagents-low\\\/\",\"name\":\"PBSerum Enzymatic Reagents Low - Skin Heal\",\"isPartOf\":{\"@id\":\"https:\\\/\\\/skin-heal.com\\\/#website\"},\"primaryImageOfPage\":{\"@id\":\"https:\\\/\\\/skin-heal.com\\\/product\\\/pbserum-enzymatic-reagents-low\\\/#primaryimage\"},\"image\":{\"@id\":\"https:\\\/\\\/skin-heal.com\\\/product\\\/pbserum-enzymatic-reagents-low\\\/#primaryimage\"},\"thumbnailUrl\":\"https:\\\/\\\/skin-heal.com\\\/wp-content\\\/uploads\\\/2024\\\/11\\\/PBSerum-Enzymatic-Reagents-Low.jpg\",\"datePublished\":\"2024-12-04T15:56:44+00:00\",\"dateModified\":\"2026-03-17T15:46:24+00:00\",\"description\":\"PB Serum Enzymatic Reagents Low uses advanced recombinant enzymes to rejuvenate and contour the face, improving skin texture and reducing mild fat and scarring. A safe, non-invasive option for facial reshaping and anti-aging.\",\"breadcrumb\":{\"@id\":\"https:\\\/\\\/skin-heal.com\\\/product\\\/pbserum-enzymatic-reagents-low\\\/#breadcrumb\"},\"inLanguage\":\"es\",\"potentialAction\":[{\"@type\":\"ReadAction\",\"target\":[\"https:\\\/\\\/skin-heal.com\\\/product\\\/pbserum-enzymatic-reagents-low\\\/\"]}]},{\"@type\":\"ImageObject\",\"inLanguage\":\"es\",\"@id\":\"https:\\\/\\\/skin-heal.com\\\/product\\\/pbserum-enzymatic-reagents-low\\\/#primaryimage\",\"url\":\"https:\\\/\\\/skin-heal.com\\\/wp-content\\\/uploads\\\/2024\\\/11\\\/PBSerum-Enzymatic-Reagents-Low.jpg\",\"contentUrl\":\"https:\\\/\\\/skin-heal.com\\\/wp-content\\\/uploads\\\/2024\\\/11\\\/PBSerum-Enzymatic-Reagents-Low.jpg\",\"width\":600,\"height\":600,\"caption\":\"PBSerum Enzymatic Reagents Low\"},{\"@type\":\"BreadcrumbList\",\"@id\":\"https:\\\/\\\/skin-heal.com\\\/product\\\/pbserum-enzymatic-reagents-low\\\/#breadcrumb\",\"itemListElement\":[{\"@type\":\"ListItem\",\"position\":1,\"name\":\"Home\",\"item\":\"https:\\\/\\\/skin-heal.com\\\/\"},{\"@type\":\"ListItem\",\"position\":2,\"name\":\"Store\",\"item\":\"https:\\\/\\\/skin-heal.com\\\/store\\\/\"},{\"@type\":\"ListItem\",\"position\":3,\"name\":\"PBSerum Enzymatic Reagents Low\"}]},{\"@type\":\"WebSite\",\"@id\":\"https:\\\/\\\/skin-heal.com\\\/#website\",\"url\":\"https:\\\/\\\/skin-heal.com\\\/\",\"name\":\"Skin Heal\",\"description\":\"Lowest Prices for Dermal Fillers\",\"potentialAction\":[{\"@type\":\"SearchAction\",\"target\":{\"@type\":\"EntryPoint\",\"urlTemplate\":\"https:\\\/\\\/skin-heal.com\\\/?s={search_term_string}\"},\"query-input\":{\"@type\":\"PropertyValueSpecification\",\"valueRequired\":true,\"valueName\":\"search_term_string\"}}],\"inLanguage\":\"es\"}]}<\/script>\n<!-- \/ Yoast SEO plugin. -->","yoast_head_json":{"title":"PBSerum Reactivos Enzim\u00e1ticos Bajo - Skin Heal","description":"PB Serum Enzymatic Reagents Low utiliza enzimas recombinantes avanzadas para rejuvenecer y contornear el rostro, mejorando la textura de la piel y reduciendo la grasa leve y las cicatrices. Una opci\u00f3n segura y no invasiva para la remodelaci\u00f3n facial y el antienvejecimiento.","robots":{"index":"index","follow":"follow","max-snippet":"max-snippet:-1","max-image-preview":"max-image-preview:large","max-video-preview":"max-video-preview:-1"},"canonical":"https:\/\/skin-heal.com\/es\/producto\/pbserum-enzymatic-reagents-low\/","og_locale":"es_MX","og_type":"article","og_title":"PBSerum Enzymatic Reagents Low - Skin Heal","og_description":"PB Serum Enzymatic Reagents Low uses advanced recombinant enzymes to rejuvenate and contour the face, improving skin texture and reducing mild fat and scarring. A safe, non-invasive option for facial reshaping and anti-aging.","og_url":"https:\/\/skin-heal.com\/es\/producto\/pbserum-enzymatic-reagents-low\/","og_site_name":"Skin Heal","article_modified_time":"2026-03-17T15:46:24+00:00","og_image":[{"width":600,"height":600,"url":"https:\/\/cdn.skin-heal.com\/wp-content\/uploads\/2024\/11\/PBSerum-Enzymatic-Reagents-Low.jpg","type":"image\/jpeg"}],"twitter_card":"summary_large_image","twitter_misc":{"Tiempo de lectura":"2 minutos"},"schema":{"@context":"https:\/\/schema.org","@graph":[{"@type":"WebPage","@id":"https:\/\/skin-heal.com\/product\/pbserum-enzymatic-reagents-low\/","url":"https:\/\/skin-heal.com\/product\/pbserum-enzymatic-reagents-low\/","name":"PBSerum Reactivos Enzim\u00e1ticos Bajo - Skin Heal","isPartOf":{"@id":"https:\/\/skin-heal.com\/#website"},"primaryImageOfPage":{"@id":"https:\/\/skin-heal.com\/product\/pbserum-enzymatic-reagents-low\/#primaryimage"},"image":{"@id":"https:\/\/skin-heal.com\/product\/pbserum-enzymatic-reagents-low\/#primaryimage"},"thumbnailUrl":"https:\/\/cdn.skin-heal.com\/wp-content\/uploads\/2024\/11\/PBSerum-Enzymatic-Reagents-Low.jpg","datePublished":"2024-12-04T15:56:44+00:00","dateModified":"2026-03-17T15:46:24+00:00","description":"PB Serum Enzymatic Reagents Low utiliza enzimas recombinantes avanzadas para rejuvenecer y contornear el rostro, mejorando la textura de la piel y reduciendo la grasa leve y las cicatrices. Una opci\u00f3n segura y no invasiva para la remodelaci\u00f3n facial y el antienvejecimiento.","breadcrumb":{"@id":"https:\/\/skin-heal.com\/product\/pbserum-enzymatic-reagents-low\/#breadcrumb"},"inLanguage":"es","potentialAction":[{"@type":"ReadAction","target":["https:\/\/skin-heal.com\/product\/pbserum-enzymatic-reagents-low\/"]}]},{"@type":"ImageObject","inLanguage":"es","@id":"https:\/\/skin-heal.com\/product\/pbserum-enzymatic-reagents-low\/#primaryimage","url":"https:\/\/cdn.skin-heal.com\/wp-content\/uploads\/2024\/11\/PBSerum-Enzymatic-Reagents-Low.jpg","contentUrl":"https:\/\/cdn.skin-heal.com\/wp-content\/uploads\/2024\/11\/PBSerum-Enzymatic-Reagents-Low.jpg","width":600,"height":600,"caption":"PBSerum Enzymatic Reagents Low"},{"@type":"BreadcrumbList","@id":"https:\/\/skin-heal.com\/product\/pbserum-enzymatic-reagents-low\/#breadcrumb","itemListElement":[{"@type":"ListItem","position":1,"name":"Home","item":"https:\/\/skin-heal.com\/"},{"@type":"ListItem","position":2,"name":"Store","item":"https:\/\/skin-heal.com\/store\/"},{"@type":"ListItem","position":3,"name":"PBSerum Enzymatic Reagents Low"}]},{"@type":"WebSite","@id":"https:\/\/skin-heal.com\/#website","url":"https:\/\/skin-heal.com\/","name":"Curaci\u00f3n de la piel","description":"Los precios m\u00e1s bajos para los rellenos d\u00e9rmicos","potentialAction":[{"@type":"SearchAction","target":{"@type":"EntryPoint","urlTemplate":"https:\/\/skin-heal.com\/?s={search_term_string}"},"query-input":{"@type":"PropertyValueSpecification","valueRequired":true,"valueName":"search_term_string"}}],"inLanguage":"es"}]}},"_links":{"self":[{"href":"https:\/\/skin-heal.com\/es\/wp-json\/wp\/v2\/product\/36746","targetHints":{"allow":["GET"]}}],"collection":[{"href":"https:\/\/skin-heal.com\/es\/wp-json\/wp\/v2\/product"}],"about":[{"href":"https:\/\/skin-heal.com\/es\/wp-json\/wp\/v2\/types\/product"}],"wp:featuredmedia":[{"embeddable":true,"href":"https:\/\/skin-heal.com\/es\/wp-json\/wp\/v2\/media\/36751"}],"wp:attachment":[{"href":"https:\/\/skin-heal.com\/es\/wp-json\/wp\/v2\/media?parent=36746"}],"wp:term":[{"taxonomy":"product_brand","embeddable":true,"href":"https:\/\/skin-heal.com\/es\/wp-json\/wp\/v2\/product_brand?post=36746"},{"taxonomy":"product_cat","embeddable":true,"href":"https:\/\/skin-heal.com\/es\/wp-json\/wp\/v2\/product_cat?post=36746"},{"taxonomy":"product_tag","embeddable":true,"href":"https:\/\/skin-heal.com\/es\/wp-json\/wp\/v2\/product_tag?post=36746"}],"curies":[{"name":"wp","href":"https:\/\/api.w.org\/{rel}","templated":true}]}}