{"id":36747,"date":"2024-12-04T17:56:44","date_gmt":"2024-12-04T15:56:44","guid":{"rendered":"https:\/\/skin-heal.com\/?post_type=product&#038;p=36747"},"modified":"2026-03-17T17:46:31","modified_gmt":"2026-03-17T15:46:31","slug":"pbserum-enzymatic-reagents-medium","status":"publish","type":"product","link":"https:\/\/skin-heal.com\/es\/producto\/pbserum-enzymatic-reagents-medium\/","title":{"rendered":"Medio de reactivos enzim\u00e1ticos PBSerum"},"content":{"rendered":"<p>Los efectos posteriores a la disoluci\u00f3n de grasa con un producto especializado como el Medio Reactivo Enzim\u00e1tico PBSerum son un tema que a menudo se pasa por alto. Aunque encontrar una soluci\u00f3n lipol\u00edtica apenas supone un reto en el mercado actual, combinar la eliminaci\u00f3n de grasa con el tratamiento de la piel sigue siendo algo poco frecuente. Al menos, conseguir el rejuvenecimiento de la piel junto con la disoluci\u00f3n de la grasa utilizando un \u00fanico producto.<\/p>\n<p>El medio de reactivos enzim\u00e1ticos PBSerum tiene cuatro componentes principales:<\/p>\n<ul>\n<li><strong>Lipasa<\/strong> - el ingrediente principal, responsable de la descomposici\u00f3n de los triglic\u00e9ridos y de la eliminaci\u00f3n general de la grasa y la celulitis. Cantidades notablemente superiores en comparaci\u00f3n con los otros dos productos PBSerum Enzymatic Reagent.<\/li>\n<li><strong>Liasa<\/strong> - ayudar\u00e1 con la acumulaci\u00f3n de exceso de l\u00edquidos en el espacio extracelular de la piel, para un mayor efecto de contorneado.<\/li>\n<li><strong>Colagenasa <\/strong>- Destruye las fibras de col\u00e1geno malformadas e induce la s\u00edntesis de nuevas fibras sanas. Reafirma la piel, restaura los tejidos d\u00e9rmicos de sost\u00e9n y previene la flacidez cut\u00e1nea en la zona tratada.<\/li>\n<li><strong>\u00c1cido hialur\u00f3nico <\/strong>- El uso de HA con un factor de reticulaci\u00f3n limitado y un peso molecular elevado permite hidratar r\u00e1pidamente la zona tratada. Tambi\u00e9n previene la adhesi\u00f3n de tejido fibr\u00f3tico, como efecto a\u00f1adido.<\/li>\n<\/ul>\n<p>Mezclados, los cuatro ingredientes anteriores, junto con la soluci\u00f3n de reconstituci\u00f3n, crean una potente soluci\u00f3n disolvente de la grasa con un efecto adicional de rejuvenecimiento y alisamiento de la piel. PBSerum Enzymatic Reagent Medium permite tratar la grasa y la celulitis r\u00e1pidamente, pero sin los t\u00edpicos hematomas de los procedimientos de eliminaci\u00f3n de grasa ni la indeseada flacidez de la piel.<\/p>","protected":false},"excerpt":{"rendered":"<p>Una eliminaci\u00f3n m\u00e1s eficaz y fiable de las c\u00e9lulas grasas y la celulitis: \u00e9sta es la principal ventaja de utilizar el Medio Reactivo Enzim\u00e1tico PBSerum. Aprovechando al m\u00e1ximo el equilibrio cuidadosamente adaptado de los tres principales reactivos enzim\u00e1ticos que lo componen (Lipasa, Colagenasa y Liasa), trata eficazmente los dep\u00f3sitos de grasa no deseados en las zonas del rostro, el cuello y el cuerpo. Es una soluci\u00f3n particularmente buena para eliminar los tejidos grasos de los brazos y el abdomen, ya que la colagenasa y el \u00e1cido hialur\u00f3nico (alto peso molecular, reticulaci\u00f3n limitada) reafirmar\u00e1n la piel de la zona y ayudar\u00e1n a evitar la flacidez posterior al procedimiento.<\/p>","protected":false},"featured_media":36749,"template":"","meta":[],"product_brand":[],"product_cat":[79],"product_tag":[],"class_list":{"0":"post-36747","1":"product","2":"type-product","3":"status-publish","4":"has-post-thumbnail","6":"product_cat-dermal-fillers","7":"clearfix","9":"first","10":"instock","11":"taxable","12":"shipping-taxable","13":"purchasable","14":"product-type-simple"},"yoast_head":"<!-- This site is optimized with the Yoast SEO plugin v27.4 - https:\/\/yoast.com\/product\/yoast-seo-wordpress\/ -->\n<title>PBSerum Enzymatic Reagents Medium - Skin Heal<\/title>\n<meta name=\"description\" content=\"Achieve visible fat reduction and skin rejuvenation with PB Serum Enzymatic Reagent Medium. Featuring recombinant enzymes and hyaluronic acid, it effectively targets areas like the chin, abdomen, and thighs, reducing adiposity and cellulite while enhancing skin elasticity and contour.\" \/>\n<meta name=\"robots\" content=\"index, follow, max-snippet:-1, max-image-preview:large, max-video-preview:-1\" \/>\n<link rel=\"canonical\" href=\"https:\/\/skin-heal.com\/es\/producto\/pbserum-enzymatic-reagents-medium\/\" \/>\n<meta property=\"og:locale\" content=\"es_MX\" \/>\n<meta property=\"og:type\" content=\"article\" \/>\n<meta property=\"og:title\" content=\"PBSerum Enzymatic Reagents Medium - Skin Heal\" \/>\n<meta property=\"og:description\" content=\"Achieve visible fat reduction and skin rejuvenation with PB Serum Enzymatic Reagent Medium. Featuring recombinant enzymes and hyaluronic acid, it effectively targets areas like the chin, abdomen, and thighs, reducing adiposity and cellulite while enhancing skin elasticity and contour.\" \/>\n<meta property=\"og:url\" content=\"https:\/\/skin-heal.com\/es\/producto\/pbserum-enzymatic-reagents-medium\/\" \/>\n<meta property=\"og:site_name\" content=\"Skin Heal\" \/>\n<meta property=\"article:modified_time\" content=\"2026-03-17T15:46:31+00:00\" \/>\n<meta property=\"og:image\" content=\"https:\/\/cdn.skin-heal.com\/wp-content\/uploads\/2024\/11\/PBSerum-Enzymatic-Reagents-Medium.jpg\" \/>\n\t<meta property=\"og:image:width\" content=\"600\" \/>\n\t<meta property=\"og:image:height\" content=\"600\" \/>\n\t<meta property=\"og:image:type\" content=\"image\/jpeg\" \/>\n<meta name=\"twitter:card\" content=\"summary_large_image\" \/>\n<meta name=\"twitter:label1\" content=\"Tiempo de lectura\" \/>\n\t<meta name=\"twitter:data1\" content=\"2 minutos\" \/>\n<script type=\"application\/ld+json\" class=\"yoast-schema-graph\">{\"@context\":\"https:\\\/\\\/schema.org\",\"@graph\":[{\"@type\":\"WebPage\",\"@id\":\"https:\\\/\\\/skin-heal.com\\\/product\\\/pbserum-enzymatic-reagents-medium\\\/\",\"url\":\"https:\\\/\\\/skin-heal.com\\\/product\\\/pbserum-enzymatic-reagents-medium\\\/\",\"name\":\"PBSerum Enzymatic Reagents Medium - Skin Heal\",\"isPartOf\":{\"@id\":\"https:\\\/\\\/skin-heal.com\\\/#website\"},\"primaryImageOfPage\":{\"@id\":\"https:\\\/\\\/skin-heal.com\\\/product\\\/pbserum-enzymatic-reagents-medium\\\/#primaryimage\"},\"image\":{\"@id\":\"https:\\\/\\\/skin-heal.com\\\/product\\\/pbserum-enzymatic-reagents-medium\\\/#primaryimage\"},\"thumbnailUrl\":\"https:\\\/\\\/skin-heal.com\\\/wp-content\\\/uploads\\\/2024\\\/11\\\/PBSerum-Enzymatic-Reagents-Medium.jpg\",\"datePublished\":\"2024-12-04T15:56:44+00:00\",\"dateModified\":\"2026-03-17T15:46:31+00:00\",\"description\":\"Achieve visible fat reduction and skin rejuvenation with PB Serum Enzymatic Reagent Medium. Featuring recombinant enzymes and hyaluronic acid, it effectively targets areas like the chin, abdomen, and thighs, reducing adiposity and cellulite while enhancing skin elasticity and contour.\",\"breadcrumb\":{\"@id\":\"https:\\\/\\\/skin-heal.com\\\/product\\\/pbserum-enzymatic-reagents-medium\\\/#breadcrumb\"},\"inLanguage\":\"es\",\"potentialAction\":[{\"@type\":\"ReadAction\",\"target\":[\"https:\\\/\\\/skin-heal.com\\\/product\\\/pbserum-enzymatic-reagents-medium\\\/\"]}]},{\"@type\":\"ImageObject\",\"inLanguage\":\"es\",\"@id\":\"https:\\\/\\\/skin-heal.com\\\/product\\\/pbserum-enzymatic-reagents-medium\\\/#primaryimage\",\"url\":\"https:\\\/\\\/skin-heal.com\\\/wp-content\\\/uploads\\\/2024\\\/11\\\/PBSerum-Enzymatic-Reagents-Medium.jpg\",\"contentUrl\":\"https:\\\/\\\/skin-heal.com\\\/wp-content\\\/uploads\\\/2024\\\/11\\\/PBSerum-Enzymatic-Reagents-Medium.jpg\",\"width\":600,\"height\":600,\"caption\":\"PBSerum Enzymatic Reagents Medium\"},{\"@type\":\"BreadcrumbList\",\"@id\":\"https:\\\/\\\/skin-heal.com\\\/product\\\/pbserum-enzymatic-reagents-medium\\\/#breadcrumb\",\"itemListElement\":[{\"@type\":\"ListItem\",\"position\":1,\"name\":\"Home\",\"item\":\"https:\\\/\\\/skin-heal.com\\\/\"},{\"@type\":\"ListItem\",\"position\":2,\"name\":\"Store\",\"item\":\"https:\\\/\\\/skin-heal.com\\\/store\\\/\"},{\"@type\":\"ListItem\",\"position\":3,\"name\":\"PBSerum Enzymatic Reagents Medium\"}]},{\"@type\":\"WebSite\",\"@id\":\"https:\\\/\\\/skin-heal.com\\\/#website\",\"url\":\"https:\\\/\\\/skin-heal.com\\\/\",\"name\":\"Skin Heal\",\"description\":\"Lowest Prices for Dermal Fillers\",\"potentialAction\":[{\"@type\":\"SearchAction\",\"target\":{\"@type\":\"EntryPoint\",\"urlTemplate\":\"https:\\\/\\\/skin-heal.com\\\/?s={search_term_string}\"},\"query-input\":{\"@type\":\"PropertyValueSpecification\",\"valueRequired\":true,\"valueName\":\"search_term_string\"}}],\"inLanguage\":\"es\"}]}<\/script>\n<!-- \/ Yoast SEO plugin. -->","yoast_head_json":{"title":"Medio de reactivos enzim\u00e1ticos PBSerum - Skin Heal","description":"Consiga una reducci\u00f3n visible de la grasa y un rejuvenecimiento de la piel con PB Serum Enzymatic Reagent Medium. Con enzimas recombinantes y \u00e1cido hialur\u00f3nico, act\u00faa eficazmente en zonas como la barbilla, el abdomen y los muslos, reduciendo la adiposidad y la celulitis y mejorando la elasticidad y el contorno de la piel.","robots":{"index":"index","follow":"follow","max-snippet":"max-snippet:-1","max-image-preview":"max-image-preview:large","max-video-preview":"max-video-preview:-1"},"canonical":"https:\/\/skin-heal.com\/es\/producto\/pbserum-enzymatic-reagents-medium\/","og_locale":"es_MX","og_type":"article","og_title":"PBSerum Enzymatic Reagents Medium - Skin Heal","og_description":"Achieve visible fat reduction and skin rejuvenation with PB Serum Enzymatic Reagent Medium. Featuring recombinant enzymes and hyaluronic acid, it effectively targets areas like the chin, abdomen, and thighs, reducing adiposity and cellulite while enhancing skin elasticity and contour.","og_url":"https:\/\/skin-heal.com\/es\/producto\/pbserum-enzymatic-reagents-medium\/","og_site_name":"Skin Heal","article_modified_time":"2026-03-17T15:46:31+00:00","og_image":[{"width":600,"height":600,"url":"https:\/\/cdn.skin-heal.com\/wp-content\/uploads\/2024\/11\/PBSerum-Enzymatic-Reagents-Medium.jpg","type":"image\/jpeg"}],"twitter_card":"summary_large_image","twitter_misc":{"Tiempo de lectura":"2 minutos"},"schema":{"@context":"https:\/\/schema.org","@graph":[{"@type":"WebPage","@id":"https:\/\/skin-heal.com\/product\/pbserum-enzymatic-reagents-medium\/","url":"https:\/\/skin-heal.com\/product\/pbserum-enzymatic-reagents-medium\/","name":"Medio de reactivos enzim\u00e1ticos PBSerum - Skin Heal","isPartOf":{"@id":"https:\/\/skin-heal.com\/#website"},"primaryImageOfPage":{"@id":"https:\/\/skin-heal.com\/product\/pbserum-enzymatic-reagents-medium\/#primaryimage"},"image":{"@id":"https:\/\/skin-heal.com\/product\/pbserum-enzymatic-reagents-medium\/#primaryimage"},"thumbnailUrl":"https:\/\/cdn.skin-heal.com\/wp-content\/uploads\/2024\/11\/PBSerum-Enzymatic-Reagents-Medium.jpg","datePublished":"2024-12-04T15:56:44+00:00","dateModified":"2026-03-17T15:46:31+00:00","description":"Consiga una reducci\u00f3n visible de la grasa y un rejuvenecimiento de la piel con PB Serum Enzymatic Reagent Medium. Con enzimas recombinantes y \u00e1cido hialur\u00f3nico, act\u00faa eficazmente en zonas como la barbilla, el abdomen y los muslos, reduciendo la adiposidad y la celulitis y mejorando la elasticidad y el contorno de la piel.","breadcrumb":{"@id":"https:\/\/skin-heal.com\/product\/pbserum-enzymatic-reagents-medium\/#breadcrumb"},"inLanguage":"es","potentialAction":[{"@type":"ReadAction","target":["https:\/\/skin-heal.com\/product\/pbserum-enzymatic-reagents-medium\/"]}]},{"@type":"ImageObject","inLanguage":"es","@id":"https:\/\/skin-heal.com\/product\/pbserum-enzymatic-reagents-medium\/#primaryimage","url":"https:\/\/cdn.skin-heal.com\/wp-content\/uploads\/2024\/11\/PBSerum-Enzymatic-Reagents-Medium.jpg","contentUrl":"https:\/\/cdn.skin-heal.com\/wp-content\/uploads\/2024\/11\/PBSerum-Enzymatic-Reagents-Medium.jpg","width":600,"height":600,"caption":"PBSerum Enzymatic Reagents Medium"},{"@type":"BreadcrumbList","@id":"https:\/\/skin-heal.com\/product\/pbserum-enzymatic-reagents-medium\/#breadcrumb","itemListElement":[{"@type":"ListItem","position":1,"name":"Home","item":"https:\/\/skin-heal.com\/"},{"@type":"ListItem","position":2,"name":"Store","item":"https:\/\/skin-heal.com\/store\/"},{"@type":"ListItem","position":3,"name":"PBSerum Enzymatic Reagents Medium"}]},{"@type":"WebSite","@id":"https:\/\/skin-heal.com\/#website","url":"https:\/\/skin-heal.com\/","name":"Curaci\u00f3n de la piel","description":"Los precios m\u00e1s bajos para los rellenos d\u00e9rmicos","potentialAction":[{"@type":"SearchAction","target":{"@type":"EntryPoint","urlTemplate":"https:\/\/skin-heal.com\/?s={search_term_string}"},"query-input":{"@type":"PropertyValueSpecification","valueRequired":true,"valueName":"search_term_string"}}],"inLanguage":"es"}]}},"_links":{"self":[{"href":"https:\/\/skin-heal.com\/es\/wp-json\/wp\/v2\/product\/36747","targetHints":{"allow":["GET"]}}],"collection":[{"href":"https:\/\/skin-heal.com\/es\/wp-json\/wp\/v2\/product"}],"about":[{"href":"https:\/\/skin-heal.com\/es\/wp-json\/wp\/v2\/types\/product"}],"wp:featuredmedia":[{"embeddable":true,"href":"https:\/\/skin-heal.com\/es\/wp-json\/wp\/v2\/media\/36749"}],"wp:attachment":[{"href":"https:\/\/skin-heal.com\/es\/wp-json\/wp\/v2\/media?parent=36747"}],"wp:term":[{"taxonomy":"product_brand","embeddable":true,"href":"https:\/\/skin-heal.com\/es\/wp-json\/wp\/v2\/product_brand?post=36747"},{"taxonomy":"product_cat","embeddable":true,"href":"https:\/\/skin-heal.com\/es\/wp-json\/wp\/v2\/product_cat?post=36747"},{"taxonomy":"product_tag","embeddable":true,"href":"https:\/\/skin-heal.com\/es\/wp-json\/wp\/v2\/product_tag?post=36747"}],"curies":[{"name":"wp","href":"https:\/\/api.w.org\/{rel}","templated":true}]}}