{"id":36748,"date":"2024-12-04T18:09:30","date_gmt":"2024-12-04T16:09:30","guid":{"rendered":"https:\/\/skin-heal.com\/?post_type=product&#038;p=36748"},"modified":"2026-03-17T17:46:45","modified_gmt":"2026-03-17T15:46:45","slug":"pbserum-enzymatic-reagents-high","status":"publish","type":"product","link":"https:\/\/skin-heal.com\/es\/producto\/pbserum-enzymatic-reagents-high\/","title":{"rendered":"PBSerum Reactivos Enzim\u00e1ticos Alto"},"content":{"rendered":"<p>En lo que respecta a los tratamientos de salud relacionados con la belleza, tratar las cicatrices es una de las tareas m\u00e1s dif\u00edciles. El tejido cicatricial es normalmente el resultado de una inflamaci\u00f3n y la forma que tiene el cuerpo de tratarla, m\u00e1s com\u00fanmente en casos en los que la piel se hiere por accidente o como resultado de una operaci\u00f3n u otro procedimiento de belleza. El proceso de formaci\u00f3n de tejido cicatricial implica la hiperproducci\u00f3n de col\u00e1geno que, con el tiempo, provoca la formaci\u00f3n de un tejido visible y desigual, poco natural para la textura habitual de la piel. Pbserum Enzymatic Reagent High est\u00e1 especialmente dise\u00f1ado para tratar este problema.<\/p>\n<p>Existen tres grupos principales de tejido cicatricial:<\/p>\n<ol>\n<li>Atr\u00f3fica<\/li>\n<li>Hipertr\u00f3fica<\/li>\n<li>Queloide<\/li>\n<\/ol>\n<p>Pbserum Reactivo Enzim\u00e1tico Alto es eficaz con la eliminaci\u00f3n de los tres durante un per\u00edodo de tratamiento est\u00e1ndar de 60 d\u00edas, que normalmente implica hasta 60 procedimiento. Combinando tres enzimas principales - Colagenasa PB220 , Lipasa PB500 y Liasa PB72K, el acento principal se pone en la primera, ya que la generaci\u00f3n de col\u00e1geno fresco y sano es primordial para el proceso de eliminaci\u00f3n del tejido fibr\u00f3tico. Se mezclan con \u00e1cido hialur\u00f3nico de alto peso molecular, que es muy eficaz para penetrar en la matriz extracelular, hidratar y suavizar la piel, pero tambi\u00e9n, para disminuir el efecto de la fibrosis.<\/p>\n<p>El AH tambi\u00e9n es necesario para crear las condiciones \u00f3ptimas para que el fibroblasto sintetice col\u00e1geno, permitiendo que el Reactivo Enzim\u00e1tico Pbserum Alto destruya las fibras viejas malformadas y rotas y las sustituya por fibras nuevas y sanas.<\/p>","protected":false},"excerpt":{"rendered":"<h3>Estimated Availability &#8211; March 18th<\/h3>\n<p>Enfoque innovador y seguro para el tratamiento y la eliminaci\u00f3n de cicatrices y tejidos cicatrizados, as\u00ed como para detener y revertir el proceso de fibrosis. Pbserum Enzymatic Reagent High es un producto avanzado a base de reactivos enzim\u00e1ticos y \u00e1cido hialur\u00f3nico de alto peso molecular, que puede tratar eficazmente los efectos posteriores a heridas, hematomas e inflamaci\u00f3n, incluso para grandes cicatrices de operaciones y grandes heridas. Al disolver las fibras de col\u00e1geno malformadas y generar nuevo col\u00e1geno en la dermis, ablanda el tejido cicatricial duro y hace que remita.<\/p>","protected":false},"featured_media":36750,"template":"","meta":[],"product_brand":[],"product_cat":[79],"product_tag":[],"class_list":{"0":"post-36748","1":"product","2":"type-product","3":"status-publish","4":"has-post-thumbnail","6":"product_cat-dermal-fillers","7":"clearfix","9":"first","10":"instock","11":"taxable","12":"shipping-taxable","13":"purchasable","14":"product-type-simple"},"yoast_head":"<!-- This site is optimized with the Yoast SEO plugin v27.4 - https:\/\/yoast.com\/product\/yoast-seo-wordpress\/ -->\n<title>PBSerum Enzymatic Reagents High - Skin Heal<\/title>\n<meta name=\"description\" content=\"Dissolving of fibrotic tissues and effective removal of even large and old scars \u2013 Pbserum Enzymatic Reagent High manipulates the collagen output of the skin to achieve visible scar tissue removal results.\" \/>\n<meta name=\"robots\" content=\"index, follow, max-snippet:-1, max-image-preview:large, max-video-preview:-1\" \/>\n<link rel=\"canonical\" href=\"https:\/\/skin-heal.com\/es\/producto\/pbserum-enzymatic-reagents-high\/\" \/>\n<meta property=\"og:locale\" content=\"es_MX\" \/>\n<meta property=\"og:type\" content=\"article\" \/>\n<meta property=\"og:title\" content=\"PBSerum Enzymatic Reagents High - Skin Heal\" \/>\n<meta property=\"og:description\" content=\"Dissolving of fibrotic tissues and effective removal of even large and old scars \u2013 Pbserum Enzymatic Reagent High manipulates the collagen output of the skin to achieve visible scar tissue removal results.\" \/>\n<meta property=\"og:url\" content=\"https:\/\/skin-heal.com\/es\/producto\/pbserum-enzymatic-reagents-high\/\" \/>\n<meta property=\"og:site_name\" content=\"Skin Heal\" \/>\n<meta property=\"article:modified_time\" content=\"2026-03-17T15:46:45+00:00\" \/>\n<meta property=\"og:image\" content=\"https:\/\/cdn.skin-heal.com\/wp-content\/uploads\/2024\/11\/PBSerum-Enzymatic-Reagents-High.jpg\" \/>\n\t<meta property=\"og:image:width\" content=\"600\" \/>\n\t<meta property=\"og:image:height\" content=\"600\" \/>\n\t<meta property=\"og:image:type\" content=\"image\/jpeg\" \/>\n<meta name=\"twitter:card\" content=\"summary_large_image\" \/>\n<meta name=\"twitter:label1\" content=\"Tiempo de lectura\" \/>\n\t<meta name=\"twitter:data1\" content=\"2 minutos\" \/>\n<script type=\"application\/ld+json\" class=\"yoast-schema-graph\">{\"@context\":\"https:\\\/\\\/schema.org\",\"@graph\":[{\"@type\":\"WebPage\",\"@id\":\"https:\\\/\\\/skin-heal.com\\\/product\\\/pbserum-enzymatic-reagents-high\\\/\",\"url\":\"https:\\\/\\\/skin-heal.com\\\/product\\\/pbserum-enzymatic-reagents-high\\\/\",\"name\":\"PBSerum Enzymatic Reagents High - Skin Heal\",\"isPartOf\":{\"@id\":\"https:\\\/\\\/skin-heal.com\\\/#website\"},\"primaryImageOfPage\":{\"@id\":\"https:\\\/\\\/skin-heal.com\\\/product\\\/pbserum-enzymatic-reagents-high\\\/#primaryimage\"},\"image\":{\"@id\":\"https:\\\/\\\/skin-heal.com\\\/product\\\/pbserum-enzymatic-reagents-high\\\/#primaryimage\"},\"thumbnailUrl\":\"https:\\\/\\\/skin-heal.com\\\/wp-content\\\/uploads\\\/2024\\\/11\\\/PBSerum-Enzymatic-Reagents-High.jpg\",\"datePublished\":\"2024-12-04T16:09:30+00:00\",\"dateModified\":\"2026-03-17T15:46:45+00:00\",\"description\":\"Dissolving of fibrotic tissues and effective removal of even large and old scars \u2013 Pbserum Enzymatic Reagent High manipulates the collagen output of the skin to achieve visible scar tissue removal results.\",\"breadcrumb\":{\"@id\":\"https:\\\/\\\/skin-heal.com\\\/product\\\/pbserum-enzymatic-reagents-high\\\/#breadcrumb\"},\"inLanguage\":\"es\",\"potentialAction\":[{\"@type\":\"ReadAction\",\"target\":[\"https:\\\/\\\/skin-heal.com\\\/product\\\/pbserum-enzymatic-reagents-high\\\/\"]}]},{\"@type\":\"ImageObject\",\"inLanguage\":\"es\",\"@id\":\"https:\\\/\\\/skin-heal.com\\\/product\\\/pbserum-enzymatic-reagents-high\\\/#primaryimage\",\"url\":\"https:\\\/\\\/skin-heal.com\\\/wp-content\\\/uploads\\\/2024\\\/11\\\/PBSerum-Enzymatic-Reagents-High.jpg\",\"contentUrl\":\"https:\\\/\\\/skin-heal.com\\\/wp-content\\\/uploads\\\/2024\\\/11\\\/PBSerum-Enzymatic-Reagents-High.jpg\",\"width\":600,\"height\":600,\"caption\":\"PBSerum Enzymatic Reagents High\"},{\"@type\":\"BreadcrumbList\",\"@id\":\"https:\\\/\\\/skin-heal.com\\\/product\\\/pbserum-enzymatic-reagents-high\\\/#breadcrumb\",\"itemListElement\":[{\"@type\":\"ListItem\",\"position\":1,\"name\":\"Home\",\"item\":\"https:\\\/\\\/skin-heal.com\\\/\"},{\"@type\":\"ListItem\",\"position\":2,\"name\":\"Store\",\"item\":\"https:\\\/\\\/skin-heal.com\\\/store\\\/\"},{\"@type\":\"ListItem\",\"position\":3,\"name\":\"PBSerum Enzymatic Reagents High\"}]},{\"@type\":\"WebSite\",\"@id\":\"https:\\\/\\\/skin-heal.com\\\/#website\",\"url\":\"https:\\\/\\\/skin-heal.com\\\/\",\"name\":\"Skin Heal\",\"description\":\"Lowest Prices for Dermal Fillers\",\"potentialAction\":[{\"@type\":\"SearchAction\",\"target\":{\"@type\":\"EntryPoint\",\"urlTemplate\":\"https:\\\/\\\/skin-heal.com\\\/?s={search_term_string}\"},\"query-input\":{\"@type\":\"PropertyValueSpecification\",\"valueRequired\":true,\"valueName\":\"search_term_string\"}}],\"inLanguage\":\"es\"}]}<\/script>\n<!-- \/ Yoast SEO plugin. -->","yoast_head_json":{"title":"PBSerum Reactivos Enzim\u00e1ticos High - Skin Heal","description":"Disoluci\u00f3n de tejidos fibr\u00f3ticos y eliminaci\u00f3n eficaz incluso de cicatrices grandes y antiguas - Pbserum Enzymatic Reagent High manipula la producci\u00f3n de col\u00e1geno de la piel para conseguir resultados visibles de eliminaci\u00f3n de tejido cicatricial.","robots":{"index":"index","follow":"follow","max-snippet":"max-snippet:-1","max-image-preview":"max-image-preview:large","max-video-preview":"max-video-preview:-1"},"canonical":"https:\/\/skin-heal.com\/es\/producto\/pbserum-enzymatic-reagents-high\/","og_locale":"es_MX","og_type":"article","og_title":"PBSerum Enzymatic Reagents High - Skin Heal","og_description":"Dissolving of fibrotic tissues and effective removal of even large and old scars \u2013 Pbserum Enzymatic Reagent High manipulates the collagen output of the skin to achieve visible scar tissue removal results.","og_url":"https:\/\/skin-heal.com\/es\/producto\/pbserum-enzymatic-reagents-high\/","og_site_name":"Skin Heal","article_modified_time":"2026-03-17T15:46:45+00:00","og_image":[{"width":600,"height":600,"url":"https:\/\/cdn.skin-heal.com\/wp-content\/uploads\/2024\/11\/PBSerum-Enzymatic-Reagents-High.jpg","type":"image\/jpeg"}],"twitter_card":"summary_large_image","twitter_misc":{"Tiempo de lectura":"2 minutos"},"schema":{"@context":"https:\/\/schema.org","@graph":[{"@type":"WebPage","@id":"https:\/\/skin-heal.com\/product\/pbserum-enzymatic-reagents-high\/","url":"https:\/\/skin-heal.com\/product\/pbserum-enzymatic-reagents-high\/","name":"PBSerum Reactivos Enzim\u00e1ticos High - Skin Heal","isPartOf":{"@id":"https:\/\/skin-heal.com\/#website"},"primaryImageOfPage":{"@id":"https:\/\/skin-heal.com\/product\/pbserum-enzymatic-reagents-high\/#primaryimage"},"image":{"@id":"https:\/\/skin-heal.com\/product\/pbserum-enzymatic-reagents-high\/#primaryimage"},"thumbnailUrl":"https:\/\/cdn.skin-heal.com\/wp-content\/uploads\/2024\/11\/PBSerum-Enzymatic-Reagents-High.jpg","datePublished":"2024-12-04T16:09:30+00:00","dateModified":"2026-03-17T15:46:45+00:00","description":"Disoluci\u00f3n de tejidos fibr\u00f3ticos y eliminaci\u00f3n eficaz incluso de cicatrices grandes y antiguas - Pbserum Enzymatic Reagent High manipula la producci\u00f3n de col\u00e1geno de la piel para conseguir resultados visibles de eliminaci\u00f3n de tejido cicatricial.","breadcrumb":{"@id":"https:\/\/skin-heal.com\/product\/pbserum-enzymatic-reagents-high\/#breadcrumb"},"inLanguage":"es","potentialAction":[{"@type":"ReadAction","target":["https:\/\/skin-heal.com\/product\/pbserum-enzymatic-reagents-high\/"]}]},{"@type":"ImageObject","inLanguage":"es","@id":"https:\/\/skin-heal.com\/product\/pbserum-enzymatic-reagents-high\/#primaryimage","url":"https:\/\/cdn.skin-heal.com\/wp-content\/uploads\/2024\/11\/PBSerum-Enzymatic-Reagents-High.jpg","contentUrl":"https:\/\/cdn.skin-heal.com\/wp-content\/uploads\/2024\/11\/PBSerum-Enzymatic-Reagents-High.jpg","width":600,"height":600,"caption":"PBSerum Enzymatic Reagents High"},{"@type":"BreadcrumbList","@id":"https:\/\/skin-heal.com\/product\/pbserum-enzymatic-reagents-high\/#breadcrumb","itemListElement":[{"@type":"ListItem","position":1,"name":"Home","item":"https:\/\/skin-heal.com\/"},{"@type":"ListItem","position":2,"name":"Store","item":"https:\/\/skin-heal.com\/store\/"},{"@type":"ListItem","position":3,"name":"PBSerum Enzymatic Reagents High"}]},{"@type":"WebSite","@id":"https:\/\/skin-heal.com\/#website","url":"https:\/\/skin-heal.com\/","name":"Curaci\u00f3n de la piel","description":"Los precios m\u00e1s bajos para los rellenos d\u00e9rmicos","potentialAction":[{"@type":"SearchAction","target":{"@type":"EntryPoint","urlTemplate":"https:\/\/skin-heal.com\/?s={search_term_string}"},"query-input":{"@type":"PropertyValueSpecification","valueRequired":true,"valueName":"search_term_string"}}],"inLanguage":"es"}]}},"_links":{"self":[{"href":"https:\/\/skin-heal.com\/es\/wp-json\/wp\/v2\/product\/36748","targetHints":{"allow":["GET"]}}],"collection":[{"href":"https:\/\/skin-heal.com\/es\/wp-json\/wp\/v2\/product"}],"about":[{"href":"https:\/\/skin-heal.com\/es\/wp-json\/wp\/v2\/types\/product"}],"wp:featuredmedia":[{"embeddable":true,"href":"https:\/\/skin-heal.com\/es\/wp-json\/wp\/v2\/media\/36750"}],"wp:attachment":[{"href":"https:\/\/skin-heal.com\/es\/wp-json\/wp\/v2\/media?parent=36748"}],"wp:term":[{"taxonomy":"product_brand","embeddable":true,"href":"https:\/\/skin-heal.com\/es\/wp-json\/wp\/v2\/product_brand?post=36748"},{"taxonomy":"product_cat","embeddable":true,"href":"https:\/\/skin-heal.com\/es\/wp-json\/wp\/v2\/product_cat?post=36748"},{"taxonomy":"product_tag","embeddable":true,"href":"https:\/\/skin-heal.com\/es\/wp-json\/wp\/v2\/product_tag?post=36748"}],"curies":[{"name":"wp","href":"https:\/\/api.w.org\/{rel}","templated":true}]}}