{"id":36940,"date":"2025-06-17T18:59:07","date_gmt":"2025-06-17T15:59:07","guid":{"rendered":"https:\/\/skin-heal.com\/?post_type=product&#038;p=36940"},"modified":"2025-06-17T18:59:08","modified_gmt":"2025-06-17T15:59:08","slug":"renee-lift-2-x-1ml","status":"publish","type":"product","link":"https:\/\/skin-heal.com\/es\/producto\/renee-lift-2-x-1ml\/","title":{"rendered":"REN\u00c9E Lift - 2 x 1ml"},"content":{"rendered":"<p>REN\u00c9E Lift se basa en \u00e1cido hialur\u00f3nico reticulado. Este relleno tiene una concentraci\u00f3n de HA de 26mg\/ml (m\u00e1s que el est\u00e1ndar de la industria para esta clase), que se combina con amino\u00e1cidos para mejorar el efecto y la durabilidad. Desarrollado como una soluci\u00f3n bi\u00f3nica, en la pr\u00e1ctica esto significa que el dermolimpiador puede \"fusionarse\" con los tejidos cut\u00e1neos circundantes y alisarse de una forma que parece completamente natural. Esto es v\u00e1lido tanto para rellenar como para elevar los tejidos d\u00e9rmicos.<\/p>\n<p>En el coraz\u00f3n de la eficacia de REN\u00c9E Lift est\u00e1 la preservaci\u00f3n de la estructura natural de la cadena de \u00e1cido hialur\u00f3nico, limitando la cantidad de estr\u00e9s en la cadena de HA. Adem\u00e1s, el proceso de reticulaci\u00f3n BDDE est\u00e1 optimizado y no deja ning\u00fan residuo. No hay part\u00edculas que estropeen la uniformidad del gel. Todo es liso.<\/p>\n<p>Las consecuencias pr\u00e1cticas de lo anterior son que REN\u00c9E Lift es la soluci\u00f3n ideal tanto para tratar las l\u00edneas de la piel y las arrugas profundas de la zona media del rostro (surcos nasogenianos, l\u00edneas de marioneta), como para ser una soluci\u00f3n de lifting altamente eficaz. Al ser un gel estable, puede tomar el relevo de los tejidos de sost\u00e9n degradados de la piel, emular la ECM natural y tirar de la flacidez hacia arriba.<\/p>\n<p>Incluso cuando se trata de contornear, REN\u00c9E Lift tiene una aplicaci\u00f3n limitada, sobre todo en la zona del ment\u00f3n (aunque no en la l\u00ednea de la mand\u00edbula). A medida que el rostro se mueve, el gel uniforme sigue apareciendo de forma natural para los espectadores.<\/p>","protected":false},"excerpt":{"rendered":"<p>Cuando los pliegues nasolabiales son muy visibles y las l\u00edneas de marioneta son bastante pronunciadas, REN\u00c9E Lift es el relleno de arrugas y l\u00edneas de la piel perfecto para utilizar. Su mayor densidad y viscoelasticidad mejorada permiten tratar la zona media del rostro para alisar la dermis superior y mejorar el aspecto general de la persona tratada. Tambi\u00e9n puede utilizarse con fines limitados de contorneado.<\/p>\n<p>&nbsp;<\/p>","protected":false},"featured_media":36933,"template":"","meta":[],"product_brand":[],"product_cat":[79,164,163],"product_tag":[],"class_list":{"0":"post-36940","1":"product","2":"type-product","3":"status-publish","4":"has-post-thumbnail","6":"product_cat-dermal-fillers","7":"product_cat-qventis","8":"product_cat-renee","9":"clearfix","11":"first","12":"instock","13":"taxable","14":"shipping-taxable","15":"purchasable","16":"product-type-simple"},"yoast_head":"<!-- This site is optimized with the Yoast SEO plugin v27.4 - https:\/\/yoast.com\/product\/yoast-seo-wordpress\/ -->\n<title>REN\u00c9E Lift \u2013 2 x 1ml - Skin Heal<\/title>\n<meta name=\"description\" content=\"26\u202fmg\/mL HA filler for lifting folds and restoring facial volume. Balanced structure with soft, natural-looking results.\" \/>\n<meta name=\"robots\" content=\"index, follow, max-snippet:-1, max-image-preview:large, max-video-preview:-1\" \/>\n<link rel=\"canonical\" href=\"https:\/\/skin-heal.com\/es\/producto\/renee-lift-2-x-1ml\/\" \/>\n<meta property=\"og:locale\" content=\"es_MX\" \/>\n<meta property=\"og:type\" content=\"article\" \/>\n<meta property=\"og:title\" content=\"REN\u00c9E Lift \u2013 2 x 1ml - Skin Heal\" \/>\n<meta property=\"og:description\" content=\"26\u202fmg\/mL HA filler for lifting folds and restoring facial volume. Balanced structure with soft, natural-looking results.\" \/>\n<meta property=\"og:url\" content=\"https:\/\/skin-heal.com\/es\/producto\/renee-lift-2-x-1ml\/\" \/>\n<meta property=\"og:site_name\" content=\"Skin Heal\" \/>\n<meta property=\"article:modified_time\" content=\"2025-06-17T15:59:08+00:00\" \/>\n<meta property=\"og:image\" content=\"https:\/\/cdn.skin-heal.com\/wp-content\/uploads\/2025\/06\/Renee-Lift.jpg\" \/>\n\t<meta property=\"og:image:width\" content=\"600\" \/>\n\t<meta property=\"og:image:height\" content=\"600\" \/>\n\t<meta property=\"og:image:type\" content=\"image\/jpeg\" \/>\n<meta name=\"twitter:card\" content=\"summary_large_image\" \/>\n<meta name=\"twitter:label1\" content=\"Tiempo de lectura\" \/>\n\t<meta name=\"twitter:data1\" content=\"1 minuto\" \/>\n<script type=\"application\/ld+json\" class=\"yoast-schema-graph\">{\"@context\":\"https:\\\/\\\/schema.org\",\"@graph\":[{\"@type\":\"WebPage\",\"@id\":\"https:\\\/\\\/skin-heal.com\\\/product\\\/renee-lift-2-x-1ml\\\/\",\"url\":\"https:\\\/\\\/skin-heal.com\\\/product\\\/renee-lift-2-x-1ml\\\/\",\"name\":\"REN\u00c9E Lift \u2013 2 x 1ml - Skin Heal\",\"isPartOf\":{\"@id\":\"https:\\\/\\\/skin-heal.com\\\/#website\"},\"primaryImageOfPage\":{\"@id\":\"https:\\\/\\\/skin-heal.com\\\/product\\\/renee-lift-2-x-1ml\\\/#primaryimage\"},\"image\":{\"@id\":\"https:\\\/\\\/skin-heal.com\\\/product\\\/renee-lift-2-x-1ml\\\/#primaryimage\"},\"thumbnailUrl\":\"https:\\\/\\\/skin-heal.com\\\/wp-content\\\/uploads\\\/2025\\\/06\\\/Renee-Lift.jpg\",\"datePublished\":\"2025-06-17T15:59:07+00:00\",\"dateModified\":\"2025-06-17T15:59:08+00:00\",\"description\":\"26\u202fmg\\\/mL HA filler for lifting folds and restoring facial volume. Balanced structure with soft, natural-looking results.\",\"breadcrumb\":{\"@id\":\"https:\\\/\\\/skin-heal.com\\\/product\\\/renee-lift-2-x-1ml\\\/#breadcrumb\"},\"inLanguage\":\"es\",\"potentialAction\":[{\"@type\":\"ReadAction\",\"target\":[\"https:\\\/\\\/skin-heal.com\\\/product\\\/renee-lift-2-x-1ml\\\/\"]}]},{\"@type\":\"ImageObject\",\"inLanguage\":\"es\",\"@id\":\"https:\\\/\\\/skin-heal.com\\\/product\\\/renee-lift-2-x-1ml\\\/#primaryimage\",\"url\":\"https:\\\/\\\/skin-heal.com\\\/wp-content\\\/uploads\\\/2025\\\/06\\\/Renee-Lift.jpg\",\"contentUrl\":\"https:\\\/\\\/skin-heal.com\\\/wp-content\\\/uploads\\\/2025\\\/06\\\/Renee-Lift.jpg\",\"width\":600,\"height\":600,\"caption\":\"Renee Lift\"},{\"@type\":\"BreadcrumbList\",\"@id\":\"https:\\\/\\\/skin-heal.com\\\/product\\\/renee-lift-2-x-1ml\\\/#breadcrumb\",\"itemListElement\":[{\"@type\":\"ListItem\",\"position\":1,\"name\":\"Home\",\"item\":\"https:\\\/\\\/skin-heal.com\\\/\"},{\"@type\":\"ListItem\",\"position\":2,\"name\":\"Store\",\"item\":\"https:\\\/\\\/skin-heal.com\\\/store\\\/\"},{\"@type\":\"ListItem\",\"position\":3,\"name\":\"REN\u00c9E Lift \u2013 2 x 1ml\"}]},{\"@type\":\"WebSite\",\"@id\":\"https:\\\/\\\/skin-heal.com\\\/#website\",\"url\":\"https:\\\/\\\/skin-heal.com\\\/\",\"name\":\"Skin Heal\",\"description\":\"Lowest Prices for Dermal Fillers\",\"potentialAction\":[{\"@type\":\"SearchAction\",\"target\":{\"@type\":\"EntryPoint\",\"urlTemplate\":\"https:\\\/\\\/skin-heal.com\\\/?s={search_term_string}\"},\"query-input\":{\"@type\":\"PropertyValueSpecification\",\"valueRequired\":true,\"valueName\":\"search_term_string\"}}],\"inLanguage\":\"es\"}]}<\/script>\n<!-- \/ Yoast SEO plugin. -->","yoast_head_json":{"title":"REN\u00c9E Lift - 2 x 1ml - Skin Heal","description":"Relleno de HA de 26 mg\/mL para levantar pliegues y restaurar el volumen facial. Estructura equilibrada con resultados suaves y de aspecto natural.","robots":{"index":"index","follow":"follow","max-snippet":"max-snippet:-1","max-image-preview":"max-image-preview:large","max-video-preview":"max-video-preview:-1"},"canonical":"https:\/\/skin-heal.com\/es\/producto\/renee-lift-2-x-1ml\/","og_locale":"es_MX","og_type":"article","og_title":"REN\u00c9E Lift \u2013 2 x 1ml - Skin Heal","og_description":"26\u202fmg\/mL HA filler for lifting folds and restoring facial volume. Balanced structure with soft, natural-looking results.","og_url":"https:\/\/skin-heal.com\/es\/producto\/renee-lift-2-x-1ml\/","og_site_name":"Skin Heal","article_modified_time":"2025-06-17T15:59:08+00:00","og_image":[{"width":600,"height":600,"url":"https:\/\/cdn.skin-heal.com\/wp-content\/uploads\/2025\/06\/Renee-Lift.jpg","type":"image\/jpeg"}],"twitter_card":"summary_large_image","twitter_misc":{"Tiempo de lectura":"1 minuto"},"schema":{"@context":"https:\/\/schema.org","@graph":[{"@type":"WebPage","@id":"https:\/\/skin-heal.com\/product\/renee-lift-2-x-1ml\/","url":"https:\/\/skin-heal.com\/product\/renee-lift-2-x-1ml\/","name":"REN\u00c9E Lift - 2 x 1ml - Skin Heal","isPartOf":{"@id":"https:\/\/skin-heal.com\/#website"},"primaryImageOfPage":{"@id":"https:\/\/skin-heal.com\/product\/renee-lift-2-x-1ml\/#primaryimage"},"image":{"@id":"https:\/\/skin-heal.com\/product\/renee-lift-2-x-1ml\/#primaryimage"},"thumbnailUrl":"https:\/\/cdn.skin-heal.com\/wp-content\/uploads\/2025\/06\/Renee-Lift.jpg","datePublished":"2025-06-17T15:59:07+00:00","dateModified":"2025-06-17T15:59:08+00:00","description":"Relleno de HA de 26 mg\/mL para levantar pliegues y restaurar el volumen facial. Estructura equilibrada con resultados suaves y de aspecto natural.","breadcrumb":{"@id":"https:\/\/skin-heal.com\/product\/renee-lift-2-x-1ml\/#breadcrumb"},"inLanguage":"es","potentialAction":[{"@type":"ReadAction","target":["https:\/\/skin-heal.com\/product\/renee-lift-2-x-1ml\/"]}]},{"@type":"ImageObject","inLanguage":"es","@id":"https:\/\/skin-heal.com\/product\/renee-lift-2-x-1ml\/#primaryimage","url":"https:\/\/cdn.skin-heal.com\/wp-content\/uploads\/2025\/06\/Renee-Lift.jpg","contentUrl":"https:\/\/cdn.skin-heal.com\/wp-content\/uploads\/2025\/06\/Renee-Lift.jpg","width":600,"height":600,"caption":"Renee Lift"},{"@type":"BreadcrumbList","@id":"https:\/\/skin-heal.com\/product\/renee-lift-2-x-1ml\/#breadcrumb","itemListElement":[{"@type":"ListItem","position":1,"name":"Home","item":"https:\/\/skin-heal.com\/"},{"@type":"ListItem","position":2,"name":"Store","item":"https:\/\/skin-heal.com\/store\/"},{"@type":"ListItem","position":3,"name":"REN\u00c9E Lift \u2013 2 x 1ml"}]},{"@type":"WebSite","@id":"https:\/\/skin-heal.com\/#website","url":"https:\/\/skin-heal.com\/","name":"Curaci\u00f3n de la piel","description":"Los precios m\u00e1s bajos para los rellenos d\u00e9rmicos","potentialAction":[{"@type":"SearchAction","target":{"@type":"EntryPoint","urlTemplate":"https:\/\/skin-heal.com\/?s={search_term_string}"},"query-input":{"@type":"PropertyValueSpecification","valueRequired":true,"valueName":"search_term_string"}}],"inLanguage":"es"}]}},"_links":{"self":[{"href":"https:\/\/skin-heal.com\/es\/wp-json\/wp\/v2\/product\/36940","targetHints":{"allow":["GET"]}}],"collection":[{"href":"https:\/\/skin-heal.com\/es\/wp-json\/wp\/v2\/product"}],"about":[{"href":"https:\/\/skin-heal.com\/es\/wp-json\/wp\/v2\/types\/product"}],"wp:featuredmedia":[{"embeddable":true,"href":"https:\/\/skin-heal.com\/es\/wp-json\/wp\/v2\/media\/36933"}],"wp:attachment":[{"href":"https:\/\/skin-heal.com\/es\/wp-json\/wp\/v2\/media?parent=36940"}],"wp:term":[{"taxonomy":"product_brand","embeddable":true,"href":"https:\/\/skin-heal.com\/es\/wp-json\/wp\/v2\/product_brand?post=36940"},{"taxonomy":"product_cat","embeddable":true,"href":"https:\/\/skin-heal.com\/es\/wp-json\/wp\/v2\/product_cat?post=36940"},{"taxonomy":"product_tag","embeddable":true,"href":"https:\/\/skin-heal.com\/es\/wp-json\/wp\/v2\/product_tag?post=36940"}],"curies":[{"name":"wp","href":"https:\/\/api.w.org\/{rel}","templated":true}]}}