{"id":36941,"date":"2025-06-17T18:59:31","date_gmt":"2025-06-17T15:59:31","guid":{"rendered":"https:\/\/skin-heal.com\/?post_type=product&#038;p=36941"},"modified":"2025-06-17T18:59:31","modified_gmt":"2025-06-17T15:59:31","slug":"renee-prime-2-x-1ml","status":"publish","type":"product","link":"https:\/\/skin-heal.com\/es\/producto\/renee-prime-2-x-1ml\/","title":{"rendered":"REN\u00c9E Prime - 2 x 1ml"},"content":{"rendered":"<p>Este skinbooster, que forma parte de la l\u00ednea de rellenos REN\u00c9E, es el m\u00e1s suave de esta serie de soluciones d\u00e9rmicas. Aunque tiene una concentraci\u00f3n de \"s\u00f3lo\" 18mg\/ml (todav\u00eda muy por encima de los potenciadores de HA est\u00e1ndar), se diferencia entre productos similares por el uso de \u00e1cido hialur\u00f3nico reticulado. El gel de REN\u00c9E Prime es monof\u00e1sico y est\u00e1 espec\u00edficamente dise\u00f1ado para fusionarse de forma natural con los tejidos d\u00e9rmicos locales. De ah\u00ed la etiqueta \"bi\u00f3nico\" del producto. Tiene la textura y la densidad adecuadas para ser utilizado en diversas zonas: rostro, cuello, escote e incluso las manos.<\/p>\n<p>El dise\u00f1o bi\u00f3nico patentado se combina con un proceso de fabricaci\u00f3n en el que las cadenas de AH se tensan m\u00ednimamente. La superficie de su piel se alisar\u00e1 de forma totalmente natural. En general, el proceso de reticulaci\u00f3n durante la fabricaci\u00f3n de REN\u00c9E Prime est\u00e1 optimizado y no quedan part\u00edculas libres ni residuos del agente BDDE. Todo el gel HA skinbooster es homog\u00e9neo.<\/p>\n<p>Para amplificar el efecto potenciador de la piel, el gel se mezcla con prolina y glicina. Estos potentes amino\u00e1cidos son un elemento vital del proceso de s\u00edntesis del col\u00e1geno y mejoran enormemente el bienestar de la piel, combinados con el AH.<\/p>\n<p>Todo ello hace que trabajar con REN\u00c9E Prime sea muy f\u00e1cil y ofrece un control superior durante la aplicaci\u00f3n. Su dermat\u00f3logo o cosmet\u00f3logo licenciado lo tendr\u00e1 f\u00e1cil para conseguir unos resultados \u00f3ptimos de rejuvenecimiento de la piel, abortando el riesgo de protuberancias visibles o deformaciones cut\u00e1neas. Los informes posteriores al procedimiento indican que los pacientes disfrutan de una mayor elasticidad de la piel, tonos m\u00e1s luminosos y una mejora general de la salud y calidad de la piel en la zona tratada.<\/p>","protected":false},"excerpt":{"rendered":"<p>\u00bfUn skinbooter bi\u00f3nico a base de \u00e1cido hialur\u00f3nico reticulado? S\u00ed, REN\u00c9E Prime es eso y mucho m\u00e1s. Este paquete doble de potenciadores de la piel ofrece una hidrataci\u00f3n y revitalizaci\u00f3n r\u00e1pidas y visibles de la piel seca, cansada y prematuramente envejecida, utilizando al m\u00e1ximo el poder del AH de 18mg\/ml. Mejora la textura y la luminosidad de la piel durante un largo periodo de tiempo.<\/p>","protected":false},"featured_media":36934,"template":"","meta":[],"product_brand":[],"product_cat":[79,80,164,163],"product_tag":[],"class_list":{"0":"post-36941","1":"product","2":"type-product","3":"status-publish","4":"has-post-thumbnail","6":"product_cat-dermal-fillers","7":"product_cat-mesotherapy","8":"product_cat-qventis","9":"product_cat-renee","10":"clearfix","12":"first","13":"instock","14":"taxable","15":"shipping-taxable","16":"purchasable","17":"product-type-simple"},"yoast_head":"<!-- This site is optimized with the Yoast SEO plugin v27.4 - https:\/\/yoast.com\/product\/yoast-seo-wordpress\/ -->\n<title>REN\u00c9E Prime \u2013 2 x 1ml - Skin Heal<\/title>\n<meta name=\"description\" content=\"Ultra-soft HA skin booster with 18\u202fmg\/mL hyaluronic acid for deep hydration, improved elasticity, and glow. Ideal for subtle rejuvenation.\" \/>\n<meta name=\"robots\" content=\"index, follow, max-snippet:-1, max-image-preview:large, max-video-preview:-1\" \/>\n<link rel=\"canonical\" href=\"https:\/\/skin-heal.com\/es\/producto\/renee-prime-2-x-1ml\/\" \/>\n<meta property=\"og:locale\" content=\"es_MX\" \/>\n<meta property=\"og:type\" content=\"article\" \/>\n<meta property=\"og:title\" content=\"REN\u00c9E Prime \u2013 2 x 1ml - Skin Heal\" \/>\n<meta property=\"og:description\" content=\"Ultra-soft HA skin booster with 18\u202fmg\/mL hyaluronic acid for deep hydration, improved elasticity, and glow. Ideal for subtle rejuvenation.\" \/>\n<meta property=\"og:url\" content=\"https:\/\/skin-heal.com\/es\/producto\/renee-prime-2-x-1ml\/\" \/>\n<meta property=\"og:site_name\" content=\"Skin Heal\" \/>\n<meta property=\"og:image\" content=\"https:\/\/cdn.skin-heal.com\/wp-content\/uploads\/2025\/06\/Renee-Prime.jpg\" \/>\n\t<meta property=\"og:image:width\" content=\"600\" \/>\n\t<meta property=\"og:image:height\" content=\"600\" \/>\n\t<meta property=\"og:image:type\" content=\"image\/jpeg\" \/>\n<meta name=\"twitter:card\" content=\"summary_large_image\" \/>\n<meta name=\"twitter:label1\" content=\"Tiempo de lectura\" \/>\n\t<meta name=\"twitter:data1\" content=\"2 minutos\" \/>\n<script type=\"application\/ld+json\" class=\"yoast-schema-graph\">{\"@context\":\"https:\\\/\\\/schema.org\",\"@graph\":[{\"@type\":\"WebPage\",\"@id\":\"https:\\\/\\\/skin-heal.com\\\/product\\\/renee-prime-2-x-1ml\\\/\",\"url\":\"https:\\\/\\\/skin-heal.com\\\/product\\\/renee-prime-2-x-1ml\\\/\",\"name\":\"REN\u00c9E Prime \u2013 2 x 1ml - Skin Heal\",\"isPartOf\":{\"@id\":\"https:\\\/\\\/skin-heal.com\\\/#website\"},\"primaryImageOfPage\":{\"@id\":\"https:\\\/\\\/skin-heal.com\\\/product\\\/renee-prime-2-x-1ml\\\/#primaryimage\"},\"image\":{\"@id\":\"https:\\\/\\\/skin-heal.com\\\/product\\\/renee-prime-2-x-1ml\\\/#primaryimage\"},\"thumbnailUrl\":\"https:\\\/\\\/skin-heal.com\\\/wp-content\\\/uploads\\\/2025\\\/06\\\/Renee-Prime.jpg\",\"datePublished\":\"2025-06-17T15:59:31+00:00\",\"description\":\"Ultra-soft HA skin booster with 18\u202fmg\\\/mL hyaluronic acid for deep hydration, improved elasticity, and glow. Ideal for subtle rejuvenation.\",\"breadcrumb\":{\"@id\":\"https:\\\/\\\/skin-heal.com\\\/product\\\/renee-prime-2-x-1ml\\\/#breadcrumb\"},\"inLanguage\":\"es\",\"potentialAction\":[{\"@type\":\"ReadAction\",\"target\":[\"https:\\\/\\\/skin-heal.com\\\/product\\\/renee-prime-2-x-1ml\\\/\"]}]},{\"@type\":\"ImageObject\",\"inLanguage\":\"es\",\"@id\":\"https:\\\/\\\/skin-heal.com\\\/product\\\/renee-prime-2-x-1ml\\\/#primaryimage\",\"url\":\"https:\\\/\\\/skin-heal.com\\\/wp-content\\\/uploads\\\/2025\\\/06\\\/Renee-Prime.jpg\",\"contentUrl\":\"https:\\\/\\\/skin-heal.com\\\/wp-content\\\/uploads\\\/2025\\\/06\\\/Renee-Prime.jpg\",\"width\":600,\"height\":600,\"caption\":\"Renee Prime\"},{\"@type\":\"BreadcrumbList\",\"@id\":\"https:\\\/\\\/skin-heal.com\\\/product\\\/renee-prime-2-x-1ml\\\/#breadcrumb\",\"itemListElement\":[{\"@type\":\"ListItem\",\"position\":1,\"name\":\"Home\",\"item\":\"https:\\\/\\\/skin-heal.com\\\/\"},{\"@type\":\"ListItem\",\"position\":2,\"name\":\"Store\",\"item\":\"https:\\\/\\\/skin-heal.com\\\/store\\\/\"},{\"@type\":\"ListItem\",\"position\":3,\"name\":\"REN\u00c9E Prime \u2013 2 x 1ml\"}]},{\"@type\":\"WebSite\",\"@id\":\"https:\\\/\\\/skin-heal.com\\\/#website\",\"url\":\"https:\\\/\\\/skin-heal.com\\\/\",\"name\":\"Skin Heal\",\"description\":\"Lowest Prices for Dermal Fillers\",\"potentialAction\":[{\"@type\":\"SearchAction\",\"target\":{\"@type\":\"EntryPoint\",\"urlTemplate\":\"https:\\\/\\\/skin-heal.com\\\/?s={search_term_string}\"},\"query-input\":{\"@type\":\"PropertyValueSpecification\",\"valueRequired\":true,\"valueName\":\"search_term_string\"}}],\"inLanguage\":\"es\"}]}<\/script>\n<!-- \/ Yoast SEO plugin. -->","yoast_head_json":{"title":"REN\u00c9E Prime - 2 x 1ml - Piel sana","description":"Refuerzo de HA ultrasuave para la piel con 18 mg\/mL de \u00e1cido hialur\u00f3nico para una hidrataci\u00f3n profunda, mejora de la elasticidad y luminosidad. Ideal para un rejuvenecimiento sutil.","robots":{"index":"index","follow":"follow","max-snippet":"max-snippet:-1","max-image-preview":"max-image-preview:large","max-video-preview":"max-video-preview:-1"},"canonical":"https:\/\/skin-heal.com\/es\/producto\/renee-prime-2-x-1ml\/","og_locale":"es_MX","og_type":"article","og_title":"REN\u00c9E Prime \u2013 2 x 1ml - Skin Heal","og_description":"Ultra-soft HA skin booster with 18\u202fmg\/mL hyaluronic acid for deep hydration, improved elasticity, and glow. Ideal for subtle rejuvenation.","og_url":"https:\/\/skin-heal.com\/es\/producto\/renee-prime-2-x-1ml\/","og_site_name":"Skin Heal","og_image":[{"width":600,"height":600,"url":"https:\/\/cdn.skin-heal.com\/wp-content\/uploads\/2025\/06\/Renee-Prime.jpg","type":"image\/jpeg"}],"twitter_card":"summary_large_image","twitter_misc":{"Tiempo de lectura":"2 minutos"},"schema":{"@context":"https:\/\/schema.org","@graph":[{"@type":"WebPage","@id":"https:\/\/skin-heal.com\/product\/renee-prime-2-x-1ml\/","url":"https:\/\/skin-heal.com\/product\/renee-prime-2-x-1ml\/","name":"REN\u00c9E Prime - 2 x 1ml - Piel sana","isPartOf":{"@id":"https:\/\/skin-heal.com\/#website"},"primaryImageOfPage":{"@id":"https:\/\/skin-heal.com\/product\/renee-prime-2-x-1ml\/#primaryimage"},"image":{"@id":"https:\/\/skin-heal.com\/product\/renee-prime-2-x-1ml\/#primaryimage"},"thumbnailUrl":"https:\/\/cdn.skin-heal.com\/wp-content\/uploads\/2025\/06\/Renee-Prime.jpg","datePublished":"2025-06-17T15:59:31+00:00","description":"Refuerzo de HA ultrasuave para la piel con 18 mg\/mL de \u00e1cido hialur\u00f3nico para una hidrataci\u00f3n profunda, mejora de la elasticidad y luminosidad. Ideal para un rejuvenecimiento sutil.","breadcrumb":{"@id":"https:\/\/skin-heal.com\/product\/renee-prime-2-x-1ml\/#breadcrumb"},"inLanguage":"es","potentialAction":[{"@type":"ReadAction","target":["https:\/\/skin-heal.com\/product\/renee-prime-2-x-1ml\/"]}]},{"@type":"ImageObject","inLanguage":"es","@id":"https:\/\/skin-heal.com\/product\/renee-prime-2-x-1ml\/#primaryimage","url":"https:\/\/cdn.skin-heal.com\/wp-content\/uploads\/2025\/06\/Renee-Prime.jpg","contentUrl":"https:\/\/cdn.skin-heal.com\/wp-content\/uploads\/2025\/06\/Renee-Prime.jpg","width":600,"height":600,"caption":"Renee Prime"},{"@type":"BreadcrumbList","@id":"https:\/\/skin-heal.com\/product\/renee-prime-2-x-1ml\/#breadcrumb","itemListElement":[{"@type":"ListItem","position":1,"name":"Home","item":"https:\/\/skin-heal.com\/"},{"@type":"ListItem","position":2,"name":"Store","item":"https:\/\/skin-heal.com\/store\/"},{"@type":"ListItem","position":3,"name":"REN\u00c9E Prime \u2013 2 x 1ml"}]},{"@type":"WebSite","@id":"https:\/\/skin-heal.com\/#website","url":"https:\/\/skin-heal.com\/","name":"Curaci\u00f3n de la piel","description":"Los precios m\u00e1s bajos para los rellenos d\u00e9rmicos","potentialAction":[{"@type":"SearchAction","target":{"@type":"EntryPoint","urlTemplate":"https:\/\/skin-heal.com\/?s={search_term_string}"},"query-input":{"@type":"PropertyValueSpecification","valueRequired":true,"valueName":"search_term_string"}}],"inLanguage":"es"}]}},"_links":{"self":[{"href":"https:\/\/skin-heal.com\/es\/wp-json\/wp\/v2\/product\/36941","targetHints":{"allow":["GET"]}}],"collection":[{"href":"https:\/\/skin-heal.com\/es\/wp-json\/wp\/v2\/product"}],"about":[{"href":"https:\/\/skin-heal.com\/es\/wp-json\/wp\/v2\/types\/product"}],"wp:featuredmedia":[{"embeddable":true,"href":"https:\/\/skin-heal.com\/es\/wp-json\/wp\/v2\/media\/36934"}],"wp:attachment":[{"href":"https:\/\/skin-heal.com\/es\/wp-json\/wp\/v2\/media?parent=36941"}],"wp:term":[{"taxonomy":"product_brand","embeddable":true,"href":"https:\/\/skin-heal.com\/es\/wp-json\/wp\/v2\/product_brand?post=36941"},{"taxonomy":"product_cat","embeddable":true,"href":"https:\/\/skin-heal.com\/es\/wp-json\/wp\/v2\/product_cat?post=36941"},{"taxonomy":"product_tag","embeddable":true,"href":"https:\/\/skin-heal.com\/es\/wp-json\/wp\/v2\/product_tag?post=36941"}],"curies":[{"name":"wp","href":"https:\/\/api.w.org\/{rel}","templated":true}]}}