{"id":36942,"date":"2025-06-17T19:00:04","date_gmt":"2025-06-17T16:00:04","guid":{"rendered":"https:\/\/skin-heal.com\/?post_type=product&#038;p=36942"},"modified":"2025-06-17T19:00:05","modified_gmt":"2025-06-17T16:00:05","slug":"renee-touch-2-x-1ml","status":"publish","type":"product","link":"https:\/\/skin-heal.com\/es\/producto\/renee-touch-2-x-1ml\/","title":{"rendered":"REN\u00c9E Touch - 2 x 1ml"},"content":{"rendered":"<p>Tratar las arrugas superficiales y las depresiones cut\u00e1neas como las l\u00edneas de la frente o las patas de gallo requiere un tipo especial de producto. Suficientemente suave, para rellenar las zonas de peque\u00f1a p\u00e9rdida de volumen, a la vez que lo suficientemente estable como para no desplazarse ni deformarse nunca una vez aplicado. REN\u00c9E Touch es un relleno d\u00e9rmico bi\u00f3nico. Se funde con los tejidos cut\u00e1neos circundantes de forma inigualable.  El perfil reol\u00f3gico del relleno imita las estructuras de la matriz extracelular y se funde de forma mucho m\u00e1s natural con los tejidos d\u00e9rmicos, en comparaci\u00f3n con otros productos similares.<\/p>\n<p>El efecto a largo plazo se ve mejorado por la prolina y la glicina. Se trata de amino\u00e1cidos que forman parte del proceso natural de s\u00edntesis de col\u00e1geno por los fibroblastos. Pueden ayudar a mejorar el tono de la piel, la firmeza y la textura superficial.<\/p>\n<p>En general, con REN\u00c9E Touch incluso peque\u00f1as correcciones en partes delicadas del rostro pueden dar un efecto notable de aspecto revigorizado. El relleno de arrugas es muy estable y se mueve de forma natural con el rostro, sin deformarse.<\/p>\n<p>Por otro lado, el gel suave y uniforme, permite a los profesionales autorizados tener un nivel de control sin igual durante el procedimiento. REN\u00c9E Touch es f\u00e1cil de usar (por los profesionales) y es el relleno perfecto incluso para los tratamientos de correcci\u00f3n m\u00e1s suaves.<\/p>","protected":false},"excerpt":{"rendered":"<p>En situaciones en las que se necesita un gel de relleno suave y monof\u00e1sico para tratar las arrugas finas a moderadas, REN\u00c9E Touch ofrece un doble paquete fiable. Basado en gel de \u00e1cido hialur\u00f3nico bi\u00f3nico reticulado (24mg\/ml), amplifica el efecto alisador de las arrugas introduciendo prolina y glicina en la formulaci\u00f3n, para simular la s\u00edntesis de col\u00e1geno en la zona tratada.<\/p>","protected":false},"featured_media":36931,"template":"","meta":[],"product_brand":[],"product_cat":[79,164,163],"product_tag":[],"class_list":{"0":"post-36942","1":"product","2":"type-product","3":"status-publish","4":"has-post-thumbnail","6":"product_cat-dermal-fillers","7":"product_cat-qventis","8":"product_cat-renee","9":"clearfix","11":"first","12":"instock","13":"taxable","14":"shipping-taxable","15":"purchasable","16":"product-type-simple"},"yoast_head":"<!-- This site is optimized with the Yoast SEO plugin v27.3 - https:\/\/yoast.com\/product\/yoast-seo-wordpress\/ -->\n<title>REN\u00c9E Touch \u2013 2 x 1ml - Skin Heal<\/title>\n<meta name=\"description\" content=\"24\u202fmg\/mL monophasic HA filler for smoothing fine lines. Natural, soft-touch rejuvenation with excellent tissue integration.\" \/>\n<meta name=\"robots\" content=\"index, follow, max-snippet:-1, max-image-preview:large, max-video-preview:-1\" \/>\n<link rel=\"canonical\" href=\"https:\/\/skin-heal.com\/es\/producto\/renee-touch-2-x-1ml\/\" \/>\n<meta property=\"og:locale\" content=\"es_MX\" \/>\n<meta property=\"og:type\" content=\"article\" \/>\n<meta property=\"og:title\" content=\"REN\u00c9E Touch \u2013 2 x 1ml - Skin Heal\" \/>\n<meta property=\"og:description\" content=\"24\u202fmg\/mL monophasic HA filler for smoothing fine lines. Natural, soft-touch rejuvenation with excellent tissue integration.\" \/>\n<meta property=\"og:url\" content=\"https:\/\/skin-heal.com\/es\/producto\/renee-touch-2-x-1ml\/\" \/>\n<meta property=\"og:site_name\" content=\"Skin Heal\" \/>\n<meta property=\"article:modified_time\" content=\"2025-06-17T16:00:05+00:00\" \/>\n<meta property=\"og:image\" content=\"https:\/\/cdn.skin-heal.com\/wp-content\/uploads\/2025\/06\/Renee-Touch.jpg\" \/>\n\t<meta property=\"og:image:width\" content=\"600\" \/>\n\t<meta property=\"og:image:height\" content=\"600\" \/>\n\t<meta property=\"og:image:type\" content=\"image\/jpeg\" \/>\n<meta name=\"twitter:card\" content=\"summary_large_image\" \/>\n<meta name=\"twitter:label1\" content=\"Tiempo de lectura\" \/>\n\t<meta name=\"twitter:data1\" content=\"1 minuto\" \/>\n<script type=\"application\/ld+json\" class=\"yoast-schema-graph\">{\"@context\":\"https:\\\/\\\/schema.org\",\"@graph\":[{\"@type\":\"WebPage\",\"@id\":\"https:\\\/\\\/skin-heal.com\\\/product\\\/renee-touch-2-x-1ml\\\/\",\"url\":\"https:\\\/\\\/skin-heal.com\\\/product\\\/renee-touch-2-x-1ml\\\/\",\"name\":\"REN\u00c9E Touch \u2013 2 x 1ml - Skin Heal\",\"isPartOf\":{\"@id\":\"https:\\\/\\\/skin-heal.com\\\/#website\"},\"primaryImageOfPage\":{\"@id\":\"https:\\\/\\\/skin-heal.com\\\/product\\\/renee-touch-2-x-1ml\\\/#primaryimage\"},\"image\":{\"@id\":\"https:\\\/\\\/skin-heal.com\\\/product\\\/renee-touch-2-x-1ml\\\/#primaryimage\"},\"thumbnailUrl\":\"https:\\\/\\\/skin-heal.com\\\/wp-content\\\/uploads\\\/2025\\\/06\\\/Renee-Touch.jpg\",\"datePublished\":\"2025-06-17T16:00:04+00:00\",\"dateModified\":\"2025-06-17T16:00:05+00:00\",\"description\":\"24\u202fmg\\\/mL monophasic HA filler for smoothing fine lines. Natural, soft-touch rejuvenation with excellent tissue integration.\",\"breadcrumb\":{\"@id\":\"https:\\\/\\\/skin-heal.com\\\/product\\\/renee-touch-2-x-1ml\\\/#breadcrumb\"},\"inLanguage\":\"es\",\"potentialAction\":[{\"@type\":\"ReadAction\",\"target\":[\"https:\\\/\\\/skin-heal.com\\\/product\\\/renee-touch-2-x-1ml\\\/\"]}]},{\"@type\":\"ImageObject\",\"inLanguage\":\"es\",\"@id\":\"https:\\\/\\\/skin-heal.com\\\/product\\\/renee-touch-2-x-1ml\\\/#primaryimage\",\"url\":\"https:\\\/\\\/skin-heal.com\\\/wp-content\\\/uploads\\\/2025\\\/06\\\/Renee-Touch.jpg\",\"contentUrl\":\"https:\\\/\\\/skin-heal.com\\\/wp-content\\\/uploads\\\/2025\\\/06\\\/Renee-Touch.jpg\",\"width\":600,\"height\":600,\"caption\":\"Renee Touch\"},{\"@type\":\"BreadcrumbList\",\"@id\":\"https:\\\/\\\/skin-heal.com\\\/product\\\/renee-touch-2-x-1ml\\\/#breadcrumb\",\"itemListElement\":[{\"@type\":\"ListItem\",\"position\":1,\"name\":\"Home\",\"item\":\"https:\\\/\\\/skin-heal.com\\\/\"},{\"@type\":\"ListItem\",\"position\":2,\"name\":\"Store\",\"item\":\"https:\\\/\\\/skin-heal.com\\\/store\\\/\"},{\"@type\":\"ListItem\",\"position\":3,\"name\":\"REN\u00c9E Touch \u2013 2 x 1ml\"}]},{\"@type\":\"WebSite\",\"@id\":\"https:\\\/\\\/skin-heal.com\\\/#website\",\"url\":\"https:\\\/\\\/skin-heal.com\\\/\",\"name\":\"Skin Heal\",\"description\":\"Lowest Prices for Dermal Fillers\",\"potentialAction\":[{\"@type\":\"SearchAction\",\"target\":{\"@type\":\"EntryPoint\",\"urlTemplate\":\"https:\\\/\\\/skin-heal.com\\\/?s={search_term_string}\"},\"query-input\":{\"@type\":\"PropertyValueSpecification\",\"valueRequired\":true,\"valueName\":\"search_term_string\"}}],\"inLanguage\":\"es\"}]}<\/script>\n<!-- \/ Yoast SEO plugin. -->","yoast_head_json":{"title":"REN\u00c9E Touch - 2 x 1ml - Piel sana","description":"Relleno de HA monof\u00e1sico de 24 mg\/mL para alisar l\u00edneas finas. Rejuvenecimiento natural y suave al tacto con una excelente integraci\u00f3n tisular.","robots":{"index":"index","follow":"follow","max-snippet":"max-snippet:-1","max-image-preview":"max-image-preview:large","max-video-preview":"max-video-preview:-1"},"canonical":"https:\/\/skin-heal.com\/es\/producto\/renee-touch-2-x-1ml\/","og_locale":"es_MX","og_type":"article","og_title":"REN\u00c9E Touch \u2013 2 x 1ml - Skin Heal","og_description":"24\u202fmg\/mL monophasic HA filler for smoothing fine lines. Natural, soft-touch rejuvenation with excellent tissue integration.","og_url":"https:\/\/skin-heal.com\/es\/producto\/renee-touch-2-x-1ml\/","og_site_name":"Skin Heal","article_modified_time":"2025-06-17T16:00:05+00:00","og_image":[{"width":600,"height":600,"url":"https:\/\/cdn.skin-heal.com\/wp-content\/uploads\/2025\/06\/Renee-Touch.jpg","type":"image\/jpeg"}],"twitter_card":"summary_large_image","twitter_misc":{"Tiempo de lectura":"1 minuto"},"schema":{"@context":"https:\/\/schema.org","@graph":[{"@type":"WebPage","@id":"https:\/\/skin-heal.com\/product\/renee-touch-2-x-1ml\/","url":"https:\/\/skin-heal.com\/product\/renee-touch-2-x-1ml\/","name":"REN\u00c9E Touch - 2 x 1ml - Piel sana","isPartOf":{"@id":"https:\/\/skin-heal.com\/#website"},"primaryImageOfPage":{"@id":"https:\/\/skin-heal.com\/product\/renee-touch-2-x-1ml\/#primaryimage"},"image":{"@id":"https:\/\/skin-heal.com\/product\/renee-touch-2-x-1ml\/#primaryimage"},"thumbnailUrl":"https:\/\/cdn.skin-heal.com\/wp-content\/uploads\/2025\/06\/Renee-Touch.jpg","datePublished":"2025-06-17T16:00:04+00:00","dateModified":"2025-06-17T16:00:05+00:00","description":"Relleno de HA monof\u00e1sico de 24 mg\/mL para alisar l\u00edneas finas. Rejuvenecimiento natural y suave al tacto con una excelente integraci\u00f3n tisular.","breadcrumb":{"@id":"https:\/\/skin-heal.com\/product\/renee-touch-2-x-1ml\/#breadcrumb"},"inLanguage":"es","potentialAction":[{"@type":"ReadAction","target":["https:\/\/skin-heal.com\/product\/renee-touch-2-x-1ml\/"]}]},{"@type":"ImageObject","inLanguage":"es","@id":"https:\/\/skin-heal.com\/product\/renee-touch-2-x-1ml\/#primaryimage","url":"https:\/\/cdn.skin-heal.com\/wp-content\/uploads\/2025\/06\/Renee-Touch.jpg","contentUrl":"https:\/\/cdn.skin-heal.com\/wp-content\/uploads\/2025\/06\/Renee-Touch.jpg","width":600,"height":600,"caption":"Renee Touch"},{"@type":"BreadcrumbList","@id":"https:\/\/skin-heal.com\/product\/renee-touch-2-x-1ml\/#breadcrumb","itemListElement":[{"@type":"ListItem","position":1,"name":"Home","item":"https:\/\/skin-heal.com\/"},{"@type":"ListItem","position":2,"name":"Store","item":"https:\/\/skin-heal.com\/store\/"},{"@type":"ListItem","position":3,"name":"REN\u00c9E Touch \u2013 2 x 1ml"}]},{"@type":"WebSite","@id":"https:\/\/skin-heal.com\/#website","url":"https:\/\/skin-heal.com\/","name":"Curaci\u00f3n de la piel","description":"Los precios m\u00e1s bajos para los rellenos d\u00e9rmicos","potentialAction":[{"@type":"SearchAction","target":{"@type":"EntryPoint","urlTemplate":"https:\/\/skin-heal.com\/?s={search_term_string}"},"query-input":{"@type":"PropertyValueSpecification","valueRequired":true,"valueName":"search_term_string"}}],"inLanguage":"es"}]}},"_links":{"self":[{"href":"https:\/\/skin-heal.com\/es\/wp-json\/wp\/v2\/product\/36942","targetHints":{"allow":["GET"]}}],"collection":[{"href":"https:\/\/skin-heal.com\/es\/wp-json\/wp\/v2\/product"}],"about":[{"href":"https:\/\/skin-heal.com\/es\/wp-json\/wp\/v2\/types\/product"}],"wp:featuredmedia":[{"embeddable":true,"href":"https:\/\/skin-heal.com\/es\/wp-json\/wp\/v2\/media\/36931"}],"wp:attachment":[{"href":"https:\/\/skin-heal.com\/es\/wp-json\/wp\/v2\/media?parent=36942"}],"wp:term":[{"taxonomy":"product_brand","embeddable":true,"href":"https:\/\/skin-heal.com\/es\/wp-json\/wp\/v2\/product_brand?post=36942"},{"taxonomy":"product_cat","embeddable":true,"href":"https:\/\/skin-heal.com\/es\/wp-json\/wp\/v2\/product_cat?post=36942"},{"taxonomy":"product_tag","embeddable":true,"href":"https:\/\/skin-heal.com\/es\/wp-json\/wp\/v2\/product_tag?post=36942"}],"curies":[{"name":"wp","href":"https:\/\/api.w.org\/{rel}","templated":true}]}}