{"id":36943,"date":"2025-06-17T18:59:44","date_gmt":"2025-06-17T15:59:44","guid":{"rendered":"https:\/\/skin-heal.com\/?post_type=product&#038;p=36943"},"modified":"2025-06-17T18:59:44","modified_gmt":"2025-06-17T15:59:44","slug":"renee-smile-2-x-1ml","status":"publish","type":"product","link":"https:\/\/skin-heal.com\/es\/producto\/renee-smile-2-x-1ml\/","title":{"rendered":"REN\u00c9E Smile - 2 x 1ml"},"content":{"rendered":"<p>M\u00e1s suave que algunos de los rellenos labiales del mercado, REN\u00c9E Smile es un relleno d\u00e9rmico de HA de 22mg\/ml, reticulado con BDDE. Combina la voluminizaci\u00f3n con un aumento general de la salud de la piel. A diferencia de la mayor\u00eda de los rellenos labiales, la l\u00ednea REN\u00c9E incluye amino\u00e1cidos en su formulaci\u00f3n. REN\u00c9E Smile contiene prolina y glicina, dos de los componentes del col\u00e1geno, y a\u00f1ade volumen no s\u00f3lo introduciendo gel de HA reticulado, sino tambi\u00e9n restaurando las estructuras ECM y los tejidos de soporte.<\/p>\n<p>Es un relleno labial bi\u00f3nico. Esto significa que el gel de \u00e1cido hialur\u00f3nico y amino\u00e1cidos es perfectamente uniforme. No hay part\u00edculas grandes, ni residuos libres del agente reticulante BDDA. Se trata de un gel suave y homog\u00e9neo, que puede permitir un aumento del tama\u00f1o de los labios con un aspecto m\u00e1s natural que los tejidos d\u00e9rmicos y los m\u00fasculos reales. Una vez aplicado, se funde perfectamente con los tejidos cut\u00e1neos circundantes, sin formar grumos ni deformarse con el tiempo. Se mantiene la estructura nativa de HA y la viscoelasticidad y cohesividad general del relleno labial.<\/p>\n<p>REN\u00c9E Smile es ideal para procedimientos sutiles y m\u00ednimamente perceptibles: un ligero contorno, un poco de volumen. Sus propiedades m\u00e1s suaves lo hacen perfecto para ello. Sin embargo, gracias a su estructura uniforme y monof\u00e1sica, con REN\u00c9E Smile se pueden realizar voluminizaciones a\u00fan m\u00e1s espectaculares de los labios y el resultado final seguir\u00e1 pareciendo perfecto y natural.<\/p>","protected":false},"excerpt":{"rendered":"<p>Uno de los rellenos labiales m\u00e1s suaves del mercado, REN\u00c9E Smile es un envase doble de gel de \u00e1cido hialur\u00f3nico de 22mg\/ml, reticulado y mezclado con amino\u00e1cidos glicina y prolina. Como su nombre indica, se trata de un relleno d\u00e9rmico enfocado a mejorar el contorno de los labios, mejorar su volumen, tratar cualquier asimetr\u00eda no deseada y tambi\u00e9n realizar suaves retoques en la zona del arco de cupido.<\/p>","protected":false},"featured_media":36930,"template":"","meta":[],"product_brand":[],"product_cat":[79,164,163],"product_tag":[],"class_list":{"0":"post-36943","1":"product","2":"type-product","3":"status-publish","4":"has-post-thumbnail","6":"product_cat-dermal-fillers","7":"product_cat-qventis","8":"product_cat-renee","9":"clearfix","11":"first","12":"instock","13":"taxable","14":"shipping-taxable","15":"purchasable","16":"product-type-simple"},"yoast_head":"<!-- This site is optimized with the Yoast SEO plugin v27.4 - https:\/\/yoast.com\/product\/yoast-seo-wordpress\/ -->\n<title>REN\u00c9E Smile \u2013 2 x 1ml - Skin Heal<\/title>\n<meta name=\"description\" content=\"Subtle lip-contouring filler with 22\u202fmg\/mL HA and added amino acids. Enhances lip volume naturally with soft, smooth results.\" \/>\n<meta name=\"robots\" content=\"index, follow, max-snippet:-1, max-image-preview:large, max-video-preview:-1\" \/>\n<link rel=\"canonical\" href=\"https:\/\/skin-heal.com\/es\/producto\/renee-smile-2-x-1ml\/\" \/>\n<meta property=\"og:locale\" content=\"es_MX\" \/>\n<meta property=\"og:type\" content=\"article\" \/>\n<meta property=\"og:title\" content=\"REN\u00c9E Smile \u2013 2 x 1ml - Skin Heal\" \/>\n<meta property=\"og:description\" content=\"Subtle lip-contouring filler with 22\u202fmg\/mL HA and added amino acids. Enhances lip volume naturally with soft, smooth results.\" \/>\n<meta property=\"og:url\" content=\"https:\/\/skin-heal.com\/es\/producto\/renee-smile-2-x-1ml\/\" \/>\n<meta property=\"og:site_name\" content=\"Skin Heal\" \/>\n<meta property=\"og:image\" content=\"https:\/\/cdn.skin-heal.com\/wp-content\/uploads\/2025\/06\/Renee-Smile.jpg\" \/>\n\t<meta property=\"og:image:width\" content=\"600\" \/>\n\t<meta property=\"og:image:height\" content=\"600\" \/>\n\t<meta property=\"og:image:type\" content=\"image\/jpeg\" \/>\n<meta name=\"twitter:card\" content=\"summary_large_image\" \/>\n<meta name=\"twitter:label1\" content=\"Tiempo de lectura\" \/>\n\t<meta name=\"twitter:data1\" content=\"1 minuto\" \/>\n<script type=\"application\/ld+json\" class=\"yoast-schema-graph\">{\"@context\":\"https:\\\/\\\/schema.org\",\"@graph\":[{\"@type\":\"WebPage\",\"@id\":\"https:\\\/\\\/skin-heal.com\\\/product\\\/renee-smile-2-x-1ml\\\/\",\"url\":\"https:\\\/\\\/skin-heal.com\\\/product\\\/renee-smile-2-x-1ml\\\/\",\"name\":\"REN\u00c9E Smile \u2013 2 x 1ml - Skin Heal\",\"isPartOf\":{\"@id\":\"https:\\\/\\\/skin-heal.com\\\/#website\"},\"primaryImageOfPage\":{\"@id\":\"https:\\\/\\\/skin-heal.com\\\/product\\\/renee-smile-2-x-1ml\\\/#primaryimage\"},\"image\":{\"@id\":\"https:\\\/\\\/skin-heal.com\\\/product\\\/renee-smile-2-x-1ml\\\/#primaryimage\"},\"thumbnailUrl\":\"https:\\\/\\\/skin-heal.com\\\/wp-content\\\/uploads\\\/2025\\\/06\\\/Renee-Smile.jpg\",\"datePublished\":\"2025-06-17T15:59:44+00:00\",\"description\":\"Subtle lip-contouring filler with 22\u202fmg\\\/mL HA and added amino acids. Enhances lip volume naturally with soft, smooth results.\",\"breadcrumb\":{\"@id\":\"https:\\\/\\\/skin-heal.com\\\/product\\\/renee-smile-2-x-1ml\\\/#breadcrumb\"},\"inLanguage\":\"es\",\"potentialAction\":[{\"@type\":\"ReadAction\",\"target\":[\"https:\\\/\\\/skin-heal.com\\\/product\\\/renee-smile-2-x-1ml\\\/\"]}]},{\"@type\":\"ImageObject\",\"inLanguage\":\"es\",\"@id\":\"https:\\\/\\\/skin-heal.com\\\/product\\\/renee-smile-2-x-1ml\\\/#primaryimage\",\"url\":\"https:\\\/\\\/skin-heal.com\\\/wp-content\\\/uploads\\\/2025\\\/06\\\/Renee-Smile.jpg\",\"contentUrl\":\"https:\\\/\\\/skin-heal.com\\\/wp-content\\\/uploads\\\/2025\\\/06\\\/Renee-Smile.jpg\",\"width\":600,\"height\":600,\"caption\":\"Renee Smile\"},{\"@type\":\"BreadcrumbList\",\"@id\":\"https:\\\/\\\/skin-heal.com\\\/product\\\/renee-smile-2-x-1ml\\\/#breadcrumb\",\"itemListElement\":[{\"@type\":\"ListItem\",\"position\":1,\"name\":\"Home\",\"item\":\"https:\\\/\\\/skin-heal.com\\\/\"},{\"@type\":\"ListItem\",\"position\":2,\"name\":\"Store\",\"item\":\"https:\\\/\\\/skin-heal.com\\\/store\\\/\"},{\"@type\":\"ListItem\",\"position\":3,\"name\":\"REN\u00c9E Smile \u2013 2 x 1ml\"}]},{\"@type\":\"WebSite\",\"@id\":\"https:\\\/\\\/skin-heal.com\\\/#website\",\"url\":\"https:\\\/\\\/skin-heal.com\\\/\",\"name\":\"Skin Heal\",\"description\":\"Lowest Prices for Dermal Fillers\",\"potentialAction\":[{\"@type\":\"SearchAction\",\"target\":{\"@type\":\"EntryPoint\",\"urlTemplate\":\"https:\\\/\\\/skin-heal.com\\\/?s={search_term_string}\"},\"query-input\":{\"@type\":\"PropertyValueSpecification\",\"valueRequired\":true,\"valueName\":\"search_term_string\"}}],\"inLanguage\":\"es\"}]}<\/script>\n<!-- \/ Yoast SEO plugin. -->","yoast_head_json":{"title":"REN\u00c9E Smile - 2 x 1ml - Piel sana","description":"Relleno sutil para el contorno de labios con 22 mg\/mL de HA y amino\u00e1cidos a\u00f1adidos. Aumenta el volumen de los labios de forma natural con resultados suaves y lisos.","robots":{"index":"index","follow":"follow","max-snippet":"max-snippet:-1","max-image-preview":"max-image-preview:large","max-video-preview":"max-video-preview:-1"},"canonical":"https:\/\/skin-heal.com\/es\/producto\/renee-smile-2-x-1ml\/","og_locale":"es_MX","og_type":"article","og_title":"REN\u00c9E Smile \u2013 2 x 1ml - Skin Heal","og_description":"Subtle lip-contouring filler with 22\u202fmg\/mL HA and added amino acids. Enhances lip volume naturally with soft, smooth results.","og_url":"https:\/\/skin-heal.com\/es\/producto\/renee-smile-2-x-1ml\/","og_site_name":"Skin Heal","og_image":[{"width":600,"height":600,"url":"https:\/\/cdn.skin-heal.com\/wp-content\/uploads\/2025\/06\/Renee-Smile.jpg","type":"image\/jpeg"}],"twitter_card":"summary_large_image","twitter_misc":{"Tiempo de lectura":"1 minuto"},"schema":{"@context":"https:\/\/schema.org","@graph":[{"@type":"WebPage","@id":"https:\/\/skin-heal.com\/product\/renee-smile-2-x-1ml\/","url":"https:\/\/skin-heal.com\/product\/renee-smile-2-x-1ml\/","name":"REN\u00c9E Smile - 2 x 1ml - Piel sana","isPartOf":{"@id":"https:\/\/skin-heal.com\/#website"},"primaryImageOfPage":{"@id":"https:\/\/skin-heal.com\/product\/renee-smile-2-x-1ml\/#primaryimage"},"image":{"@id":"https:\/\/skin-heal.com\/product\/renee-smile-2-x-1ml\/#primaryimage"},"thumbnailUrl":"https:\/\/cdn.skin-heal.com\/wp-content\/uploads\/2025\/06\/Renee-Smile.jpg","datePublished":"2025-06-17T15:59:44+00:00","description":"Relleno sutil para el contorno de labios con 22 mg\/mL de HA y amino\u00e1cidos a\u00f1adidos. Aumenta el volumen de los labios de forma natural con resultados suaves y lisos.","breadcrumb":{"@id":"https:\/\/skin-heal.com\/product\/renee-smile-2-x-1ml\/#breadcrumb"},"inLanguage":"es","potentialAction":[{"@type":"ReadAction","target":["https:\/\/skin-heal.com\/product\/renee-smile-2-x-1ml\/"]}]},{"@type":"ImageObject","inLanguage":"es","@id":"https:\/\/skin-heal.com\/product\/renee-smile-2-x-1ml\/#primaryimage","url":"https:\/\/cdn.skin-heal.com\/wp-content\/uploads\/2025\/06\/Renee-Smile.jpg","contentUrl":"https:\/\/cdn.skin-heal.com\/wp-content\/uploads\/2025\/06\/Renee-Smile.jpg","width":600,"height":600,"caption":"Renee Smile"},{"@type":"BreadcrumbList","@id":"https:\/\/skin-heal.com\/product\/renee-smile-2-x-1ml\/#breadcrumb","itemListElement":[{"@type":"ListItem","position":1,"name":"Home","item":"https:\/\/skin-heal.com\/"},{"@type":"ListItem","position":2,"name":"Store","item":"https:\/\/skin-heal.com\/store\/"},{"@type":"ListItem","position":3,"name":"REN\u00c9E Smile \u2013 2 x 1ml"}]},{"@type":"WebSite","@id":"https:\/\/skin-heal.com\/#website","url":"https:\/\/skin-heal.com\/","name":"Curaci\u00f3n de la piel","description":"Los precios m\u00e1s bajos para los rellenos d\u00e9rmicos","potentialAction":[{"@type":"SearchAction","target":{"@type":"EntryPoint","urlTemplate":"https:\/\/skin-heal.com\/?s={search_term_string}"},"query-input":{"@type":"PropertyValueSpecification","valueRequired":true,"valueName":"search_term_string"}}],"inLanguage":"es"}]}},"_links":{"self":[{"href":"https:\/\/skin-heal.com\/es\/wp-json\/wp\/v2\/product\/36943","targetHints":{"allow":["GET"]}}],"collection":[{"href":"https:\/\/skin-heal.com\/es\/wp-json\/wp\/v2\/product"}],"about":[{"href":"https:\/\/skin-heal.com\/es\/wp-json\/wp\/v2\/types\/product"}],"wp:featuredmedia":[{"embeddable":true,"href":"https:\/\/skin-heal.com\/es\/wp-json\/wp\/v2\/media\/36930"}],"wp:attachment":[{"href":"https:\/\/skin-heal.com\/es\/wp-json\/wp\/v2\/media?parent=36943"}],"wp:term":[{"taxonomy":"product_brand","embeddable":true,"href":"https:\/\/skin-heal.com\/es\/wp-json\/wp\/v2\/product_brand?post=36943"},{"taxonomy":"product_cat","embeddable":true,"href":"https:\/\/skin-heal.com\/es\/wp-json\/wp\/v2\/product_cat?post=36943"},{"taxonomy":"product_tag","embeddable":true,"href":"https:\/\/skin-heal.com\/es\/wp-json\/wp\/v2\/product_tag?post=36943"}],"curies":[{"name":"wp","href":"https:\/\/api.w.org\/{rel}","templated":true}]}}