{"id":36944,"date":"2025-06-17T19:00:14","date_gmt":"2025-06-17T16:00:14","guid":{"rendered":"https:\/\/skin-heal.com\/?post_type=product&#038;p=36944"},"modified":"2025-06-17T19:00:14","modified_gmt":"2025-06-17T16:00:14","slug":"renee-volume-2-x-1ml","status":"publish","type":"product","link":"https:\/\/skin-heal.com\/es\/producto\/renee-volume-2-x-1ml\/","title":{"rendered":"REN\u00c9E Volumen - 2 x 1ml"},"content":{"rendered":"<p>La variante m\u00e1s densa de la l\u00ednea de productos, REN\u00c9E Volume cuenta con una concentraci\u00f3n muy alta de \u00e1cido hialur\u00f3nico: 28mg\/ml. Al estar reticulado mediante un m\u00e9todo patentado que utiliza BDDE, se reduce la tensi\u00f3n en las cadenas naturales de AH y el gel en general es mucho m\u00e1s resistente al efecto de las enzimas del cuerpo, lo que prolonga enormemente el efecto de voluminizaci\u00f3n en el tiempo.<\/p>\n<p>Toda la l\u00ednea de REN\u00c9E est\u00e1 clasificada como gel bi\u00f3nico. Esto significa que estos productos se mezclan de forma natural con los tejidos circundantes, de ah\u00ed el t\u00e9rmino \"bi\u00f3nico\". En la pr\u00e1ctica, esto significa que al definir el rostro con REN\u00c9E Volume se consiguen resultados que parecen mucho m\u00e1s naturales que la mayor\u00eda de los rellenos densos de su clase.<\/p>\n<p>En este caso, la calidad y la uniformidad de la zona de gel son primordiales. REN\u00c9E Volume es uno de los geles monof\u00e1sicos a base de AH m\u00e1s suaves del mercado. Permite al dermat\u00f3logo o a los cosmet\u00f3logos licenciados que se encargan del procedimiento ejercer un control superiot sobre el proceso, aplicar una fuerza de extrusi\u00f3n lineal en la jeringa y extender el gel de contorneado de forma uniforme. Muy pocos rellenos modeladores del mercado, por no decir ninguno, pueden ofrecer los resultados que se consiguen con REN\u00c9E Volume.<\/p>\n<p>Puede ser una soluci\u00f3n excelente tanto en t\u00e9rminos de procedimientos est\u00e9ticos, a\u00f1adiendo volumen y contorno a los rasgos, como para tratar problemas como la asimetr\u00eda visible de las dos mitades del rostro. REN\u00c9E Volume tambi\u00e9n es la soluci\u00f3n para las formas m\u00e1s graves de pliegues cut\u00e1neos. Tampoco hay que pasar por alto sus propiedades lifting: la inigualable estabilidad del gel le ayuda a imitar la ECM natural y los tejidos de sost\u00e9n de la piel.<\/p>","protected":false},"excerpt":{"rendered":"<p>Cuando son necesarias correcciones de los rasgos faciales propiamente dichos, se requiere un gel uniforme y estable como el REN\u00c9E Volume. Este paquete dos en uno es suficiente para el aumento profundo de zonas como el ment\u00f3n, la l\u00ednea de la mand\u00edbula y los p\u00f3mulos. Tambi\u00e9n puede restaurar eficazmente la p\u00e9rdida severa de volumen cut\u00e1neo en la zona de las mejillas y levantar los tejidos cut\u00e1neos fl\u00e1cidos.<\/p>","protected":false},"featured_media":36932,"template":"","meta":[],"product_brand":[],"product_cat":[79,164,163],"product_tag":[],"class_list":{"0":"post-36944","1":"product","2":"type-product","3":"status-publish","4":"has-post-thumbnail","6":"product_cat-dermal-fillers","7":"product_cat-qventis","8":"product_cat-renee","9":"clearfix","11":"first","12":"instock","13":"taxable","14":"shipping-taxable","15":"purchasable","16":"product-type-simple"},"yoast_head":"<!-- This site is optimized with the Yoast SEO plugin v27.3 - https:\/\/yoast.com\/product\/yoast-seo-wordpress\/ -->\n<title>REN\u00c9E Volume \u2013 2 x 1ml - Skin Heal<\/title>\n<meta name=\"description\" content=\"28\u202fmg\/mL high-density HA filler for deep volume and facial contouring. Provides natural, lasting structural support and hydration.\" \/>\n<meta name=\"robots\" content=\"index, follow, max-snippet:-1, max-image-preview:large, max-video-preview:-1\" \/>\n<link rel=\"canonical\" href=\"https:\/\/skin-heal.com\/es\/producto\/renee-volume-2-x-1ml\/\" \/>\n<meta property=\"og:locale\" content=\"es_MX\" \/>\n<meta property=\"og:type\" content=\"article\" \/>\n<meta property=\"og:title\" content=\"REN\u00c9E Volume \u2013 2 x 1ml - Skin Heal\" \/>\n<meta property=\"og:description\" content=\"28\u202fmg\/mL high-density HA filler for deep volume and facial contouring. Provides natural, lasting structural support and hydration.\" \/>\n<meta property=\"og:url\" content=\"https:\/\/skin-heal.com\/es\/producto\/renee-volume-2-x-1ml\/\" \/>\n<meta property=\"og:site_name\" content=\"Skin Heal\" \/>\n<meta property=\"og:image\" content=\"https:\/\/cdn.skin-heal.com\/wp-content\/uploads\/2025\/06\/Renee-Volume.jpg\" \/>\n\t<meta property=\"og:image:width\" content=\"600\" \/>\n\t<meta property=\"og:image:height\" content=\"600\" \/>\n\t<meta property=\"og:image:type\" content=\"image\/jpeg\" \/>\n<meta name=\"twitter:card\" content=\"summary_large_image\" \/>\n<meta name=\"twitter:label1\" content=\"Tiempo de lectura\" \/>\n\t<meta name=\"twitter:data1\" content=\"2 minutos\" \/>\n<script type=\"application\/ld+json\" class=\"yoast-schema-graph\">{\"@context\":\"https:\\\/\\\/schema.org\",\"@graph\":[{\"@type\":\"WebPage\",\"@id\":\"https:\\\/\\\/skin-heal.com\\\/product\\\/renee-volume-2-x-1ml\\\/\",\"url\":\"https:\\\/\\\/skin-heal.com\\\/product\\\/renee-volume-2-x-1ml\\\/\",\"name\":\"REN\u00c9E Volume \u2013 2 x 1ml - Skin Heal\",\"isPartOf\":{\"@id\":\"https:\\\/\\\/skin-heal.com\\\/#website\"},\"primaryImageOfPage\":{\"@id\":\"https:\\\/\\\/skin-heal.com\\\/product\\\/renee-volume-2-x-1ml\\\/#primaryimage\"},\"image\":{\"@id\":\"https:\\\/\\\/skin-heal.com\\\/product\\\/renee-volume-2-x-1ml\\\/#primaryimage\"},\"thumbnailUrl\":\"https:\\\/\\\/skin-heal.com\\\/wp-content\\\/uploads\\\/2025\\\/06\\\/Renee-Volume.jpg\",\"datePublished\":\"2025-06-17T16:00:14+00:00\",\"description\":\"28\u202fmg\\\/mL high-density HA filler for deep volume and facial contouring. Provides natural, lasting structural support and hydration.\",\"breadcrumb\":{\"@id\":\"https:\\\/\\\/skin-heal.com\\\/product\\\/renee-volume-2-x-1ml\\\/#breadcrumb\"},\"inLanguage\":\"es\",\"potentialAction\":[{\"@type\":\"ReadAction\",\"target\":[\"https:\\\/\\\/skin-heal.com\\\/product\\\/renee-volume-2-x-1ml\\\/\"]}]},{\"@type\":\"ImageObject\",\"inLanguage\":\"es\",\"@id\":\"https:\\\/\\\/skin-heal.com\\\/product\\\/renee-volume-2-x-1ml\\\/#primaryimage\",\"url\":\"https:\\\/\\\/skin-heal.com\\\/wp-content\\\/uploads\\\/2025\\\/06\\\/Renee-Volume.jpg\",\"contentUrl\":\"https:\\\/\\\/skin-heal.com\\\/wp-content\\\/uploads\\\/2025\\\/06\\\/Renee-Volume.jpg\",\"width\":600,\"height\":600,\"caption\":\"Renee Volume\"},{\"@type\":\"BreadcrumbList\",\"@id\":\"https:\\\/\\\/skin-heal.com\\\/product\\\/renee-volume-2-x-1ml\\\/#breadcrumb\",\"itemListElement\":[{\"@type\":\"ListItem\",\"position\":1,\"name\":\"Home\",\"item\":\"https:\\\/\\\/skin-heal.com\\\/\"},{\"@type\":\"ListItem\",\"position\":2,\"name\":\"Store\",\"item\":\"https:\\\/\\\/skin-heal.com\\\/store\\\/\"},{\"@type\":\"ListItem\",\"position\":3,\"name\":\"REN\u00c9E Volume \u2013 2 x 1ml\"}]},{\"@type\":\"WebSite\",\"@id\":\"https:\\\/\\\/skin-heal.com\\\/#website\",\"url\":\"https:\\\/\\\/skin-heal.com\\\/\",\"name\":\"Skin Heal\",\"description\":\"Lowest Prices for Dermal Fillers\",\"potentialAction\":[{\"@type\":\"SearchAction\",\"target\":{\"@type\":\"EntryPoint\",\"urlTemplate\":\"https:\\\/\\\/skin-heal.com\\\/?s={search_term_string}\"},\"query-input\":{\"@type\":\"PropertyValueSpecification\",\"valueRequired\":true,\"valueName\":\"search_term_string\"}}],\"inLanguage\":\"es\"}]}<\/script>\n<!-- \/ Yoast SEO plugin. -->","yoast_head_json":{"title":"REN\u00c9E Volumen - 2 x 1ml - Skin Heal","description":"Relleno de HA de alta densidad de 28 mg\/mL para volumen profundo y contorno facial. Proporciona hidrataci\u00f3n y un soporte estructural natural y duradero.","robots":{"index":"index","follow":"follow","max-snippet":"max-snippet:-1","max-image-preview":"max-image-preview:large","max-video-preview":"max-video-preview:-1"},"canonical":"https:\/\/skin-heal.com\/es\/producto\/renee-volume-2-x-1ml\/","og_locale":"es_MX","og_type":"article","og_title":"REN\u00c9E Volume \u2013 2 x 1ml - Skin Heal","og_description":"28\u202fmg\/mL high-density HA filler for deep volume and facial contouring. Provides natural, lasting structural support and hydration.","og_url":"https:\/\/skin-heal.com\/es\/producto\/renee-volume-2-x-1ml\/","og_site_name":"Skin Heal","og_image":[{"width":600,"height":600,"url":"https:\/\/cdn.skin-heal.com\/wp-content\/uploads\/2025\/06\/Renee-Volume.jpg","type":"image\/jpeg"}],"twitter_card":"summary_large_image","twitter_misc":{"Tiempo de lectura":"2 minutos"},"schema":{"@context":"https:\/\/schema.org","@graph":[{"@type":"WebPage","@id":"https:\/\/skin-heal.com\/product\/renee-volume-2-x-1ml\/","url":"https:\/\/skin-heal.com\/product\/renee-volume-2-x-1ml\/","name":"REN\u00c9E Volumen - 2 x 1ml - Skin Heal","isPartOf":{"@id":"https:\/\/skin-heal.com\/#website"},"primaryImageOfPage":{"@id":"https:\/\/skin-heal.com\/product\/renee-volume-2-x-1ml\/#primaryimage"},"image":{"@id":"https:\/\/skin-heal.com\/product\/renee-volume-2-x-1ml\/#primaryimage"},"thumbnailUrl":"https:\/\/cdn.skin-heal.com\/wp-content\/uploads\/2025\/06\/Renee-Volume.jpg","datePublished":"2025-06-17T16:00:14+00:00","description":"Relleno de HA de alta densidad de 28 mg\/mL para volumen profundo y contorno facial. Proporciona hidrataci\u00f3n y un soporte estructural natural y duradero.","breadcrumb":{"@id":"https:\/\/skin-heal.com\/product\/renee-volume-2-x-1ml\/#breadcrumb"},"inLanguage":"es","potentialAction":[{"@type":"ReadAction","target":["https:\/\/skin-heal.com\/product\/renee-volume-2-x-1ml\/"]}]},{"@type":"ImageObject","inLanguage":"es","@id":"https:\/\/skin-heal.com\/product\/renee-volume-2-x-1ml\/#primaryimage","url":"https:\/\/cdn.skin-heal.com\/wp-content\/uploads\/2025\/06\/Renee-Volume.jpg","contentUrl":"https:\/\/cdn.skin-heal.com\/wp-content\/uploads\/2025\/06\/Renee-Volume.jpg","width":600,"height":600,"caption":"Renee Volume"},{"@type":"BreadcrumbList","@id":"https:\/\/skin-heal.com\/product\/renee-volume-2-x-1ml\/#breadcrumb","itemListElement":[{"@type":"ListItem","position":1,"name":"Home","item":"https:\/\/skin-heal.com\/"},{"@type":"ListItem","position":2,"name":"Store","item":"https:\/\/skin-heal.com\/store\/"},{"@type":"ListItem","position":3,"name":"REN\u00c9E Volume \u2013 2 x 1ml"}]},{"@type":"WebSite","@id":"https:\/\/skin-heal.com\/#website","url":"https:\/\/skin-heal.com\/","name":"Curaci\u00f3n de la piel","description":"Los precios m\u00e1s bajos para los rellenos d\u00e9rmicos","potentialAction":[{"@type":"SearchAction","target":{"@type":"EntryPoint","urlTemplate":"https:\/\/skin-heal.com\/?s={search_term_string}"},"query-input":{"@type":"PropertyValueSpecification","valueRequired":true,"valueName":"search_term_string"}}],"inLanguage":"es"}]}},"_links":{"self":[{"href":"https:\/\/skin-heal.com\/es\/wp-json\/wp\/v2\/product\/36944","targetHints":{"allow":["GET"]}}],"collection":[{"href":"https:\/\/skin-heal.com\/es\/wp-json\/wp\/v2\/product"}],"about":[{"href":"https:\/\/skin-heal.com\/es\/wp-json\/wp\/v2\/types\/product"}],"wp:featuredmedia":[{"embeddable":true,"href":"https:\/\/skin-heal.com\/es\/wp-json\/wp\/v2\/media\/36932"}],"wp:attachment":[{"href":"https:\/\/skin-heal.com\/es\/wp-json\/wp\/v2\/media?parent=36944"}],"wp:term":[{"taxonomy":"product_brand","embeddable":true,"href":"https:\/\/skin-heal.com\/es\/wp-json\/wp\/v2\/product_brand?post=36944"},{"taxonomy":"product_cat","embeddable":true,"href":"https:\/\/skin-heal.com\/es\/wp-json\/wp\/v2\/product_cat?post=36944"},{"taxonomy":"product_tag","embeddable":true,"href":"https:\/\/skin-heal.com\/es\/wp-json\/wp\/v2\/product_tag?post=36944"}],"curies":[{"name":"wp","href":"https:\/\/api.w.org\/{rel}","templated":true}]}}