{"id":37178,"date":"2026-03-11T11:16:37","date_gmt":"2026-03-11T09:16:37","guid":{"rendered":"https:\/\/skin-heal.com\/?post_type=product&#038;p=37178"},"modified":"2026-03-11T11:58:22","modified_gmt":"2026-03-11T09:58:22","slug":"maybreeze-body-filler-50cc","status":"publish","type":"product","link":"https:\/\/skin-heal.com\/es\/producto\/maybreeze-body-filler-50cc\/","title":{"rendered":"Relleno corporal MAYbreeze (50 cc)"},"content":{"rendered":"<p>Una de las principales desventajas de los rellenos corporales tradicionales es que est\u00e1n basados en PLLA. Aunque este pol\u00edmero tiene su lugar en la industria de la belleza, no existe una forma eficaz de eliminarlo una vez aplicado el relleno. Los rellenos a base de \u00e1cido hialur\u00f3nico, como MAYbreeze o Gana HA Body Filler, resuelven este problema aprovechando el poder del AH, ya que esta sustancia no solo es natural para el cuerpo humano, sino tambi\u00e9n necesaria.<\/p>\n<p>En muchos aspectos, los rellenos corporales a base de \u00e1cido hialur\u00f3nico, como MAYbreeze y Gana HA Body, son muy similares a los populares rellenos faciales de \u00e1cido hialur\u00f3nico. Se trata de un gel denso, elaborado a partir de \u00e1cido hialur\u00f3nico reticulado, que se utiliza para remodelar con delicadeza una zona espec\u00edfica de la piel. El relleno corporal MAYbreeze se distingue por su gel extremadamente denso, que ofrece una durabilidad considerablemente mayor y un efecto voluminizador notablemente m\u00e1s pronunciado. Adem\u00e1s, mientras que los rellenos faciales suelen venir en jeringas de aproximadamente 1 ml de gel de AH, el relleno corporal MAYbreeze es un frasco de 50 cc de gel hialur\u00f3nico para el contorno corporal.<\/p>\n<p>El uso de un producto para realzar, contornear y dar volumen a los gl\u00fateos es una opci\u00f3n segura. Mientras que procedimientos como el BBL (levantamiento de gl\u00fateos brasile\u00f1o) son muy arriesgados e invasivos, la aplicaci\u00f3n de rellenos corporales permite conseguir unos gl\u00fateos llenos y voluptuosos con una intervenci\u00f3n m\u00ednima. Lo mismo ocurre con los muslos curvil\u00edneos y bien formados. Y lo mejor de todo es que MAYbreeze, al igual que Gana HA Body, es una soluci\u00f3n no permanente, lo que significa que el resultado final se puede ajustar y corregir si es necesario.<\/p>","protected":false},"excerpt":{"rendered":"<p>MAYbreeze, que revoluciona la forma de realizar el contorno corporal, forma parte de una nueva generaci\u00f3n de rellenos corporales no permanentes basados en \u00e1cido hialur\u00f3nico. Se trata de un gel seguro, totalmente biocompatible y biodegradable para aumentar las caracter\u00edsticas corporales, como los gl\u00fateos y los muslos, que permite esculpir el contorno corporal de forma flexible y sin restricciones, con resultados excelentes y duraderos, que siguen siendo completamente reversibles.<\/p>","protected":false},"featured_media":37179,"template":"","meta":[],"product_brand":[],"product_cat":[79],"product_tag":[],"class_list":{"0":"post-37178","1":"product","2":"type-product","3":"status-publish","4":"has-post-thumbnail","6":"product_cat-dermal-fillers","7":"clearfix","9":"first","10":"instock","11":"taxable","12":"shipping-taxable","13":"purchasable","14":"product-type-simple"},"yoast_head":"<!-- This site is optimized with the Yoast SEO plugin v27.4 - https:\/\/yoast.com\/product\/yoast-seo-wordpress\/ -->\n<title>MAYbreeze Body Filler (50cc) - Skin Heal<\/title>\n<meta name=\"description\" content=\"MAYbreeze Body Filler is a new alternative to the Gana HA Body, which allows precise and visible enhancement and sculpting of the buttocks and thighs areas.\" \/>\n<meta name=\"robots\" content=\"index, follow, max-snippet:-1, max-image-preview:large, max-video-preview:-1\" \/>\n<link rel=\"canonical\" href=\"https:\/\/skin-heal.com\/es\/producto\/maybreeze-body-filler-50cc\/\" \/>\n<meta property=\"og:locale\" content=\"es_MX\" \/>\n<meta property=\"og:type\" content=\"article\" \/>\n<meta property=\"og:title\" content=\"MAYbreeze Body Filler (50cc) - Skin Heal\" \/>\n<meta property=\"og:description\" content=\"MAYbreeze Body Filler is a new alternative to the Gana HA Body, which allows precise and visible enhancement and sculpting of the buttocks and thighs areas.\" \/>\n<meta property=\"og:url\" content=\"https:\/\/skin-heal.com\/es\/producto\/maybreeze-body-filler-50cc\/\" \/>\n<meta property=\"og:site_name\" content=\"Skin Heal\" \/>\n<meta property=\"article:modified_time\" content=\"2026-03-11T09:58:22+00:00\" \/>\n<meta property=\"og:image\" content=\"https:\/\/cdn.skin-heal.com\/wp-content\/uploads\/2026\/03\/MAYbreeze.jpg\" \/>\n\t<meta property=\"og:image:width\" content=\"600\" \/>\n\t<meta property=\"og:image:height\" content=\"600\" \/>\n\t<meta property=\"og:image:type\" content=\"image\/jpeg\" \/>\n<meta name=\"twitter:card\" content=\"summary_large_image\" \/>\n<meta name=\"twitter:label1\" content=\"Tiempo de lectura\" \/>\n\t<meta name=\"twitter:data1\" content=\"2 minutos\" \/>\n<script type=\"application\/ld+json\" class=\"yoast-schema-graph\">{\"@context\":\"https:\\\/\\\/schema.org\",\"@graph\":[{\"@type\":\"WebPage\",\"@id\":\"https:\\\/\\\/skin-heal.com\\\/product\\\/maybreeze-body-filler-50cc\\\/\",\"url\":\"https:\\\/\\\/skin-heal.com\\\/product\\\/maybreeze-body-filler-50cc\\\/\",\"name\":\"MAYbreeze Body Filler (50cc) - Skin Heal\",\"isPartOf\":{\"@id\":\"https:\\\/\\\/skin-heal.com\\\/#website\"},\"primaryImageOfPage\":{\"@id\":\"https:\\\/\\\/skin-heal.com\\\/product\\\/maybreeze-body-filler-50cc\\\/#primaryimage\"},\"image\":{\"@id\":\"https:\\\/\\\/skin-heal.com\\\/product\\\/maybreeze-body-filler-50cc\\\/#primaryimage\"},\"thumbnailUrl\":\"https:\\\/\\\/skin-heal.com\\\/wp-content\\\/uploads\\\/2026\\\/03\\\/MAYbreeze.jpg\",\"datePublished\":\"2026-03-11T09:16:37+00:00\",\"dateModified\":\"2026-03-11T09:58:22+00:00\",\"description\":\"MAYbreeze Body Filler is a new alternative to the Gana HA Body, which allows precise and visible enhancement and sculpting of the buttocks and thighs areas.\",\"breadcrumb\":{\"@id\":\"https:\\\/\\\/skin-heal.com\\\/product\\\/maybreeze-body-filler-50cc\\\/#breadcrumb\"},\"inLanguage\":\"es\",\"potentialAction\":[{\"@type\":\"ReadAction\",\"target\":[\"https:\\\/\\\/skin-heal.com\\\/product\\\/maybreeze-body-filler-50cc\\\/\"]}]},{\"@type\":\"ImageObject\",\"inLanguage\":\"es\",\"@id\":\"https:\\\/\\\/skin-heal.com\\\/product\\\/maybreeze-body-filler-50cc\\\/#primaryimage\",\"url\":\"https:\\\/\\\/skin-heal.com\\\/wp-content\\\/uploads\\\/2026\\\/03\\\/MAYbreeze.jpg\",\"contentUrl\":\"https:\\\/\\\/skin-heal.com\\\/wp-content\\\/uploads\\\/2026\\\/03\\\/MAYbreeze.jpg\",\"width\":600,\"height\":600,\"caption\":\"MAYbreeze\"},{\"@type\":\"BreadcrumbList\",\"@id\":\"https:\\\/\\\/skin-heal.com\\\/product\\\/maybreeze-body-filler-50cc\\\/#breadcrumb\",\"itemListElement\":[{\"@type\":\"ListItem\",\"position\":1,\"name\":\"Home\",\"item\":\"https:\\\/\\\/skin-heal.com\\\/\"},{\"@type\":\"ListItem\",\"position\":2,\"name\":\"Store\",\"item\":\"https:\\\/\\\/skin-heal.com\\\/store\\\/\"},{\"@type\":\"ListItem\",\"position\":3,\"name\":\"MAYbreeze Body Filler (50cc)\"}]},{\"@type\":\"WebSite\",\"@id\":\"https:\\\/\\\/skin-heal.com\\\/#website\",\"url\":\"https:\\\/\\\/skin-heal.com\\\/\",\"name\":\"Skin Heal\",\"description\":\"Lowest Prices for Dermal Fillers\",\"potentialAction\":[{\"@type\":\"SearchAction\",\"target\":{\"@type\":\"EntryPoint\",\"urlTemplate\":\"https:\\\/\\\/skin-heal.com\\\/?s={search_term_string}\"},\"query-input\":{\"@type\":\"PropertyValueSpecification\",\"valueRequired\":true,\"valueName\":\"search_term_string\"}}],\"inLanguage\":\"es\"}]}<\/script>\n<!-- \/ Yoast SEO plugin. -->","yoast_head_json":{"title":"MAYbreeze Body Filler (50cc) - Skin Heal","description":"MAYbreeze Body Filler is a new alternative to the Gana HA Body, which allows precise and visible enhancement and sculpting of the buttocks and thighs areas.","robots":{"index":"index","follow":"follow","max-snippet":"max-snippet:-1","max-image-preview":"max-image-preview:large","max-video-preview":"max-video-preview:-1"},"canonical":"https:\/\/skin-heal.com\/es\/producto\/maybreeze-body-filler-50cc\/","og_locale":"es_MX","og_type":"article","og_title":"MAYbreeze Body Filler (50cc) - Skin Heal","og_description":"MAYbreeze Body Filler is a new alternative to the Gana HA Body, which allows precise and visible enhancement and sculpting of the buttocks and thighs areas.","og_url":"https:\/\/skin-heal.com\/es\/producto\/maybreeze-body-filler-50cc\/","og_site_name":"Skin Heal","article_modified_time":"2026-03-11T09:58:22+00:00","og_image":[{"width":600,"height":600,"url":"https:\/\/cdn.skin-heal.com\/wp-content\/uploads\/2026\/03\/MAYbreeze.jpg","type":"image\/jpeg"}],"twitter_card":"summary_large_image","twitter_misc":{"Tiempo de lectura":"2 minutos"},"schema":{"@context":"https:\/\/schema.org","@graph":[{"@type":"WebPage","@id":"https:\/\/skin-heal.com\/product\/maybreeze-body-filler-50cc\/","url":"https:\/\/skin-heal.com\/product\/maybreeze-body-filler-50cc\/","name":"MAYbreeze Body Filler (50cc) - Skin Heal","isPartOf":{"@id":"https:\/\/skin-heal.com\/#website"},"primaryImageOfPage":{"@id":"https:\/\/skin-heal.com\/product\/maybreeze-body-filler-50cc\/#primaryimage"},"image":{"@id":"https:\/\/skin-heal.com\/product\/maybreeze-body-filler-50cc\/#primaryimage"},"thumbnailUrl":"https:\/\/cdn.skin-heal.com\/wp-content\/uploads\/2026\/03\/MAYbreeze.jpg","datePublished":"2026-03-11T09:16:37+00:00","dateModified":"2026-03-11T09:58:22+00:00","description":"MAYbreeze Body Filler is a new alternative to the Gana HA Body, which allows precise and visible enhancement and sculpting of the buttocks and thighs areas.","breadcrumb":{"@id":"https:\/\/skin-heal.com\/product\/maybreeze-body-filler-50cc\/#breadcrumb"},"inLanguage":"es","potentialAction":[{"@type":"ReadAction","target":["https:\/\/skin-heal.com\/product\/maybreeze-body-filler-50cc\/"]}]},{"@type":"ImageObject","inLanguage":"es","@id":"https:\/\/skin-heal.com\/product\/maybreeze-body-filler-50cc\/#primaryimage","url":"https:\/\/cdn.skin-heal.com\/wp-content\/uploads\/2026\/03\/MAYbreeze.jpg","contentUrl":"https:\/\/cdn.skin-heal.com\/wp-content\/uploads\/2026\/03\/MAYbreeze.jpg","width":600,"height":600,"caption":"MAYbreeze"},{"@type":"BreadcrumbList","@id":"https:\/\/skin-heal.com\/product\/maybreeze-body-filler-50cc\/#breadcrumb","itemListElement":[{"@type":"ListItem","position":1,"name":"Home","item":"https:\/\/skin-heal.com\/"},{"@type":"ListItem","position":2,"name":"Store","item":"https:\/\/skin-heal.com\/store\/"},{"@type":"ListItem","position":3,"name":"MAYbreeze Body Filler (50cc)"}]},{"@type":"WebSite","@id":"https:\/\/skin-heal.com\/#website","url":"https:\/\/skin-heal.com\/","name":"Curaci\u00f3n de la piel","description":"Los precios m\u00e1s bajos para los rellenos d\u00e9rmicos","potentialAction":[{"@type":"SearchAction","target":{"@type":"EntryPoint","urlTemplate":"https:\/\/skin-heal.com\/?s={search_term_string}"},"query-input":{"@type":"PropertyValueSpecification","valueRequired":true,"valueName":"search_term_string"}}],"inLanguage":"es"}]}},"_links":{"self":[{"href":"https:\/\/skin-heal.com\/es\/wp-json\/wp\/v2\/product\/37178","targetHints":{"allow":["GET"]}}],"collection":[{"href":"https:\/\/skin-heal.com\/es\/wp-json\/wp\/v2\/product"}],"about":[{"href":"https:\/\/skin-heal.com\/es\/wp-json\/wp\/v2\/types\/product"}],"wp:featuredmedia":[{"embeddable":true,"href":"https:\/\/skin-heal.com\/es\/wp-json\/wp\/v2\/media\/37179"}],"wp:attachment":[{"href":"https:\/\/skin-heal.com\/es\/wp-json\/wp\/v2\/media?parent=37178"}],"wp:term":[{"taxonomy":"product_brand","embeddable":true,"href":"https:\/\/skin-heal.com\/es\/wp-json\/wp\/v2\/product_brand?post=37178"},{"taxonomy":"product_cat","embeddable":true,"href":"https:\/\/skin-heal.com\/es\/wp-json\/wp\/v2\/product_cat?post=37178"},{"taxonomy":"product_tag","embeddable":true,"href":"https:\/\/skin-heal.com\/es\/wp-json\/wp\/v2\/product_tag?post=37178"}],"curies":[{"name":"wp","href":"https:\/\/api.w.org\/{rel}","templated":true}]}}