{"id":4032,"date":"2019-06-21T16:05:51","date_gmt":"2019-06-21T16:05:51","guid":{"rendered":"https:\/\/skin-heal.com\/?post_type=product&#038;p=4032"},"modified":"2023-04-12T18:21:32","modified_gmt":"2023-04-12T15:21:32","slug":"gana-ha-type-b-1-x-1-2ml","status":"publish","type":"product","link":"https:\/\/skin-heal.com\/es\/producto\/gana-ha-type-b-1-x-1-2ml\/","title":{"rendered":"GANA HA Tipo B (1 x 1,2ml)"},"content":{"rendered":"<h3>Principales usos de GANA HA Tipo B<\/h3>\n<p>La aplicaci\u00f3n recomendada de GANA HA Tipo B es para el <u>tratamiento no quir\u00fargico de l\u00edneas y arrugas medias<\/u>. Se inyecta directamente en la dermis profunda de la zona problem\u00e1tica para:<\/p>\n<ul>\n<li>Reducir r\u00e1pidamente los pliegues nasolabiales<\/li>\n<li>Eliminar eficazmente las l\u00edneas de la glabela<\/li>\n<li>Aumentar los labios sin dolor<\/li>\n<li>Restablece gradualmente el equilibrio h\u00eddrico de la piel<\/li>\n<\/ul>\n<p>El producto se vende en una jeringa precargada de un solo uso de 1,2 ml y el avanzado gel de implante que contiene est\u00e1 hecho de \u00e1cido hialur\u00f3nico no animal, un pol\u00edmero de nueva generaci\u00f3n que se disuelve lenta y completamente en el tejido blando. Se obtiene a trav\u00e9s de un proceso de biofermantaci\u00f3n, pero no desencadena efectos secundarios perjudiciales\u0441 porque se produce libremente en el cuerpo humano. Gracias a ello, GANA HA Tipo B se dispersa perfectamente bajo la piel para proporcionar <u>resultados antiarrugas impresionantemente uniformes.<\/u><\/p>\n<h3>Beneficios<\/h3>\n<p><em>De 12 a 18 meses<\/em> - as\u00ed es como <strong>de larga duraci\u00f3n<\/strong> los efectos de rejuvenecimiento cosm\u00e9tico de este revolucionario relleno cut\u00e1neo. Dado que casi todas las inyecciones de relleno de HA de calidad profesional duran s\u00f3lo 6 meses, \u00e9sta es una ventaja que casi suena demasiado buena para ser verdad. Pero no lo es porque GANA HA Tipo B tiene una de las <em>los m\u00e1s altos \u00edndices de reticulaci\u00f3n<\/em> en esta categor\u00eda de productos (10% frente a una media de 4-6%). Por ello, puede proporcionar f\u00e1cilmente a los pacientes unos efectos de mejora de los labios y de eliminaci\u00f3n de las arrugas extremadamente duraderos.<\/p>","protected":false},"excerpt":{"rendered":"<p>\u00bfEst\u00e1s preparado para un <em>Relleno d\u00e9rmico mejorado a base de HA<\/em>? <strong>GANA HA Tipo B de GANA R&amp;D<\/strong> es precisamente eso y lleva al l\u00edmite las incre\u00edbles propiedades hidratantes y rejuvenecedoras del \u00c1cido Hialur\u00f3nico puro. En comparaci\u00f3n con otros productos antienvejecimiento, \u00e9ste tiene una f\u00f3rmula m\u00e1s robusta y puede suavizar la apariencia de las arrugas medias en un instante. Disponible en la tienda online de Skin Heal, este producto de vanguardia para el rejuvenecimiento de la piel tambi\u00e9n tiene una duraci\u00f3n extraordinaria.<\/p>","protected":false},"featured_media":4050,"template":"","meta":[],"product_brand":[],"product_cat":[79,104,105,144],"product_tag":[147],"class_list":{"0":"post-4032","1":"product","2":"type-product","3":"status-publish","4":"has-post-thumbnail","6":"product_cat-dermal-fillers","7":"product_cat-gana","8":"product_cat-gana-rd","9":"product_cat-holiday-mega-sale","10":"product_tag-15off","11":"clearfix","13":"first","14":"outofstock","15":"sale","16":"taxable","17":"shipping-taxable","18":"purchasable","19":"product-type-simple"},"yoast_head":"<!-- This site is optimized with the Yoast SEO plugin v27.4 - https:\/\/yoast.com\/product\/yoast-seo-wordpress\/ -->\n<title>GANA HA Type B (1 x 1.2ml) - Skin Heal<\/title>\n<meta name=\"description\" content=\"Rely on Skin Heal to get cutting-edge HA filler GANA HA Type B. Use GANA HA Type B for long-lasting correction of medium wrinkles and lip enhancement.\" \/>\n<meta name=\"robots\" content=\"index, follow, max-snippet:-1, max-image-preview:large, max-video-preview:-1\" \/>\n<link rel=\"canonical\" href=\"https:\/\/skin-heal.com\/es\/producto\/gana-ha-type-b-1-x-1-2ml\/\" \/>\n<meta property=\"og:locale\" content=\"es_MX\" \/>\n<meta property=\"og:type\" content=\"article\" \/>\n<meta property=\"og:title\" content=\"GANA HA Type B (1 x 1.2ml) - Skin Heal\" \/>\n<meta property=\"og:description\" content=\"Rely on Skin Heal to get cutting-edge HA filler GANA HA Type B. Use GANA HA Type B for long-lasting correction of medium wrinkles and lip enhancement.\" \/>\n<meta property=\"og:url\" content=\"https:\/\/skin-heal.com\/es\/producto\/gana-ha-type-b-1-x-1-2ml\/\" \/>\n<meta property=\"og:site_name\" content=\"Skin Heal\" \/>\n<meta property=\"article:modified_time\" content=\"2023-04-12T15:21:32+00:00\" \/>\n<meta property=\"og:image\" content=\"https:\/\/cdn.skin-heal.com\/wp-content\/uploads\/2019\/06\/Gana-Type-B.jpg\" \/>\n\t<meta property=\"og:image:width\" content=\"600\" \/>\n\t<meta property=\"og:image:height\" content=\"600\" \/>\n\t<meta property=\"og:image:type\" content=\"image\/jpeg\" \/>\n<meta name=\"twitter:card\" content=\"summary_large_image\" \/>\n<meta name=\"twitter:label1\" content=\"Tiempo de lectura\" \/>\n\t<meta name=\"twitter:data1\" content=\"1 minuto\" \/>\n<script type=\"application\/ld+json\" class=\"yoast-schema-graph\">{\"@context\":\"https:\\\/\\\/schema.org\",\"@graph\":[{\"@type\":\"WebPage\",\"@id\":\"https:\\\/\\\/skin-heal.com\\\/product\\\/gana-ha-type-b-1-x-1-2ml\\\/\",\"url\":\"https:\\\/\\\/skin-heal.com\\\/product\\\/gana-ha-type-b-1-x-1-2ml\\\/\",\"name\":\"GANA HA Type B (1 x 1.2ml) - Skin Heal\",\"isPartOf\":{\"@id\":\"https:\\\/\\\/skin-heal.com\\\/#website\"},\"primaryImageOfPage\":{\"@id\":\"https:\\\/\\\/skin-heal.com\\\/product\\\/gana-ha-type-b-1-x-1-2ml\\\/#primaryimage\"},\"image\":{\"@id\":\"https:\\\/\\\/skin-heal.com\\\/product\\\/gana-ha-type-b-1-x-1-2ml\\\/#primaryimage\"},\"thumbnailUrl\":\"https:\\\/\\\/skin-heal.com\\\/wp-content\\\/uploads\\\/2019\\\/06\\\/Gana-Type-B.jpg\",\"datePublished\":\"2019-06-21T16:05:51+00:00\",\"dateModified\":\"2023-04-12T15:21:32+00:00\",\"description\":\"Rely on Skin Heal to get cutting-edge HA filler GANA HA Type B. Use GANA HA Type B for long-lasting correction of medium wrinkles and lip enhancement.\",\"breadcrumb\":{\"@id\":\"https:\\\/\\\/skin-heal.com\\\/product\\\/gana-ha-type-b-1-x-1-2ml\\\/#breadcrumb\"},\"inLanguage\":\"es\",\"potentialAction\":[{\"@type\":\"ReadAction\",\"target\":[\"https:\\\/\\\/skin-heal.com\\\/product\\\/gana-ha-type-b-1-x-1-2ml\\\/\"]}]},{\"@type\":\"ImageObject\",\"inLanguage\":\"es\",\"@id\":\"https:\\\/\\\/skin-heal.com\\\/product\\\/gana-ha-type-b-1-x-1-2ml\\\/#primaryimage\",\"url\":\"https:\\\/\\\/skin-heal.com\\\/wp-content\\\/uploads\\\/2019\\\/06\\\/Gana-Type-B.jpg\",\"contentUrl\":\"https:\\\/\\\/skin-heal.com\\\/wp-content\\\/uploads\\\/2019\\\/06\\\/Gana-Type-B.jpg\",\"width\":600,\"height\":600,\"caption\":\"Gana Type B\"},{\"@type\":\"BreadcrumbList\",\"@id\":\"https:\\\/\\\/skin-heal.com\\\/product\\\/gana-ha-type-b-1-x-1-2ml\\\/#breadcrumb\",\"itemListElement\":[{\"@type\":\"ListItem\",\"position\":1,\"name\":\"Home\",\"item\":\"https:\\\/\\\/skin-heal.com\\\/\"},{\"@type\":\"ListItem\",\"position\":2,\"name\":\"Store\",\"item\":\"https:\\\/\\\/skin-heal.com\\\/store\\\/\"},{\"@type\":\"ListItem\",\"position\":3,\"name\":\"GANA HA Type B (1 x 1.2ml)\"}]},{\"@type\":\"WebSite\",\"@id\":\"https:\\\/\\\/skin-heal.com\\\/#website\",\"url\":\"https:\\\/\\\/skin-heal.com\\\/\",\"name\":\"Skin Heal\",\"description\":\"Lowest Prices for Dermal Fillers\",\"potentialAction\":[{\"@type\":\"SearchAction\",\"target\":{\"@type\":\"EntryPoint\",\"urlTemplate\":\"https:\\\/\\\/skin-heal.com\\\/?s={search_term_string}\"},\"query-input\":{\"@type\":\"PropertyValueSpecification\",\"valueRequired\":true,\"valueName\":\"search_term_string\"}}],\"inLanguage\":\"es\"}]}<\/script>\n<!-- \/ Yoast SEO plugin. -->","yoast_head_json":{"title":"GANA HA Tipo B (1 x 1,2ml) - Skin Heal","description":"Conf\u00ede en Skin Heal para obtener el relleno de HA de \u00faltima generaci\u00f3n GANA HA Tipo B. Utilice GANA HA Tipo B para una correcci\u00f3n duradera de las arrugas medias y el realce de los labios.","robots":{"index":"index","follow":"follow","max-snippet":"max-snippet:-1","max-image-preview":"max-image-preview:large","max-video-preview":"max-video-preview:-1"},"canonical":"https:\/\/skin-heal.com\/es\/producto\/gana-ha-type-b-1-x-1-2ml\/","og_locale":"es_MX","og_type":"article","og_title":"GANA HA Type B (1 x 1.2ml) - Skin Heal","og_description":"Rely on Skin Heal to get cutting-edge HA filler GANA HA Type B. Use GANA HA Type B for long-lasting correction of medium wrinkles and lip enhancement.","og_url":"https:\/\/skin-heal.com\/es\/producto\/gana-ha-type-b-1-x-1-2ml\/","og_site_name":"Skin Heal","article_modified_time":"2023-04-12T15:21:32+00:00","og_image":[{"width":600,"height":600,"url":"https:\/\/cdn.skin-heal.com\/wp-content\/uploads\/2019\/06\/Gana-Type-B.jpg","type":"image\/jpeg"}],"twitter_card":"summary_large_image","twitter_misc":{"Tiempo de lectura":"1 minuto"},"schema":{"@context":"https:\/\/schema.org","@graph":[{"@type":"WebPage","@id":"https:\/\/skin-heal.com\/product\/gana-ha-type-b-1-x-1-2ml\/","url":"https:\/\/skin-heal.com\/product\/gana-ha-type-b-1-x-1-2ml\/","name":"GANA HA Tipo B (1 x 1,2ml) - Skin Heal","isPartOf":{"@id":"https:\/\/skin-heal.com\/#website"},"primaryImageOfPage":{"@id":"https:\/\/skin-heal.com\/product\/gana-ha-type-b-1-x-1-2ml\/#primaryimage"},"image":{"@id":"https:\/\/skin-heal.com\/product\/gana-ha-type-b-1-x-1-2ml\/#primaryimage"},"thumbnailUrl":"https:\/\/cdn.skin-heal.com\/wp-content\/uploads\/2019\/06\/Gana-Type-B.jpg","datePublished":"2019-06-21T16:05:51+00:00","dateModified":"2023-04-12T15:21:32+00:00","description":"Conf\u00ede en Skin Heal para obtener el relleno de HA de \u00faltima generaci\u00f3n GANA HA Tipo B. Utilice GANA HA Tipo B para una correcci\u00f3n duradera de las arrugas medias y el realce de los labios.","breadcrumb":{"@id":"https:\/\/skin-heal.com\/product\/gana-ha-type-b-1-x-1-2ml\/#breadcrumb"},"inLanguage":"es","potentialAction":[{"@type":"ReadAction","target":["https:\/\/skin-heal.com\/product\/gana-ha-type-b-1-x-1-2ml\/"]}]},{"@type":"ImageObject","inLanguage":"es","@id":"https:\/\/skin-heal.com\/product\/gana-ha-type-b-1-x-1-2ml\/#primaryimage","url":"https:\/\/cdn.skin-heal.com\/wp-content\/uploads\/2019\/06\/Gana-Type-B.jpg","contentUrl":"https:\/\/cdn.skin-heal.com\/wp-content\/uploads\/2019\/06\/Gana-Type-B.jpg","width":600,"height":600,"caption":"Gana Type B"},{"@type":"BreadcrumbList","@id":"https:\/\/skin-heal.com\/product\/gana-ha-type-b-1-x-1-2ml\/#breadcrumb","itemListElement":[{"@type":"ListItem","position":1,"name":"Home","item":"https:\/\/skin-heal.com\/"},{"@type":"ListItem","position":2,"name":"Store","item":"https:\/\/skin-heal.com\/store\/"},{"@type":"ListItem","position":3,"name":"GANA HA Type B (1 x 1.2ml)"}]},{"@type":"WebSite","@id":"https:\/\/skin-heal.com\/#website","url":"https:\/\/skin-heal.com\/","name":"Curaci\u00f3n de la piel","description":"Los precios m\u00e1s bajos para los rellenos d\u00e9rmicos","potentialAction":[{"@type":"SearchAction","target":{"@type":"EntryPoint","urlTemplate":"https:\/\/skin-heal.com\/?s={search_term_string}"},"query-input":{"@type":"PropertyValueSpecification","valueRequired":true,"valueName":"search_term_string"}}],"inLanguage":"es"}]}},"_links":{"self":[{"href":"https:\/\/skin-heal.com\/es\/wp-json\/wp\/v2\/product\/4032","targetHints":{"allow":["GET"]}}],"collection":[{"href":"https:\/\/skin-heal.com\/es\/wp-json\/wp\/v2\/product"}],"about":[{"href":"https:\/\/skin-heal.com\/es\/wp-json\/wp\/v2\/types\/product"}],"wp:featuredmedia":[{"embeddable":true,"href":"https:\/\/skin-heal.com\/es\/wp-json\/wp\/v2\/media\/4050"}],"wp:attachment":[{"href":"https:\/\/skin-heal.com\/es\/wp-json\/wp\/v2\/media?parent=4032"}],"wp:term":[{"taxonomy":"product_brand","embeddable":true,"href":"https:\/\/skin-heal.com\/es\/wp-json\/wp\/v2\/product_brand?post=4032"},{"taxonomy":"product_cat","embeddable":true,"href":"https:\/\/skin-heal.com\/es\/wp-json\/wp\/v2\/product_cat?post=4032"},{"taxonomy":"product_tag","embeddable":true,"href":"https:\/\/skin-heal.com\/es\/wp-json\/wp\/v2\/product_tag?post=4032"}],"curies":[{"name":"wp","href":"https:\/\/api.w.org\/{rel}","templated":true}]}}