{"id":4033,"date":"2019-06-21T16:05:55","date_gmt":"2019-06-21T16:05:55","guid":{"rendered":"https:\/\/skin-heal.com\/?post_type=product&#038;p=4033"},"modified":"2023-04-12T18:21:32","modified_gmt":"2023-04-12T15:21:32","slug":"gana-ha-type-a-1-x-1-2ml","status":"publish","type":"product","link":"https:\/\/skin-heal.com\/es\/producto\/gana-ha-type-a-1-x-1-2ml\/","title":{"rendered":"GANA HA Tipo A (1 x 1,2ml)"},"content":{"rendered":"<p>A pesar de la alta concentraci\u00f3n de \u00e1cido hialur\u00f3nico, el GANA HA Tipo A es realmente muy f\u00e1cil de manipular. El proceso especial de fabricaci\u00f3n permite crear un relleno de peque\u00f1o tama\u00f1o de part\u00edcula que al mismo tiempo es lo suficientemente grueso y estable como para ser utilizado para el esculpido facial. El relleno puede inyectarse eficazmente para obtener resultados de aspecto natural en el:<\/p>\n<ul>\n<li>Mejillas<\/li>\n<li>Zona de los p\u00f3mulos<\/li>\n<li>Nariz<\/li>\n<li>Chin<\/li>\n<li>L\u00ednea de la mand\u00edbula<\/li>\n<\/ul>\n<p>Debido a la innovadora tecnolog\u00eda utilizada en la fabricaci\u00f3n del relleno Ha y a la estructura tan estable que tiene, el gel permanecer\u00e1 asentado y a\u00f1adir\u00e1 volumen\/aumentar\u00e1 la forma del rostro durante un periodo de 12 a 18 meses. Esto es en gran parte el resultado directo de la alta relaci\u00f3n de reticulaci\u00f3n del gel, con estructura estable hick hace que el \u00e1cido hialur\u00f3nico mucho m\u00e1s resistente a las enzimas y el metabolismo.<\/p>\n<p>El relleno est\u00e1 listo para ser inyectado. Una caja de GANA HA Tipo A viene con una \u00fanica jeringa precargada con 1,2 ml de gel HA y un par de agujas de inyecci\u00f3n. No se necesitan herramientas adicionales para la inyecci\u00f3n del relleno.<\/p>","protected":false},"excerpt":{"rendered":"<p>GANA HA Tipo A es un innovador relleno d\u00e9rmico, especialmente destinado al aumento de los rasgos faciales, correcciones moderadas de la forma de la nariz, aumento del ment\u00f3n o mejora del volumen natural de las mejillas. Un relleno grueso, que se inyecta profundamente en las capas subcut\u00e1neas, GANA HA Tipo A es un gel cosm\u00e9tico con alta concentraci\u00f3n de \u00c1cido Hialur\u00f3nico - 24mg\/ml. Se trata de un relleno monof\u00e1sico que utiliza HA reticulado, lo que le permite proporcionar resultados de correcci\u00f3n duraderos.<\/p>","protected":false},"featured_media":4049,"template":"","meta":[],"product_brand":[],"product_cat":[79,104,105,144],"product_tag":[147],"class_list":{"0":"post-4033","1":"product","2":"type-product","3":"status-publish","4":"has-post-thumbnail","6":"product_cat-dermal-fillers","7":"product_cat-gana","8":"product_cat-gana-rd","9":"product_cat-holiday-mega-sale","10":"product_tag-15off","11":"clearfix","13":"first","14":"outofstock","15":"sale","16":"taxable","17":"shipping-taxable","18":"purchasable","19":"product-type-simple"},"yoast_head":"<!-- This site is optimized with the Yoast SEO plugin v27.3 - https:\/\/yoast.com\/product\/yoast-seo-wordpress\/ -->\n<title>GANA HA Type A (1 x 1.2ml) - Skin Heal<\/title>\n<meta name=\"description\" content=\"GANA HA Type A is the innovative facial sculpting filler which can augment facial features and improve the natural volume for an extended period of time.\" \/>\n<meta name=\"robots\" content=\"index, follow, max-snippet:-1, max-image-preview:large, max-video-preview:-1\" \/>\n<link rel=\"canonical\" href=\"https:\/\/skin-heal.com\/es\/producto\/gana-ha-type-a-1-x-1-2ml\/\" \/>\n<meta property=\"og:locale\" content=\"es_MX\" \/>\n<meta property=\"og:type\" content=\"article\" \/>\n<meta property=\"og:title\" content=\"GANA HA Type A (1 x 1.2ml) - Skin Heal\" \/>\n<meta property=\"og:description\" content=\"GANA HA Type A is the innovative facial sculpting filler which can augment facial features and improve the natural volume for an extended period of time.\" \/>\n<meta property=\"og:url\" content=\"https:\/\/skin-heal.com\/es\/producto\/gana-ha-type-a-1-x-1-2ml\/\" \/>\n<meta property=\"og:site_name\" content=\"Skin Heal\" \/>\n<meta property=\"article:modified_time\" content=\"2023-04-12T15:21:32+00:00\" \/>\n<meta property=\"og:image\" content=\"https:\/\/cdn.skin-heal.com\/wp-content\/uploads\/2019\/06\/Gana-Type-A.jpg\" \/>\n\t<meta property=\"og:image:width\" content=\"600\" \/>\n\t<meta property=\"og:image:height\" content=\"600\" \/>\n\t<meta property=\"og:image:type\" content=\"image\/jpeg\" \/>\n<meta name=\"twitter:card\" content=\"summary_large_image\" \/>\n<meta name=\"twitter:label1\" content=\"Tiempo de lectura\" \/>\n\t<meta name=\"twitter:data1\" content=\"1 minuto\" \/>\n<script type=\"application\/ld+json\" class=\"yoast-schema-graph\">{\"@context\":\"https:\\\/\\\/schema.org\",\"@graph\":[{\"@type\":\"WebPage\",\"@id\":\"https:\\\/\\\/skin-heal.com\\\/product\\\/gana-ha-type-a-1-x-1-2ml\\\/\",\"url\":\"https:\\\/\\\/skin-heal.com\\\/product\\\/gana-ha-type-a-1-x-1-2ml\\\/\",\"name\":\"GANA HA Type A (1 x 1.2ml) - Skin Heal\",\"isPartOf\":{\"@id\":\"https:\\\/\\\/skin-heal.com\\\/#website\"},\"primaryImageOfPage\":{\"@id\":\"https:\\\/\\\/skin-heal.com\\\/product\\\/gana-ha-type-a-1-x-1-2ml\\\/#primaryimage\"},\"image\":{\"@id\":\"https:\\\/\\\/skin-heal.com\\\/product\\\/gana-ha-type-a-1-x-1-2ml\\\/#primaryimage\"},\"thumbnailUrl\":\"https:\\\/\\\/skin-heal.com\\\/wp-content\\\/uploads\\\/2019\\\/06\\\/Gana-Type-A.jpg\",\"datePublished\":\"2019-06-21T16:05:55+00:00\",\"dateModified\":\"2023-04-12T15:21:32+00:00\",\"description\":\"GANA HA Type A is the innovative facial sculpting filler which can augment facial features and improve the natural volume for an extended period of time.\",\"breadcrumb\":{\"@id\":\"https:\\\/\\\/skin-heal.com\\\/product\\\/gana-ha-type-a-1-x-1-2ml\\\/#breadcrumb\"},\"inLanguage\":\"es\",\"potentialAction\":[{\"@type\":\"ReadAction\",\"target\":[\"https:\\\/\\\/skin-heal.com\\\/product\\\/gana-ha-type-a-1-x-1-2ml\\\/\"]}]},{\"@type\":\"ImageObject\",\"inLanguage\":\"es\",\"@id\":\"https:\\\/\\\/skin-heal.com\\\/product\\\/gana-ha-type-a-1-x-1-2ml\\\/#primaryimage\",\"url\":\"https:\\\/\\\/skin-heal.com\\\/wp-content\\\/uploads\\\/2019\\\/06\\\/Gana-Type-A.jpg\",\"contentUrl\":\"https:\\\/\\\/skin-heal.com\\\/wp-content\\\/uploads\\\/2019\\\/06\\\/Gana-Type-A.jpg\",\"width\":600,\"height\":600,\"caption\":\"Gana Type A\"},{\"@type\":\"BreadcrumbList\",\"@id\":\"https:\\\/\\\/skin-heal.com\\\/product\\\/gana-ha-type-a-1-x-1-2ml\\\/#breadcrumb\",\"itemListElement\":[{\"@type\":\"ListItem\",\"position\":1,\"name\":\"Home\",\"item\":\"https:\\\/\\\/skin-heal.com\\\/\"},{\"@type\":\"ListItem\",\"position\":2,\"name\":\"Store\",\"item\":\"https:\\\/\\\/skin-heal.com\\\/store\\\/\"},{\"@type\":\"ListItem\",\"position\":3,\"name\":\"GANA HA Type A (1 x 1.2ml)\"}]},{\"@type\":\"WebSite\",\"@id\":\"https:\\\/\\\/skin-heal.com\\\/#website\",\"url\":\"https:\\\/\\\/skin-heal.com\\\/\",\"name\":\"Skin Heal\",\"description\":\"Lowest Prices for Dermal Fillers\",\"potentialAction\":[{\"@type\":\"SearchAction\",\"target\":{\"@type\":\"EntryPoint\",\"urlTemplate\":\"https:\\\/\\\/skin-heal.com\\\/?s={search_term_string}\"},\"query-input\":{\"@type\":\"PropertyValueSpecification\",\"valueRequired\":true,\"valueName\":\"search_term_string\"}}],\"inLanguage\":\"es\"}]}<\/script>\n<!-- \/ Yoast SEO plugin. -->","yoast_head_json":{"title":"GANA HA Tipo A (1 x 1,2ml) - Skin Heal","description":"GANA HA Tipo A es el innovador relleno de esculpido facial que puede aumentar los rasgos faciales y mejorar el volumen natural durante un largo periodo de tiempo.","robots":{"index":"index","follow":"follow","max-snippet":"max-snippet:-1","max-image-preview":"max-image-preview:large","max-video-preview":"max-video-preview:-1"},"canonical":"https:\/\/skin-heal.com\/es\/producto\/gana-ha-type-a-1-x-1-2ml\/","og_locale":"es_MX","og_type":"article","og_title":"GANA HA Type A (1 x 1.2ml) - Skin Heal","og_description":"GANA HA Type A is the innovative facial sculpting filler which can augment facial features and improve the natural volume for an extended period of time.","og_url":"https:\/\/skin-heal.com\/es\/producto\/gana-ha-type-a-1-x-1-2ml\/","og_site_name":"Skin Heal","article_modified_time":"2023-04-12T15:21:32+00:00","og_image":[{"width":600,"height":600,"url":"https:\/\/cdn.skin-heal.com\/wp-content\/uploads\/2019\/06\/Gana-Type-A.jpg","type":"image\/jpeg"}],"twitter_card":"summary_large_image","twitter_misc":{"Tiempo de lectura":"1 minuto"},"schema":{"@context":"https:\/\/schema.org","@graph":[{"@type":"WebPage","@id":"https:\/\/skin-heal.com\/product\/gana-ha-type-a-1-x-1-2ml\/","url":"https:\/\/skin-heal.com\/product\/gana-ha-type-a-1-x-1-2ml\/","name":"GANA HA Tipo A (1 x 1,2ml) - Skin Heal","isPartOf":{"@id":"https:\/\/skin-heal.com\/#website"},"primaryImageOfPage":{"@id":"https:\/\/skin-heal.com\/product\/gana-ha-type-a-1-x-1-2ml\/#primaryimage"},"image":{"@id":"https:\/\/skin-heal.com\/product\/gana-ha-type-a-1-x-1-2ml\/#primaryimage"},"thumbnailUrl":"https:\/\/cdn.skin-heal.com\/wp-content\/uploads\/2019\/06\/Gana-Type-A.jpg","datePublished":"2019-06-21T16:05:55+00:00","dateModified":"2023-04-12T15:21:32+00:00","description":"GANA HA Tipo A es el innovador relleno de esculpido facial que puede aumentar los rasgos faciales y mejorar el volumen natural durante un largo periodo de tiempo.","breadcrumb":{"@id":"https:\/\/skin-heal.com\/product\/gana-ha-type-a-1-x-1-2ml\/#breadcrumb"},"inLanguage":"es","potentialAction":[{"@type":"ReadAction","target":["https:\/\/skin-heal.com\/product\/gana-ha-type-a-1-x-1-2ml\/"]}]},{"@type":"ImageObject","inLanguage":"es","@id":"https:\/\/skin-heal.com\/product\/gana-ha-type-a-1-x-1-2ml\/#primaryimage","url":"https:\/\/cdn.skin-heal.com\/wp-content\/uploads\/2019\/06\/Gana-Type-A.jpg","contentUrl":"https:\/\/cdn.skin-heal.com\/wp-content\/uploads\/2019\/06\/Gana-Type-A.jpg","width":600,"height":600,"caption":"Gana Type A"},{"@type":"BreadcrumbList","@id":"https:\/\/skin-heal.com\/product\/gana-ha-type-a-1-x-1-2ml\/#breadcrumb","itemListElement":[{"@type":"ListItem","position":1,"name":"Home","item":"https:\/\/skin-heal.com\/"},{"@type":"ListItem","position":2,"name":"Store","item":"https:\/\/skin-heal.com\/store\/"},{"@type":"ListItem","position":3,"name":"GANA HA Type A (1 x 1.2ml)"}]},{"@type":"WebSite","@id":"https:\/\/skin-heal.com\/#website","url":"https:\/\/skin-heal.com\/","name":"Curaci\u00f3n de la piel","description":"Los precios m\u00e1s bajos para los rellenos d\u00e9rmicos","potentialAction":[{"@type":"SearchAction","target":{"@type":"EntryPoint","urlTemplate":"https:\/\/skin-heal.com\/?s={search_term_string}"},"query-input":{"@type":"PropertyValueSpecification","valueRequired":true,"valueName":"search_term_string"}}],"inLanguage":"es"}]}},"_links":{"self":[{"href":"https:\/\/skin-heal.com\/es\/wp-json\/wp\/v2\/product\/4033","targetHints":{"allow":["GET"]}}],"collection":[{"href":"https:\/\/skin-heal.com\/es\/wp-json\/wp\/v2\/product"}],"about":[{"href":"https:\/\/skin-heal.com\/es\/wp-json\/wp\/v2\/types\/product"}],"wp:featuredmedia":[{"embeddable":true,"href":"https:\/\/skin-heal.com\/es\/wp-json\/wp\/v2\/media\/4049"}],"wp:attachment":[{"href":"https:\/\/skin-heal.com\/es\/wp-json\/wp\/v2\/media?parent=4033"}],"wp:term":[{"taxonomy":"product_brand","embeddable":true,"href":"https:\/\/skin-heal.com\/es\/wp-json\/wp\/v2\/product_brand?post=4033"},{"taxonomy":"product_cat","embeddable":true,"href":"https:\/\/skin-heal.com\/es\/wp-json\/wp\/v2\/product_cat?post=4033"},{"taxonomy":"product_tag","embeddable":true,"href":"https:\/\/skin-heal.com\/es\/wp-json\/wp\/v2\/product_tag?post=4033"}],"curies":[{"name":"wp","href":"https:\/\/api.w.org\/{rel}","templated":true}]}}