{"id":4034,"date":"2019-06-21T16:05:52","date_gmt":"2019-06-21T16:05:52","guid":{"rendered":"https:\/\/skin-heal.com\/?post_type=product&#038;p=4034"},"modified":"2021-10-28T12:09:18","modified_gmt":"2021-10-28T12:09:18","slug":"gana-ph-plla-ha-filler","status":"publish","type":"product","link":"https:\/\/skin-heal.com\/es\/producto\/gana-ph-plla-ha-filler\/","title":{"rendered":"GANA PH (relleno de PLLA + HA)"},"content":{"rendered":"<h3>Disfrute de un r\u00e1pido aumento facial con GANA PH<\/h3>\n<p>Aproximadamente 98% de la composici\u00f3n de GANA PH de GANA R&amp;D consiste en HA de primera calidad de origen no animal. Gracias a ello, este notable relleno de tejidos blandos puede proporcionar de inmediato a los pacientes un tratamiento de aumento facial uniforme al <em>a\u00f1adir volumen bajo la piel<\/em>. Adem\u00e1s, hay 2% de \u00e1cido polil\u00e1ctico (PLLA) en este producto tan recomendado y que garantiza que los resultados conseguidos seguir\u00e1n siendo perceptibles durante un m\u00ednimo de 2 a\u00f1os. Se recomienda a los cirujanos pl\u00e1sticos formados que se atengan a las siguientes dosis de producto:<\/p>\n<ul>\n<li>2-6 ml para el realce equilibrado de las mejillas<\/li>\n<li>1-2 ml para la remodelaci\u00f3n visible de la nariz<\/li>\n<li>1-3 ml para el aumento r\u00e1pido del ment\u00f3n<\/li>\n<\/ul>\n<p>Aproximadamente entre 4 y 6 semanas despu\u00e9s del tratamiento, los pacientes empezar\u00e1n a notar que su piel tiene mayor elasticidad y un brillo saludable. \u00bfPor qu\u00e9? Porque el PLLA tambi\u00e9n <u>potencia la producci\u00f3n de col\u00e1geno<\/u>.<\/p>\n<h3>Otros usos<\/h3>\n<p>Adem\u00e1s de ofrecer un servicio sin riesgos y <u>aumento facial de aspecto natural<\/u>GANA PH proporciona resultados inmejorables en la correcci\u00f3n m\u00ednimamente invasiva de l\u00edneas y arrugas como los pliegues nasolabiales. Dado que su f\u00f3rmula est\u00e1 libre de carboximetilcelulosa, se <em>no provocar\u00e1 hinchaz\u00f3n<\/em> alrededor de los puntos de inyecci\u00f3n. Cada paquete de este producto tambi\u00e9n cuenta con 3 mg\/cc de lidoca\u00edna para garantizar una experiencia de tratamiento indolora y positiva para los pacientes. As\u00ed que no dude en pedir esta obra maestra en la tienda online de Skin Heal.<\/p>","protected":false},"excerpt":{"rendered":"<p><strong>GANA PH<\/strong> es un eficaz relleno d\u00e9rmico que act\u00faa tanto como inyecci\u00f3n de relleno temporal como semipermanente porque contiene <em>\u00c1cido hialur\u00f3nico para una reducci\u00f3n instant\u00e1nea de las arrugas<\/em> y <u>PLLA para una vida media prolongada<\/u>. Este \u00faltimo ingrediente tambi\u00e9n es capaz de aumentar la producci\u00f3n de col\u00e1geno en la piel, lo que permite que este innovador producto de rejuvenecimiento de la piel luche contra los signos del envejecimiento en m\u00e1s de un sentido. P\u00eddalo a un precio bajo a trav\u00e9s de Skin Heal.<\/p>","protected":false},"featured_media":4052,"template":"","meta":[],"product_brand":[],"product_cat":[79,104,105],"product_tag":[],"class_list":{"0":"post-4034","1":"product","2":"type-product","3":"status-publish","4":"has-post-thumbnail","6":"product_cat-dermal-fillers","7":"product_cat-gana","8":"product_cat-gana-rd","9":"clearfix","11":"first","12":"outofstock","13":"taxable","14":"shipping-taxable","15":"purchasable","16":"product-type-simple"},"yoast_head":"<!-- This site is optimized with the Yoast SEO plugin v27.4 - https:\/\/yoast.com\/product\/yoast-seo-wordpress\/ -->\n<title>GANA PH (PLLA + HA filler) - Skin Heal<\/title>\n<meta name=\"description\" content=\"With its HA and PLLA formula, GANA PH offers durable line removal and facial augmentation. Buy reliable HA filler GANA PH via Skin Heal today.\" \/>\n<meta name=\"robots\" content=\"index, follow, max-snippet:-1, max-image-preview:large, max-video-preview:-1\" \/>\n<link rel=\"canonical\" href=\"https:\/\/skin-heal.com\/es\/producto\/gana-ph-plla-ha-filler\/\" \/>\n<meta property=\"og:locale\" content=\"es_MX\" \/>\n<meta property=\"og:type\" content=\"article\" \/>\n<meta property=\"og:title\" content=\"GANA PH (PLLA + HA filler) - Skin Heal\" \/>\n<meta property=\"og:description\" content=\"With its HA and PLLA formula, GANA PH offers durable line removal and facial augmentation. Buy reliable HA filler GANA PH via Skin Heal today.\" \/>\n<meta property=\"og:url\" content=\"https:\/\/skin-heal.com\/es\/producto\/gana-ph-plla-ha-filler\/\" \/>\n<meta property=\"og:site_name\" content=\"Skin Heal\" \/>\n<meta property=\"article:modified_time\" content=\"2021-10-28T12:09:18+00:00\" \/>\n<meta property=\"og:image\" content=\"https:\/\/cdn.skin-heal.com\/wp-content\/uploads\/2019\/06\/GANA-PH.jpg\" \/>\n\t<meta property=\"og:image:width\" content=\"600\" \/>\n\t<meta property=\"og:image:height\" content=\"600\" \/>\n\t<meta property=\"og:image:type\" content=\"image\/jpeg\" \/>\n<meta name=\"twitter:card\" content=\"summary_large_image\" \/>\n<meta name=\"twitter:label1\" content=\"Tiempo de lectura\" \/>\n\t<meta name=\"twitter:data1\" content=\"1 minuto\" \/>\n<script type=\"application\/ld+json\" class=\"yoast-schema-graph\">{\"@context\":\"https:\\\/\\\/schema.org\",\"@graph\":[{\"@type\":\"WebPage\",\"@id\":\"https:\\\/\\\/skin-heal.com\\\/product\\\/gana-ph-plla-ha-filler\\\/\",\"url\":\"https:\\\/\\\/skin-heal.com\\\/product\\\/gana-ph-plla-ha-filler\\\/\",\"name\":\"GANA PH (PLLA + HA filler) - Skin Heal\",\"isPartOf\":{\"@id\":\"https:\\\/\\\/skin-heal.com\\\/#website\"},\"primaryImageOfPage\":{\"@id\":\"https:\\\/\\\/skin-heal.com\\\/product\\\/gana-ph-plla-ha-filler\\\/#primaryimage\"},\"image\":{\"@id\":\"https:\\\/\\\/skin-heal.com\\\/product\\\/gana-ph-plla-ha-filler\\\/#primaryimage\"},\"thumbnailUrl\":\"https:\\\/\\\/skin-heal.com\\\/wp-content\\\/uploads\\\/2019\\\/06\\\/GANA-PH.jpg\",\"datePublished\":\"2019-06-21T16:05:52+00:00\",\"dateModified\":\"2021-10-28T12:09:18+00:00\",\"description\":\"With its HA and PLLA formula, GANA PH offers durable line removal and facial augmentation. Buy reliable HA filler GANA PH via Skin Heal today.\",\"breadcrumb\":{\"@id\":\"https:\\\/\\\/skin-heal.com\\\/product\\\/gana-ph-plla-ha-filler\\\/#breadcrumb\"},\"inLanguage\":\"es\",\"potentialAction\":[{\"@type\":\"ReadAction\",\"target\":[\"https:\\\/\\\/skin-heal.com\\\/product\\\/gana-ph-plla-ha-filler\\\/\"]}]},{\"@type\":\"ImageObject\",\"inLanguage\":\"es\",\"@id\":\"https:\\\/\\\/skin-heal.com\\\/product\\\/gana-ph-plla-ha-filler\\\/#primaryimage\",\"url\":\"https:\\\/\\\/skin-heal.com\\\/wp-content\\\/uploads\\\/2019\\\/06\\\/GANA-PH.jpg\",\"contentUrl\":\"https:\\\/\\\/skin-heal.com\\\/wp-content\\\/uploads\\\/2019\\\/06\\\/GANA-PH.jpg\",\"width\":600,\"height\":600,\"caption\":\"GANA PH\"},{\"@type\":\"BreadcrumbList\",\"@id\":\"https:\\\/\\\/skin-heal.com\\\/product\\\/gana-ph-plla-ha-filler\\\/#breadcrumb\",\"itemListElement\":[{\"@type\":\"ListItem\",\"position\":1,\"name\":\"Home\",\"item\":\"https:\\\/\\\/skin-heal.com\\\/\"},{\"@type\":\"ListItem\",\"position\":2,\"name\":\"Store\",\"item\":\"https:\\\/\\\/skin-heal.com\\\/store\\\/\"},{\"@type\":\"ListItem\",\"position\":3,\"name\":\"GANA PH (PLLA + HA filler)\"}]},{\"@type\":\"WebSite\",\"@id\":\"https:\\\/\\\/skin-heal.com\\\/#website\",\"url\":\"https:\\\/\\\/skin-heal.com\\\/\",\"name\":\"Skin Heal\",\"description\":\"Lowest Prices for Dermal Fillers\",\"potentialAction\":[{\"@type\":\"SearchAction\",\"target\":{\"@type\":\"EntryPoint\",\"urlTemplate\":\"https:\\\/\\\/skin-heal.com\\\/?s={search_term_string}\"},\"query-input\":{\"@type\":\"PropertyValueSpecification\",\"valueRequired\":true,\"valueName\":\"search_term_string\"}}],\"inLanguage\":\"es\"}]}<\/script>\n<!-- \/ Yoast SEO plugin. -->","yoast_head_json":{"title":"GANA PH (relleno de PLLA + HA) - Skin Heal","description":"Con su f\u00f3rmula de HA y PLLA, GANA PH ofrece una eliminaci\u00f3n duradera de l\u00edneas y un aumento facial. Compre el fiable relleno de HA GANA PH a trav\u00e9s de Skin Heal hoy mismo.","robots":{"index":"index","follow":"follow","max-snippet":"max-snippet:-1","max-image-preview":"max-image-preview:large","max-video-preview":"max-video-preview:-1"},"canonical":"https:\/\/skin-heal.com\/es\/producto\/gana-ph-plla-ha-filler\/","og_locale":"es_MX","og_type":"article","og_title":"GANA PH (PLLA + HA filler) - Skin Heal","og_description":"With its HA and PLLA formula, GANA PH offers durable line removal and facial augmentation. Buy reliable HA filler GANA PH via Skin Heal today.","og_url":"https:\/\/skin-heal.com\/es\/producto\/gana-ph-plla-ha-filler\/","og_site_name":"Skin Heal","article_modified_time":"2021-10-28T12:09:18+00:00","og_image":[{"width":600,"height":600,"url":"https:\/\/cdn.skin-heal.com\/wp-content\/uploads\/2019\/06\/GANA-PH.jpg","type":"image\/jpeg"}],"twitter_card":"summary_large_image","twitter_misc":{"Tiempo de lectura":"1 minuto"},"schema":{"@context":"https:\/\/schema.org","@graph":[{"@type":"WebPage","@id":"https:\/\/skin-heal.com\/product\/gana-ph-plla-ha-filler\/","url":"https:\/\/skin-heal.com\/product\/gana-ph-plla-ha-filler\/","name":"GANA PH (relleno de PLLA + HA) - Skin Heal","isPartOf":{"@id":"https:\/\/skin-heal.com\/#website"},"primaryImageOfPage":{"@id":"https:\/\/skin-heal.com\/product\/gana-ph-plla-ha-filler\/#primaryimage"},"image":{"@id":"https:\/\/skin-heal.com\/product\/gana-ph-plla-ha-filler\/#primaryimage"},"thumbnailUrl":"https:\/\/cdn.skin-heal.com\/wp-content\/uploads\/2019\/06\/GANA-PH.jpg","datePublished":"2019-06-21T16:05:52+00:00","dateModified":"2021-10-28T12:09:18+00:00","description":"Con su f\u00f3rmula de HA y PLLA, GANA PH ofrece una eliminaci\u00f3n duradera de l\u00edneas y un aumento facial. Compre el fiable relleno de HA GANA PH a trav\u00e9s de Skin Heal hoy mismo.","breadcrumb":{"@id":"https:\/\/skin-heal.com\/product\/gana-ph-plla-ha-filler\/#breadcrumb"},"inLanguage":"es","potentialAction":[{"@type":"ReadAction","target":["https:\/\/skin-heal.com\/product\/gana-ph-plla-ha-filler\/"]}]},{"@type":"ImageObject","inLanguage":"es","@id":"https:\/\/skin-heal.com\/product\/gana-ph-plla-ha-filler\/#primaryimage","url":"https:\/\/cdn.skin-heal.com\/wp-content\/uploads\/2019\/06\/GANA-PH.jpg","contentUrl":"https:\/\/cdn.skin-heal.com\/wp-content\/uploads\/2019\/06\/GANA-PH.jpg","width":600,"height":600,"caption":"GANA PH"},{"@type":"BreadcrumbList","@id":"https:\/\/skin-heal.com\/product\/gana-ph-plla-ha-filler\/#breadcrumb","itemListElement":[{"@type":"ListItem","position":1,"name":"Home","item":"https:\/\/skin-heal.com\/"},{"@type":"ListItem","position":2,"name":"Store","item":"https:\/\/skin-heal.com\/store\/"},{"@type":"ListItem","position":3,"name":"GANA PH (PLLA + HA filler)"}]},{"@type":"WebSite","@id":"https:\/\/skin-heal.com\/#website","url":"https:\/\/skin-heal.com\/","name":"Curaci\u00f3n de la piel","description":"Los precios m\u00e1s bajos para los rellenos d\u00e9rmicos","potentialAction":[{"@type":"SearchAction","target":{"@type":"EntryPoint","urlTemplate":"https:\/\/skin-heal.com\/?s={search_term_string}"},"query-input":{"@type":"PropertyValueSpecification","valueRequired":true,"valueName":"search_term_string"}}],"inLanguage":"es"}]}},"_links":{"self":[{"href":"https:\/\/skin-heal.com\/es\/wp-json\/wp\/v2\/product\/4034","targetHints":{"allow":["GET"]}}],"collection":[{"href":"https:\/\/skin-heal.com\/es\/wp-json\/wp\/v2\/product"}],"about":[{"href":"https:\/\/skin-heal.com\/es\/wp-json\/wp\/v2\/types\/product"}],"wp:featuredmedia":[{"embeddable":true,"href":"https:\/\/skin-heal.com\/es\/wp-json\/wp\/v2\/media\/4052"}],"wp:attachment":[{"href":"https:\/\/skin-heal.com\/es\/wp-json\/wp\/v2\/media?parent=4034"}],"wp:term":[{"taxonomy":"product_brand","embeddable":true,"href":"https:\/\/skin-heal.com\/es\/wp-json\/wp\/v2\/product_brand?post=4034"},{"taxonomy":"product_cat","embeddable":true,"href":"https:\/\/skin-heal.com\/es\/wp-json\/wp\/v2\/product_cat?post=4034"},{"taxonomy":"product_tag","embeddable":true,"href":"https:\/\/skin-heal.com\/es\/wp-json\/wp\/v2\/product_tag?post=4034"}],"curies":[{"name":"wp","href":"https:\/\/api.w.org\/{rel}","templated":true}]}}