{"id":4035,"date":"2019-06-21T16:05:56","date_gmt":"2019-06-21T13:05:56","guid":{"rendered":"https:\/\/skin-heal.com\/?post_type=product&#038;p=4035"},"modified":"2023-02-22T11:42:36","modified_gmt":"2023-02-22T09:42:36","slug":"gana-ha-type-c-1-x-1-2ml","status":"publish","type":"product","link":"https:\/\/skin-heal.com\/es\/producto\/gana-ha-type-c-1-x-1-2ml\/","title":{"rendered":"GANA HA Tipo C (1 x 1,2ml)"},"content":{"rendered":"<h3>GANA HA Tipo C frente a otros rellenos cut\u00e1neos de HA<\/h3>\n<p>Este relleno de tejidos blandos de \u00e1cido hialur\u00f3nico se caracteriza por una relaci\u00f3n de reticulaci\u00f3n de 10%. Esta proporci\u00f3n es dos veces superior a la que se encuentra en los productos cosm\u00e9ticos de rejuvenecimiento m\u00e1s vendidos de este tipo. Cuanto mayor es este porcentaje, m\u00e1s estable y duradero es el gel inyectable. Como resultado, GANA HA Tipo C es capaz de eliminar las l\u00edneas y arrugas superficiales hasta 18 meses. En otras palabras, la longevidad de sus efectos es de <u>3 veces m\u00e1s<\/u> en comparaci\u00f3n con la de sus rivales del mercado. Al mismo tiempo, este relleno cut\u00e1neo de primer nivel tiene una textura sorprendentemente suave y f\u00e1cil de controlar. Es decir, que lo convierte en la opci\u00f3n ideal para la reducci\u00f3n temporal de las arrugas poco profundas en aquellos <em>zonas de la cara m\u00e1s dif\u00edciles de tratar <\/em>- la zona periorbital. All\u00ed, la dermis es m\u00e1s fina y s\u00f3lo una inyecci\u00f3n de relleno antienvejecimiento de primera clase como \u00e9sta puede <strong>evitar el sobrellenado, la migraci\u00f3n<\/strong> o la formaci\u00f3n de bultos y fideos bajo la piel.<\/p>\n<h3>Contraindicaciones<\/h3>\n<p>GANA HA Tipo C es un <u>relleno d\u00e9rmico de bajo riesgo<\/u> que rara vez conlleva efectos adversos. Eso permite a los pacientes volver a su rutina diaria casi inmediatamente despu\u00e9s del tratamiento. Aun as\u00ed, no debe utilizarse en<\/p>\n<ul>\n<li>Mujeres embarazadas<\/li>\n<li>Madres que dan el pecho<\/li>\n<li>Pacientes hipersensibles a los ingredientes del producto<\/li>\n<li>Personas con trastornos de la coagulaci\u00f3n de la sangre o que toman medicamentos anticoagulantes<\/li>\n<\/ul>","protected":false},"excerpt":{"rendered":"<p>Forma parte de la gama de rellenos d\u00e9rmicos de \u00e1cido hialur\u00f3nico avanzado de GANA R&amp;D, <u>GANA HA Tipo C<\/u> ofrece nada menos que calidad superior y <em>eliminaci\u00f3n sin riesgo de las l\u00edneas de expresi\u00f3n del rostro<\/em>. Se encuentra entre los mejores productos de rejuvenecimiento de la piel para el tratamiento de los signos de envejecimiento alrededor de los ojos, donde la piel es realmente suave y delicada. Nosotros, en Skin Heal, tambi\u00e9n recomendamos su uso para el <em>correcci\u00f3n eficaz de los ojos hundidos<\/em>.<\/p>","protected":false},"featured_media":4051,"template":"","meta":[],"product_brand":[],"product_cat":[79,104,105,144],"product_tag":[148],"class_list":{"0":"post-4035","1":"product","2":"type-product","3":"status-publish","4":"has-post-thumbnail","6":"product_cat-dermal-fillers","7":"product_cat-gana","8":"product_cat-gana-rd","9":"product_cat-holiday-mega-sale","10":"product_tag-20off","11":"clearfix","13":"first","14":"outofstock","15":"sale","16":"taxable","17":"shipping-taxable","18":"purchasable","19":"product-type-simple"},"yoast_head":"<!-- This site is optimized with the Yoast SEO plugin v27.3 - https:\/\/yoast.com\/product\/yoast-seo-wordpress\/ -->\n<title>GANA HA Type C (1 x 1.2ml) - Skin Heal<\/title>\n<meta name=\"description\" content=\"Get GANA HA Type C via Skin Heal for the fast removal of periorbital lines. Trusted HA filler GANA HA Type C\u2019s anti-aging effects last up to 18 months.\" \/>\n<meta name=\"robots\" content=\"index, follow, max-snippet:-1, max-image-preview:large, max-video-preview:-1\" \/>\n<link rel=\"canonical\" href=\"https:\/\/skin-heal.com\/es\/producto\/gana-ha-type-c-1-x-1-2ml\/\" \/>\n<meta property=\"og:locale\" content=\"es_MX\" \/>\n<meta property=\"og:type\" content=\"article\" \/>\n<meta property=\"og:title\" content=\"GANA HA Type C (1 x 1.2ml) - Skin Heal\" \/>\n<meta property=\"og:description\" content=\"Get GANA HA Type C via Skin Heal for the fast removal of periorbital lines. Trusted HA filler GANA HA Type C\u2019s anti-aging effects last up to 18 months.\" \/>\n<meta property=\"og:url\" content=\"https:\/\/skin-heal.com\/es\/producto\/gana-ha-type-c-1-x-1-2ml\/\" \/>\n<meta property=\"og:site_name\" content=\"Skin Heal\" \/>\n<meta property=\"article:modified_time\" content=\"2023-02-22T09:42:36+00:00\" \/>\n<meta property=\"og:image\" content=\"https:\/\/cdn.skin-heal.com\/wp-content\/uploads\/2019\/06\/Gana-Type-C.jpg\" \/>\n\t<meta property=\"og:image:width\" content=\"600\" \/>\n\t<meta property=\"og:image:height\" content=\"600\" \/>\n\t<meta property=\"og:image:type\" content=\"image\/jpeg\" \/>\n<meta name=\"twitter:card\" content=\"summary_large_image\" \/>\n<meta name=\"twitter:label1\" content=\"Tiempo de lectura\" \/>\n\t<meta name=\"twitter:data1\" content=\"1 minuto\" \/>\n<script type=\"application\/ld+json\" class=\"yoast-schema-graph\">{\"@context\":\"https:\\\/\\\/schema.org\",\"@graph\":[{\"@type\":\"WebPage\",\"@id\":\"https:\\\/\\\/skin-heal.com\\\/product\\\/gana-ha-type-c-1-x-1-2ml\\\/\",\"url\":\"https:\\\/\\\/skin-heal.com\\\/product\\\/gana-ha-type-c-1-x-1-2ml\\\/\",\"name\":\"GANA HA Type C (1 x 1.2ml) - Skin Heal\",\"isPartOf\":{\"@id\":\"https:\\\/\\\/skin-heal.com\\\/#website\"},\"primaryImageOfPage\":{\"@id\":\"https:\\\/\\\/skin-heal.com\\\/product\\\/gana-ha-type-c-1-x-1-2ml\\\/#primaryimage\"},\"image\":{\"@id\":\"https:\\\/\\\/skin-heal.com\\\/product\\\/gana-ha-type-c-1-x-1-2ml\\\/#primaryimage\"},\"thumbnailUrl\":\"https:\\\/\\\/skin-heal.com\\\/wp-content\\\/uploads\\\/2019\\\/06\\\/Gana-Type-C.jpg\",\"datePublished\":\"2019-06-21T13:05:56+00:00\",\"dateModified\":\"2023-02-22T09:42:36+00:00\",\"description\":\"Get GANA HA Type C via Skin Heal for the fast removal of periorbital lines. Trusted HA filler GANA HA Type C\u2019s anti-aging effects last up to 18 months.\",\"breadcrumb\":{\"@id\":\"https:\\\/\\\/skin-heal.com\\\/product\\\/gana-ha-type-c-1-x-1-2ml\\\/#breadcrumb\"},\"inLanguage\":\"es\",\"potentialAction\":[{\"@type\":\"ReadAction\",\"target\":[\"https:\\\/\\\/skin-heal.com\\\/product\\\/gana-ha-type-c-1-x-1-2ml\\\/\"]}]},{\"@type\":\"ImageObject\",\"inLanguage\":\"es\",\"@id\":\"https:\\\/\\\/skin-heal.com\\\/product\\\/gana-ha-type-c-1-x-1-2ml\\\/#primaryimage\",\"url\":\"https:\\\/\\\/skin-heal.com\\\/wp-content\\\/uploads\\\/2019\\\/06\\\/Gana-Type-C.jpg\",\"contentUrl\":\"https:\\\/\\\/skin-heal.com\\\/wp-content\\\/uploads\\\/2019\\\/06\\\/Gana-Type-C.jpg\",\"width\":600,\"height\":600,\"caption\":\"Gana Type C\"},{\"@type\":\"BreadcrumbList\",\"@id\":\"https:\\\/\\\/skin-heal.com\\\/product\\\/gana-ha-type-c-1-x-1-2ml\\\/#breadcrumb\",\"itemListElement\":[{\"@type\":\"ListItem\",\"position\":1,\"name\":\"Home\",\"item\":\"https:\\\/\\\/skin-heal.com\\\/\"},{\"@type\":\"ListItem\",\"position\":2,\"name\":\"Store\",\"item\":\"https:\\\/\\\/skin-heal.com\\\/store\\\/\"},{\"@type\":\"ListItem\",\"position\":3,\"name\":\"GANA HA Type C (1 x 1.2ml)\"}]},{\"@type\":\"WebSite\",\"@id\":\"https:\\\/\\\/skin-heal.com\\\/#website\",\"url\":\"https:\\\/\\\/skin-heal.com\\\/\",\"name\":\"Skin Heal\",\"description\":\"Lowest Prices for Dermal Fillers\",\"potentialAction\":[{\"@type\":\"SearchAction\",\"target\":{\"@type\":\"EntryPoint\",\"urlTemplate\":\"https:\\\/\\\/skin-heal.com\\\/?s={search_term_string}\"},\"query-input\":{\"@type\":\"PropertyValueSpecification\",\"valueRequired\":true,\"valueName\":\"search_term_string\"}}],\"inLanguage\":\"es\"}]}<\/script>\n<!-- \/ Yoast SEO plugin. -->","yoast_head_json":{"title":"GANA HA Tipo C (1 x 1,2ml) - Skin Heal","description":"Consiga GANA HA Type C a trav\u00e9s de Skin Heal para eliminar r\u00e1pidamente las l\u00edneas periorbitales. Los efectos antienvejecimiento del relleno de HA de confianza GANA HA Type C duran hasta 18 meses.","robots":{"index":"index","follow":"follow","max-snippet":"max-snippet:-1","max-image-preview":"max-image-preview:large","max-video-preview":"max-video-preview:-1"},"canonical":"https:\/\/skin-heal.com\/es\/producto\/gana-ha-type-c-1-x-1-2ml\/","og_locale":"es_MX","og_type":"article","og_title":"GANA HA Type C (1 x 1.2ml) - Skin Heal","og_description":"Get GANA HA Type C via Skin Heal for the fast removal of periorbital lines. Trusted HA filler GANA HA Type C\u2019s anti-aging effects last up to 18 months.","og_url":"https:\/\/skin-heal.com\/es\/producto\/gana-ha-type-c-1-x-1-2ml\/","og_site_name":"Skin Heal","article_modified_time":"2023-02-22T09:42:36+00:00","og_image":[{"width":600,"height":600,"url":"https:\/\/cdn.skin-heal.com\/wp-content\/uploads\/2019\/06\/Gana-Type-C.jpg","type":"image\/jpeg"}],"twitter_card":"summary_large_image","twitter_misc":{"Tiempo de lectura":"1 minuto"},"schema":{"@context":"https:\/\/schema.org","@graph":[{"@type":"WebPage","@id":"https:\/\/skin-heal.com\/product\/gana-ha-type-c-1-x-1-2ml\/","url":"https:\/\/skin-heal.com\/product\/gana-ha-type-c-1-x-1-2ml\/","name":"GANA HA Tipo C (1 x 1,2ml) - Skin Heal","isPartOf":{"@id":"https:\/\/skin-heal.com\/#website"},"primaryImageOfPage":{"@id":"https:\/\/skin-heal.com\/product\/gana-ha-type-c-1-x-1-2ml\/#primaryimage"},"image":{"@id":"https:\/\/skin-heal.com\/product\/gana-ha-type-c-1-x-1-2ml\/#primaryimage"},"thumbnailUrl":"https:\/\/cdn.skin-heal.com\/wp-content\/uploads\/2019\/06\/Gana-Type-C.jpg","datePublished":"2019-06-21T13:05:56+00:00","dateModified":"2023-02-22T09:42:36+00:00","description":"Consiga GANA HA Type C a trav\u00e9s de Skin Heal para eliminar r\u00e1pidamente las l\u00edneas periorbitales. Los efectos antienvejecimiento del relleno de HA de confianza GANA HA Type C duran hasta 18 meses.","breadcrumb":{"@id":"https:\/\/skin-heal.com\/product\/gana-ha-type-c-1-x-1-2ml\/#breadcrumb"},"inLanguage":"es","potentialAction":[{"@type":"ReadAction","target":["https:\/\/skin-heal.com\/product\/gana-ha-type-c-1-x-1-2ml\/"]}]},{"@type":"ImageObject","inLanguage":"es","@id":"https:\/\/skin-heal.com\/product\/gana-ha-type-c-1-x-1-2ml\/#primaryimage","url":"https:\/\/cdn.skin-heal.com\/wp-content\/uploads\/2019\/06\/Gana-Type-C.jpg","contentUrl":"https:\/\/cdn.skin-heal.com\/wp-content\/uploads\/2019\/06\/Gana-Type-C.jpg","width":600,"height":600,"caption":"Gana Type C"},{"@type":"BreadcrumbList","@id":"https:\/\/skin-heal.com\/product\/gana-ha-type-c-1-x-1-2ml\/#breadcrumb","itemListElement":[{"@type":"ListItem","position":1,"name":"Home","item":"https:\/\/skin-heal.com\/"},{"@type":"ListItem","position":2,"name":"Store","item":"https:\/\/skin-heal.com\/store\/"},{"@type":"ListItem","position":3,"name":"GANA HA Type C (1 x 1.2ml)"}]},{"@type":"WebSite","@id":"https:\/\/skin-heal.com\/#website","url":"https:\/\/skin-heal.com\/","name":"Curaci\u00f3n de la piel","description":"Los precios m\u00e1s bajos para los rellenos d\u00e9rmicos","potentialAction":[{"@type":"SearchAction","target":{"@type":"EntryPoint","urlTemplate":"https:\/\/skin-heal.com\/?s={search_term_string}"},"query-input":{"@type":"PropertyValueSpecification","valueRequired":true,"valueName":"search_term_string"}}],"inLanguage":"es"}]}},"_links":{"self":[{"href":"https:\/\/skin-heal.com\/es\/wp-json\/wp\/v2\/product\/4035","targetHints":{"allow":["GET"]}}],"collection":[{"href":"https:\/\/skin-heal.com\/es\/wp-json\/wp\/v2\/product"}],"about":[{"href":"https:\/\/skin-heal.com\/es\/wp-json\/wp\/v2\/types\/product"}],"wp:featuredmedia":[{"embeddable":true,"href":"https:\/\/skin-heal.com\/es\/wp-json\/wp\/v2\/media\/4051"}],"wp:attachment":[{"href":"https:\/\/skin-heal.com\/es\/wp-json\/wp\/v2\/media?parent=4035"}],"wp:term":[{"taxonomy":"product_brand","embeddable":true,"href":"https:\/\/skin-heal.com\/es\/wp-json\/wp\/v2\/product_brand?post=4035"},{"taxonomy":"product_cat","embeddable":true,"href":"https:\/\/skin-heal.com\/es\/wp-json\/wp\/v2\/product_cat?post=4035"},{"taxonomy":"product_tag","embeddable":true,"href":"https:\/\/skin-heal.com\/es\/wp-json\/wp\/v2\/product_tag?post=4035"}],"curies":[{"name":"wp","href":"https:\/\/api.w.org\/{rel}","templated":true}]}}