{"id":4036,"date":"2019-06-21T16:05:46","date_gmt":"2019-06-21T16:05:46","guid":{"rendered":"https:\/\/skin-heal.com\/?post_type=product&#038;p=4036"},"modified":"2022-11-01T18:21:24","modified_gmt":"2022-11-01T16:21:24","slug":"filler-x-pcl-ha-filler","status":"publish","type":"product","link":"https:\/\/skin-heal.com\/es\/producto\/filler-x-pcl-ha-filler\/","title":{"rendered":"Relleno X (PCL + relleno de HA)"},"content":{"rendered":"<h3>Filler X ofrece mucho m\u00e1s que la eliminaci\u00f3n de l\u00edneas<\/h3>\n<p>Como <em>inyecci\u00f3n de relleno de \u00e1cido hialur\u00f3nico fiable<\/em>Filler X puede utilizarse para reducir suavemente las l\u00edneas y arrugas faciales (por ejemplo, los pliegues nasolabiales). Esta sustancia biocompatible hidrata la piel desde el interior y rellena las depresiones faciales d\u00e1ndoles un aspecto naturalmente rejuvenecido. Sin embargo, esto es algo que la mayor\u00eda de los rellenos a base de HA pueden hacer, \u00bfverdad? Aqu\u00ed es donde intervienen las microesferas de PCL. PCL significa policaprolactona, que tambi\u00e9n es totalmente biocompatible con el organismo humano y se absorbe y disuelve completamente en la piel. Pero eso ocurrir\u00e1 en <strong>2-4 a\u00f1os<\/strong> despu\u00e9s del procedimiento de inyecci\u00f3n porque este biopol\u00edmero es excepcionalmente duradero. Por ello, este innovador producto antienvejecimiento tambi\u00e9n es adecuado para la <u>correcci\u00f3n, remodelaci\u00f3n y mejora de<\/u>:<\/p>\n<ul>\n<li>Chin<\/li>\n<li>Mejillas<\/li>\n<li>Nariz<\/li>\n<li>Puente nasal<\/li>\n<\/ul>\n<h3>El importante papel del col\u00e1geno<\/h3>\n<p>Como \u00e1cido hialur\u00f3nico pionero que cuenta con 5% PCL en su composici\u00f3n, Filler X tiene otro talento secreto - <em>estimular la producci\u00f3n natural de col\u00e1geno<\/em> en la piel. Este es un detalle muy importante, ya que esta prote\u00edna estructural es un componente vital del tejido blando y tiene el poder \u00fanico de mantener la dermis libre de arrugas y de <u>dar a la piel un brillo saludable<\/u> y una apariencia juvenil. Este relleno de primera categor\u00eda tardar\u00e1 aproximadamente un mes en comenzar a impulsar la s\u00edntesis de col\u00e1geno.<\/p>","protected":false},"excerpt":{"rendered":"<p>Elaborado por GANA R&amp;D, Filler X es una de las \u00faltimas incorporaciones al cat\u00e1logo de Skin Heal. Ofrece una larga lista de ventajas porque hace que la mejora m\u00ednimamente invasiva de <em>nariz, mejillas y barbilla<\/em>as\u00ed como la correcci\u00f3n de arrugas faciales <u>indoloro, m\u00e1s duradero, m\u00e1s seguro y sin complicaciones<\/u>. Todo ello gracias al gel \u00fanico en su g\u00e9nero de este magn\u00edfico relleno cut\u00e1neo. Cuenta con \u00e1cido hialur\u00f3nico purificado y PCL para un rejuvenecimiento cosm\u00e9tico integral.<\/p>","protected":false},"featured_media":4053,"template":"","meta":[],"product_brand":[],"product_cat":[79,104,105],"product_tag":[],"class_list":{"0":"post-4036","1":"product","2":"type-product","3":"status-publish","4":"has-post-thumbnail","6":"product_cat-dermal-fillers","7":"product_cat-gana","8":"product_cat-gana-rd","9":"clearfix","11":"first","12":"outofstock","13":"taxable","14":"shipping-taxable","15":"purchasable","16":"product-type-simple"},"yoast_head":"<!-- This site is optimized with the Yoast SEO plugin v27.3 - https:\/\/yoast.com\/product\/yoast-seo-wordpress\/ -->\n<title>Filler X (PCL + HA filler) - Skin Heal<\/title>\n<meta name=\"description\" content=\"Filler X is a pure HA dermal filler that features PCL which increases collagen production. Sold by Skin Heal, Filler X has robust anti-aging effects.\" \/>\n<meta name=\"robots\" content=\"index, follow, max-snippet:-1, max-image-preview:large, max-video-preview:-1\" \/>\n<link rel=\"canonical\" href=\"https:\/\/skin-heal.com\/es\/producto\/filler-x-pcl-ha-filler\/\" \/>\n<meta property=\"og:locale\" content=\"es_MX\" \/>\n<meta property=\"og:type\" content=\"article\" \/>\n<meta property=\"og:title\" content=\"Filler X (PCL + HA filler) - Skin Heal\" \/>\n<meta property=\"og:description\" content=\"Filler X is a pure HA dermal filler that features PCL which increases collagen production. Sold by Skin Heal, Filler X has robust anti-aging effects.\" \/>\n<meta property=\"og:url\" content=\"https:\/\/skin-heal.com\/es\/producto\/filler-x-pcl-ha-filler\/\" \/>\n<meta property=\"og:site_name\" content=\"Skin Heal\" \/>\n<meta property=\"article:modified_time\" content=\"2022-11-01T16:21:24+00:00\" \/>\n<meta property=\"og:image\" content=\"https:\/\/cdn.skin-heal.com\/wp-content\/uploads\/2019\/06\/Filler-X.jpg\" \/>\n\t<meta property=\"og:image:width\" content=\"600\" \/>\n\t<meta property=\"og:image:height\" content=\"600\" \/>\n\t<meta property=\"og:image:type\" content=\"image\/jpeg\" \/>\n<meta name=\"twitter:card\" content=\"summary_large_image\" \/>\n<meta name=\"twitter:label1\" content=\"Tiempo de lectura\" \/>\n\t<meta name=\"twitter:data1\" content=\"1 minuto\" \/>\n<script type=\"application\/ld+json\" class=\"yoast-schema-graph\">{\"@context\":\"https:\\\/\\\/schema.org\",\"@graph\":[{\"@type\":\"WebPage\",\"@id\":\"https:\\\/\\\/skin-heal.com\\\/product\\\/filler-x-pcl-ha-filler\\\/\",\"url\":\"https:\\\/\\\/skin-heal.com\\\/product\\\/filler-x-pcl-ha-filler\\\/\",\"name\":\"Filler X (PCL + HA filler) - Skin Heal\",\"isPartOf\":{\"@id\":\"https:\\\/\\\/skin-heal.com\\\/#website\"},\"primaryImageOfPage\":{\"@id\":\"https:\\\/\\\/skin-heal.com\\\/product\\\/filler-x-pcl-ha-filler\\\/#primaryimage\"},\"image\":{\"@id\":\"https:\\\/\\\/skin-heal.com\\\/product\\\/filler-x-pcl-ha-filler\\\/#primaryimage\"},\"thumbnailUrl\":\"https:\\\/\\\/skin-heal.com\\\/wp-content\\\/uploads\\\/2019\\\/06\\\/Filler-X.jpg\",\"datePublished\":\"2019-06-21T16:05:46+00:00\",\"dateModified\":\"2022-11-01T16:21:24+00:00\",\"description\":\"Filler X is a pure HA dermal filler that features PCL which increases collagen production. Sold by Skin Heal, Filler X has robust anti-aging effects.\",\"breadcrumb\":{\"@id\":\"https:\\\/\\\/skin-heal.com\\\/product\\\/filler-x-pcl-ha-filler\\\/#breadcrumb\"},\"inLanguage\":\"es\",\"potentialAction\":[{\"@type\":\"ReadAction\",\"target\":[\"https:\\\/\\\/skin-heal.com\\\/product\\\/filler-x-pcl-ha-filler\\\/\"]}]},{\"@type\":\"ImageObject\",\"inLanguage\":\"es\",\"@id\":\"https:\\\/\\\/skin-heal.com\\\/product\\\/filler-x-pcl-ha-filler\\\/#primaryimage\",\"url\":\"https:\\\/\\\/skin-heal.com\\\/wp-content\\\/uploads\\\/2019\\\/06\\\/Filler-X.jpg\",\"contentUrl\":\"https:\\\/\\\/skin-heal.com\\\/wp-content\\\/uploads\\\/2019\\\/06\\\/Filler-X.jpg\",\"width\":600,\"height\":600,\"caption\":\"Filler X\"},{\"@type\":\"BreadcrumbList\",\"@id\":\"https:\\\/\\\/skin-heal.com\\\/product\\\/filler-x-pcl-ha-filler\\\/#breadcrumb\",\"itemListElement\":[{\"@type\":\"ListItem\",\"position\":1,\"name\":\"Home\",\"item\":\"https:\\\/\\\/skin-heal.com\\\/\"},{\"@type\":\"ListItem\",\"position\":2,\"name\":\"Store\",\"item\":\"https:\\\/\\\/skin-heal.com\\\/store\\\/\"},{\"@type\":\"ListItem\",\"position\":3,\"name\":\"Filler X (PCL + HA filler)\"}]},{\"@type\":\"WebSite\",\"@id\":\"https:\\\/\\\/skin-heal.com\\\/#website\",\"url\":\"https:\\\/\\\/skin-heal.com\\\/\",\"name\":\"Skin Heal\",\"description\":\"Lowest Prices for Dermal Fillers\",\"potentialAction\":[{\"@type\":\"SearchAction\",\"target\":{\"@type\":\"EntryPoint\",\"urlTemplate\":\"https:\\\/\\\/skin-heal.com\\\/?s={search_term_string}\"},\"query-input\":{\"@type\":\"PropertyValueSpecification\",\"valueRequired\":true,\"valueName\":\"search_term_string\"}}],\"inLanguage\":\"es\"}]}<\/script>\n<!-- \/ Yoast SEO plugin. -->","yoast_head_json":{"title":"Filler X (PCL + HA filler) - Skin Heal","description":"Filler X es un relleno d\u00e9rmico de HA puro que contiene PCL, que aumenta la producci\u00f3n de col\u00e1geno. Comercializado por Skin Heal, Filler X tiene potentes efectos antienvejecimiento.","robots":{"index":"index","follow":"follow","max-snippet":"max-snippet:-1","max-image-preview":"max-image-preview:large","max-video-preview":"max-video-preview:-1"},"canonical":"https:\/\/skin-heal.com\/es\/producto\/filler-x-pcl-ha-filler\/","og_locale":"es_MX","og_type":"article","og_title":"Filler X (PCL + HA filler) - Skin Heal","og_description":"Filler X is a pure HA dermal filler that features PCL which increases collagen production. Sold by Skin Heal, Filler X has robust anti-aging effects.","og_url":"https:\/\/skin-heal.com\/es\/producto\/filler-x-pcl-ha-filler\/","og_site_name":"Skin Heal","article_modified_time":"2022-11-01T16:21:24+00:00","og_image":[{"width":600,"height":600,"url":"https:\/\/cdn.skin-heal.com\/wp-content\/uploads\/2019\/06\/Filler-X.jpg","type":"image\/jpeg"}],"twitter_card":"summary_large_image","twitter_misc":{"Tiempo de lectura":"1 minuto"},"schema":{"@context":"https:\/\/schema.org","@graph":[{"@type":"WebPage","@id":"https:\/\/skin-heal.com\/product\/filler-x-pcl-ha-filler\/","url":"https:\/\/skin-heal.com\/product\/filler-x-pcl-ha-filler\/","name":"Filler X (PCL + HA filler) - Skin Heal","isPartOf":{"@id":"https:\/\/skin-heal.com\/#website"},"primaryImageOfPage":{"@id":"https:\/\/skin-heal.com\/product\/filler-x-pcl-ha-filler\/#primaryimage"},"image":{"@id":"https:\/\/skin-heal.com\/product\/filler-x-pcl-ha-filler\/#primaryimage"},"thumbnailUrl":"https:\/\/cdn.skin-heal.com\/wp-content\/uploads\/2019\/06\/Filler-X.jpg","datePublished":"2019-06-21T16:05:46+00:00","dateModified":"2022-11-01T16:21:24+00:00","description":"Filler X es un relleno d\u00e9rmico de HA puro que contiene PCL, que aumenta la producci\u00f3n de col\u00e1geno. Comercializado por Skin Heal, Filler X tiene potentes efectos antienvejecimiento.","breadcrumb":{"@id":"https:\/\/skin-heal.com\/product\/filler-x-pcl-ha-filler\/#breadcrumb"},"inLanguage":"es","potentialAction":[{"@type":"ReadAction","target":["https:\/\/skin-heal.com\/product\/filler-x-pcl-ha-filler\/"]}]},{"@type":"ImageObject","inLanguage":"es","@id":"https:\/\/skin-heal.com\/product\/filler-x-pcl-ha-filler\/#primaryimage","url":"https:\/\/cdn.skin-heal.com\/wp-content\/uploads\/2019\/06\/Filler-X.jpg","contentUrl":"https:\/\/cdn.skin-heal.com\/wp-content\/uploads\/2019\/06\/Filler-X.jpg","width":600,"height":600,"caption":"Filler X"},{"@type":"BreadcrumbList","@id":"https:\/\/skin-heal.com\/product\/filler-x-pcl-ha-filler\/#breadcrumb","itemListElement":[{"@type":"ListItem","position":1,"name":"Home","item":"https:\/\/skin-heal.com\/"},{"@type":"ListItem","position":2,"name":"Store","item":"https:\/\/skin-heal.com\/store\/"},{"@type":"ListItem","position":3,"name":"Filler X (PCL + HA filler)"}]},{"@type":"WebSite","@id":"https:\/\/skin-heal.com\/#website","url":"https:\/\/skin-heal.com\/","name":"Curaci\u00f3n de la piel","description":"Los precios m\u00e1s bajos para los rellenos d\u00e9rmicos","potentialAction":[{"@type":"SearchAction","target":{"@type":"EntryPoint","urlTemplate":"https:\/\/skin-heal.com\/?s={search_term_string}"},"query-input":{"@type":"PropertyValueSpecification","valueRequired":true,"valueName":"search_term_string"}}],"inLanguage":"es"}]}},"_links":{"self":[{"href":"https:\/\/skin-heal.com\/es\/wp-json\/wp\/v2\/product\/4036","targetHints":{"allow":["GET"]}}],"collection":[{"href":"https:\/\/skin-heal.com\/es\/wp-json\/wp\/v2\/product"}],"about":[{"href":"https:\/\/skin-heal.com\/es\/wp-json\/wp\/v2\/types\/product"}],"wp:featuredmedia":[{"embeddable":true,"href":"https:\/\/skin-heal.com\/es\/wp-json\/wp\/v2\/media\/4053"}],"wp:attachment":[{"href":"https:\/\/skin-heal.com\/es\/wp-json\/wp\/v2\/media?parent=4036"}],"wp:term":[{"taxonomy":"product_brand","embeddable":true,"href":"https:\/\/skin-heal.com\/es\/wp-json\/wp\/v2\/product_brand?post=4036"},{"taxonomy":"product_cat","embeddable":true,"href":"https:\/\/skin-heal.com\/es\/wp-json\/wp\/v2\/product_cat?post=4036"},{"taxonomy":"product_tag","embeddable":true,"href":"https:\/\/skin-heal.com\/es\/wp-json\/wp\/v2\/product_tag?post=4036"}],"curies":[{"name":"wp","href":"https:\/\/api.w.org\/{rel}","templated":true}]}}