{"id":4039,"date":"2019-06-21T16:05:45","date_gmt":"2019-06-21T13:05:45","guid":{"rendered":"https:\/\/skin-heal.com\/?post_type=product&#038;p=4039"},"modified":"2023-02-22T11:42:37","modified_gmt":"2023-02-22T09:42:37","slug":"gana-ch-calcium-ha-filler","status":"publish","type":"product","link":"https:\/\/skin-heal.com\/es\/producto\/gana-ch-calcium-ha-filler\/","title":{"rendered":"GANA CH (Relleno de calcio + HA)"},"content":{"rendered":"<h3>\u00bfQu\u00e9 viene en el paquete?<\/h3>\n<p>Nosotros, desde Skin Heal, distribuimos GANA CH en una caja bien sellada que tiene todas las marcas de seguridad y calidad. Dentro de cada envase de este relleno cut\u00e1neo optimizado hay una jeringa desechable de 1,2 ml que est\u00e1 precargada con el gel de implante. El producto en s\u00ed contiene HA reticulado (95%), hidroxiapatita de calcio estable (5%) y lidoca\u00edna (3 mg\/cc). Como este producto tambi\u00e9n es <em>un dispositivo m\u00e9dico certificado<\/em>En el caso de la cirug\u00eda de la piel, s\u00f3lo debe ser utilizada por cirujanos pl\u00e1sticos o dermat\u00f3logos est\u00e9ticos cualificados. Antes del procedimiento, es necesario limpiar a fondo la zona objetivo. Despu\u00e9s de conectar la aguja est\u00e9tica a la jeringa, el m\u00e9dico puede proceder a aplicar el producto en la <u>dermis profunda<\/u>. Cada sesi\u00f3n de inyecciones dura unos 20 minutos y, tras ella, los pacientes no experimentan tiempos de inactividad ni efectos secundarios graves a largo plazo.<\/p>\n<h3>Tratamiento y puntos de inyecci\u00f3n<\/h3>\n<p>GANA CH es un relleno de la piel muy popular porque alisa la piel para corregir las arrugas y tambi\u00e9n hace un trabajo incre\u00edble en <u>restaurar al instante el volumen perdido<\/u> o remodelaci\u00f3n de determinadas zonas del rostro. La empresa internacional de confianza que est\u00e1 detr\u00e1s de este potente producto de rejuvenecimiento cosm\u00e9tico, GANA R&amp;D, lo ha desarrollado para dirigirse espec\u00edficamente a las siguientes zonas y corregirlas:<\/p>\n<ul>\n<li><strong>Chin<\/strong><\/li>\n<li><strong>Frente<\/strong><\/li>\n<li><strong>Nariz<\/strong><\/li>\n<\/ul>\n<p>Los tratamientos de mantenimiento ser\u00e1n eventualmente necesarios, pero con \u0430 <em>durabilidad de 2-3 a\u00f1os<\/em>Los pacientes tendr\u00e1n la oportunidad de disfrutar de su aspecto rejuvenecido durante m\u00e1s tiempo.<\/p>","protected":false},"excerpt":{"rendered":"<p>\u00bfSab\u00eda usted que un tratamiento de rejuvenecimiento est\u00e9tico de f\u00e1cil acceso para el paciente, realizado con rellenos de tejidos blandos de primera clase, es ahora a\u00fan m\u00e1s libre de riesgos y fiable? GAHA CH es el impulsor de ello. Se trata de un <strong>Relleno de \u00e1cido hialur\u00f3nico de nueva generaci\u00f3n<\/strong> que no provoca hinchaz\u00f3n ni molestias. Adem\u00e1s, reduce considerablemente la aparici\u00f3n de arrugas y pliegues y proporciona una escultura facial equilibrada ya que tambi\u00e9n es <em>infundido con hidroxiapatita de calcio de alta calidad<\/em>. Cons\u00edguelo a trav\u00e9s de Skin Heal.<\/p>","protected":false},"featured_media":4055,"template":"","meta":[],"product_brand":[],"product_cat":[79,104,105],"product_tag":[145],"class_list":{"0":"post-4039","1":"product","2":"type-product","3":"status-publish","4":"has-post-thumbnail","6":"product_cat-dermal-fillers","7":"product_cat-gana","8":"product_cat-gana-rd","9":"product_tag-5off","10":"clearfix","12":"first","13":"outofstock","14":"sale","15":"taxable","16":"shipping-taxable","17":"purchasable","18":"product-type-simple"},"yoast_head":"<!-- This site is optimized with the Yoast SEO plugin v27.4 - https:\/\/yoast.com\/product\/yoast-seo-wordpress\/ -->\n<title>GANA CH (Calcium + HA filler) - Skin Heal<\/title>\n<meta name=\"description\" content=\"Visit Skin Heal to order GANA CH \u2013 a potent HA filler with calcium. GANA CH is easy-to-use during wrinkle removal and facial augmentation procedures.\" \/>\n<meta name=\"robots\" content=\"index, follow, max-snippet:-1, max-image-preview:large, max-video-preview:-1\" \/>\n<link rel=\"canonical\" href=\"https:\/\/skin-heal.com\/es\/producto\/gana-ch-calcium-ha-filler\/\" \/>\n<meta property=\"og:locale\" content=\"es_MX\" \/>\n<meta property=\"og:type\" content=\"article\" \/>\n<meta property=\"og:title\" content=\"GANA CH (Calcium + HA filler) - Skin Heal\" \/>\n<meta property=\"og:description\" content=\"Visit Skin Heal to order GANA CH \u2013 a potent HA filler with calcium. GANA CH is easy-to-use during wrinkle removal and facial augmentation procedures.\" \/>\n<meta property=\"og:url\" content=\"https:\/\/skin-heal.com\/es\/producto\/gana-ch-calcium-ha-filler\/\" \/>\n<meta property=\"og:site_name\" content=\"Skin Heal\" \/>\n<meta property=\"article:modified_time\" content=\"2023-02-22T09:42:37+00:00\" \/>\n<meta property=\"og:image\" content=\"https:\/\/cdn.skin-heal.com\/wp-content\/uploads\/2019\/06\/GANA-CH.jpg\" \/>\n\t<meta property=\"og:image:width\" content=\"600\" \/>\n\t<meta property=\"og:image:height\" content=\"600\" \/>\n\t<meta property=\"og:image:type\" content=\"image\/jpeg\" \/>\n<meta name=\"twitter:card\" content=\"summary_large_image\" \/>\n<meta name=\"twitter:label1\" content=\"Tiempo de lectura\" \/>\n\t<meta name=\"twitter:data1\" content=\"1 minuto\" \/>\n<script type=\"application\/ld+json\" class=\"yoast-schema-graph\">{\"@context\":\"https:\\\/\\\/schema.org\",\"@graph\":[{\"@type\":\"WebPage\",\"@id\":\"https:\\\/\\\/skin-heal.com\\\/product\\\/gana-ch-calcium-ha-filler\\\/\",\"url\":\"https:\\\/\\\/skin-heal.com\\\/product\\\/gana-ch-calcium-ha-filler\\\/\",\"name\":\"GANA CH (Calcium + HA filler) - Skin Heal\",\"isPartOf\":{\"@id\":\"https:\\\/\\\/skin-heal.com\\\/#website\"},\"primaryImageOfPage\":{\"@id\":\"https:\\\/\\\/skin-heal.com\\\/product\\\/gana-ch-calcium-ha-filler\\\/#primaryimage\"},\"image\":{\"@id\":\"https:\\\/\\\/skin-heal.com\\\/product\\\/gana-ch-calcium-ha-filler\\\/#primaryimage\"},\"thumbnailUrl\":\"https:\\\/\\\/skin-heal.com\\\/wp-content\\\/uploads\\\/2019\\\/06\\\/GANA-CH.jpg\",\"datePublished\":\"2019-06-21T13:05:45+00:00\",\"dateModified\":\"2023-02-22T09:42:37+00:00\",\"description\":\"Visit Skin Heal to order GANA CH \u2013 a potent HA filler with calcium. GANA CH is easy-to-use during wrinkle removal and facial augmentation procedures.\",\"breadcrumb\":{\"@id\":\"https:\\\/\\\/skin-heal.com\\\/product\\\/gana-ch-calcium-ha-filler\\\/#breadcrumb\"},\"inLanguage\":\"es\",\"potentialAction\":[{\"@type\":\"ReadAction\",\"target\":[\"https:\\\/\\\/skin-heal.com\\\/product\\\/gana-ch-calcium-ha-filler\\\/\"]}]},{\"@type\":\"ImageObject\",\"inLanguage\":\"es\",\"@id\":\"https:\\\/\\\/skin-heal.com\\\/product\\\/gana-ch-calcium-ha-filler\\\/#primaryimage\",\"url\":\"https:\\\/\\\/skin-heal.com\\\/wp-content\\\/uploads\\\/2019\\\/06\\\/GANA-CH.jpg\",\"contentUrl\":\"https:\\\/\\\/skin-heal.com\\\/wp-content\\\/uploads\\\/2019\\\/06\\\/GANA-CH.jpg\",\"width\":600,\"height\":600,\"caption\":\"GANA CH\"},{\"@type\":\"BreadcrumbList\",\"@id\":\"https:\\\/\\\/skin-heal.com\\\/product\\\/gana-ch-calcium-ha-filler\\\/#breadcrumb\",\"itemListElement\":[{\"@type\":\"ListItem\",\"position\":1,\"name\":\"Home\",\"item\":\"https:\\\/\\\/skin-heal.com\\\/\"},{\"@type\":\"ListItem\",\"position\":2,\"name\":\"Store\",\"item\":\"https:\\\/\\\/skin-heal.com\\\/store\\\/\"},{\"@type\":\"ListItem\",\"position\":3,\"name\":\"GANA CH (Calcium + HA filler)\"}]},{\"@type\":\"WebSite\",\"@id\":\"https:\\\/\\\/skin-heal.com\\\/#website\",\"url\":\"https:\\\/\\\/skin-heal.com\\\/\",\"name\":\"Skin Heal\",\"description\":\"Lowest Prices for Dermal Fillers\",\"potentialAction\":[{\"@type\":\"SearchAction\",\"target\":{\"@type\":\"EntryPoint\",\"urlTemplate\":\"https:\\\/\\\/skin-heal.com\\\/?s={search_term_string}\"},\"query-input\":{\"@type\":\"PropertyValueSpecification\",\"valueRequired\":true,\"valueName\":\"search_term_string\"}}],\"inLanguage\":\"es\"}]}<\/script>\n<!-- \/ Yoast SEO plugin. -->","yoast_head_json":{"title":"GANA CH (Relleno de calcio + HA) - Skin Heal","description":"Visite Skin Heal para solicitar GANA CH, un potente relleno de HA con calcio. GANA CH es f\u00e1cil de usar durante los procedimientos de eliminaci\u00f3n de arrugas y aumento facial.","robots":{"index":"index","follow":"follow","max-snippet":"max-snippet:-1","max-image-preview":"max-image-preview:large","max-video-preview":"max-video-preview:-1"},"canonical":"https:\/\/skin-heal.com\/es\/producto\/gana-ch-calcium-ha-filler\/","og_locale":"es_MX","og_type":"article","og_title":"GANA CH (Calcium + HA filler) - Skin Heal","og_description":"Visit Skin Heal to order GANA CH \u2013 a potent HA filler with calcium. GANA CH is easy-to-use during wrinkle removal and facial augmentation procedures.","og_url":"https:\/\/skin-heal.com\/es\/producto\/gana-ch-calcium-ha-filler\/","og_site_name":"Skin Heal","article_modified_time":"2023-02-22T09:42:37+00:00","og_image":[{"width":600,"height":600,"url":"https:\/\/cdn.skin-heal.com\/wp-content\/uploads\/2019\/06\/GANA-CH.jpg","type":"image\/jpeg"}],"twitter_card":"summary_large_image","twitter_misc":{"Tiempo de lectura":"1 minuto"},"schema":{"@context":"https:\/\/schema.org","@graph":[{"@type":"WebPage","@id":"https:\/\/skin-heal.com\/product\/gana-ch-calcium-ha-filler\/","url":"https:\/\/skin-heal.com\/product\/gana-ch-calcium-ha-filler\/","name":"GANA CH (Relleno de calcio + HA) - Skin Heal","isPartOf":{"@id":"https:\/\/skin-heal.com\/#website"},"primaryImageOfPage":{"@id":"https:\/\/skin-heal.com\/product\/gana-ch-calcium-ha-filler\/#primaryimage"},"image":{"@id":"https:\/\/skin-heal.com\/product\/gana-ch-calcium-ha-filler\/#primaryimage"},"thumbnailUrl":"https:\/\/cdn.skin-heal.com\/wp-content\/uploads\/2019\/06\/GANA-CH.jpg","datePublished":"2019-06-21T13:05:45+00:00","dateModified":"2023-02-22T09:42:37+00:00","description":"Visite Skin Heal para solicitar GANA CH, un potente relleno de HA con calcio. GANA CH es f\u00e1cil de usar durante los procedimientos de eliminaci\u00f3n de arrugas y aumento facial.","breadcrumb":{"@id":"https:\/\/skin-heal.com\/product\/gana-ch-calcium-ha-filler\/#breadcrumb"},"inLanguage":"es","potentialAction":[{"@type":"ReadAction","target":["https:\/\/skin-heal.com\/product\/gana-ch-calcium-ha-filler\/"]}]},{"@type":"ImageObject","inLanguage":"es","@id":"https:\/\/skin-heal.com\/product\/gana-ch-calcium-ha-filler\/#primaryimage","url":"https:\/\/cdn.skin-heal.com\/wp-content\/uploads\/2019\/06\/GANA-CH.jpg","contentUrl":"https:\/\/cdn.skin-heal.com\/wp-content\/uploads\/2019\/06\/GANA-CH.jpg","width":600,"height":600,"caption":"GANA CH"},{"@type":"BreadcrumbList","@id":"https:\/\/skin-heal.com\/product\/gana-ch-calcium-ha-filler\/#breadcrumb","itemListElement":[{"@type":"ListItem","position":1,"name":"Home","item":"https:\/\/skin-heal.com\/"},{"@type":"ListItem","position":2,"name":"Store","item":"https:\/\/skin-heal.com\/store\/"},{"@type":"ListItem","position":3,"name":"GANA CH (Calcium + HA filler)"}]},{"@type":"WebSite","@id":"https:\/\/skin-heal.com\/#website","url":"https:\/\/skin-heal.com\/","name":"Curaci\u00f3n de la piel","description":"Los precios m\u00e1s bajos para los rellenos d\u00e9rmicos","potentialAction":[{"@type":"SearchAction","target":{"@type":"EntryPoint","urlTemplate":"https:\/\/skin-heal.com\/?s={search_term_string}"},"query-input":{"@type":"PropertyValueSpecification","valueRequired":true,"valueName":"search_term_string"}}],"inLanguage":"es"}]}},"_links":{"self":[{"href":"https:\/\/skin-heal.com\/es\/wp-json\/wp\/v2\/product\/4039","targetHints":{"allow":["GET"]}}],"collection":[{"href":"https:\/\/skin-heal.com\/es\/wp-json\/wp\/v2\/product"}],"about":[{"href":"https:\/\/skin-heal.com\/es\/wp-json\/wp\/v2\/types\/product"}],"wp:featuredmedia":[{"embeddable":true,"href":"https:\/\/skin-heal.com\/es\/wp-json\/wp\/v2\/media\/4055"}],"wp:attachment":[{"href":"https:\/\/skin-heal.com\/es\/wp-json\/wp\/v2\/media?parent=4039"}],"wp:term":[{"taxonomy":"product_brand","embeddable":true,"href":"https:\/\/skin-heal.com\/es\/wp-json\/wp\/v2\/product_brand?post=4039"},{"taxonomy":"product_cat","embeddable":true,"href":"https:\/\/skin-heal.com\/es\/wp-json\/wp\/v2\/product_cat?post=4039"},{"taxonomy":"product_tag","embeddable":true,"href":"https:\/\/skin-heal.com\/es\/wp-json\/wp\/v2\/product_tag?post=4039"}],"curies":[{"name":"wp","href":"https:\/\/api.w.org\/{rel}","templated":true}]}}