{"id":4040,"date":"2019-06-21T16:05:39","date_gmt":"2019-06-21T16:05:39","guid":{"rendered":"https:\/\/skin-heal.com\/?post_type=product&#038;p=4040"},"modified":"2021-09-14T12:07:37","modified_gmt":"2021-09-14T12:07:37","slug":"gana-pns-pdrn-filler","status":"publish","type":"product","link":"https:\/\/skin-heal.com\/es\/producto\/gana-pns-pdrn-filler\/","title":{"rendered":"GANA PNS (relleno PDRN)"},"content":{"rendered":"<h3>Rejuvenece, repara, rellena e hidrata<\/h3>\n<p>Los signos m\u00e1s comunes del envejecimiento son la p\u00e9rdida de volumen, la piel seca, las depresiones cut\u00e1neas y las arrugas, la flacidez y la reducci\u00f3n de la elasticidad de la piel. Cada uno de ellos est\u00e1 causado por una cosa diferente: la ca\u00edda de la producci\u00f3n de col\u00e1geno, el envejecimiento de las c\u00e9lulas de la piel, la gen\u00e9tica, el estilo de vida, etc. Por lo tanto, la mayor\u00eda de <u>rellenos d\u00e9rmicos profesionales<\/u> se centran en corregir s\u00f3lo uno o dos de los signos de envejecimiento mencionados. GANA PNS, sin embargo, tiene objetivos m\u00e1s altos y m\u00e1s audaces y fue dise\u00f1ado para:<\/p>\n<ul>\n<li><em>Aumenta la elasticidad de la piel<\/em><\/li>\n<li><em>Proporcionar un rejuvenecimiento cosm\u00e9tico profundo<\/em><\/li>\n<li><em>Repara las c\u00e9lulas d\u00e9rmicas envejecidas, da\u00f1adas y cansadas<\/em><\/li>\n<li><em>Evitar la flacidez<\/em><\/li>\n<li><em>Rellenar las arrugas y las depresiones del rostro<\/em><\/li>\n<li><em>Hidratar la piel<\/em><\/li>\n<\/ul>\n<p>Algunos de sus brillantes superpoderes pueden atribuirse a los 20mg\/cc de \u00c1cido Hialur\u00f3nico reticulado de su f\u00f3rmula. Este <u>sustancia sin riesgo y disoluble<\/u> corrige inmediatamente las l\u00edneas y arrugas, rehidrata la dermis e incluso mejora su textura. De todo lo dem\u00e1s se encarga el PDRN que se encuentra en este relleno purificado de tejidos blandos. El poliodeoxirribonucle\u00f3tido es un compuesto \u00fanico extra\u00eddo del esperma de salm\u00f3n. Es seguro, biocompatible y ayuda al organismo a regenerar las c\u00e9lulas cut\u00e1neas da\u00f1adas para proporcionar a los pacientes <em>totalmente natural y muy duradero<\/em> resultados del tratamiento antienvejecimiento.<\/p>\n<h3>\u00bfD\u00f3nde y c\u00f3mo se inyecta este producto?<\/h3>\n<p>GANA PNS puede aplicarse con seguridad a <em>varias zonas de la cara<\/em> mediante inyecci\u00f3n. Cada sesi\u00f3n de tratamiento dura aproximadamente 20 minutos y debe ser realizada por un cirujano est\u00e9tico certificado.<\/p>","protected":false},"excerpt":{"rendered":"<p><em>Relleno de PDRN de venta r\u00e1pida GANA PNS<\/em> act\u00faa como un <strong>estimulador de col\u00e1geno<\/strong> que elimina las arrugas y los pliegues, restaura el volumen facial que se ha perdido como resultado del proceso natural de envejecimiento y da a la piel un aspecto fresco y juvenil. Adem\u00e1s de fomentar la producci\u00f3n de col\u00e1geno, esta inyecci\u00f3n de relleno de primera categor\u00eda tambi\u00e9n utiliza HA para mejorar el equilibrio h\u00eddrico y la textura de la piel. Skin Heal est\u00e1 preparado para ofrecerle este producto con un r\u00e1pido env\u00edo internacional.<\/p>","protected":false},"featured_media":4056,"template":"","meta":[],"product_brand":[],"product_cat":[79,104,105],"product_tag":[],"class_list":{"0":"post-4040","1":"product","2":"type-product","3":"status-publish","4":"has-post-thumbnail","6":"product_cat-dermal-fillers","7":"product_cat-gana","8":"product_cat-gana-rd","9":"clearfix","11":"first","12":"outofstock","13":"taxable","14":"shipping-taxable","15":"purchasable","16":"product-type-simple"},"yoast_head":"<!-- This site is optimized with the Yoast SEO plugin v27.4 - https:\/\/yoast.com\/product\/yoast-seo-wordpress\/ -->\n<title>GANA PNS (PDRN filler) - Skin Heal<\/title>\n<meta name=\"description\" content=\"With GANA PNS, patients enjoy an all-natural anti-aging treatment. Sold by Skin Heal, GANA PNS is a modern PDRN skin filler which restores skin cells.\" \/>\n<meta name=\"robots\" content=\"index, follow, max-snippet:-1, max-image-preview:large, max-video-preview:-1\" \/>\n<link rel=\"canonical\" href=\"https:\/\/skin-heal.com\/es\/producto\/gana-pns-pdrn-filler\/\" \/>\n<meta property=\"og:locale\" content=\"es_MX\" \/>\n<meta property=\"og:type\" content=\"article\" \/>\n<meta property=\"og:title\" content=\"GANA PNS (PDRN filler) - Skin Heal\" \/>\n<meta property=\"og:description\" content=\"With GANA PNS, patients enjoy an all-natural anti-aging treatment. Sold by Skin Heal, GANA PNS is a modern PDRN skin filler which restores skin cells.\" \/>\n<meta property=\"og:url\" content=\"https:\/\/skin-heal.com\/es\/producto\/gana-pns-pdrn-filler\/\" \/>\n<meta property=\"og:site_name\" content=\"Skin Heal\" \/>\n<meta property=\"article:modified_time\" content=\"2021-09-14T12:07:37+00:00\" \/>\n<meta property=\"og:image\" content=\"https:\/\/cdn.skin-heal.com\/wp-content\/uploads\/2019\/06\/GANA-PNS.jpg\" \/>\n\t<meta property=\"og:image:width\" content=\"600\" \/>\n\t<meta property=\"og:image:height\" content=\"600\" \/>\n\t<meta property=\"og:image:type\" content=\"image\/jpeg\" \/>\n<meta name=\"twitter:card\" content=\"summary_large_image\" \/>\n<meta name=\"twitter:label1\" content=\"Tiempo de lectura\" \/>\n\t<meta name=\"twitter:data1\" content=\"1 minuto\" \/>\n<script type=\"application\/ld+json\" class=\"yoast-schema-graph\">{\"@context\":\"https:\\\/\\\/schema.org\",\"@graph\":[{\"@type\":\"WebPage\",\"@id\":\"https:\\\/\\\/skin-heal.com\\\/product\\\/gana-pns-pdrn-filler\\\/\",\"url\":\"https:\\\/\\\/skin-heal.com\\\/product\\\/gana-pns-pdrn-filler\\\/\",\"name\":\"GANA PNS (PDRN filler) - Skin Heal\",\"isPartOf\":{\"@id\":\"https:\\\/\\\/skin-heal.com\\\/#website\"},\"primaryImageOfPage\":{\"@id\":\"https:\\\/\\\/skin-heal.com\\\/product\\\/gana-pns-pdrn-filler\\\/#primaryimage\"},\"image\":{\"@id\":\"https:\\\/\\\/skin-heal.com\\\/product\\\/gana-pns-pdrn-filler\\\/#primaryimage\"},\"thumbnailUrl\":\"https:\\\/\\\/skin-heal.com\\\/wp-content\\\/uploads\\\/2019\\\/06\\\/GANA-PNS.jpg\",\"datePublished\":\"2019-06-21T16:05:39+00:00\",\"dateModified\":\"2021-09-14T12:07:37+00:00\",\"description\":\"With GANA PNS, patients enjoy an all-natural anti-aging treatment. Sold by Skin Heal, GANA PNS is a modern PDRN skin filler which restores skin cells.\",\"breadcrumb\":{\"@id\":\"https:\\\/\\\/skin-heal.com\\\/product\\\/gana-pns-pdrn-filler\\\/#breadcrumb\"},\"inLanguage\":\"es\",\"potentialAction\":[{\"@type\":\"ReadAction\",\"target\":[\"https:\\\/\\\/skin-heal.com\\\/product\\\/gana-pns-pdrn-filler\\\/\"]}]},{\"@type\":\"ImageObject\",\"inLanguage\":\"es\",\"@id\":\"https:\\\/\\\/skin-heal.com\\\/product\\\/gana-pns-pdrn-filler\\\/#primaryimage\",\"url\":\"https:\\\/\\\/skin-heal.com\\\/wp-content\\\/uploads\\\/2019\\\/06\\\/GANA-PNS.jpg\",\"contentUrl\":\"https:\\\/\\\/skin-heal.com\\\/wp-content\\\/uploads\\\/2019\\\/06\\\/GANA-PNS.jpg\",\"width\":600,\"height\":600,\"caption\":\"GANA PNS\"},{\"@type\":\"BreadcrumbList\",\"@id\":\"https:\\\/\\\/skin-heal.com\\\/product\\\/gana-pns-pdrn-filler\\\/#breadcrumb\",\"itemListElement\":[{\"@type\":\"ListItem\",\"position\":1,\"name\":\"Home\",\"item\":\"https:\\\/\\\/skin-heal.com\\\/\"},{\"@type\":\"ListItem\",\"position\":2,\"name\":\"Store\",\"item\":\"https:\\\/\\\/skin-heal.com\\\/store\\\/\"},{\"@type\":\"ListItem\",\"position\":3,\"name\":\"GANA PNS (PDRN filler)\"}]},{\"@type\":\"WebSite\",\"@id\":\"https:\\\/\\\/skin-heal.com\\\/#website\",\"url\":\"https:\\\/\\\/skin-heal.com\\\/\",\"name\":\"Skin Heal\",\"description\":\"Lowest Prices for Dermal Fillers\",\"potentialAction\":[{\"@type\":\"SearchAction\",\"target\":{\"@type\":\"EntryPoint\",\"urlTemplate\":\"https:\\\/\\\/skin-heal.com\\\/?s={search_term_string}\"},\"query-input\":{\"@type\":\"PropertyValueSpecification\",\"valueRequired\":true,\"valueName\":\"search_term_string\"}}],\"inLanguage\":\"es\"}]}<\/script>\n<!-- \/ Yoast SEO plugin. -->","yoast_head_json":{"title":"GANA PNS (relleno PDRN) - Skin Heal","description":"Con GANA PNS, los pacientes disfrutan de un tratamiento antienvejecimiento totalmente natural. Comercializado por Skin Heal, GANA PNS es un moderno relleno cut\u00e1neo PDRN que restaura las c\u00e9lulas de la piel.","robots":{"index":"index","follow":"follow","max-snippet":"max-snippet:-1","max-image-preview":"max-image-preview:large","max-video-preview":"max-video-preview:-1"},"canonical":"https:\/\/skin-heal.com\/es\/producto\/gana-pns-pdrn-filler\/","og_locale":"es_MX","og_type":"article","og_title":"GANA PNS (PDRN filler) - Skin Heal","og_description":"With GANA PNS, patients enjoy an all-natural anti-aging treatment. Sold by Skin Heal, GANA PNS is a modern PDRN skin filler which restores skin cells.","og_url":"https:\/\/skin-heal.com\/es\/producto\/gana-pns-pdrn-filler\/","og_site_name":"Skin Heal","article_modified_time":"2021-09-14T12:07:37+00:00","og_image":[{"width":600,"height":600,"url":"https:\/\/cdn.skin-heal.com\/wp-content\/uploads\/2019\/06\/GANA-PNS.jpg","type":"image\/jpeg"}],"twitter_card":"summary_large_image","twitter_misc":{"Tiempo de lectura":"1 minuto"},"schema":{"@context":"https:\/\/schema.org","@graph":[{"@type":"WebPage","@id":"https:\/\/skin-heal.com\/product\/gana-pns-pdrn-filler\/","url":"https:\/\/skin-heal.com\/product\/gana-pns-pdrn-filler\/","name":"GANA PNS (relleno PDRN) - Skin Heal","isPartOf":{"@id":"https:\/\/skin-heal.com\/#website"},"primaryImageOfPage":{"@id":"https:\/\/skin-heal.com\/product\/gana-pns-pdrn-filler\/#primaryimage"},"image":{"@id":"https:\/\/skin-heal.com\/product\/gana-pns-pdrn-filler\/#primaryimage"},"thumbnailUrl":"https:\/\/cdn.skin-heal.com\/wp-content\/uploads\/2019\/06\/GANA-PNS.jpg","datePublished":"2019-06-21T16:05:39+00:00","dateModified":"2021-09-14T12:07:37+00:00","description":"Con GANA PNS, los pacientes disfrutan de un tratamiento antienvejecimiento totalmente natural. Comercializado por Skin Heal, GANA PNS es un moderno relleno cut\u00e1neo PDRN que restaura las c\u00e9lulas de la piel.","breadcrumb":{"@id":"https:\/\/skin-heal.com\/product\/gana-pns-pdrn-filler\/#breadcrumb"},"inLanguage":"es","potentialAction":[{"@type":"ReadAction","target":["https:\/\/skin-heal.com\/product\/gana-pns-pdrn-filler\/"]}]},{"@type":"ImageObject","inLanguage":"es","@id":"https:\/\/skin-heal.com\/product\/gana-pns-pdrn-filler\/#primaryimage","url":"https:\/\/cdn.skin-heal.com\/wp-content\/uploads\/2019\/06\/GANA-PNS.jpg","contentUrl":"https:\/\/cdn.skin-heal.com\/wp-content\/uploads\/2019\/06\/GANA-PNS.jpg","width":600,"height":600,"caption":"GANA PNS"},{"@type":"BreadcrumbList","@id":"https:\/\/skin-heal.com\/product\/gana-pns-pdrn-filler\/#breadcrumb","itemListElement":[{"@type":"ListItem","position":1,"name":"Home","item":"https:\/\/skin-heal.com\/"},{"@type":"ListItem","position":2,"name":"Store","item":"https:\/\/skin-heal.com\/store\/"},{"@type":"ListItem","position":3,"name":"GANA PNS (PDRN filler)"}]},{"@type":"WebSite","@id":"https:\/\/skin-heal.com\/#website","url":"https:\/\/skin-heal.com\/","name":"Curaci\u00f3n de la piel","description":"Los precios m\u00e1s bajos para los rellenos d\u00e9rmicos","potentialAction":[{"@type":"SearchAction","target":{"@type":"EntryPoint","urlTemplate":"https:\/\/skin-heal.com\/?s={search_term_string}"},"query-input":{"@type":"PropertyValueSpecification","valueRequired":true,"valueName":"search_term_string"}}],"inLanguage":"es"}]}},"_links":{"self":[{"href":"https:\/\/skin-heal.com\/es\/wp-json\/wp\/v2\/product\/4040","targetHints":{"allow":["GET"]}}],"collection":[{"href":"https:\/\/skin-heal.com\/es\/wp-json\/wp\/v2\/product"}],"about":[{"href":"https:\/\/skin-heal.com\/es\/wp-json\/wp\/v2\/types\/product"}],"wp:featuredmedia":[{"embeddable":true,"href":"https:\/\/skin-heal.com\/es\/wp-json\/wp\/v2\/media\/4056"}],"wp:attachment":[{"href":"https:\/\/skin-heal.com\/es\/wp-json\/wp\/v2\/media?parent=4040"}],"wp:term":[{"taxonomy":"product_brand","embeddable":true,"href":"https:\/\/skin-heal.com\/es\/wp-json\/wp\/v2\/product_brand?post=4040"},{"taxonomy":"product_cat","embeddable":true,"href":"https:\/\/skin-heal.com\/es\/wp-json\/wp\/v2\/product_cat?post=4040"},{"taxonomy":"product_tag","embeddable":true,"href":"https:\/\/skin-heal.com\/es\/wp-json\/wp\/v2\/product_tag?post=4040"}],"curies":[{"name":"wp","href":"https:\/\/api.w.org\/{rel}","templated":true}]}}