{"id":5116,"date":"2019-07-11T10:05:06","date_gmt":"2019-07-11T10:05:06","guid":{"rendered":"https:\/\/skin-heal.com\/?post_type=product&#038;p=5116"},"modified":"2023-01-05T19:18:12","modified_gmt":"2023-01-05T17:18:12","slug":"revofil-aquashine-1-x-2ml","status":"publish","type":"product","link":"https:\/\/skin-heal.com\/es\/producto\/revofil-aquashine-1-x-2ml\/","title":{"rendered":"Revofil Aquashine (1 x 2ml)"},"content":{"rendered":"<p>El secreto de este relleno de \u00e1cido hialur\u00f3nico es la combinaci\u00f3n de las propiedades rejuvenecedoras del AH con el poder de los p\u00e9ptidos biomim\u00e9ticos, utilizando una tecnolog\u00eda de producci\u00f3n especial para un efecto cosm\u00e9tico \u00f3ptimo. Los p\u00e9ptidos hacen que el gel inyectable de AH tenga una viscoelasticidad mucho mayor y aumentan la duraci\u00f3n de su efecto de forma significativa. \u00bfEl resultado final? Un rejuvenecimiento duradero de la piel combinado con la eliminaci\u00f3n inmediata de las arrugas superficiales.<\/p>\n<p>Adem\u00e1s de los p\u00e9ptidos. Aqushine ayuda a la piel utilizando el <strong>\u00c1cido hialur\u00f3nico<\/strong> que tiene un papel importante en los procesos de hidrataci\u00f3n dentro de la piel. Adem\u00e1s, hay un complejo especial de vitaminas, nutrientes y minerales, que mejorar\u00e1 la salud general de la piel en la zona inyectada. Esta es una excelente soluci\u00f3n para <span style=\"text-decoration: underline;\">tratamiento de la piel \u00e1spera y seca<\/span>.<\/p>\n<h3>Uso de Revofil Aquashine<\/h3>\n<p>Utilizando <strong>Aquashine<\/strong>En la actualidad, los dermat\u00f3logos pueden tratar el envejecimiento y la deshidrataci\u00f3n de la piel en varias zonas de la cara y el cuello. El relleno viene listo para su uso directo, sin necesidad de herramientas adicionales. El conjunto de caracter\u00edsticas incluye:<\/p>\n<ul>\n<li>Una jeringa precargada de 2 ml de gel de AH con p\u00e9ptidos y complejo vitam\u00ednico-mineral<\/li>\n<li>Aguja 32G \u00bd para la inyecci\u00f3n del relleno<\/li>\n<li>Concentraci\u00f3n del \u00e1cido hialur\u00f3nico en el gel de 15mg\/ml<\/li>\n<\/ul>","protected":false},"excerpt":{"rendered":"<p>Aquashine de Revofil es uno de los productos antiedad m\u00e1s eficaces de uso profesional disponibles en el mercado. Se trata de un tipo de relleno revolucionario que proporciona a los pacientes un efecto duradero que va m\u00e1s all\u00e1 de la eliminaci\u00f3n inmediata de las arrugas superficiales o las l\u00edneas de la piel poco profundas. El producto es tambi\u00e9n una soluci\u00f3n de mesoterapia que utiliza el efecto beneficioso de los p\u00e9ptidos y un complejo especial de vitaminas y minerales para mejorar el estado general de la piel durante un per\u00edodo prolongado.<\/p>","protected":false},"featured_media":5118,"template":"","meta":[],"product_brand":[],"product_cat":[106,82,79,80,150,144],"product_tag":[145],"class_list":{"0":"post-5116","1":"product","2":"type-product","3":"status-publish","4":"has-post-thumbnail","6":"product_cat-aquashine","7":"product_cat-caregen","8":"product_cat-dermal-fillers","9":"product_cat-mesotherapy","10":"product_cat-revofil","11":"product_cat-holiday-mega-sale","12":"product_tag-5off","13":"clearfix","15":"first","16":"instock","17":"sale","18":"taxable","19":"shipping-taxable","20":"purchasable","21":"product-type-simple"},"yoast_head":"<!-- This site is optimized with the Yoast SEO plugin v27.3 - https:\/\/yoast.com\/product\/yoast-seo-wordpress\/ -->\n<title>Revofil Aquashine (1 x 2ml) - Skin Heal<\/title>\n<meta name=\"description\" content=\"Full skin rejuvenation with Revofil\u2019s Aquashine filler with mesotherapy effect, which combines the effects of Hyaluronic Acid and biomimetic peptides.\" \/>\n<meta name=\"robots\" content=\"index, follow, max-snippet:-1, max-image-preview:large, max-video-preview:-1\" \/>\n<link rel=\"canonical\" href=\"https:\/\/skin-heal.com\/es\/producto\/revofil-aquashine-1-x-2ml\/\" \/>\n<meta property=\"og:locale\" content=\"es_MX\" \/>\n<meta property=\"og:type\" content=\"article\" \/>\n<meta property=\"og:title\" content=\"Revofil Aquashine (1 x 2ml) - Skin Heal\" \/>\n<meta property=\"og:description\" content=\"Full skin rejuvenation with Revofil\u2019s Aquashine filler with mesotherapy effect, which combines the effects of Hyaluronic Acid and biomimetic peptides.\" \/>\n<meta property=\"og:url\" content=\"https:\/\/skin-heal.com\/es\/producto\/revofil-aquashine-1-x-2ml\/\" \/>\n<meta property=\"og:site_name\" content=\"Skin Heal\" \/>\n<meta property=\"article:modified_time\" content=\"2023-01-05T17:18:12+00:00\" \/>\n<meta property=\"og:image\" content=\"https:\/\/cdn.skin-heal.com\/wp-content\/uploads\/2019\/07\/Aquashine-1.jpg\" \/>\n\t<meta property=\"og:image:width\" content=\"600\" \/>\n\t<meta property=\"og:image:height\" content=\"600\" \/>\n\t<meta property=\"og:image:type\" content=\"image\/jpeg\" \/>\n<meta name=\"twitter:card\" content=\"summary_large_image\" \/>\n<meta name=\"twitter:label1\" content=\"Tiempo de lectura\" \/>\n\t<meta name=\"twitter:data1\" content=\"1 minuto\" \/>\n<script type=\"application\/ld+json\" class=\"yoast-schema-graph\">{\"@context\":\"https:\\\/\\\/schema.org\",\"@graph\":[{\"@type\":\"WebPage\",\"@id\":\"https:\\\/\\\/skin-heal.com\\\/product\\\/revofil-aquashine-1-x-2ml\\\/\",\"url\":\"https:\\\/\\\/skin-heal.com\\\/product\\\/revofil-aquashine-1-x-2ml\\\/\",\"name\":\"Revofil Aquashine (1 x 2ml) - Skin Heal\",\"isPartOf\":{\"@id\":\"https:\\\/\\\/skin-heal.com\\\/#website\"},\"primaryImageOfPage\":{\"@id\":\"https:\\\/\\\/skin-heal.com\\\/product\\\/revofil-aquashine-1-x-2ml\\\/#primaryimage\"},\"image\":{\"@id\":\"https:\\\/\\\/skin-heal.com\\\/product\\\/revofil-aquashine-1-x-2ml\\\/#primaryimage\"},\"thumbnailUrl\":\"https:\\\/\\\/skin-heal.com\\\/wp-content\\\/uploads\\\/2019\\\/07\\\/Aquashine-1.jpg\",\"datePublished\":\"2019-07-11T10:05:06+00:00\",\"dateModified\":\"2023-01-05T17:18:12+00:00\",\"description\":\"Full skin rejuvenation with Revofil\u2019s Aquashine filler with mesotherapy effect, which combines the effects of Hyaluronic Acid and biomimetic peptides.\",\"breadcrumb\":{\"@id\":\"https:\\\/\\\/skin-heal.com\\\/product\\\/revofil-aquashine-1-x-2ml\\\/#breadcrumb\"},\"inLanguage\":\"es\",\"potentialAction\":[{\"@type\":\"ReadAction\",\"target\":[\"https:\\\/\\\/skin-heal.com\\\/product\\\/revofil-aquashine-1-x-2ml\\\/\"]}]},{\"@type\":\"ImageObject\",\"inLanguage\":\"es\",\"@id\":\"https:\\\/\\\/skin-heal.com\\\/product\\\/revofil-aquashine-1-x-2ml\\\/#primaryimage\",\"url\":\"https:\\\/\\\/skin-heal.com\\\/wp-content\\\/uploads\\\/2019\\\/07\\\/Aquashine-1.jpg\",\"contentUrl\":\"https:\\\/\\\/skin-heal.com\\\/wp-content\\\/uploads\\\/2019\\\/07\\\/Aquashine-1.jpg\",\"width\":600,\"height\":600,\"caption\":\"Aquashine\"},{\"@type\":\"BreadcrumbList\",\"@id\":\"https:\\\/\\\/skin-heal.com\\\/product\\\/revofil-aquashine-1-x-2ml\\\/#breadcrumb\",\"itemListElement\":[{\"@type\":\"ListItem\",\"position\":1,\"name\":\"Home\",\"item\":\"https:\\\/\\\/skin-heal.com\\\/\"},{\"@type\":\"ListItem\",\"position\":2,\"name\":\"Store\",\"item\":\"https:\\\/\\\/skin-heal.com\\\/store\\\/\"},{\"@type\":\"ListItem\",\"position\":3,\"name\":\"Revofil Aquashine (1 x 2ml)\"}]},{\"@type\":\"WebSite\",\"@id\":\"https:\\\/\\\/skin-heal.com\\\/#website\",\"url\":\"https:\\\/\\\/skin-heal.com\\\/\",\"name\":\"Skin Heal\",\"description\":\"Lowest Prices for Dermal Fillers\",\"potentialAction\":[{\"@type\":\"SearchAction\",\"target\":{\"@type\":\"EntryPoint\",\"urlTemplate\":\"https:\\\/\\\/skin-heal.com\\\/?s={search_term_string}\"},\"query-input\":{\"@type\":\"PropertyValueSpecification\",\"valueRequired\":true,\"valueName\":\"search_term_string\"}}],\"inLanguage\":\"es\"}]}<\/script>\n<!-- \/ Yoast SEO plugin. -->","yoast_head_json":{"title":"Revofil Aquashine (1 x 2ml) - Skin Heal","description":"Rejuvenecimiento completo de la piel con el relleno Aquashine de Revofil con efecto mesoterapia, que combina los efectos del \u00c1cido Hialur\u00f3nico y los p\u00e9ptidos biomim\u00e9ticos.","robots":{"index":"index","follow":"follow","max-snippet":"max-snippet:-1","max-image-preview":"max-image-preview:large","max-video-preview":"max-video-preview:-1"},"canonical":"https:\/\/skin-heal.com\/es\/producto\/revofil-aquashine-1-x-2ml\/","og_locale":"es_MX","og_type":"article","og_title":"Revofil Aquashine (1 x 2ml) - Skin Heal","og_description":"Full skin rejuvenation with Revofil\u2019s Aquashine filler with mesotherapy effect, which combines the effects of Hyaluronic Acid and biomimetic peptides.","og_url":"https:\/\/skin-heal.com\/es\/producto\/revofil-aquashine-1-x-2ml\/","og_site_name":"Skin Heal","article_modified_time":"2023-01-05T17:18:12+00:00","og_image":[{"width":600,"height":600,"url":"https:\/\/cdn.skin-heal.com\/wp-content\/uploads\/2019\/07\/Aquashine-1.jpg","type":"image\/jpeg"}],"twitter_card":"summary_large_image","twitter_misc":{"Tiempo de lectura":"1 minuto"},"schema":{"@context":"https:\/\/schema.org","@graph":[{"@type":"WebPage","@id":"https:\/\/skin-heal.com\/product\/revofil-aquashine-1-x-2ml\/","url":"https:\/\/skin-heal.com\/product\/revofil-aquashine-1-x-2ml\/","name":"Revofil Aquashine (1 x 2ml) - Skin Heal","isPartOf":{"@id":"https:\/\/skin-heal.com\/#website"},"primaryImageOfPage":{"@id":"https:\/\/skin-heal.com\/product\/revofil-aquashine-1-x-2ml\/#primaryimage"},"image":{"@id":"https:\/\/skin-heal.com\/product\/revofil-aquashine-1-x-2ml\/#primaryimage"},"thumbnailUrl":"https:\/\/cdn.skin-heal.com\/wp-content\/uploads\/2019\/07\/Aquashine-1.jpg","datePublished":"2019-07-11T10:05:06+00:00","dateModified":"2023-01-05T17:18:12+00:00","description":"Rejuvenecimiento completo de la piel con el relleno Aquashine de Revofil con efecto mesoterapia, que combina los efectos del \u00c1cido Hialur\u00f3nico y los p\u00e9ptidos biomim\u00e9ticos.","breadcrumb":{"@id":"https:\/\/skin-heal.com\/product\/revofil-aquashine-1-x-2ml\/#breadcrumb"},"inLanguage":"es","potentialAction":[{"@type":"ReadAction","target":["https:\/\/skin-heal.com\/product\/revofil-aquashine-1-x-2ml\/"]}]},{"@type":"ImageObject","inLanguage":"es","@id":"https:\/\/skin-heal.com\/product\/revofil-aquashine-1-x-2ml\/#primaryimage","url":"https:\/\/cdn.skin-heal.com\/wp-content\/uploads\/2019\/07\/Aquashine-1.jpg","contentUrl":"https:\/\/cdn.skin-heal.com\/wp-content\/uploads\/2019\/07\/Aquashine-1.jpg","width":600,"height":600,"caption":"Aquashine"},{"@type":"BreadcrumbList","@id":"https:\/\/skin-heal.com\/product\/revofil-aquashine-1-x-2ml\/#breadcrumb","itemListElement":[{"@type":"ListItem","position":1,"name":"Home","item":"https:\/\/skin-heal.com\/"},{"@type":"ListItem","position":2,"name":"Store","item":"https:\/\/skin-heal.com\/store\/"},{"@type":"ListItem","position":3,"name":"Revofil Aquashine (1 x 2ml)"}]},{"@type":"WebSite","@id":"https:\/\/skin-heal.com\/#website","url":"https:\/\/skin-heal.com\/","name":"Curaci\u00f3n de la piel","description":"Los precios m\u00e1s bajos para los rellenos d\u00e9rmicos","potentialAction":[{"@type":"SearchAction","target":{"@type":"EntryPoint","urlTemplate":"https:\/\/skin-heal.com\/?s={search_term_string}"},"query-input":{"@type":"PropertyValueSpecification","valueRequired":true,"valueName":"search_term_string"}}],"inLanguage":"es"}]}},"_links":{"self":[{"href":"https:\/\/skin-heal.com\/es\/wp-json\/wp\/v2\/product\/5116","targetHints":{"allow":["GET"]}}],"collection":[{"href":"https:\/\/skin-heal.com\/es\/wp-json\/wp\/v2\/product"}],"about":[{"href":"https:\/\/skin-heal.com\/es\/wp-json\/wp\/v2\/types\/product"}],"wp:featuredmedia":[{"embeddable":true,"href":"https:\/\/skin-heal.com\/es\/wp-json\/wp\/v2\/media\/5118"}],"wp:attachment":[{"href":"https:\/\/skin-heal.com\/es\/wp-json\/wp\/v2\/media?parent=5116"}],"wp:term":[{"taxonomy":"product_brand","embeddable":true,"href":"https:\/\/skin-heal.com\/es\/wp-json\/wp\/v2\/product_brand?post=5116"},{"taxonomy":"product_cat","embeddable":true,"href":"https:\/\/skin-heal.com\/es\/wp-json\/wp\/v2\/product_cat?post=5116"},{"taxonomy":"product_tag","embeddable":true,"href":"https:\/\/skin-heal.com\/es\/wp-json\/wp\/v2\/product_tag?post=5116"}],"curies":[{"name":"wp","href":"https:\/\/api.w.org\/{rel}","templated":true}]}}