{"id":5117,"date":"2019-07-11T10:05:22","date_gmt":"2019-07-11T10:05:22","guid":{"rendered":"https:\/\/skin-heal.com\/?post_type=product&#038;p=5117"},"modified":"2023-01-05T19:18:11","modified_gmt":"2023-01-05T17:18:11","slug":"revofil-aquashine-br-1-x-2ml","status":"publish","type":"product","link":"https:\/\/skin-heal.com\/es\/producto\/revofil-aquashine-br-1-x-2ml\/","title":{"rendered":"Revofil Aquashine BR (1 x 2ml)"},"content":{"rendered":"<p>La mayor\u00eda de los rellenos d\u00e9rmicos se basan en el \u00e1cido hialur\u00f3nico y <strong>Aquashine BR<\/strong> no es una excepci\u00f3n. Se trata de una potente sustancia natural, que tambi\u00e9n se encuentra en el cuerpo humano, que ayuda a la piel a hidratarse adecuadamente. En forma de gel inyectable, es mucho m\u00e1s estable y resistente al metabolismo, lo que le permite hidratar la piel durante m\u00e1s tiempo y <u>rellenar las arrugas superficiales de forma natural<\/u>.<\/p>\n<p>Debido a que Aquashine BR combina p\u00e9ptidos con el AH dentro del gel, el producto final es mucho m\u00e1s duradero y efectivo, tiene una mejor viscoelasticidad y su efecto es notablemente m\u00e1s duradero. Adem\u00e1s, esta incre\u00edble soluci\u00f3n de belleza contiene: <em>14 vitaminas, 4 p\u00e9ptidos, una coenzima, 24 amino\u00e1cidos, 8 minerales<\/em>. Este rico complejo de ingredientes activos y nutrientes cuida la piel del paciente durante un largo periodo de tiempo, rejuveneci\u00e9ndola adecuadamente e invirtiendo los procesos naturales de envejecimiento, as\u00ed como los efectos negativos de factores ambientales nocivos como la contaminaci\u00f3n, la exposici\u00f3n al sol, etc.<\/p>\n<p>Por \u00faltimo, pero no menos importante, Aquashine BR tiene un <strong>efecto luminoso de la piel<\/strong>. Tratar los problemas relacionados con el oscurecimiento de la piel, como resultado de la producci\u00f3n excesiva de melanina o para eliminar las pecas.<\/p>\n<h3>Caracter\u00edsticas de Aquashine BR<\/h3>\n<ul>\n<li>Concentraci\u00f3n de \u00e1cido hialur\u00f3nico - 15mg\/ml<\/li>\n<li>Un complejo de vitaminas, minerales, nutrientes y otros ingredientes activos<\/li>\n<li>P\u00e9ptidos biomim\u00e9ticos<\/li>\n<li>Eliminaci\u00f3n de arrugas superficiales<\/li>\n<li>Soluci\u00f3n de mesoterapia<\/li>\n<li>Aclaraci\u00f3n de la piel<\/li>\n<\/ul>","protected":false},"excerpt":{"rendered":"<p>Aquashine BR es la versi\u00f3n mejorada del ya muy potente relleno de la piel que es el Revofil Aquashine. Esta soluci\u00f3n cosm\u00e9tica \u00fanica combina el efecto de la eliminaci\u00f3n de las arrugas superficiales con el rejuvenecimiento duradero de la piel de los productos de mesoterapia de alta calidad y, como ventaja adicional, la eliminaci\u00f3n de las pecas y las propiedades aclaradoras de la piel. Aquashine BR, un relleno de HA \u00fanico en su g\u00e9nero, es una poderosa herramienta antiedad que garantiza la mejora de la hidrataci\u00f3n, la elasticidad y la suavidad de la piel.<\/p>","protected":false},"featured_media":5119,"template":"","meta":[],"product_brand":[],"product_cat":[106,82,79,80,150,144],"product_tag":[145],"class_list":{"0":"post-5117","1":"product","2":"type-product","3":"status-publish","4":"has-post-thumbnail","6":"product_cat-aquashine","7":"product_cat-caregen","8":"product_cat-dermal-fillers","9":"product_cat-mesotherapy","10":"product_cat-revofil","11":"product_cat-holiday-mega-sale","12":"product_tag-5off","13":"clearfix","15":"first","16":"instock","17":"sale","18":"taxable","19":"shipping-taxable","20":"purchasable","21":"product-type-simple"},"yoast_head":"<!-- This site is optimized with the Yoast SEO plugin v27.3 - https:\/\/yoast.com\/product\/yoast-seo-wordpress\/ -->\n<title>Revofil Aquashine BR (1 x 2ml) - Skin Heal<\/title>\n<meta name=\"description\" content=\"Aquashine BR is an advanced skin treatment dermal filler with mesotherapy effect, which can also brighten the skin and remove freckles.\" \/>\n<meta name=\"robots\" content=\"index, follow, max-snippet:-1, max-image-preview:large, max-video-preview:-1\" \/>\n<link rel=\"canonical\" href=\"https:\/\/skin-heal.com\/es\/producto\/revofil-aquashine-br-1-x-2ml\/\" \/>\n<meta property=\"og:locale\" content=\"es_MX\" \/>\n<meta property=\"og:type\" content=\"article\" \/>\n<meta property=\"og:title\" content=\"Revofil Aquashine BR (1 x 2ml) - Skin Heal\" \/>\n<meta property=\"og:description\" content=\"Aquashine BR is an advanced skin treatment dermal filler with mesotherapy effect, which can also brighten the skin and remove freckles.\" \/>\n<meta property=\"og:url\" content=\"https:\/\/skin-heal.com\/es\/producto\/revofil-aquashine-br-1-x-2ml\/\" \/>\n<meta property=\"og:site_name\" content=\"Skin Heal\" \/>\n<meta property=\"article:modified_time\" content=\"2023-01-05T17:18:11+00:00\" \/>\n<meta property=\"og:image\" content=\"https:\/\/cdn.skin-heal.com\/wp-content\/uploads\/2019\/07\/Aquashine-BR.jpg\" \/>\n\t<meta property=\"og:image:width\" content=\"600\" \/>\n\t<meta property=\"og:image:height\" content=\"600\" \/>\n\t<meta property=\"og:image:type\" content=\"image\/jpeg\" \/>\n<meta name=\"twitter:card\" content=\"summary_large_image\" \/>\n<meta name=\"twitter:label1\" content=\"Tiempo de lectura\" \/>\n\t<meta name=\"twitter:data1\" content=\"1 minuto\" \/>\n<script type=\"application\/ld+json\" class=\"yoast-schema-graph\">{\"@context\":\"https:\\\/\\\/schema.org\",\"@graph\":[{\"@type\":\"WebPage\",\"@id\":\"https:\\\/\\\/skin-heal.com\\\/product\\\/revofil-aquashine-br-1-x-2ml\\\/\",\"url\":\"https:\\\/\\\/skin-heal.com\\\/product\\\/revofil-aquashine-br-1-x-2ml\\\/\",\"name\":\"Revofil Aquashine BR (1 x 2ml) - Skin Heal\",\"isPartOf\":{\"@id\":\"https:\\\/\\\/skin-heal.com\\\/#website\"},\"primaryImageOfPage\":{\"@id\":\"https:\\\/\\\/skin-heal.com\\\/product\\\/revofil-aquashine-br-1-x-2ml\\\/#primaryimage\"},\"image\":{\"@id\":\"https:\\\/\\\/skin-heal.com\\\/product\\\/revofil-aquashine-br-1-x-2ml\\\/#primaryimage\"},\"thumbnailUrl\":\"https:\\\/\\\/skin-heal.com\\\/wp-content\\\/uploads\\\/2019\\\/07\\\/Aquashine-BR.jpg\",\"datePublished\":\"2019-07-11T10:05:22+00:00\",\"dateModified\":\"2023-01-05T17:18:11+00:00\",\"description\":\"Aquashine BR is an advanced skin treatment dermal filler with mesotherapy effect, which can also brighten the skin and remove freckles.\",\"breadcrumb\":{\"@id\":\"https:\\\/\\\/skin-heal.com\\\/product\\\/revofil-aquashine-br-1-x-2ml\\\/#breadcrumb\"},\"inLanguage\":\"es\",\"potentialAction\":[{\"@type\":\"ReadAction\",\"target\":[\"https:\\\/\\\/skin-heal.com\\\/product\\\/revofil-aquashine-br-1-x-2ml\\\/\"]}]},{\"@type\":\"ImageObject\",\"inLanguage\":\"es\",\"@id\":\"https:\\\/\\\/skin-heal.com\\\/product\\\/revofil-aquashine-br-1-x-2ml\\\/#primaryimage\",\"url\":\"https:\\\/\\\/skin-heal.com\\\/wp-content\\\/uploads\\\/2019\\\/07\\\/Aquashine-BR.jpg\",\"contentUrl\":\"https:\\\/\\\/skin-heal.com\\\/wp-content\\\/uploads\\\/2019\\\/07\\\/Aquashine-BR.jpg\",\"width\":600,\"height\":600,\"caption\":\"Aquashine BR\"},{\"@type\":\"BreadcrumbList\",\"@id\":\"https:\\\/\\\/skin-heal.com\\\/product\\\/revofil-aquashine-br-1-x-2ml\\\/#breadcrumb\",\"itemListElement\":[{\"@type\":\"ListItem\",\"position\":1,\"name\":\"Home\",\"item\":\"https:\\\/\\\/skin-heal.com\\\/\"},{\"@type\":\"ListItem\",\"position\":2,\"name\":\"Store\",\"item\":\"https:\\\/\\\/skin-heal.com\\\/store\\\/\"},{\"@type\":\"ListItem\",\"position\":3,\"name\":\"Revofil Aquashine BR (1 x 2ml)\"}]},{\"@type\":\"WebSite\",\"@id\":\"https:\\\/\\\/skin-heal.com\\\/#website\",\"url\":\"https:\\\/\\\/skin-heal.com\\\/\",\"name\":\"Skin Heal\",\"description\":\"Lowest Prices for Dermal Fillers\",\"potentialAction\":[{\"@type\":\"SearchAction\",\"target\":{\"@type\":\"EntryPoint\",\"urlTemplate\":\"https:\\\/\\\/skin-heal.com\\\/?s={search_term_string}\"},\"query-input\":{\"@type\":\"PropertyValueSpecification\",\"valueRequired\":true,\"valueName\":\"search_term_string\"}}],\"inLanguage\":\"es\"}]}<\/script>\n<!-- \/ Yoast SEO plugin. -->","yoast_head_json":{"title":"Revofil Aquashine BR (1 x 2ml) - Skin Heal","description":"Aquashine BR es un relleno d\u00e9rmico de tratamiento avanzado de la piel con efecto de mesoterapia, que tambi\u00e9n puede aclarar la piel y eliminar las pecas.","robots":{"index":"index","follow":"follow","max-snippet":"max-snippet:-1","max-image-preview":"max-image-preview:large","max-video-preview":"max-video-preview:-1"},"canonical":"https:\/\/skin-heal.com\/es\/producto\/revofil-aquashine-br-1-x-2ml\/","og_locale":"es_MX","og_type":"article","og_title":"Revofil Aquashine BR (1 x 2ml) - Skin Heal","og_description":"Aquashine BR is an advanced skin treatment dermal filler with mesotherapy effect, which can also brighten the skin and remove freckles.","og_url":"https:\/\/skin-heal.com\/es\/producto\/revofil-aquashine-br-1-x-2ml\/","og_site_name":"Skin Heal","article_modified_time":"2023-01-05T17:18:11+00:00","og_image":[{"width":600,"height":600,"url":"https:\/\/cdn.skin-heal.com\/wp-content\/uploads\/2019\/07\/Aquashine-BR.jpg","type":"image\/jpeg"}],"twitter_card":"summary_large_image","twitter_misc":{"Tiempo de lectura":"1 minuto"},"schema":{"@context":"https:\/\/schema.org","@graph":[{"@type":"WebPage","@id":"https:\/\/skin-heal.com\/product\/revofil-aquashine-br-1-x-2ml\/","url":"https:\/\/skin-heal.com\/product\/revofil-aquashine-br-1-x-2ml\/","name":"Revofil Aquashine BR (1 x 2ml) - Skin Heal","isPartOf":{"@id":"https:\/\/skin-heal.com\/#website"},"primaryImageOfPage":{"@id":"https:\/\/skin-heal.com\/product\/revofil-aquashine-br-1-x-2ml\/#primaryimage"},"image":{"@id":"https:\/\/skin-heal.com\/product\/revofil-aquashine-br-1-x-2ml\/#primaryimage"},"thumbnailUrl":"https:\/\/cdn.skin-heal.com\/wp-content\/uploads\/2019\/07\/Aquashine-BR.jpg","datePublished":"2019-07-11T10:05:22+00:00","dateModified":"2023-01-05T17:18:11+00:00","description":"Aquashine BR es un relleno d\u00e9rmico de tratamiento avanzado de la piel con efecto de mesoterapia, que tambi\u00e9n puede aclarar la piel y eliminar las pecas.","breadcrumb":{"@id":"https:\/\/skin-heal.com\/product\/revofil-aquashine-br-1-x-2ml\/#breadcrumb"},"inLanguage":"es","potentialAction":[{"@type":"ReadAction","target":["https:\/\/skin-heal.com\/product\/revofil-aquashine-br-1-x-2ml\/"]}]},{"@type":"ImageObject","inLanguage":"es","@id":"https:\/\/skin-heal.com\/product\/revofil-aquashine-br-1-x-2ml\/#primaryimage","url":"https:\/\/cdn.skin-heal.com\/wp-content\/uploads\/2019\/07\/Aquashine-BR.jpg","contentUrl":"https:\/\/cdn.skin-heal.com\/wp-content\/uploads\/2019\/07\/Aquashine-BR.jpg","width":600,"height":600,"caption":"Aquashine BR"},{"@type":"BreadcrumbList","@id":"https:\/\/skin-heal.com\/product\/revofil-aquashine-br-1-x-2ml\/#breadcrumb","itemListElement":[{"@type":"ListItem","position":1,"name":"Home","item":"https:\/\/skin-heal.com\/"},{"@type":"ListItem","position":2,"name":"Store","item":"https:\/\/skin-heal.com\/store\/"},{"@type":"ListItem","position":3,"name":"Revofil Aquashine BR (1 x 2ml)"}]},{"@type":"WebSite","@id":"https:\/\/skin-heal.com\/#website","url":"https:\/\/skin-heal.com\/","name":"Curaci\u00f3n de la piel","description":"Los precios m\u00e1s bajos para los rellenos d\u00e9rmicos","potentialAction":[{"@type":"SearchAction","target":{"@type":"EntryPoint","urlTemplate":"https:\/\/skin-heal.com\/?s={search_term_string}"},"query-input":{"@type":"PropertyValueSpecification","valueRequired":true,"valueName":"search_term_string"}}],"inLanguage":"es"}]}},"_links":{"self":[{"href":"https:\/\/skin-heal.com\/es\/wp-json\/wp\/v2\/product\/5117","targetHints":{"allow":["GET"]}}],"collection":[{"href":"https:\/\/skin-heal.com\/es\/wp-json\/wp\/v2\/product"}],"about":[{"href":"https:\/\/skin-heal.com\/es\/wp-json\/wp\/v2\/types\/product"}],"wp:featuredmedia":[{"embeddable":true,"href":"https:\/\/skin-heal.com\/es\/wp-json\/wp\/v2\/media\/5119"}],"wp:attachment":[{"href":"https:\/\/skin-heal.com\/es\/wp-json\/wp\/v2\/media?parent=5117"}],"wp:term":[{"taxonomy":"product_brand","embeddable":true,"href":"https:\/\/skin-heal.com\/es\/wp-json\/wp\/v2\/product_brand?post=5117"},{"taxonomy":"product_cat","embeddable":true,"href":"https:\/\/skin-heal.com\/es\/wp-json\/wp\/v2\/product_cat?post=5117"},{"taxonomy":"product_tag","embeddable":true,"href":"https:\/\/skin-heal.com\/es\/wp-json\/wp\/v2\/product_tag?post=5117"}],"curies":[{"name":"wp","href":"https:\/\/api.w.org\/{rel}","templated":true}]}}