{"id":5514,"date":"2019-07-18T13:38:16","date_gmt":"2019-07-18T13:38:16","guid":{"rendered":"https:\/\/skin-heal.com\/?post_type=product&#038;p=5514"},"modified":"2021-06-30T11:53:51","modified_gmt":"2021-06-30T11:53:51","slug":"optivisc-plus-1-x-2ml","status":"publish","type":"product","link":"https:\/\/skin-heal.com\/es\/producto\/optivisc-plus-1-x-2ml\/","title":{"rendered":"Optivisc Plus (1 x 2ml)"},"content":{"rendered":"<p>Para entender el efecto de <strong>Optivisc Plus<\/strong>En primer lugar, debemos explicar qu\u00e9 es el \u00e1cido hialur\u00f3nico. Se trata de una sustancia natural, que se da en los animales y en los seres humanos, que desempe\u00f1a un papel vital en la hidrataci\u00f3n de la piel y en otros procesos dentro del cuerpo. Es uno de los favoritos de la industria cosm\u00e9tica, debido a sus propiedades restauradoras de la piel, pero lo que es m\u00e1s importante desde el punto de vista m\u00e9dico es su capacidad para retener hasta quinientas veces su peso en agua.<\/p>\n<p>Utilizaci\u00f3n de productos purificados y de origen no animal, <strong>\u00c1cido hialur\u00f3nico<\/strong>Optivisc es un gel inyectable de textura uniforme y suave, que se utiliza para restablecer el equilibrio del l\u00edquido sinovial. Las rodillas son las zonas m\u00e1s afectadas por la artrosis. Una reducci\u00f3n del l\u00edquido sinovial conduce a una multitud de problemas, incluyendo:<\/p>\n<ul>\n<li>Movilidad reducida<\/li>\n<li>Dolor cr\u00f3nico<\/li>\n<li>Cracking<\/li>\n<li>Hinchaz\u00f3n en la zona de las articulaciones<\/li>\n<li>Sensaci\u00f3n de rigidez<\/li>\n<\/ul>\n<p>El tratamiento con el <span style=\"text-decoration: underline;\">El gel viscosuplementario Optivisc reducir\u00e1 la fricci\u00f3n <\/span>y mejorar la absorci\u00f3n de impactos. Trabajando conjuntamente con el <em>L\u00edquido sinovial<\/em>El gel de HA ofrece una protecci\u00f3n mucho mejor de la superficie interna de la articulaci\u00f3n. La mejora de las propiedades de lubricaci\u00f3n y viscosidad de los fluidos hace que la inflamaci\u00f3n de las articulaciones se reduzca considerablemente. Un curso de tratamiento con este producto dar\u00e1 como resultado hasta 6 meses de supresi\u00f3n de los s\u00edntomas de la osteoartritis de rodilla.<\/p>","protected":false},"excerpt":{"rendered":"<p>Optivisc Plus es un gel de \u00e1cido hialur\u00f3nico utilizado para inyecciones intraarticulares, dirigido como alternativa a la cirug\u00eda de rodilla o al tratamiento farmacol\u00f3gico de los s\u00edntomas y problemas de salud relacionados con la artrosis en la zona de la rodilla. Desde la inflamaci\u00f3n hasta el dolor y la reducci\u00f3n de la movilidad de la articulaci\u00f3n, este producto permite una <strong>tratamiento con viscosuplementos<\/strong>que utiliza el \u00e1cido hialur\u00f3nico para potenciar y restaurar las propiedades naturales del l\u00edquido sinovial.<\/p>","protected":false},"featured_media":5521,"template":"","meta":[],"product_brand":[],"product_cat":[108,79,107],"product_tag":[],"class_list":{"0":"post-5514","1":"product","2":"type-product","3":"status-publish","4":"has-post-thumbnail","6":"product_cat-biotech","7":"product_cat-dermal-fillers","8":"product_cat-optivisc","9":"clearfix","11":"first","12":"outofstock","13":"taxable","14":"shipping-taxable","15":"purchasable","16":"product-type-simple"},"yoast_head":"<!-- This site is optimized with the Yoast SEO plugin v27.3 - https:\/\/yoast.com\/product\/yoast-seo-wordpress\/ -->\n<title>Optivisc Plus (1 x 2ml) - Skin Heal<\/title>\n<meta name=\"description\" content=\"Optivisc Plus reduces the symptoms of knee Osteoarthritis by introducing Hyaluronic acid gel to boost the Synovial fluid\u2019s properties.\" \/>\n<meta name=\"robots\" content=\"index, follow, max-snippet:-1, max-image-preview:large, max-video-preview:-1\" \/>\n<link rel=\"canonical\" href=\"https:\/\/skin-heal.com\/es\/producto\/optivisc-plus-1-x-2ml\/\" \/>\n<meta property=\"og:locale\" content=\"es_MX\" \/>\n<meta property=\"og:type\" content=\"article\" \/>\n<meta property=\"og:title\" content=\"Optivisc Plus (1 x 2ml) - Skin Heal\" \/>\n<meta property=\"og:description\" content=\"Optivisc Plus reduces the symptoms of knee Osteoarthritis by introducing Hyaluronic acid gel to boost the Synovial fluid\u2019s properties.\" \/>\n<meta property=\"og:url\" content=\"https:\/\/skin-heal.com\/es\/producto\/optivisc-plus-1-x-2ml\/\" \/>\n<meta property=\"og:site_name\" content=\"Skin Heal\" \/>\n<meta property=\"article:modified_time\" content=\"2021-06-30T11:53:51+00:00\" \/>\n<meta property=\"og:image\" content=\"https:\/\/cdn.skin-heal.com\/wp-content\/uploads\/2019\/07\/Optivisc-Plus.jpg\" \/>\n\t<meta property=\"og:image:width\" content=\"600\" \/>\n\t<meta property=\"og:image:height\" content=\"600\" \/>\n\t<meta property=\"og:image:type\" content=\"image\/jpeg\" \/>\n<meta name=\"twitter:card\" content=\"summary_large_image\" \/>\n<meta name=\"twitter:label1\" content=\"Tiempo de lectura\" \/>\n\t<meta name=\"twitter:data1\" content=\"1 minuto\" \/>\n<script type=\"application\/ld+json\" class=\"yoast-schema-graph\">{\"@context\":\"https:\\\/\\\/schema.org\",\"@graph\":[{\"@type\":\"WebPage\",\"@id\":\"https:\\\/\\\/skin-heal.com\\\/product\\\/optivisc-plus-1-x-2ml\\\/\",\"url\":\"https:\\\/\\\/skin-heal.com\\\/product\\\/optivisc-plus-1-x-2ml\\\/\",\"name\":\"Optivisc Plus (1 x 2ml) - Skin Heal\",\"isPartOf\":{\"@id\":\"https:\\\/\\\/skin-heal.com\\\/#website\"},\"primaryImageOfPage\":{\"@id\":\"https:\\\/\\\/skin-heal.com\\\/product\\\/optivisc-plus-1-x-2ml\\\/#primaryimage\"},\"image\":{\"@id\":\"https:\\\/\\\/skin-heal.com\\\/product\\\/optivisc-plus-1-x-2ml\\\/#primaryimage\"},\"thumbnailUrl\":\"https:\\\/\\\/skin-heal.com\\\/wp-content\\\/uploads\\\/2019\\\/07\\\/Optivisc-Plus.jpg\",\"datePublished\":\"2019-07-18T13:38:16+00:00\",\"dateModified\":\"2021-06-30T11:53:51+00:00\",\"description\":\"Optivisc Plus reduces the symptoms of knee Osteoarthritis by introducing Hyaluronic acid gel to boost the Synovial fluid\u2019s properties.\",\"breadcrumb\":{\"@id\":\"https:\\\/\\\/skin-heal.com\\\/product\\\/optivisc-plus-1-x-2ml\\\/#breadcrumb\"},\"inLanguage\":\"es\",\"potentialAction\":[{\"@type\":\"ReadAction\",\"target\":[\"https:\\\/\\\/skin-heal.com\\\/product\\\/optivisc-plus-1-x-2ml\\\/\"]}]},{\"@type\":\"ImageObject\",\"inLanguage\":\"es\",\"@id\":\"https:\\\/\\\/skin-heal.com\\\/product\\\/optivisc-plus-1-x-2ml\\\/#primaryimage\",\"url\":\"https:\\\/\\\/skin-heal.com\\\/wp-content\\\/uploads\\\/2019\\\/07\\\/Optivisc-Plus.jpg\",\"contentUrl\":\"https:\\\/\\\/skin-heal.com\\\/wp-content\\\/uploads\\\/2019\\\/07\\\/Optivisc-Plus.jpg\",\"width\":600,\"height\":600,\"caption\":\"Optivisc Plus\"},{\"@type\":\"BreadcrumbList\",\"@id\":\"https:\\\/\\\/skin-heal.com\\\/product\\\/optivisc-plus-1-x-2ml\\\/#breadcrumb\",\"itemListElement\":[{\"@type\":\"ListItem\",\"position\":1,\"name\":\"Home\",\"item\":\"https:\\\/\\\/skin-heal.com\\\/\"},{\"@type\":\"ListItem\",\"position\":2,\"name\":\"Store\",\"item\":\"https:\\\/\\\/skin-heal.com\\\/store\\\/\"},{\"@type\":\"ListItem\",\"position\":3,\"name\":\"Optivisc Plus (1 x 2ml)\"}]},{\"@type\":\"WebSite\",\"@id\":\"https:\\\/\\\/skin-heal.com\\\/#website\",\"url\":\"https:\\\/\\\/skin-heal.com\\\/\",\"name\":\"Skin Heal\",\"description\":\"Lowest Prices for Dermal Fillers\",\"potentialAction\":[{\"@type\":\"SearchAction\",\"target\":{\"@type\":\"EntryPoint\",\"urlTemplate\":\"https:\\\/\\\/skin-heal.com\\\/?s={search_term_string}\"},\"query-input\":{\"@type\":\"PropertyValueSpecification\",\"valueRequired\":true,\"valueName\":\"search_term_string\"}}],\"inLanguage\":\"es\"}]}<\/script>\n<!-- \/ Yoast SEO plugin. -->","yoast_head_json":{"title":"Optivisc Plus (1 x 2ml) - Skin Heal","description":"Optivisc Plus reduce los s\u00edntomas de la artrosis de rodilla gracias a la introducci\u00f3n de un gel de \u00e1cido hialur\u00f3nico que refuerza las propiedades del l\u00edquido sinovial.","robots":{"index":"index","follow":"follow","max-snippet":"max-snippet:-1","max-image-preview":"max-image-preview:large","max-video-preview":"max-video-preview:-1"},"canonical":"https:\/\/skin-heal.com\/es\/producto\/optivisc-plus-1-x-2ml\/","og_locale":"es_MX","og_type":"article","og_title":"Optivisc Plus (1 x 2ml) - Skin Heal","og_description":"Optivisc Plus reduces the symptoms of knee Osteoarthritis by introducing Hyaluronic acid gel to boost the Synovial fluid\u2019s properties.","og_url":"https:\/\/skin-heal.com\/es\/producto\/optivisc-plus-1-x-2ml\/","og_site_name":"Skin Heal","article_modified_time":"2021-06-30T11:53:51+00:00","og_image":[{"width":600,"height":600,"url":"https:\/\/cdn.skin-heal.com\/wp-content\/uploads\/2019\/07\/Optivisc-Plus.jpg","type":"image\/jpeg"}],"twitter_card":"summary_large_image","twitter_misc":{"Tiempo de lectura":"1 minuto"},"schema":{"@context":"https:\/\/schema.org","@graph":[{"@type":"WebPage","@id":"https:\/\/skin-heal.com\/product\/optivisc-plus-1-x-2ml\/","url":"https:\/\/skin-heal.com\/product\/optivisc-plus-1-x-2ml\/","name":"Optivisc Plus (1 x 2ml) - Skin Heal","isPartOf":{"@id":"https:\/\/skin-heal.com\/#website"},"primaryImageOfPage":{"@id":"https:\/\/skin-heal.com\/product\/optivisc-plus-1-x-2ml\/#primaryimage"},"image":{"@id":"https:\/\/skin-heal.com\/product\/optivisc-plus-1-x-2ml\/#primaryimage"},"thumbnailUrl":"https:\/\/cdn.skin-heal.com\/wp-content\/uploads\/2019\/07\/Optivisc-Plus.jpg","datePublished":"2019-07-18T13:38:16+00:00","dateModified":"2021-06-30T11:53:51+00:00","description":"Optivisc Plus reduce los s\u00edntomas de la artrosis de rodilla gracias a la introducci\u00f3n de un gel de \u00e1cido hialur\u00f3nico que refuerza las propiedades del l\u00edquido sinovial.","breadcrumb":{"@id":"https:\/\/skin-heal.com\/product\/optivisc-plus-1-x-2ml\/#breadcrumb"},"inLanguage":"es","potentialAction":[{"@type":"ReadAction","target":["https:\/\/skin-heal.com\/product\/optivisc-plus-1-x-2ml\/"]}]},{"@type":"ImageObject","inLanguage":"es","@id":"https:\/\/skin-heal.com\/product\/optivisc-plus-1-x-2ml\/#primaryimage","url":"https:\/\/cdn.skin-heal.com\/wp-content\/uploads\/2019\/07\/Optivisc-Plus.jpg","contentUrl":"https:\/\/cdn.skin-heal.com\/wp-content\/uploads\/2019\/07\/Optivisc-Plus.jpg","width":600,"height":600,"caption":"Optivisc Plus"},{"@type":"BreadcrumbList","@id":"https:\/\/skin-heal.com\/product\/optivisc-plus-1-x-2ml\/#breadcrumb","itemListElement":[{"@type":"ListItem","position":1,"name":"Home","item":"https:\/\/skin-heal.com\/"},{"@type":"ListItem","position":2,"name":"Store","item":"https:\/\/skin-heal.com\/store\/"},{"@type":"ListItem","position":3,"name":"Optivisc Plus (1 x 2ml)"}]},{"@type":"WebSite","@id":"https:\/\/skin-heal.com\/#website","url":"https:\/\/skin-heal.com\/","name":"Curaci\u00f3n de la piel","description":"Los precios m\u00e1s bajos para los rellenos d\u00e9rmicos","potentialAction":[{"@type":"SearchAction","target":{"@type":"EntryPoint","urlTemplate":"https:\/\/skin-heal.com\/?s={search_term_string}"},"query-input":{"@type":"PropertyValueSpecification","valueRequired":true,"valueName":"search_term_string"}}],"inLanguage":"es"}]}},"_links":{"self":[{"href":"https:\/\/skin-heal.com\/es\/wp-json\/wp\/v2\/product\/5514","targetHints":{"allow":["GET"]}}],"collection":[{"href":"https:\/\/skin-heal.com\/es\/wp-json\/wp\/v2\/product"}],"about":[{"href":"https:\/\/skin-heal.com\/es\/wp-json\/wp\/v2\/types\/product"}],"wp:featuredmedia":[{"embeddable":true,"href":"https:\/\/skin-heal.com\/es\/wp-json\/wp\/v2\/media\/5521"}],"wp:attachment":[{"href":"https:\/\/skin-heal.com\/es\/wp-json\/wp\/v2\/media?parent=5514"}],"wp:term":[{"taxonomy":"product_brand","embeddable":true,"href":"https:\/\/skin-heal.com\/es\/wp-json\/wp\/v2\/product_brand?post=5514"},{"taxonomy":"product_cat","embeddable":true,"href":"https:\/\/skin-heal.com\/es\/wp-json\/wp\/v2\/product_cat?post=5514"},{"taxonomy":"product_tag","embeddable":true,"href":"https:\/\/skin-heal.com\/es\/wp-json\/wp\/v2\/product_tag?post=5514"}],"curies":[{"name":"wp","href":"https:\/\/api.w.org\/{rel}","templated":true}]}}