{"id":5515,"date":"2019-07-18T13:37:25","date_gmt":"2019-07-18T13:37:25","guid":{"rendered":"https:\/\/skin-heal.com\/?post_type=product&#038;p=5515"},"modified":"2022-03-15T15:19:07","modified_gmt":"2022-03-15T15:19:07","slug":"optivisc-1-x-2ml","status":"publish","type":"product","link":"https:\/\/skin-heal.com\/es\/producto\/optivisc-1-x-2ml\/","title":{"rendered":"Optivisc (1 x 2ml)"},"content":{"rendered":"<p>Optivisc ofrece a los m\u00e9dicos y, por delegaci\u00f3n, a sus pacientes, una forma c\u00f3moda e innovadora de tratar la artrosis de rodilla. Tradicionalmente, esta enfermedad se trata con medicamentos o incluso con cirug\u00eda, <span style=\"text-decoration: underline;\">Optivisc es una alternativa a base de \u00e1cido hialur\u00f3nico<\/span>. Con una caja de inyecciones, los ortopedas pueden utilizar el relleno para tratar las rodillas de sus pacientes de una manera r\u00e1pida y eficaz, que no requiere tiempo de inactividad. Un procedimiento de inyecci\u00f3n est\u00e1ndar del gel de HA dura s\u00f3lo media hora.<\/p>\n<h3>\u00bfCu\u00e1l es el secreto de Optivisc?<\/h3>\n<p>En cierto modo, el gel de <strong>Optivisc<\/strong> es similar a los rellenos d\u00e9rmicos utilizados en cosm\u00e9tica. Es un gel de HA de textura suave, con una concentraci\u00f3n de HA de 20mg\/2ml. <strong>\u00c1cido hialur\u00f3nico<\/strong> es una sustancia natural que tambi\u00e9n se encuentra en el interior del cuerpo humano. Tiene una serie de propiedades beneficiosas y desempe\u00f1a un papel importante en el equilibrio h\u00eddrico de la piel. Sin embargo, tambi\u00e9n puede mantener su propio peso en agua hasta 500 veces. El Optivisc utiliza esto para ayudar a restablecer el equilibrio del l\u00edquido sinovial. El gel mejora la viscosidad de los fluidos, reduce la fricci\u00f3n de las articulaciones y como resultado - <em>alivia los dolores articulares, los crujidos, las dificultades de movilidad y el malestar general<\/em> relacionados con la sensaci\u00f3n de rigidez y el dolor general. La inyecci\u00f3n de Optivisc aumenta la capacidad de lubricaci\u00f3n y las propiedades de filtraci\u00f3n del l\u00edquido sinovial, al tiempo que potencia sus propiedades naturales de absorci\u00f3n de impactos, trabajando conjuntamente con el gel de \u00e1cido hialur\u00f3nico.<\/p>\n<p>El producto viene listo para su uso inmediato por parte de los m\u00e9dicos. El gel de AH est\u00e1 precargado en una jeringa de 2 ml y puede inyectarse con una aguja de 18 a 25 G.<\/p>","protected":false},"excerpt":{"rendered":"<p>Optivisc es una soluci\u00f3n no quir\u00fargica y no farmacol\u00f3gica para el tratamiento de la artrosis, para <span style=\"text-decoration: underline;\">tratamiento y restauraci\u00f3n de las articulaciones de la rodilla<\/span>. Se trata de un producto a base de \u00c1cido Hialur\u00f3nico - un gel inyectable, que est\u00e1 espec\u00edficamente dise\u00f1ado para aliviar las molestias y el dolor t\u00edpico de la <em>Osteoartritis de rodilla<\/em> s\u00edntomas: dolor articular, hinchaz\u00f3n en la zona de la rodilla y limitaci\u00f3n general de la movilidad. Con la ayuda del <strong>Gel de viscosuplemento de HA<\/strong>Los niveles naturales de l\u00edquido sinovial se restablecen.<\/p>","protected":false},"featured_media":5520,"template":"","meta":[],"product_brand":[],"product_cat":[108,79,107],"product_tag":[],"class_list":{"0":"post-5515","1":"product","2":"type-product","3":"status-publish","4":"has-post-thumbnail","6":"product_cat-biotech","7":"product_cat-dermal-fillers","8":"product_cat-optivisc","9":"clearfix","11":"first","12":"outofstock","13":"sale","14":"taxable","15":"shipping-taxable","16":"purchasable","17":"product-type-simple"},"yoast_head":"<!-- This site is optimized with the Yoast SEO plugin v27.3 - https:\/\/yoast.com\/product\/yoast-seo-wordpress\/ -->\n<title>Optivisc (1 x 2ml) - Skin Heal<\/title>\n<meta name=\"description\" content=\"Optivisc is a viscosupplement, a Hyaluronic acid gel, made as an alternative, non-surgical treatment of knee Osteoarthritis and its accompanying symptoms.\" \/>\n<meta name=\"robots\" content=\"index, follow, max-snippet:-1, max-image-preview:large, max-video-preview:-1\" \/>\n<link rel=\"canonical\" href=\"https:\/\/skin-heal.com\/es\/producto\/optivisc-1-x-2ml\/\" \/>\n<meta property=\"og:locale\" content=\"es_MX\" \/>\n<meta property=\"og:type\" content=\"article\" \/>\n<meta property=\"og:title\" content=\"Optivisc (1 x 2ml) - Skin Heal\" \/>\n<meta property=\"og:description\" content=\"Optivisc is a viscosupplement, a Hyaluronic acid gel, made as an alternative, non-surgical treatment of knee Osteoarthritis and its accompanying symptoms.\" \/>\n<meta property=\"og:url\" content=\"https:\/\/skin-heal.com\/es\/producto\/optivisc-1-x-2ml\/\" \/>\n<meta property=\"og:site_name\" content=\"Skin Heal\" \/>\n<meta property=\"article:modified_time\" content=\"2022-03-15T15:19:07+00:00\" \/>\n<meta property=\"og:image\" content=\"https:\/\/cdn.skin-heal.com\/wp-content\/uploads\/2019\/07\/Optivisc.jpg\" \/>\n\t<meta property=\"og:image:width\" content=\"600\" \/>\n\t<meta property=\"og:image:height\" content=\"600\" \/>\n\t<meta property=\"og:image:type\" content=\"image\/jpeg\" \/>\n<meta name=\"twitter:card\" content=\"summary_large_image\" \/>\n<meta name=\"twitter:label1\" content=\"Tiempo de lectura\" \/>\n\t<meta name=\"twitter:data1\" content=\"1 minuto\" \/>\n<script type=\"application\/ld+json\" class=\"yoast-schema-graph\">{\"@context\":\"https:\\\/\\\/schema.org\",\"@graph\":[{\"@type\":\"WebPage\",\"@id\":\"https:\\\/\\\/skin-heal.com\\\/product\\\/optivisc-1-x-2ml\\\/\",\"url\":\"https:\\\/\\\/skin-heal.com\\\/product\\\/optivisc-1-x-2ml\\\/\",\"name\":\"Optivisc (1 x 2ml) - Skin Heal\",\"isPartOf\":{\"@id\":\"https:\\\/\\\/skin-heal.com\\\/#website\"},\"primaryImageOfPage\":{\"@id\":\"https:\\\/\\\/skin-heal.com\\\/product\\\/optivisc-1-x-2ml\\\/#primaryimage\"},\"image\":{\"@id\":\"https:\\\/\\\/skin-heal.com\\\/product\\\/optivisc-1-x-2ml\\\/#primaryimage\"},\"thumbnailUrl\":\"https:\\\/\\\/skin-heal.com\\\/wp-content\\\/uploads\\\/2019\\\/07\\\/Optivisc.jpg\",\"datePublished\":\"2019-07-18T13:37:25+00:00\",\"dateModified\":\"2022-03-15T15:19:07+00:00\",\"description\":\"Optivisc is a viscosupplement, a Hyaluronic acid gel, made as an alternative, non-surgical treatment of knee Osteoarthritis and its accompanying symptoms.\",\"breadcrumb\":{\"@id\":\"https:\\\/\\\/skin-heal.com\\\/product\\\/optivisc-1-x-2ml\\\/#breadcrumb\"},\"inLanguage\":\"es\",\"potentialAction\":[{\"@type\":\"ReadAction\",\"target\":[\"https:\\\/\\\/skin-heal.com\\\/product\\\/optivisc-1-x-2ml\\\/\"]}]},{\"@type\":\"ImageObject\",\"inLanguage\":\"es\",\"@id\":\"https:\\\/\\\/skin-heal.com\\\/product\\\/optivisc-1-x-2ml\\\/#primaryimage\",\"url\":\"https:\\\/\\\/skin-heal.com\\\/wp-content\\\/uploads\\\/2019\\\/07\\\/Optivisc.jpg\",\"contentUrl\":\"https:\\\/\\\/skin-heal.com\\\/wp-content\\\/uploads\\\/2019\\\/07\\\/Optivisc.jpg\",\"width\":600,\"height\":600,\"caption\":\"Optivisc\"},{\"@type\":\"BreadcrumbList\",\"@id\":\"https:\\\/\\\/skin-heal.com\\\/product\\\/optivisc-1-x-2ml\\\/#breadcrumb\",\"itemListElement\":[{\"@type\":\"ListItem\",\"position\":1,\"name\":\"Home\",\"item\":\"https:\\\/\\\/skin-heal.com\\\/\"},{\"@type\":\"ListItem\",\"position\":2,\"name\":\"Store\",\"item\":\"https:\\\/\\\/skin-heal.com\\\/store\\\/\"},{\"@type\":\"ListItem\",\"position\":3,\"name\":\"Optivisc (1 x 2ml)\"}]},{\"@type\":\"WebSite\",\"@id\":\"https:\\\/\\\/skin-heal.com\\\/#website\",\"url\":\"https:\\\/\\\/skin-heal.com\\\/\",\"name\":\"Skin Heal\",\"description\":\"Lowest Prices for Dermal Fillers\",\"potentialAction\":[{\"@type\":\"SearchAction\",\"target\":{\"@type\":\"EntryPoint\",\"urlTemplate\":\"https:\\\/\\\/skin-heal.com\\\/?s={search_term_string}\"},\"query-input\":{\"@type\":\"PropertyValueSpecification\",\"valueRequired\":true,\"valueName\":\"search_term_string\"}}],\"inLanguage\":\"es\"}]}<\/script>\n<!-- \/ Yoast SEO plugin. -->","yoast_head_json":{"title":"Optivisc (1 x 2ml) - Skin Heal","description":"Optivisc es un viscosuplemento, un gel de \u00e1cido hialur\u00f3nico, elaborado como tratamiento alternativo no quir\u00fargico de la artrosis de rodilla y los s\u00edntomas que la acompa\u00f1an.","robots":{"index":"index","follow":"follow","max-snippet":"max-snippet:-1","max-image-preview":"max-image-preview:large","max-video-preview":"max-video-preview:-1"},"canonical":"https:\/\/skin-heal.com\/es\/producto\/optivisc-1-x-2ml\/","og_locale":"es_MX","og_type":"article","og_title":"Optivisc (1 x 2ml) - Skin Heal","og_description":"Optivisc is a viscosupplement, a Hyaluronic acid gel, made as an alternative, non-surgical treatment of knee Osteoarthritis and its accompanying symptoms.","og_url":"https:\/\/skin-heal.com\/es\/producto\/optivisc-1-x-2ml\/","og_site_name":"Skin Heal","article_modified_time":"2022-03-15T15:19:07+00:00","og_image":[{"width":600,"height":600,"url":"https:\/\/cdn.skin-heal.com\/wp-content\/uploads\/2019\/07\/Optivisc.jpg","type":"image\/jpeg"}],"twitter_card":"summary_large_image","twitter_misc":{"Tiempo de lectura":"1 minuto"},"schema":{"@context":"https:\/\/schema.org","@graph":[{"@type":"WebPage","@id":"https:\/\/skin-heal.com\/product\/optivisc-1-x-2ml\/","url":"https:\/\/skin-heal.com\/product\/optivisc-1-x-2ml\/","name":"Optivisc (1 x 2ml) - Skin Heal","isPartOf":{"@id":"https:\/\/skin-heal.com\/#website"},"primaryImageOfPage":{"@id":"https:\/\/skin-heal.com\/product\/optivisc-1-x-2ml\/#primaryimage"},"image":{"@id":"https:\/\/skin-heal.com\/product\/optivisc-1-x-2ml\/#primaryimage"},"thumbnailUrl":"https:\/\/cdn.skin-heal.com\/wp-content\/uploads\/2019\/07\/Optivisc.jpg","datePublished":"2019-07-18T13:37:25+00:00","dateModified":"2022-03-15T15:19:07+00:00","description":"Optivisc es un viscosuplemento, un gel de \u00e1cido hialur\u00f3nico, elaborado como tratamiento alternativo no quir\u00fargico de la artrosis de rodilla y los s\u00edntomas que la acompa\u00f1an.","breadcrumb":{"@id":"https:\/\/skin-heal.com\/product\/optivisc-1-x-2ml\/#breadcrumb"},"inLanguage":"es","potentialAction":[{"@type":"ReadAction","target":["https:\/\/skin-heal.com\/product\/optivisc-1-x-2ml\/"]}]},{"@type":"ImageObject","inLanguage":"es","@id":"https:\/\/skin-heal.com\/product\/optivisc-1-x-2ml\/#primaryimage","url":"https:\/\/cdn.skin-heal.com\/wp-content\/uploads\/2019\/07\/Optivisc.jpg","contentUrl":"https:\/\/cdn.skin-heal.com\/wp-content\/uploads\/2019\/07\/Optivisc.jpg","width":600,"height":600,"caption":"Optivisc"},{"@type":"BreadcrumbList","@id":"https:\/\/skin-heal.com\/product\/optivisc-1-x-2ml\/#breadcrumb","itemListElement":[{"@type":"ListItem","position":1,"name":"Home","item":"https:\/\/skin-heal.com\/"},{"@type":"ListItem","position":2,"name":"Store","item":"https:\/\/skin-heal.com\/store\/"},{"@type":"ListItem","position":3,"name":"Optivisc (1 x 2ml)"}]},{"@type":"WebSite","@id":"https:\/\/skin-heal.com\/#website","url":"https:\/\/skin-heal.com\/","name":"Curaci\u00f3n de la piel","description":"Los precios m\u00e1s bajos para los rellenos d\u00e9rmicos","potentialAction":[{"@type":"SearchAction","target":{"@type":"EntryPoint","urlTemplate":"https:\/\/skin-heal.com\/?s={search_term_string}"},"query-input":{"@type":"PropertyValueSpecification","valueRequired":true,"valueName":"search_term_string"}}],"inLanguage":"es"}]}},"_links":{"self":[{"href":"https:\/\/skin-heal.com\/es\/wp-json\/wp\/v2\/product\/5515","targetHints":{"allow":["GET"]}}],"collection":[{"href":"https:\/\/skin-heal.com\/es\/wp-json\/wp\/v2\/product"}],"about":[{"href":"https:\/\/skin-heal.com\/es\/wp-json\/wp\/v2\/types\/product"}],"wp:featuredmedia":[{"embeddable":true,"href":"https:\/\/skin-heal.com\/es\/wp-json\/wp\/v2\/media\/5520"}],"wp:attachment":[{"href":"https:\/\/skin-heal.com\/es\/wp-json\/wp\/v2\/media?parent=5515"}],"wp:term":[{"taxonomy":"product_brand","embeddable":true,"href":"https:\/\/skin-heal.com\/es\/wp-json\/wp\/v2\/product_brand?post=5515"},{"taxonomy":"product_cat","embeddable":true,"href":"https:\/\/skin-heal.com\/es\/wp-json\/wp\/v2\/product_cat?post=5515"},{"taxonomy":"product_tag","embeddable":true,"href":"https:\/\/skin-heal.com\/es\/wp-json\/wp\/v2\/product_tag?post=5515"}],"curies":[{"name":"wp","href":"https:\/\/api.w.org\/{rel}","templated":true}]}}