{"id":5517,"date":"2019-07-18T12:23:53","date_gmt":"2019-07-18T09:23:53","guid":{"rendered":"https:\/\/skin-heal.com\/?post_type=product&#038;p=5517"},"modified":"2024-10-15T18:11:29","modified_gmt":"2024-10-15T15:11:29","slug":"optivisc-single-1-x-3ml","status":"publish","type":"product","link":"https:\/\/skin-heal.com\/es\/producto\/optivisc-single-1-x-3ml\/","title":{"rendered":"Optivisc Single (1 x 3ml)"},"content":{"rendered":"<p>La artrosis es una enfermedad que los ortopedas tienen que tratar a menudo. Su forma m\u00e1s com\u00fan es la artrosis de rodilla. Este problema de salud se presenta, sobre todo en sus formas m\u00e1s extremas, con una deformaci\u00f3n \u00f3sea y una degradaci\u00f3n del cart\u00edlago, que tienden a progresar con el tiempo. El tratamiento puede ser a menudo dif\u00edcil e implicar una fuerte medicaci\u00f3n o incluso una intervenci\u00f3n quir\u00fargica. <strong>Optivisc Single<\/strong> ofrece una forma de evitar a menudo esas medidas extremas de tratamiento de la rodilla. \u00bfPero c\u00f3mo?<\/p>\n<h3>\u00bfQu\u00e9 hace que Optivisc Single sea eficaz?<\/h3>\n<p>Dos palabras: \u00e1cido hialur\u00f3nico. Esta sustancia se encuentra de forma natural en el cuerpo humano y desempe\u00f1a un papel importante en los procesos de hidrataci\u00f3n de la piel. Adem\u00e1s, se utiliza ampliamente tanto en la industria m\u00e9dica (por ejemplo, Optivisc Single) como en la de la belleza, por sus numerosas propiedades beneficiosas. Probablemente la m\u00e1s impresionante es la capacidad de retener hasta 500 veces su propio peso en agua. Esto lo convierte en el ingrediente base perfecto para un gel con una viscosidad y fluidez superiores, para <u>potenciar el efecto del l\u00edquido sinovial<\/u>.<\/p>\n<p>Lo que distingue a Optivisc Single de los dem\u00e1s productos de la gama Biotech de viscosuplementos para el tratamiento de la artrosis de rodilla es la concentraci\u00f3n mucho m\u00e1s elevada de \u00e1cido hialur\u00f3nico. Una caja del producto viene con una jeringa, precargada con 3ml del gel con una concentraci\u00f3n de AH de 90mg. Esto no s\u00f3lo ayuda a restablecer m\u00e1s f\u00e1cilmente el equilibrio del l\u00edquido sinovial, sino tambi\u00e9n <strong>reducir la inflamaci\u00f3n<\/strong>El producto Optivisc no s\u00f3lo ayuda a reducir el dolor y a mejorar la movilidad, sino que tambi\u00e9n ayuda a formar una capa protectora m\u00e1s fuerte sobre las articulaciones que permanece hasta 12 meses.<\/p>","protected":false},"excerpt":{"rendered":"<p>Optivisc Single es un <u>viscosuplemento a base de \u00e1cido hialur\u00f3nico<\/u>que est\u00e1 destinado a abordar y tratar los s\u00edntomas de la artrosis de rodilla. Se trata de un inyectable con una concentraci\u00f3n muy alta de AH - 30mg\/ml, con estructura reticulada del \u00e1cido hialur\u00f3nico. Esto asegura no s\u00f3lo el tratamiento efectivo de problemas como <em>dolor de rodilla, hinchaz\u00f3n e inflamaci\u00f3n<\/em>Pero tambi\u00e9n un efecto m\u00e1s duradero de 12 meses, ya que el gel Optivisc es mucho m\u00e1s resistente al metabolismo y a las enzimas del cuerpo del paciente.<\/p>","protected":false},"featured_media":5523,"template":"","meta":[],"product_brand":[],"product_cat":[108,79,107,144],"product_tag":[146],"class_list":{"0":"post-5517","1":"product","2":"type-product","3":"status-publish","4":"has-post-thumbnail","6":"product_cat-biotech","7":"product_cat-dermal-fillers","8":"product_cat-optivisc","9":"product_cat-holiday-mega-sale","10":"product_tag-10off","11":"clearfix","13":"first","14":"instock","15":"sale","16":"taxable","17":"shipping-taxable","18":"purchasable","19":"product-type-simple"},"yoast_head":"<!-- This site is optimized with the Yoast SEO plugin v27.3 - https:\/\/yoast.com\/product\/yoast-seo-wordpress\/ -->\n<title>Optivisc Single Injection For Knee Arthritis - Skin Heal<\/title>\n<meta name=\"description\" content=\"An injectable gel with cross-linked Hyaluronic acid which effectively treats the symptoms of knee osteoarthritis for up to a year.\" \/>\n<meta name=\"robots\" content=\"index, follow, max-snippet:-1, max-image-preview:large, max-video-preview:-1\" \/>\n<link rel=\"canonical\" href=\"https:\/\/skin-heal.com\/es\/producto\/optivisc-single-1-x-3ml\/\" \/>\n<meta property=\"og:locale\" content=\"es_MX\" \/>\n<meta property=\"og:type\" content=\"article\" \/>\n<meta property=\"og:title\" content=\"Optivisc Single Injection For Knee Arthritis - Skin Heal\" \/>\n<meta property=\"og:description\" content=\"An injectable gel with cross-linked Hyaluronic acid which effectively treats the symptoms of knee osteoarthritis for up to a year.\" \/>\n<meta property=\"og:url\" content=\"https:\/\/skin-heal.com\/es\/producto\/optivisc-single-1-x-3ml\/\" \/>\n<meta property=\"og:site_name\" content=\"Skin Heal\" \/>\n<meta property=\"article:modified_time\" content=\"2024-10-15T15:11:29+00:00\" \/>\n<meta property=\"og:image\" content=\"https:\/\/cdn.skin-heal.com\/wp-content\/uploads\/2019\/07\/Optivisc-Single.jpg\" \/>\n\t<meta property=\"og:image:width\" content=\"600\" \/>\n\t<meta property=\"og:image:height\" content=\"600\" \/>\n\t<meta property=\"og:image:type\" content=\"image\/jpeg\" \/>\n<meta name=\"twitter:card\" content=\"summary_large_image\" \/>\n<meta name=\"twitter:label1\" content=\"Tiempo de lectura\" \/>\n\t<meta name=\"twitter:data1\" content=\"1 minuto\" \/>\n<script type=\"application\/ld+json\" class=\"yoast-schema-graph\">{\"@context\":\"https:\\\/\\\/schema.org\",\"@graph\":[{\"@type\":\"WebPage\",\"@id\":\"https:\\\/\\\/skin-heal.com\\\/product\\\/optivisc-single-1-x-3ml\\\/\",\"url\":\"https:\\\/\\\/skin-heal.com\\\/product\\\/optivisc-single-1-x-3ml\\\/\",\"name\":\"Optivisc Single Injection For Knee Arthritis - Skin Heal\",\"isPartOf\":{\"@id\":\"https:\\\/\\\/skin-heal.com\\\/#website\"},\"primaryImageOfPage\":{\"@id\":\"https:\\\/\\\/skin-heal.com\\\/product\\\/optivisc-single-1-x-3ml\\\/#primaryimage\"},\"image\":{\"@id\":\"https:\\\/\\\/skin-heal.com\\\/product\\\/optivisc-single-1-x-3ml\\\/#primaryimage\"},\"thumbnailUrl\":\"https:\\\/\\\/skin-heal.com\\\/wp-content\\\/uploads\\\/2019\\\/07\\\/Optivisc-Single.jpg\",\"datePublished\":\"2019-07-18T09:23:53+00:00\",\"dateModified\":\"2024-10-15T15:11:29+00:00\",\"description\":\"An injectable gel with cross-linked Hyaluronic acid which effectively treats the symptoms of knee osteoarthritis for up to a year.\",\"breadcrumb\":{\"@id\":\"https:\\\/\\\/skin-heal.com\\\/product\\\/optivisc-single-1-x-3ml\\\/#breadcrumb\"},\"inLanguage\":\"es\",\"potentialAction\":[{\"@type\":\"ReadAction\",\"target\":[\"https:\\\/\\\/skin-heal.com\\\/product\\\/optivisc-single-1-x-3ml\\\/\"]}]},{\"@type\":\"ImageObject\",\"inLanguage\":\"es\",\"@id\":\"https:\\\/\\\/skin-heal.com\\\/product\\\/optivisc-single-1-x-3ml\\\/#primaryimage\",\"url\":\"https:\\\/\\\/skin-heal.com\\\/wp-content\\\/uploads\\\/2019\\\/07\\\/Optivisc-Single.jpg\",\"contentUrl\":\"https:\\\/\\\/skin-heal.com\\\/wp-content\\\/uploads\\\/2019\\\/07\\\/Optivisc-Single.jpg\",\"width\":600,\"height\":600,\"caption\":\"Optivisc Single\"},{\"@type\":\"BreadcrumbList\",\"@id\":\"https:\\\/\\\/skin-heal.com\\\/product\\\/optivisc-single-1-x-3ml\\\/#breadcrumb\",\"itemListElement\":[{\"@type\":\"ListItem\",\"position\":1,\"name\":\"Home\",\"item\":\"https:\\\/\\\/skin-heal.com\\\/\"},{\"@type\":\"ListItem\",\"position\":2,\"name\":\"Store\",\"item\":\"https:\\\/\\\/skin-heal.com\\\/store\\\/\"},{\"@type\":\"ListItem\",\"position\":3,\"name\":\"Optivisc Single (1 x 3ml)\"}]},{\"@type\":\"WebSite\",\"@id\":\"https:\\\/\\\/skin-heal.com\\\/#website\",\"url\":\"https:\\\/\\\/skin-heal.com\\\/\",\"name\":\"Skin Heal\",\"description\":\"Lowest Prices for Dermal Fillers\",\"potentialAction\":[{\"@type\":\"SearchAction\",\"target\":{\"@type\":\"EntryPoint\",\"urlTemplate\":\"https:\\\/\\\/skin-heal.com\\\/?s={search_term_string}\"},\"query-input\":{\"@type\":\"PropertyValueSpecification\",\"valueRequired\":true,\"valueName\":\"search_term_string\"}}],\"inLanguage\":\"es\"}]}<\/script>\n<!-- \/ Yoast SEO plugin. -->","yoast_head_json":{"title":"Inyecci\u00f3n \u00fanica de Optivisc para la artritis de rodilla - Skin Heal","description":"Gel inyectable con \u00e1cido hialur\u00f3nico reticulado que trata eficazmente los s\u00edntomas de la artrosis de rodilla hasta un a\u00f1o.","robots":{"index":"index","follow":"follow","max-snippet":"max-snippet:-1","max-image-preview":"max-image-preview:large","max-video-preview":"max-video-preview:-1"},"canonical":"https:\/\/skin-heal.com\/es\/producto\/optivisc-single-1-x-3ml\/","og_locale":"es_MX","og_type":"article","og_title":"Optivisc Single Injection For Knee Arthritis - Skin Heal","og_description":"An injectable gel with cross-linked Hyaluronic acid which effectively treats the symptoms of knee osteoarthritis for up to a year.","og_url":"https:\/\/skin-heal.com\/es\/producto\/optivisc-single-1-x-3ml\/","og_site_name":"Skin Heal","article_modified_time":"2024-10-15T15:11:29+00:00","og_image":[{"width":600,"height":600,"url":"https:\/\/cdn.skin-heal.com\/wp-content\/uploads\/2019\/07\/Optivisc-Single.jpg","type":"image\/jpeg"}],"twitter_card":"summary_large_image","twitter_misc":{"Tiempo de lectura":"1 minuto"},"schema":{"@context":"https:\/\/schema.org","@graph":[{"@type":"WebPage","@id":"https:\/\/skin-heal.com\/product\/optivisc-single-1-x-3ml\/","url":"https:\/\/skin-heal.com\/product\/optivisc-single-1-x-3ml\/","name":"Inyecci\u00f3n \u00fanica de Optivisc para la artritis de rodilla - Skin Heal","isPartOf":{"@id":"https:\/\/skin-heal.com\/#website"},"primaryImageOfPage":{"@id":"https:\/\/skin-heal.com\/product\/optivisc-single-1-x-3ml\/#primaryimage"},"image":{"@id":"https:\/\/skin-heal.com\/product\/optivisc-single-1-x-3ml\/#primaryimage"},"thumbnailUrl":"https:\/\/cdn.skin-heal.com\/wp-content\/uploads\/2019\/07\/Optivisc-Single.jpg","datePublished":"2019-07-18T09:23:53+00:00","dateModified":"2024-10-15T15:11:29+00:00","description":"Gel inyectable con \u00e1cido hialur\u00f3nico reticulado que trata eficazmente los s\u00edntomas de la artrosis de rodilla hasta un a\u00f1o.","breadcrumb":{"@id":"https:\/\/skin-heal.com\/product\/optivisc-single-1-x-3ml\/#breadcrumb"},"inLanguage":"es","potentialAction":[{"@type":"ReadAction","target":["https:\/\/skin-heal.com\/product\/optivisc-single-1-x-3ml\/"]}]},{"@type":"ImageObject","inLanguage":"es","@id":"https:\/\/skin-heal.com\/product\/optivisc-single-1-x-3ml\/#primaryimage","url":"https:\/\/cdn.skin-heal.com\/wp-content\/uploads\/2019\/07\/Optivisc-Single.jpg","contentUrl":"https:\/\/cdn.skin-heal.com\/wp-content\/uploads\/2019\/07\/Optivisc-Single.jpg","width":600,"height":600,"caption":"Optivisc Single"},{"@type":"BreadcrumbList","@id":"https:\/\/skin-heal.com\/product\/optivisc-single-1-x-3ml\/#breadcrumb","itemListElement":[{"@type":"ListItem","position":1,"name":"Home","item":"https:\/\/skin-heal.com\/"},{"@type":"ListItem","position":2,"name":"Store","item":"https:\/\/skin-heal.com\/store\/"},{"@type":"ListItem","position":3,"name":"Optivisc Single (1 x 3ml)"}]},{"@type":"WebSite","@id":"https:\/\/skin-heal.com\/#website","url":"https:\/\/skin-heal.com\/","name":"Curaci\u00f3n de la piel","description":"Los precios m\u00e1s bajos para los rellenos d\u00e9rmicos","potentialAction":[{"@type":"SearchAction","target":{"@type":"EntryPoint","urlTemplate":"https:\/\/skin-heal.com\/?s={search_term_string}"},"query-input":{"@type":"PropertyValueSpecification","valueRequired":true,"valueName":"search_term_string"}}],"inLanguage":"es"}]}},"_links":{"self":[{"href":"https:\/\/skin-heal.com\/es\/wp-json\/wp\/v2\/product\/5517","targetHints":{"allow":["GET"]}}],"collection":[{"href":"https:\/\/skin-heal.com\/es\/wp-json\/wp\/v2\/product"}],"about":[{"href":"https:\/\/skin-heal.com\/es\/wp-json\/wp\/v2\/types\/product"}],"wp:featuredmedia":[{"embeddable":true,"href":"https:\/\/skin-heal.com\/es\/wp-json\/wp\/v2\/media\/5523"}],"wp:attachment":[{"href":"https:\/\/skin-heal.com\/es\/wp-json\/wp\/v2\/media?parent=5517"}],"wp:term":[{"taxonomy":"product_brand","embeddable":true,"href":"https:\/\/skin-heal.com\/es\/wp-json\/wp\/v2\/product_brand?post=5517"},{"taxonomy":"product_cat","embeddable":true,"href":"https:\/\/skin-heal.com\/es\/wp-json\/wp\/v2\/product_cat?post=5517"},{"taxonomy":"product_tag","embeddable":true,"href":"https:\/\/skin-heal.com\/es\/wp-json\/wp\/v2\/product_tag?post=5517"}],"curies":[{"name":"wp","href":"https:\/\/api.w.org\/{rel}","templated":true}]}}