{"id":5788,"date":"2019-07-23T13:13:40","date_gmt":"2019-07-23T13:13:40","guid":{"rendered":"https:\/\/skin-heal.com\/?post_type=product&#038;p=5788"},"modified":"2021-05-14T14:53:30","modified_gmt":"2021-05-14T14:53:30","slug":"beauty-friends-ii-face-mask-royal-jelly","status":"publish","type":"product","link":"https:\/\/skin-heal.com\/es\/producto\/beauty-friends-ii-face-mask-royal-jelly\/","title":{"rendered":"Mascarilla Beauty Friends II - Jalea Real"},"content":{"rendered":"","protected":false},"excerpt":{"rendered":"<p>La mascarilla facial de jalea real es la m\u00e1s adecuada para las personas que sufren de piel seca o cansada, ya sea por el entorno o por el envejecimiento. La jalea real, un extracto de miel altamente concentrado, hace maravillas con la elasticidad de la piel y restablece los niveles de hidrataci\u00f3n, devolvi\u00e9ndole su suavidad y tersura.<\/p>","protected":false},"featured_media":5798,"template":"","meta":[],"product_brand":[],"product_cat":[109,110,87],"product_tag":[],"class_list":{"0":"post-5788","1":"product","2":"type-product","3":"status-publish","4":"has-post-thumbnail","6":"product_cat-all-new-cosmetic","7":"product_cat-beauty-friends","8":"product_cat-cosmetics","9":"clearfix","11":"first","12":"outofstock","13":"taxable","14":"shipping-taxable","15":"purchasable","16":"product-type-simple"},"yoast_head":"<!-- This site is optimized with the Yoast SEO plugin v27.3 - https:\/\/yoast.com\/product\/yoast-seo-wordpress\/ -->\n<title>Beauty Friends II Face Mask - Royal Jelly - Skin Heal<\/title>\n<meta name=\"description\" content=\"Beauty Friends II mask with royal jelly which provides much needed hydration to dry, rough and tired skin, restoring smoothness and elasticity.\" \/>\n<meta name=\"robots\" content=\"index, follow, max-snippet:-1, max-image-preview:large, max-video-preview:-1\" \/>\n<link rel=\"canonical\" href=\"https:\/\/skin-heal.com\/es\/producto\/beauty-friends-ii-face-mask-royal-jelly\/\" \/>\n<meta property=\"og:locale\" content=\"es_MX\" \/>\n<meta property=\"og:type\" content=\"article\" \/>\n<meta property=\"og:title\" content=\"Beauty Friends II Face Mask - Royal Jelly - Skin Heal\" \/>\n<meta property=\"og:description\" content=\"Beauty Friends II mask with royal jelly which provides much needed hydration to dry, rough and tired skin, restoring smoothness and elasticity.\" \/>\n<meta property=\"og:url\" content=\"https:\/\/skin-heal.com\/es\/producto\/beauty-friends-ii-face-mask-royal-jelly\/\" \/>\n<meta property=\"og:site_name\" content=\"Skin Heal\" \/>\n<meta property=\"article:modified_time\" content=\"2021-05-14T14:53:30+00:00\" \/>\n<meta property=\"og:image\" content=\"https:\/\/cdn.skin-heal.com\/wp-content\/uploads\/2019\/07\/Royal-Jelly.jpg\" \/>\n\t<meta property=\"og:image:width\" content=\"450\" \/>\n\t<meta property=\"og:image:height\" content=\"450\" \/>\n\t<meta property=\"og:image:type\" content=\"image\/jpeg\" \/>\n<meta name=\"twitter:card\" content=\"summary_large_image\" \/>\n<script type=\"application\/ld+json\" class=\"yoast-schema-graph\">{\"@context\":\"https:\\\/\\\/schema.org\",\"@graph\":[{\"@type\":\"WebPage\",\"@id\":\"https:\\\/\\\/skin-heal.com\\\/product\\\/beauty-friends-ii-face-mask-royal-jelly\\\/\",\"url\":\"https:\\\/\\\/skin-heal.com\\\/product\\\/beauty-friends-ii-face-mask-royal-jelly\\\/\",\"name\":\"Beauty Friends II Face Mask - Royal Jelly - Skin Heal\",\"isPartOf\":{\"@id\":\"https:\\\/\\\/skin-heal.com\\\/#website\"},\"primaryImageOfPage\":{\"@id\":\"https:\\\/\\\/skin-heal.com\\\/product\\\/beauty-friends-ii-face-mask-royal-jelly\\\/#primaryimage\"},\"image\":{\"@id\":\"https:\\\/\\\/skin-heal.com\\\/product\\\/beauty-friends-ii-face-mask-royal-jelly\\\/#primaryimage\"},\"thumbnailUrl\":\"https:\\\/\\\/skin-heal.com\\\/wp-content\\\/uploads\\\/2019\\\/07\\\/Royal-Jelly.jpg\",\"datePublished\":\"2019-07-23T13:13:40+00:00\",\"dateModified\":\"2021-05-14T14:53:30+00:00\",\"description\":\"Beauty Friends II mask with royal jelly which provides much needed hydration to dry, rough and tired skin, restoring smoothness and elasticity.\",\"breadcrumb\":{\"@id\":\"https:\\\/\\\/skin-heal.com\\\/product\\\/beauty-friends-ii-face-mask-royal-jelly\\\/#breadcrumb\"},\"inLanguage\":\"es\",\"potentialAction\":[{\"@type\":\"ReadAction\",\"target\":[\"https:\\\/\\\/skin-heal.com\\\/product\\\/beauty-friends-ii-face-mask-royal-jelly\\\/\"]}]},{\"@type\":\"ImageObject\",\"inLanguage\":\"es\",\"@id\":\"https:\\\/\\\/skin-heal.com\\\/product\\\/beauty-friends-ii-face-mask-royal-jelly\\\/#primaryimage\",\"url\":\"https:\\\/\\\/skin-heal.com\\\/wp-content\\\/uploads\\\/2019\\\/07\\\/Royal-Jelly.jpg\",\"contentUrl\":\"https:\\\/\\\/skin-heal.com\\\/wp-content\\\/uploads\\\/2019\\\/07\\\/Royal-Jelly.jpg\",\"width\":450,\"height\":450,\"caption\":\"Royal Jelly\"},{\"@type\":\"BreadcrumbList\",\"@id\":\"https:\\\/\\\/skin-heal.com\\\/product\\\/beauty-friends-ii-face-mask-royal-jelly\\\/#breadcrumb\",\"itemListElement\":[{\"@type\":\"ListItem\",\"position\":1,\"name\":\"Home\",\"item\":\"https:\\\/\\\/skin-heal.com\\\/\"},{\"@type\":\"ListItem\",\"position\":2,\"name\":\"Store\",\"item\":\"https:\\\/\\\/skin-heal.com\\\/store\\\/\"},{\"@type\":\"ListItem\",\"position\":3,\"name\":\"Beauty Friends II Face Mask &#8211; Royal Jelly\"}]},{\"@type\":\"WebSite\",\"@id\":\"https:\\\/\\\/skin-heal.com\\\/#website\",\"url\":\"https:\\\/\\\/skin-heal.com\\\/\",\"name\":\"Skin Heal\",\"description\":\"Lowest Prices for Dermal Fillers\",\"potentialAction\":[{\"@type\":\"SearchAction\",\"target\":{\"@type\":\"EntryPoint\",\"urlTemplate\":\"https:\\\/\\\/skin-heal.com\\\/?s={search_term_string}\"},\"query-input\":{\"@type\":\"PropertyValueSpecification\",\"valueRequired\":true,\"valueName\":\"search_term_string\"}}],\"inLanguage\":\"es\"}]}<\/script>\n<!-- \/ Yoast SEO plugin. -->","yoast_head_json":{"title":"Beauty Friends II Mascarilla Facial - Jalea Real - Skin Heal","description":"Mascarilla Beauty Friends II con jalea real que proporciona la hidrataci\u00f3n que tanto necesita la piel seca, \u00e1spera y cansada, devolvi\u00e9ndole su suavidad y elasticidad.","robots":{"index":"index","follow":"follow","max-snippet":"max-snippet:-1","max-image-preview":"max-image-preview:large","max-video-preview":"max-video-preview:-1"},"canonical":"https:\/\/skin-heal.com\/es\/producto\/beauty-friends-ii-face-mask-royal-jelly\/","og_locale":"es_MX","og_type":"article","og_title":"Beauty Friends II Face Mask - Royal Jelly - Skin Heal","og_description":"Beauty Friends II mask with royal jelly which provides much needed hydration to dry, rough and tired skin, restoring smoothness and elasticity.","og_url":"https:\/\/skin-heal.com\/es\/producto\/beauty-friends-ii-face-mask-royal-jelly\/","og_site_name":"Skin Heal","article_modified_time":"2021-05-14T14:53:30+00:00","og_image":[{"width":450,"height":450,"url":"https:\/\/cdn.skin-heal.com\/wp-content\/uploads\/2019\/07\/Royal-Jelly.jpg","type":"image\/jpeg"}],"twitter_card":"summary_large_image","schema":{"@context":"https:\/\/schema.org","@graph":[{"@type":"WebPage","@id":"https:\/\/skin-heal.com\/product\/beauty-friends-ii-face-mask-royal-jelly\/","url":"https:\/\/skin-heal.com\/product\/beauty-friends-ii-face-mask-royal-jelly\/","name":"Beauty Friends II Mascarilla Facial - Jalea Real - Skin Heal","isPartOf":{"@id":"https:\/\/skin-heal.com\/#website"},"primaryImageOfPage":{"@id":"https:\/\/skin-heal.com\/product\/beauty-friends-ii-face-mask-royal-jelly\/#primaryimage"},"image":{"@id":"https:\/\/skin-heal.com\/product\/beauty-friends-ii-face-mask-royal-jelly\/#primaryimage"},"thumbnailUrl":"https:\/\/cdn.skin-heal.com\/wp-content\/uploads\/2019\/07\/Royal-Jelly.jpg","datePublished":"2019-07-23T13:13:40+00:00","dateModified":"2021-05-14T14:53:30+00:00","description":"Mascarilla Beauty Friends II con jalea real que proporciona la hidrataci\u00f3n que tanto necesita la piel seca, \u00e1spera y cansada, devolvi\u00e9ndole su suavidad y elasticidad.","breadcrumb":{"@id":"https:\/\/skin-heal.com\/product\/beauty-friends-ii-face-mask-royal-jelly\/#breadcrumb"},"inLanguage":"es","potentialAction":[{"@type":"ReadAction","target":["https:\/\/skin-heal.com\/product\/beauty-friends-ii-face-mask-royal-jelly\/"]}]},{"@type":"ImageObject","inLanguage":"es","@id":"https:\/\/skin-heal.com\/product\/beauty-friends-ii-face-mask-royal-jelly\/#primaryimage","url":"https:\/\/cdn.skin-heal.com\/wp-content\/uploads\/2019\/07\/Royal-Jelly.jpg","contentUrl":"https:\/\/cdn.skin-heal.com\/wp-content\/uploads\/2019\/07\/Royal-Jelly.jpg","width":450,"height":450,"caption":"Royal Jelly"},{"@type":"BreadcrumbList","@id":"https:\/\/skin-heal.com\/product\/beauty-friends-ii-face-mask-royal-jelly\/#breadcrumb","itemListElement":[{"@type":"ListItem","position":1,"name":"Home","item":"https:\/\/skin-heal.com\/"},{"@type":"ListItem","position":2,"name":"Store","item":"https:\/\/skin-heal.com\/store\/"},{"@type":"ListItem","position":3,"name":"Beauty Friends II Face Mask &#8211; Royal Jelly"}]},{"@type":"WebSite","@id":"https:\/\/skin-heal.com\/#website","url":"https:\/\/skin-heal.com\/","name":"Curaci\u00f3n de la piel","description":"Los precios m\u00e1s bajos para los rellenos d\u00e9rmicos","potentialAction":[{"@type":"SearchAction","target":{"@type":"EntryPoint","urlTemplate":"https:\/\/skin-heal.com\/?s={search_term_string}"},"query-input":{"@type":"PropertyValueSpecification","valueRequired":true,"valueName":"search_term_string"}}],"inLanguage":"es"}]}},"_links":{"self":[{"href":"https:\/\/skin-heal.com\/es\/wp-json\/wp\/v2\/product\/5788","targetHints":{"allow":["GET"]}}],"collection":[{"href":"https:\/\/skin-heal.com\/es\/wp-json\/wp\/v2\/product"}],"about":[{"href":"https:\/\/skin-heal.com\/es\/wp-json\/wp\/v2\/types\/product"}],"wp:featuredmedia":[{"embeddable":true,"href":"https:\/\/skin-heal.com\/es\/wp-json\/wp\/v2\/media\/5798"}],"wp:attachment":[{"href":"https:\/\/skin-heal.com\/es\/wp-json\/wp\/v2\/media?parent=5788"}],"wp:term":[{"taxonomy":"product_brand","embeddable":true,"href":"https:\/\/skin-heal.com\/es\/wp-json\/wp\/v2\/product_brand?post=5788"},{"taxonomy":"product_cat","embeddable":true,"href":"https:\/\/skin-heal.com\/es\/wp-json\/wp\/v2\/product_cat?post=5788"},{"taxonomy":"product_tag","embeddable":true,"href":"https:\/\/skin-heal.com\/es\/wp-json\/wp\/v2\/product_tag?post=5788"}],"curies":[{"name":"wp","href":"https:\/\/api.w.org\/{rel}","templated":true}]}}