{"id":5791,"date":"2019-07-23T13:13:35","date_gmt":"2019-07-23T13:13:35","guid":{"rendered":"https:\/\/skin-heal.com\/?post_type=product&#038;p=5791"},"modified":"2021-05-14T14:53:31","modified_gmt":"2021-05-14T14:53:31","slug":"beauty-friends-ii-face-mask-potato","status":"publish","type":"product","link":"https:\/\/skin-heal.com\/es\/producto\/beauty-friends-ii-face-mask-potato\/","title":{"rendered":"Mascarilla Beauty Friends II - Patata"},"content":{"rendered":"","protected":false},"excerpt":{"rendered":"<p>Una de las mejores mascarillas para pieles cansadas y desnutridas. Trata eficazmente la hinchaz\u00f3n de la piel y las manchas oscuras, resultado de la fatiga y la falta de sue\u00f1o, pero tambi\u00e9n trata la piel mal hidratada y \u00e1spera, restaurando los niveles naturales de humedad y potenciando la elasticidad.<\/p>","protected":false},"featured_media":5801,"template":"","meta":[],"product_brand":[],"product_cat":[109,110,87],"product_tag":[],"class_list":{"0":"post-5791","1":"product","2":"type-product","3":"status-publish","4":"has-post-thumbnail","6":"product_cat-all-new-cosmetic","7":"product_cat-beauty-friends","8":"product_cat-cosmetics","9":"clearfix","11":"first","12":"outofstock","13":"taxable","14":"shipping-taxable","15":"purchasable","16":"product-type-simple"},"yoast_head":"<!-- This site is optimized with the Yoast SEO plugin v27.4 - https:\/\/yoast.com\/product\/yoast-seo-wordpress\/ -->\n<title>Beauty Friends II Face Mask - Potato - Skin Heal<\/title>\n<meta name=\"description\" content=\"A potato mask full of nutrients for the skin. This face mask from Beauty Friends will boost and re-invigorate the malnourished skin.\" \/>\n<meta name=\"robots\" content=\"index, follow, max-snippet:-1, max-image-preview:large, max-video-preview:-1\" \/>\n<link rel=\"canonical\" href=\"https:\/\/skin-heal.com\/es\/producto\/beauty-friends-ii-face-mask-potato\/\" \/>\n<meta property=\"og:locale\" content=\"es_MX\" \/>\n<meta property=\"og:type\" content=\"article\" \/>\n<meta property=\"og:title\" content=\"Beauty Friends II Face Mask - Potato - Skin Heal\" \/>\n<meta property=\"og:description\" content=\"A potato mask full of nutrients for the skin. This face mask from Beauty Friends will boost and re-invigorate the malnourished skin.\" \/>\n<meta property=\"og:url\" content=\"https:\/\/skin-heal.com\/es\/producto\/beauty-friends-ii-face-mask-potato\/\" \/>\n<meta property=\"og:site_name\" content=\"Skin Heal\" \/>\n<meta property=\"article:modified_time\" content=\"2021-05-14T14:53:31+00:00\" \/>\n<meta property=\"og:image\" content=\"https:\/\/cdn.skin-heal.com\/wp-content\/uploads\/2019\/07\/Potatoe.jpg\" \/>\n\t<meta property=\"og:image:width\" content=\"450\" \/>\n\t<meta property=\"og:image:height\" content=\"450\" \/>\n\t<meta property=\"og:image:type\" content=\"image\/jpeg\" \/>\n<meta name=\"twitter:card\" content=\"summary_large_image\" \/>\n<script type=\"application\/ld+json\" class=\"yoast-schema-graph\">{\"@context\":\"https:\\\/\\\/schema.org\",\"@graph\":[{\"@type\":\"WebPage\",\"@id\":\"https:\\\/\\\/skin-heal.com\\\/product\\\/beauty-friends-ii-face-mask-potato\\\/\",\"url\":\"https:\\\/\\\/skin-heal.com\\\/product\\\/beauty-friends-ii-face-mask-potato\\\/\",\"name\":\"Beauty Friends II Face Mask - Potato - Skin Heal\",\"isPartOf\":{\"@id\":\"https:\\\/\\\/skin-heal.com\\\/#website\"},\"primaryImageOfPage\":{\"@id\":\"https:\\\/\\\/skin-heal.com\\\/product\\\/beauty-friends-ii-face-mask-potato\\\/#primaryimage\"},\"image\":{\"@id\":\"https:\\\/\\\/skin-heal.com\\\/product\\\/beauty-friends-ii-face-mask-potato\\\/#primaryimage\"},\"thumbnailUrl\":\"https:\\\/\\\/skin-heal.com\\\/wp-content\\\/uploads\\\/2019\\\/07\\\/Potatoe.jpg\",\"datePublished\":\"2019-07-23T13:13:35+00:00\",\"dateModified\":\"2021-05-14T14:53:31+00:00\",\"description\":\"A potato mask full of nutrients for the skin. This face mask from Beauty Friends will boost and re-invigorate the malnourished skin.\",\"breadcrumb\":{\"@id\":\"https:\\\/\\\/skin-heal.com\\\/product\\\/beauty-friends-ii-face-mask-potato\\\/#breadcrumb\"},\"inLanguage\":\"es\",\"potentialAction\":[{\"@type\":\"ReadAction\",\"target\":[\"https:\\\/\\\/skin-heal.com\\\/product\\\/beauty-friends-ii-face-mask-potato\\\/\"]}]},{\"@type\":\"ImageObject\",\"inLanguage\":\"es\",\"@id\":\"https:\\\/\\\/skin-heal.com\\\/product\\\/beauty-friends-ii-face-mask-potato\\\/#primaryimage\",\"url\":\"https:\\\/\\\/skin-heal.com\\\/wp-content\\\/uploads\\\/2019\\\/07\\\/Potatoe.jpg\",\"contentUrl\":\"https:\\\/\\\/skin-heal.com\\\/wp-content\\\/uploads\\\/2019\\\/07\\\/Potatoe.jpg\",\"width\":450,\"height\":450,\"caption\":\"Potatoe\"},{\"@type\":\"BreadcrumbList\",\"@id\":\"https:\\\/\\\/skin-heal.com\\\/product\\\/beauty-friends-ii-face-mask-potato\\\/#breadcrumb\",\"itemListElement\":[{\"@type\":\"ListItem\",\"position\":1,\"name\":\"Home\",\"item\":\"https:\\\/\\\/skin-heal.com\\\/\"},{\"@type\":\"ListItem\",\"position\":2,\"name\":\"Store\",\"item\":\"https:\\\/\\\/skin-heal.com\\\/store\\\/\"},{\"@type\":\"ListItem\",\"position\":3,\"name\":\"Beauty Friends II Face Mask &#8211; Potato\"}]},{\"@type\":\"WebSite\",\"@id\":\"https:\\\/\\\/skin-heal.com\\\/#website\",\"url\":\"https:\\\/\\\/skin-heal.com\\\/\",\"name\":\"Skin Heal\",\"description\":\"Lowest Prices for Dermal Fillers\",\"potentialAction\":[{\"@type\":\"SearchAction\",\"target\":{\"@type\":\"EntryPoint\",\"urlTemplate\":\"https:\\\/\\\/skin-heal.com\\\/?s={search_term_string}\"},\"query-input\":{\"@type\":\"PropertyValueSpecification\",\"valueRequired\":true,\"valueName\":\"search_term_string\"}}],\"inLanguage\":\"es\"}]}<\/script>\n<!-- \/ Yoast SEO plugin. -->","yoast_head_json":{"title":"Beauty Friends II Mascarilla facial - Patata - Skin Heal","description":"Una mascarilla de patata llena de nutrientes para la piel. Esta mascarilla facial de Beauty Friends potenciar\u00e1 y revitalizar\u00e1 la piel desnutrida.","robots":{"index":"index","follow":"follow","max-snippet":"max-snippet:-1","max-image-preview":"max-image-preview:large","max-video-preview":"max-video-preview:-1"},"canonical":"https:\/\/skin-heal.com\/es\/producto\/beauty-friends-ii-face-mask-potato\/","og_locale":"es_MX","og_type":"article","og_title":"Beauty Friends II Face Mask - Potato - Skin Heal","og_description":"A potato mask full of nutrients for the skin. This face mask from Beauty Friends will boost and re-invigorate the malnourished skin.","og_url":"https:\/\/skin-heal.com\/es\/producto\/beauty-friends-ii-face-mask-potato\/","og_site_name":"Skin Heal","article_modified_time":"2021-05-14T14:53:31+00:00","og_image":[{"width":450,"height":450,"url":"https:\/\/cdn.skin-heal.com\/wp-content\/uploads\/2019\/07\/Potatoe.jpg","type":"image\/jpeg"}],"twitter_card":"summary_large_image","schema":{"@context":"https:\/\/schema.org","@graph":[{"@type":"WebPage","@id":"https:\/\/skin-heal.com\/product\/beauty-friends-ii-face-mask-potato\/","url":"https:\/\/skin-heal.com\/product\/beauty-friends-ii-face-mask-potato\/","name":"Beauty Friends II Mascarilla facial - Patata - Skin Heal","isPartOf":{"@id":"https:\/\/skin-heal.com\/#website"},"primaryImageOfPage":{"@id":"https:\/\/skin-heal.com\/product\/beauty-friends-ii-face-mask-potato\/#primaryimage"},"image":{"@id":"https:\/\/skin-heal.com\/product\/beauty-friends-ii-face-mask-potato\/#primaryimage"},"thumbnailUrl":"https:\/\/cdn.skin-heal.com\/wp-content\/uploads\/2019\/07\/Potatoe.jpg","datePublished":"2019-07-23T13:13:35+00:00","dateModified":"2021-05-14T14:53:31+00:00","description":"Una mascarilla de patata llena de nutrientes para la piel. Esta mascarilla facial de Beauty Friends potenciar\u00e1 y revitalizar\u00e1 la piel desnutrida.","breadcrumb":{"@id":"https:\/\/skin-heal.com\/product\/beauty-friends-ii-face-mask-potato\/#breadcrumb"},"inLanguage":"es","potentialAction":[{"@type":"ReadAction","target":["https:\/\/skin-heal.com\/product\/beauty-friends-ii-face-mask-potato\/"]}]},{"@type":"ImageObject","inLanguage":"es","@id":"https:\/\/skin-heal.com\/product\/beauty-friends-ii-face-mask-potato\/#primaryimage","url":"https:\/\/cdn.skin-heal.com\/wp-content\/uploads\/2019\/07\/Potatoe.jpg","contentUrl":"https:\/\/cdn.skin-heal.com\/wp-content\/uploads\/2019\/07\/Potatoe.jpg","width":450,"height":450,"caption":"Potatoe"},{"@type":"BreadcrumbList","@id":"https:\/\/skin-heal.com\/product\/beauty-friends-ii-face-mask-potato\/#breadcrumb","itemListElement":[{"@type":"ListItem","position":1,"name":"Home","item":"https:\/\/skin-heal.com\/"},{"@type":"ListItem","position":2,"name":"Store","item":"https:\/\/skin-heal.com\/store\/"},{"@type":"ListItem","position":3,"name":"Beauty Friends II Face Mask &#8211; Potato"}]},{"@type":"WebSite","@id":"https:\/\/skin-heal.com\/#website","url":"https:\/\/skin-heal.com\/","name":"Curaci\u00f3n de la piel","description":"Los precios m\u00e1s bajos para los rellenos d\u00e9rmicos","potentialAction":[{"@type":"SearchAction","target":{"@type":"EntryPoint","urlTemplate":"https:\/\/skin-heal.com\/?s={search_term_string}"},"query-input":{"@type":"PropertyValueSpecification","valueRequired":true,"valueName":"search_term_string"}}],"inLanguage":"es"}]}},"_links":{"self":[{"href":"https:\/\/skin-heal.com\/es\/wp-json\/wp\/v2\/product\/5791","targetHints":{"allow":["GET"]}}],"collection":[{"href":"https:\/\/skin-heal.com\/es\/wp-json\/wp\/v2\/product"}],"about":[{"href":"https:\/\/skin-heal.com\/es\/wp-json\/wp\/v2\/types\/product"}],"wp:featuredmedia":[{"embeddable":true,"href":"https:\/\/skin-heal.com\/es\/wp-json\/wp\/v2\/media\/5801"}],"wp:attachment":[{"href":"https:\/\/skin-heal.com\/es\/wp-json\/wp\/v2\/media?parent=5791"}],"wp:term":[{"taxonomy":"product_brand","embeddable":true,"href":"https:\/\/skin-heal.com\/es\/wp-json\/wp\/v2\/product_brand?post=5791"},{"taxonomy":"product_cat","embeddable":true,"href":"https:\/\/skin-heal.com\/es\/wp-json\/wp\/v2\/product_cat?post=5791"},{"taxonomy":"product_tag","embeddable":true,"href":"https:\/\/skin-heal.com\/es\/wp-json\/wp\/v2\/product_tag?post=5791"}],"curies":[{"name":"wp","href":"https:\/\/api.w.org\/{rel}","templated":true}]}}