{"id":5818,"date":"2019-07-23T15:31:19","date_gmt":"2019-07-23T15:31:19","guid":{"rendered":"https:\/\/skin-heal.com\/?post_type=product&#038;p=5818"},"modified":"2021-05-14T14:53:26","modified_gmt":"2021-05-14T14:53:26","slug":"beauty-friends-ii-face-mask-green-tea","status":"publish","type":"product","link":"https:\/\/skin-heal.com\/es\/producto\/beauty-friends-ii-face-mask-green-tea\/","title":{"rendered":"Mascarilla facial Beauty Friends II - T\u00e9 verde"},"content":{"rendered":"","protected":false},"excerpt":{"rendered":"<p>Una mascarilla para el rostro que combate eficazmente los radicales libres con su efecto nocivo, que es una de las principales causas del envejecimiento prematuro de la piel. Para pacientes que se han expuesto excesivamente al sol o a los rayos UV (terapia de luz UV, sol\u00e1rium, etc.) o a la contaminaci\u00f3n general del aire y del agua.<\/p>","protected":false},"featured_media":5830,"template":"","meta":[],"product_brand":[],"product_cat":[109,110,87],"product_tag":[],"class_list":{"0":"post-5818","1":"product","2":"type-product","3":"status-publish","4":"has-post-thumbnail","6":"product_cat-all-new-cosmetic","7":"product_cat-beauty-friends","8":"product_cat-cosmetics","9":"clearfix","11":"first","12":"outofstock","13":"taxable","14":"shipping-taxable","15":"purchasable","16":"product-type-simple"},"yoast_head":"<!-- This site is optimized with the Yoast SEO plugin v27.5 - https:\/\/yoast.com\/product\/yoast-seo-wordpress\/ -->\n<title>Beauty Friends II Face Mask \u2013 Green Tea - Skin Heal<\/title>\n<meta name=\"description\" content=\"This face mask protects the skin from premature aging, caused by sun expose, laser treatment or UV light treatment \u2013 a Beauty Friends product.\" \/>\n<meta name=\"robots\" content=\"index, follow, max-snippet:-1, max-image-preview:large, max-video-preview:-1\" \/>\n<link rel=\"canonical\" href=\"https:\/\/skin-heal.com\/es\/producto\/beauty-friends-ii-face-mask-green-tea\/\" \/>\n<meta property=\"og:locale\" content=\"es_MX\" \/>\n<meta property=\"og:type\" content=\"article\" \/>\n<meta property=\"og:title\" content=\"Beauty Friends II Face Mask \u2013 Green Tea - Skin Heal\" \/>\n<meta property=\"og:description\" content=\"This face mask protects the skin from premature aging, caused by sun expose, laser treatment or UV light treatment \u2013 a Beauty Friends product.\" \/>\n<meta property=\"og:url\" content=\"https:\/\/skin-heal.com\/es\/producto\/beauty-friends-ii-face-mask-green-tea\/\" \/>\n<meta property=\"og:site_name\" content=\"Skin Heal\" \/>\n<meta property=\"article:modified_time\" content=\"2021-05-14T14:53:26+00:00\" \/>\n<meta property=\"og:image\" content=\"https:\/\/cdn.skin-heal.com\/wp-content\/uploads\/2019\/07\/Green-Tea.jpg\" \/>\n\t<meta property=\"og:image:width\" content=\"450\" \/>\n\t<meta property=\"og:image:height\" content=\"450\" \/>\n\t<meta property=\"og:image:type\" content=\"image\/jpeg\" \/>\n<meta name=\"twitter:card\" content=\"summary_large_image\" \/>\n<script type=\"application\/ld+json\" class=\"yoast-schema-graph\">{\"@context\":\"https:\\\/\\\/schema.org\",\"@graph\":[{\"@type\":\"WebPage\",\"@id\":\"https:\\\/\\\/skin-heal.com\\\/product\\\/beauty-friends-ii-face-mask-green-tea\\\/\",\"url\":\"https:\\\/\\\/skin-heal.com\\\/product\\\/beauty-friends-ii-face-mask-green-tea\\\/\",\"name\":\"Beauty Friends II Face Mask \u2013 Green Tea - Skin Heal\",\"isPartOf\":{\"@id\":\"https:\\\/\\\/skin-heal.com\\\/#website\"},\"primaryImageOfPage\":{\"@id\":\"https:\\\/\\\/skin-heal.com\\\/product\\\/beauty-friends-ii-face-mask-green-tea\\\/#primaryimage\"},\"image\":{\"@id\":\"https:\\\/\\\/skin-heal.com\\\/product\\\/beauty-friends-ii-face-mask-green-tea\\\/#primaryimage\"},\"thumbnailUrl\":\"https:\\\/\\\/skin-heal.com\\\/wp-content\\\/uploads\\\/2019\\\/07\\\/Green-Tea.jpg\",\"datePublished\":\"2019-07-23T15:31:19+00:00\",\"dateModified\":\"2021-05-14T14:53:26+00:00\",\"description\":\"This face mask protects the skin from premature aging, caused by sun expose, laser treatment or UV light treatment \u2013 a Beauty Friends product.\",\"breadcrumb\":{\"@id\":\"https:\\\/\\\/skin-heal.com\\\/product\\\/beauty-friends-ii-face-mask-green-tea\\\/#breadcrumb\"},\"inLanguage\":\"es\",\"potentialAction\":[{\"@type\":\"ReadAction\",\"target\":[\"https:\\\/\\\/skin-heal.com\\\/product\\\/beauty-friends-ii-face-mask-green-tea\\\/\"]}]},{\"@type\":\"ImageObject\",\"inLanguage\":\"es\",\"@id\":\"https:\\\/\\\/skin-heal.com\\\/product\\\/beauty-friends-ii-face-mask-green-tea\\\/#primaryimage\",\"url\":\"https:\\\/\\\/skin-heal.com\\\/wp-content\\\/uploads\\\/2019\\\/07\\\/Green-Tea.jpg\",\"contentUrl\":\"https:\\\/\\\/skin-heal.com\\\/wp-content\\\/uploads\\\/2019\\\/07\\\/Green-Tea.jpg\",\"width\":450,\"height\":450,\"caption\":\"Green Tea\"},{\"@type\":\"BreadcrumbList\",\"@id\":\"https:\\\/\\\/skin-heal.com\\\/product\\\/beauty-friends-ii-face-mask-green-tea\\\/#breadcrumb\",\"itemListElement\":[{\"@type\":\"ListItem\",\"position\":1,\"name\":\"Home\",\"item\":\"https:\\\/\\\/skin-heal.com\\\/\"},{\"@type\":\"ListItem\",\"position\":2,\"name\":\"Store\",\"item\":\"https:\\\/\\\/skin-heal.com\\\/store\\\/\"},{\"@type\":\"ListItem\",\"position\":3,\"name\":\"Beauty Friends II Face Mask \u2013 Green Tea\"}]},{\"@type\":\"WebSite\",\"@id\":\"https:\\\/\\\/skin-heal.com\\\/#website\",\"url\":\"https:\\\/\\\/skin-heal.com\\\/\",\"name\":\"Skin Heal\",\"description\":\"Lowest Prices for Dermal Fillers\",\"potentialAction\":[{\"@type\":\"SearchAction\",\"target\":{\"@type\":\"EntryPoint\",\"urlTemplate\":\"https:\\\/\\\/skin-heal.com\\\/?s={search_term_string}\"},\"query-input\":{\"@type\":\"PropertyValueSpecification\",\"valueRequired\":true,\"valueName\":\"search_term_string\"}}],\"inLanguage\":\"es\"}]}<\/script>\n<!-- \/ Yoast SEO plugin. -->","yoast_head_json":{"title":"Beauty Friends II Mascarilla facial - T\u00e9 verde - Piel sana","description":"Esta mascarilla facial protege la piel del envejecimiento prematuro, causado por la exposici\u00f3n al sol, el tratamiento con l\u00e1ser o el tratamiento con luz UV - un producto Beauty Friends.","robots":{"index":"index","follow":"follow","max-snippet":"max-snippet:-1","max-image-preview":"max-image-preview:large","max-video-preview":"max-video-preview:-1"},"canonical":"https:\/\/skin-heal.com\/es\/producto\/beauty-friends-ii-face-mask-green-tea\/","og_locale":"es_MX","og_type":"article","og_title":"Beauty Friends II Face Mask \u2013 Green Tea - Skin Heal","og_description":"This face mask protects the skin from premature aging, caused by sun expose, laser treatment or UV light treatment \u2013 a Beauty Friends product.","og_url":"https:\/\/skin-heal.com\/es\/producto\/beauty-friends-ii-face-mask-green-tea\/","og_site_name":"Skin Heal","article_modified_time":"2021-05-14T14:53:26+00:00","og_image":[{"width":450,"height":450,"url":"https:\/\/cdn.skin-heal.com\/wp-content\/uploads\/2019\/07\/Green-Tea.jpg","type":"image\/jpeg"}],"twitter_card":"summary_large_image","schema":{"@context":"https:\/\/schema.org","@graph":[{"@type":"WebPage","@id":"https:\/\/skin-heal.com\/product\/beauty-friends-ii-face-mask-green-tea\/","url":"https:\/\/skin-heal.com\/product\/beauty-friends-ii-face-mask-green-tea\/","name":"Beauty Friends II Mascarilla facial - T\u00e9 verde - Piel sana","isPartOf":{"@id":"https:\/\/skin-heal.com\/#website"},"primaryImageOfPage":{"@id":"https:\/\/skin-heal.com\/product\/beauty-friends-ii-face-mask-green-tea\/#primaryimage"},"image":{"@id":"https:\/\/skin-heal.com\/product\/beauty-friends-ii-face-mask-green-tea\/#primaryimage"},"thumbnailUrl":"https:\/\/cdn.skin-heal.com\/wp-content\/uploads\/2019\/07\/Green-Tea.jpg","datePublished":"2019-07-23T15:31:19+00:00","dateModified":"2021-05-14T14:53:26+00:00","description":"Esta mascarilla facial protege la piel del envejecimiento prematuro, causado por la exposici\u00f3n al sol, el tratamiento con l\u00e1ser o el tratamiento con luz UV - un producto Beauty Friends.","breadcrumb":{"@id":"https:\/\/skin-heal.com\/product\/beauty-friends-ii-face-mask-green-tea\/#breadcrumb"},"inLanguage":"es","potentialAction":[{"@type":"ReadAction","target":["https:\/\/skin-heal.com\/product\/beauty-friends-ii-face-mask-green-tea\/"]}]},{"@type":"ImageObject","inLanguage":"es","@id":"https:\/\/skin-heal.com\/product\/beauty-friends-ii-face-mask-green-tea\/#primaryimage","url":"https:\/\/cdn.skin-heal.com\/wp-content\/uploads\/2019\/07\/Green-Tea.jpg","contentUrl":"https:\/\/cdn.skin-heal.com\/wp-content\/uploads\/2019\/07\/Green-Tea.jpg","width":450,"height":450,"caption":"Green Tea"},{"@type":"BreadcrumbList","@id":"https:\/\/skin-heal.com\/product\/beauty-friends-ii-face-mask-green-tea\/#breadcrumb","itemListElement":[{"@type":"ListItem","position":1,"name":"Home","item":"https:\/\/skin-heal.com\/"},{"@type":"ListItem","position":2,"name":"Store","item":"https:\/\/skin-heal.com\/store\/"},{"@type":"ListItem","position":3,"name":"Beauty Friends II Face Mask \u2013 Green Tea"}]},{"@type":"WebSite","@id":"https:\/\/skin-heal.com\/#website","url":"https:\/\/skin-heal.com\/","name":"Curaci\u00f3n de la piel","description":"Los precios m\u00e1s bajos para los rellenos d\u00e9rmicos","potentialAction":[{"@type":"SearchAction","target":{"@type":"EntryPoint","urlTemplate":"https:\/\/skin-heal.com\/?s={search_term_string}"},"query-input":{"@type":"PropertyValueSpecification","valueRequired":true,"valueName":"search_term_string"}}],"inLanguage":"es"}]}},"_links":{"self":[{"href":"https:\/\/skin-heal.com\/es\/wp-json\/wp\/v2\/product\/5818","targetHints":{"allow":["GET"]}}],"collection":[{"href":"https:\/\/skin-heal.com\/es\/wp-json\/wp\/v2\/product"}],"about":[{"href":"https:\/\/skin-heal.com\/es\/wp-json\/wp\/v2\/types\/product"}],"wp:featuredmedia":[{"embeddable":true,"href":"https:\/\/skin-heal.com\/es\/wp-json\/wp\/v2\/media\/5830"}],"wp:attachment":[{"href":"https:\/\/skin-heal.com\/es\/wp-json\/wp\/v2\/media?parent=5818"}],"wp:term":[{"taxonomy":"product_brand","embeddable":true,"href":"https:\/\/skin-heal.com\/es\/wp-json\/wp\/v2\/product_brand?post=5818"},{"taxonomy":"product_cat","embeddable":true,"href":"https:\/\/skin-heal.com\/es\/wp-json\/wp\/v2\/product_cat?post=5818"},{"taxonomy":"product_tag","embeddable":true,"href":"https:\/\/skin-heal.com\/es\/wp-json\/wp\/v2\/product_tag?post=5818"}],"curies":[{"name":"wp","href":"https:\/\/api.w.org\/{rel}","templated":true}]}}