{"id":5820,"date":"2019-07-23T15:27:17","date_gmt":"2019-07-23T15:27:17","guid":{"rendered":"https:\/\/skin-heal.com\/?post_type=product&#038;p=5820"},"modified":"2021-05-14T14:53:28","modified_gmt":"2021-05-14T14:53:28","slug":"beauty-friends-ii-face-mask-coenzyme-q10","status":"publish","type":"product","link":"https:\/\/skin-heal.com\/es\/producto\/beauty-friends-ii-face-mask-coenzyme-q10\/","title":{"rendered":"Mascarilla Beauty Friends II - Coenzima Q10"},"content":{"rendered":"","protected":false},"excerpt":{"rendered":"<p>La contaminaci\u00f3n y el medio ambiente insalubre, son, despu\u00e9s de la edad, los principales factores para la aparici\u00f3n de arrugas. Con esta mascarilla facial de coenzima Q10, se detiene el efecto nocivo de los radicales libres sobre la piel y se la limpia, al tiempo que se restablecen los niveles de hidrataci\u00f3n.<\/p>","protected":false},"featured_media":5833,"template":"","meta":[],"product_brand":[],"product_cat":[109,110,87],"product_tag":[],"class_list":{"0":"post-5820","1":"product","2":"type-product","3":"status-publish","4":"has-post-thumbnail","6":"product_cat-all-new-cosmetic","7":"product_cat-beauty-friends","8":"product_cat-cosmetics","9":"clearfix","11":"first","12":"outofstock","13":"taxable","14":"shipping-taxable","15":"purchasable","16":"product-type-simple"},"yoast_head":"<!-- This site is optimized with the Yoast SEO plugin v27.3 - https:\/\/yoast.com\/product\/yoast-seo-wordpress\/ -->\n<title>Beauty Friends II Face Mask \u2013 Coenzyme Q10 - Skin Heal<\/title>\n<meta name=\"description\" content=\"A product from Beauty Friends, this mask protects the face from the aging effect of free radicals and brings moisture to the skin.\" \/>\n<meta name=\"robots\" content=\"index, follow, max-snippet:-1, max-image-preview:large, max-video-preview:-1\" \/>\n<link rel=\"canonical\" href=\"https:\/\/skin-heal.com\/es\/producto\/beauty-friends-ii-face-mask-coenzyme-q10\/\" \/>\n<meta property=\"og:locale\" content=\"es_MX\" \/>\n<meta property=\"og:type\" content=\"article\" \/>\n<meta property=\"og:title\" content=\"Beauty Friends II Face Mask \u2013 Coenzyme Q10 - Skin Heal\" \/>\n<meta property=\"og:description\" content=\"A product from Beauty Friends, this mask protects the face from the aging effect of free radicals and brings moisture to the skin.\" \/>\n<meta property=\"og:url\" content=\"https:\/\/skin-heal.com\/es\/producto\/beauty-friends-ii-face-mask-coenzyme-q10\/\" \/>\n<meta property=\"og:site_name\" content=\"Skin Heal\" \/>\n<meta property=\"article:modified_time\" content=\"2021-05-14T14:53:28+00:00\" \/>\n<meta property=\"og:image\" content=\"https:\/\/cdn.skin-heal.com\/wp-content\/uploads\/2019\/07\/Coenzyme-Q10.jpg\" \/>\n\t<meta property=\"og:image:width\" content=\"450\" \/>\n\t<meta property=\"og:image:height\" content=\"450\" \/>\n\t<meta property=\"og:image:type\" content=\"image\/jpeg\" \/>\n<meta name=\"twitter:card\" content=\"summary_large_image\" \/>\n<script type=\"application\/ld+json\" class=\"yoast-schema-graph\">{\"@context\":\"https:\\\/\\\/schema.org\",\"@graph\":[{\"@type\":\"WebPage\",\"@id\":\"https:\\\/\\\/skin-heal.com\\\/product\\\/beauty-friends-ii-face-mask-coenzyme-q10\\\/\",\"url\":\"https:\\\/\\\/skin-heal.com\\\/product\\\/beauty-friends-ii-face-mask-coenzyme-q10\\\/\",\"name\":\"Beauty Friends II Face Mask \u2013 Coenzyme Q10 - Skin Heal\",\"isPartOf\":{\"@id\":\"https:\\\/\\\/skin-heal.com\\\/#website\"},\"primaryImageOfPage\":{\"@id\":\"https:\\\/\\\/skin-heal.com\\\/product\\\/beauty-friends-ii-face-mask-coenzyme-q10\\\/#primaryimage\"},\"image\":{\"@id\":\"https:\\\/\\\/skin-heal.com\\\/product\\\/beauty-friends-ii-face-mask-coenzyme-q10\\\/#primaryimage\"},\"thumbnailUrl\":\"https:\\\/\\\/skin-heal.com\\\/wp-content\\\/uploads\\\/2019\\\/07\\\/Coenzyme-Q10.jpg\",\"datePublished\":\"2019-07-23T15:27:17+00:00\",\"dateModified\":\"2021-05-14T14:53:28+00:00\",\"description\":\"A product from Beauty Friends, this mask protects the face from the aging effect of free radicals and brings moisture to the skin.\",\"breadcrumb\":{\"@id\":\"https:\\\/\\\/skin-heal.com\\\/product\\\/beauty-friends-ii-face-mask-coenzyme-q10\\\/#breadcrumb\"},\"inLanguage\":\"es\",\"potentialAction\":[{\"@type\":\"ReadAction\",\"target\":[\"https:\\\/\\\/skin-heal.com\\\/product\\\/beauty-friends-ii-face-mask-coenzyme-q10\\\/\"]}]},{\"@type\":\"ImageObject\",\"inLanguage\":\"es\",\"@id\":\"https:\\\/\\\/skin-heal.com\\\/product\\\/beauty-friends-ii-face-mask-coenzyme-q10\\\/#primaryimage\",\"url\":\"https:\\\/\\\/skin-heal.com\\\/wp-content\\\/uploads\\\/2019\\\/07\\\/Coenzyme-Q10.jpg\",\"contentUrl\":\"https:\\\/\\\/skin-heal.com\\\/wp-content\\\/uploads\\\/2019\\\/07\\\/Coenzyme-Q10.jpg\",\"width\":450,\"height\":450,\"caption\":\"Coenzyme Q10\"},{\"@type\":\"BreadcrumbList\",\"@id\":\"https:\\\/\\\/skin-heal.com\\\/product\\\/beauty-friends-ii-face-mask-coenzyme-q10\\\/#breadcrumb\",\"itemListElement\":[{\"@type\":\"ListItem\",\"position\":1,\"name\":\"Home\",\"item\":\"https:\\\/\\\/skin-heal.com\\\/\"},{\"@type\":\"ListItem\",\"position\":2,\"name\":\"Store\",\"item\":\"https:\\\/\\\/skin-heal.com\\\/store\\\/\"},{\"@type\":\"ListItem\",\"position\":3,\"name\":\"Beauty Friends II Face Mask \u2013 Coenzyme Q10\"}]},{\"@type\":\"WebSite\",\"@id\":\"https:\\\/\\\/skin-heal.com\\\/#website\",\"url\":\"https:\\\/\\\/skin-heal.com\\\/\",\"name\":\"Skin Heal\",\"description\":\"Lowest Prices for Dermal Fillers\",\"potentialAction\":[{\"@type\":\"SearchAction\",\"target\":{\"@type\":\"EntryPoint\",\"urlTemplate\":\"https:\\\/\\\/skin-heal.com\\\/?s={search_term_string}\"},\"query-input\":{\"@type\":\"PropertyValueSpecification\",\"valueRequired\":true,\"valueName\":\"search_term_string\"}}],\"inLanguage\":\"es\"}]}<\/script>\n<!-- \/ Yoast SEO plugin. -->","yoast_head_json":{"title":"Beauty Friends II Mascarilla Facial - Coenzima Q10 - Skin Heal","description":"Producto de Beauty Friends, esta mascarilla protege el rostro del efecto envejecedor de los radicales libres y aporta hidrataci\u00f3n a la piel.","robots":{"index":"index","follow":"follow","max-snippet":"max-snippet:-1","max-image-preview":"max-image-preview:large","max-video-preview":"max-video-preview:-1"},"canonical":"https:\/\/skin-heal.com\/es\/producto\/beauty-friends-ii-face-mask-coenzyme-q10\/","og_locale":"es_MX","og_type":"article","og_title":"Beauty Friends II Face Mask \u2013 Coenzyme Q10 - Skin Heal","og_description":"A product from Beauty Friends, this mask protects the face from the aging effect of free radicals and brings moisture to the skin.","og_url":"https:\/\/skin-heal.com\/es\/producto\/beauty-friends-ii-face-mask-coenzyme-q10\/","og_site_name":"Skin Heal","article_modified_time":"2021-05-14T14:53:28+00:00","og_image":[{"width":450,"height":450,"url":"https:\/\/cdn.skin-heal.com\/wp-content\/uploads\/2019\/07\/Coenzyme-Q10.jpg","type":"image\/jpeg"}],"twitter_card":"summary_large_image","schema":{"@context":"https:\/\/schema.org","@graph":[{"@type":"WebPage","@id":"https:\/\/skin-heal.com\/product\/beauty-friends-ii-face-mask-coenzyme-q10\/","url":"https:\/\/skin-heal.com\/product\/beauty-friends-ii-face-mask-coenzyme-q10\/","name":"Beauty Friends II Mascarilla Facial - Coenzima Q10 - Skin Heal","isPartOf":{"@id":"https:\/\/skin-heal.com\/#website"},"primaryImageOfPage":{"@id":"https:\/\/skin-heal.com\/product\/beauty-friends-ii-face-mask-coenzyme-q10\/#primaryimage"},"image":{"@id":"https:\/\/skin-heal.com\/product\/beauty-friends-ii-face-mask-coenzyme-q10\/#primaryimage"},"thumbnailUrl":"https:\/\/cdn.skin-heal.com\/wp-content\/uploads\/2019\/07\/Coenzyme-Q10.jpg","datePublished":"2019-07-23T15:27:17+00:00","dateModified":"2021-05-14T14:53:28+00:00","description":"Producto de Beauty Friends, esta mascarilla protege el rostro del efecto envejecedor de los radicales libres y aporta hidrataci\u00f3n a la piel.","breadcrumb":{"@id":"https:\/\/skin-heal.com\/product\/beauty-friends-ii-face-mask-coenzyme-q10\/#breadcrumb"},"inLanguage":"es","potentialAction":[{"@type":"ReadAction","target":["https:\/\/skin-heal.com\/product\/beauty-friends-ii-face-mask-coenzyme-q10\/"]}]},{"@type":"ImageObject","inLanguage":"es","@id":"https:\/\/skin-heal.com\/product\/beauty-friends-ii-face-mask-coenzyme-q10\/#primaryimage","url":"https:\/\/cdn.skin-heal.com\/wp-content\/uploads\/2019\/07\/Coenzyme-Q10.jpg","contentUrl":"https:\/\/cdn.skin-heal.com\/wp-content\/uploads\/2019\/07\/Coenzyme-Q10.jpg","width":450,"height":450,"caption":"Coenzyme Q10"},{"@type":"BreadcrumbList","@id":"https:\/\/skin-heal.com\/product\/beauty-friends-ii-face-mask-coenzyme-q10\/#breadcrumb","itemListElement":[{"@type":"ListItem","position":1,"name":"Home","item":"https:\/\/skin-heal.com\/"},{"@type":"ListItem","position":2,"name":"Store","item":"https:\/\/skin-heal.com\/store\/"},{"@type":"ListItem","position":3,"name":"Beauty Friends II Face Mask \u2013 Coenzyme Q10"}]},{"@type":"WebSite","@id":"https:\/\/skin-heal.com\/#website","url":"https:\/\/skin-heal.com\/","name":"Curaci\u00f3n de la piel","description":"Los precios m\u00e1s bajos para los rellenos d\u00e9rmicos","potentialAction":[{"@type":"SearchAction","target":{"@type":"EntryPoint","urlTemplate":"https:\/\/skin-heal.com\/?s={search_term_string}"},"query-input":{"@type":"PropertyValueSpecification","valueRequired":true,"valueName":"search_term_string"}}],"inLanguage":"es"}]}},"_links":{"self":[{"href":"https:\/\/skin-heal.com\/es\/wp-json\/wp\/v2\/product\/5820","targetHints":{"allow":["GET"]}}],"collection":[{"href":"https:\/\/skin-heal.com\/es\/wp-json\/wp\/v2\/product"}],"about":[{"href":"https:\/\/skin-heal.com\/es\/wp-json\/wp\/v2\/types\/product"}],"wp:featuredmedia":[{"embeddable":true,"href":"https:\/\/skin-heal.com\/es\/wp-json\/wp\/v2\/media\/5833"}],"wp:attachment":[{"href":"https:\/\/skin-heal.com\/es\/wp-json\/wp\/v2\/media?parent=5820"}],"wp:term":[{"taxonomy":"product_brand","embeddable":true,"href":"https:\/\/skin-heal.com\/es\/wp-json\/wp\/v2\/product_brand?post=5820"},{"taxonomy":"product_cat","embeddable":true,"href":"https:\/\/skin-heal.com\/es\/wp-json\/wp\/v2\/product_cat?post=5820"},{"taxonomy":"product_tag","embeddable":true,"href":"https:\/\/skin-heal.com\/es\/wp-json\/wp\/v2\/product_tag?post=5820"}],"curies":[{"name":"wp","href":"https:\/\/api.w.org\/{rel}","templated":true}]}}