{"id":629,"date":"2018-11-21T11:36:13","date_gmt":"2018-11-21T09:36:13","guid":{"rendered":"https:\/\/skin-heal.com\/?post_type=product&#038;p=629"},"modified":"2022-12-16T17:56:45","modified_gmt":"2022-12-16T15:56:45","slug":"stylage-s-2x0-8ml","status":"publish","type":"product","link":"https:\/\/skin-heal.com\/es\/producto\/stylage-s-2x0-8ml\/","title":{"rendered":"Stylage S (2\u00d70,8ml)"},"content":{"rendered":"<p><strong>Una soluci\u00f3n avanzada para eliminar las l\u00edneas de expresi\u00f3n y las arrugas<\/strong><\/p>\n<p>\"\u00danico\" - una palabra que describe perfectamente el pionero relleno cut\u00e1neo Stylage S de VIVACY. Las cualidades de este producto de rejuvenecimiento cosm\u00e9tico proporcionan una gran satisfacci\u00f3n tanto a los pacientes como a los cl\u00ednicos. Ofrece una correcci\u00f3n instant\u00e1nea pero duradera de las l\u00edneas y arrugas superficiales por varias buenas razones:<\/p>\n<ul>\n<li><strong>Contiene manitol<\/strong> - Un agente antioxidante que conserva con \u00e9xito las propiedades psicoqu\u00edmicas del AH que se inyecta en la piel del paciente, prolongando los efectos del procedimiento.<\/li>\n<li><strong>Tecnolog\u00eda similar a la del IPN<\/strong> - La elasticidad y la viscosidad del gel est\u00e1n perfectamente optimizadas para el tratamiento de las l\u00edneas de la dermis superficial, lo que garantiza unos resultados est\u00e9ticamente naturales.<\/li>\n<li><strong>No permanente<\/strong> - El producto es biodegradable, lo que significa que se disolver\u00e1 gradualmente en el tejido de forma natural.<\/li>\n<li><strong>Cumple con las normas internacionales de seguridad<\/strong> - Antes de llegar a las estanter\u00edas, este relleno de HA de primera calidad se somete a rigurosas pruebas y controles manuales para garantizar que ofrece un alto nivel de pureza.<\/li>\n<\/ul>\n<p><strong>\u00bfQu\u00e9 tipos de imperfecciones faciales puede tratar Stylage S?<\/strong><\/p>\n<p>VIVACY ha desarrollado este fiable relleno de tejidos blandos espec\u00edficamente para la correcci\u00f3n de l\u00edneas y arrugas finas y poco profundas como las l\u00edneas del entrecejo, las arrugas periorales y periorbitales, las l\u00edneas finas de las mejillas, las l\u00edneas de marioneta, as\u00ed como para el tratamiento de las ojeras. La duraci\u00f3n media despu\u00e9s de un tratamiento es de unos 9 meses.<\/p>","protected":false},"excerpt":{"rendered":"<p>Stylage S es un relleno d\u00e9rmico de calidad dise\u00f1ado y producido por los Laboratorios VIVACY. Forma parte de la gama cl\u00e1sica de productos de la empresa y utiliza las propiedades \u00fanicas del \u00e1cido hialur\u00f3nico reticulado tipo IPN para corregir las l\u00edneas faciales superficiales. Dado que contiene el agente antioxidante Mannitol que retrasa la descomposici\u00f3n natural del AH inyectado, los efectos despu\u00e9s de cada tratamiento son excepcionalmente duraderos.<\/p>","protected":false},"featured_media":643,"template":"","meta":[],"product_brand":[],"product_cat":[79,38,60],"product_tag":[125],"class_list":{"0":"post-629","1":"product","2":"type-product","3":"status-publish","4":"has-post-thumbnail","6":"product_cat-dermal-fillers","7":"product_cat-stylage","8":"product_cat-vivacy","9":"product_tag-backorder","10":"clearfix","12":"first","13":"outofstock","14":"taxable","15":"shipping-taxable","16":"purchasable","17":"product-type-simple"},"yoast_head":"<!-- This site is optimized with the Yoast SEO plugin v27.4 - https:\/\/yoast.com\/product\/yoast-seo-wordpress\/ -->\n<title>Stylage S (2\u00d70.8ml) - Skin Heal<\/title>\n<meta name=\"description\" content=\"Stylage S is an advanced skin filler offering effective superficial line removal treatment. It relies on IPN-like Technology and contains antioxidants.\" \/>\n<meta name=\"robots\" content=\"index, follow, max-snippet:-1, max-image-preview:large, max-video-preview:-1\" \/>\n<link rel=\"canonical\" href=\"https:\/\/skin-heal.com\/es\/producto\/stylage-s-2x0-8ml\/\" \/>\n<meta property=\"og:locale\" content=\"es_MX\" \/>\n<meta property=\"og:type\" content=\"article\" \/>\n<meta property=\"og:title\" content=\"Stylage S (2\u00d70.8ml) - Skin Heal\" \/>\n<meta property=\"og:description\" content=\"Stylage S is an advanced skin filler offering effective superficial line removal treatment. It relies on IPN-like Technology and contains antioxidants.\" \/>\n<meta property=\"og:url\" content=\"https:\/\/skin-heal.com\/es\/producto\/stylage-s-2x0-8ml\/\" \/>\n<meta property=\"og:site_name\" content=\"Skin Heal\" \/>\n<meta property=\"article:modified_time\" content=\"2022-12-16T15:56:45+00:00\" \/>\n<meta property=\"og:image\" content=\"https:\/\/cdn.skin-heal.com\/wp-content\/uploads\/2018\/11\/Stylage-S.jpg\" \/>\n\t<meta property=\"og:image:width\" content=\"550\" \/>\n\t<meta property=\"og:image:height\" content=\"550\" \/>\n\t<meta property=\"og:image:type\" content=\"image\/jpeg\" \/>\n<meta name=\"twitter:card\" content=\"summary_large_image\" \/>\n<meta name=\"twitter:label1\" content=\"Tiempo de lectura\" \/>\n\t<meta name=\"twitter:data1\" content=\"1 minuto\" \/>\n<script type=\"application\/ld+json\" class=\"yoast-schema-graph\">{\"@context\":\"https:\\\/\\\/schema.org\",\"@graph\":[{\"@type\":\"WebPage\",\"@id\":\"https:\\\/\\\/skin-heal.com\\\/product\\\/stylage-s-2x0-8ml\\\/\",\"url\":\"https:\\\/\\\/skin-heal.com\\\/product\\\/stylage-s-2x0-8ml\\\/\",\"name\":\"Stylage S (2\u00d70.8ml) - Skin Heal\",\"isPartOf\":{\"@id\":\"https:\\\/\\\/skin-heal.com\\\/#website\"},\"primaryImageOfPage\":{\"@id\":\"https:\\\/\\\/skin-heal.com\\\/product\\\/stylage-s-2x0-8ml\\\/#primaryimage\"},\"image\":{\"@id\":\"https:\\\/\\\/skin-heal.com\\\/product\\\/stylage-s-2x0-8ml\\\/#primaryimage\"},\"thumbnailUrl\":\"https:\\\/\\\/skin-heal.com\\\/wp-content\\\/uploads\\\/2018\\\/11\\\/Stylage-S.jpg\",\"datePublished\":\"2018-11-21T09:36:13+00:00\",\"dateModified\":\"2022-12-16T15:56:45+00:00\",\"description\":\"Stylage S is an advanced skin filler offering effective superficial line removal treatment. It relies on IPN-like Technology and contains antioxidants.\",\"breadcrumb\":{\"@id\":\"https:\\\/\\\/skin-heal.com\\\/product\\\/stylage-s-2x0-8ml\\\/#breadcrumb\"},\"inLanguage\":\"es\",\"potentialAction\":[{\"@type\":\"ReadAction\",\"target\":[\"https:\\\/\\\/skin-heal.com\\\/product\\\/stylage-s-2x0-8ml\\\/\"]}]},{\"@type\":\"ImageObject\",\"inLanguage\":\"es\",\"@id\":\"https:\\\/\\\/skin-heal.com\\\/product\\\/stylage-s-2x0-8ml\\\/#primaryimage\",\"url\":\"https:\\\/\\\/skin-heal.com\\\/wp-content\\\/uploads\\\/2018\\\/11\\\/Stylage-S.jpg\",\"contentUrl\":\"https:\\\/\\\/skin-heal.com\\\/wp-content\\\/uploads\\\/2018\\\/11\\\/Stylage-S.jpg\",\"width\":550,\"height\":550,\"caption\":\"Stylage S\"},{\"@type\":\"BreadcrumbList\",\"@id\":\"https:\\\/\\\/skin-heal.com\\\/product\\\/stylage-s-2x0-8ml\\\/#breadcrumb\",\"itemListElement\":[{\"@type\":\"ListItem\",\"position\":1,\"name\":\"Home\",\"item\":\"https:\\\/\\\/skin-heal.com\\\/\"},{\"@type\":\"ListItem\",\"position\":2,\"name\":\"Store\",\"item\":\"https:\\\/\\\/skin-heal.com\\\/store\\\/\"},{\"@type\":\"ListItem\",\"position\":3,\"name\":\"Stylage S (2\u00d70.8ml)\"}]},{\"@type\":\"WebSite\",\"@id\":\"https:\\\/\\\/skin-heal.com\\\/#website\",\"url\":\"https:\\\/\\\/skin-heal.com\\\/\",\"name\":\"Skin Heal\",\"description\":\"Lowest Prices for Dermal Fillers\",\"potentialAction\":[{\"@type\":\"SearchAction\",\"target\":{\"@type\":\"EntryPoint\",\"urlTemplate\":\"https:\\\/\\\/skin-heal.com\\\/?s={search_term_string}\"},\"query-input\":{\"@type\":\"PropertyValueSpecification\",\"valueRequired\":true,\"valueName\":\"search_term_string\"}}],\"inLanguage\":\"es\"}]}<\/script>\n<!-- \/ Yoast SEO plugin. -->","yoast_head_json":{"title":"Stylage S (2\u00d70,8ml) - Skin Heal","description":"Stylage S es un relleno cut\u00e1neo avanzado que ofrece un tratamiento eficaz de eliminaci\u00f3n de l\u00edneas superficiales. Se basa en la tecnolog\u00eda IPN-like y contiene antioxidantes.","robots":{"index":"index","follow":"follow","max-snippet":"max-snippet:-1","max-image-preview":"max-image-preview:large","max-video-preview":"max-video-preview:-1"},"canonical":"https:\/\/skin-heal.com\/es\/producto\/stylage-s-2x0-8ml\/","og_locale":"es_MX","og_type":"article","og_title":"Stylage S (2\u00d70.8ml) - Skin Heal","og_description":"Stylage S is an advanced skin filler offering effective superficial line removal treatment. It relies on IPN-like Technology and contains antioxidants.","og_url":"https:\/\/skin-heal.com\/es\/producto\/stylage-s-2x0-8ml\/","og_site_name":"Skin Heal","article_modified_time":"2022-12-16T15:56:45+00:00","og_image":[{"width":550,"height":550,"url":"https:\/\/cdn.skin-heal.com\/wp-content\/uploads\/2018\/11\/Stylage-S.jpg","type":"image\/jpeg"}],"twitter_card":"summary_large_image","twitter_misc":{"Tiempo de lectura":"1 minuto"},"schema":{"@context":"https:\/\/schema.org","@graph":[{"@type":"WebPage","@id":"https:\/\/skin-heal.com\/product\/stylage-s-2x0-8ml\/","url":"https:\/\/skin-heal.com\/product\/stylage-s-2x0-8ml\/","name":"Stylage S (2\u00d70,8ml) - Skin Heal","isPartOf":{"@id":"https:\/\/skin-heal.com\/#website"},"primaryImageOfPage":{"@id":"https:\/\/skin-heal.com\/product\/stylage-s-2x0-8ml\/#primaryimage"},"image":{"@id":"https:\/\/skin-heal.com\/product\/stylage-s-2x0-8ml\/#primaryimage"},"thumbnailUrl":"https:\/\/cdn.skin-heal.com\/wp-content\/uploads\/2018\/11\/Stylage-S.jpg","datePublished":"2018-11-21T09:36:13+00:00","dateModified":"2022-12-16T15:56:45+00:00","description":"Stylage S es un relleno cut\u00e1neo avanzado que ofrece un tratamiento eficaz de eliminaci\u00f3n de l\u00edneas superficiales. Se basa en la tecnolog\u00eda IPN-like y contiene antioxidantes.","breadcrumb":{"@id":"https:\/\/skin-heal.com\/product\/stylage-s-2x0-8ml\/#breadcrumb"},"inLanguage":"es","potentialAction":[{"@type":"ReadAction","target":["https:\/\/skin-heal.com\/product\/stylage-s-2x0-8ml\/"]}]},{"@type":"ImageObject","inLanguage":"es","@id":"https:\/\/skin-heal.com\/product\/stylage-s-2x0-8ml\/#primaryimage","url":"https:\/\/cdn.skin-heal.com\/wp-content\/uploads\/2018\/11\/Stylage-S.jpg","contentUrl":"https:\/\/cdn.skin-heal.com\/wp-content\/uploads\/2018\/11\/Stylage-S.jpg","width":550,"height":550,"caption":"Stylage S"},{"@type":"BreadcrumbList","@id":"https:\/\/skin-heal.com\/product\/stylage-s-2x0-8ml\/#breadcrumb","itemListElement":[{"@type":"ListItem","position":1,"name":"Home","item":"https:\/\/skin-heal.com\/"},{"@type":"ListItem","position":2,"name":"Store","item":"https:\/\/skin-heal.com\/store\/"},{"@type":"ListItem","position":3,"name":"Stylage S (2\u00d70.8ml)"}]},{"@type":"WebSite","@id":"https:\/\/skin-heal.com\/#website","url":"https:\/\/skin-heal.com\/","name":"Curaci\u00f3n de la piel","description":"Los precios m\u00e1s bajos para los rellenos d\u00e9rmicos","potentialAction":[{"@type":"SearchAction","target":{"@type":"EntryPoint","urlTemplate":"https:\/\/skin-heal.com\/?s={search_term_string}"},"query-input":{"@type":"PropertyValueSpecification","valueRequired":true,"valueName":"search_term_string"}}],"inLanguage":"es"}]}},"_links":{"self":[{"href":"https:\/\/skin-heal.com\/es\/wp-json\/wp\/v2\/product\/629","targetHints":{"allow":["GET"]}}],"collection":[{"href":"https:\/\/skin-heal.com\/es\/wp-json\/wp\/v2\/product"}],"about":[{"href":"https:\/\/skin-heal.com\/es\/wp-json\/wp\/v2\/types\/product"}],"wp:featuredmedia":[{"embeddable":true,"href":"https:\/\/skin-heal.com\/es\/wp-json\/wp\/v2\/media\/643"}],"wp:attachment":[{"href":"https:\/\/skin-heal.com\/es\/wp-json\/wp\/v2\/media?parent=629"}],"wp:term":[{"taxonomy":"product_brand","embeddable":true,"href":"https:\/\/skin-heal.com\/es\/wp-json\/wp\/v2\/product_brand?post=629"},{"taxonomy":"product_cat","embeddable":true,"href":"https:\/\/skin-heal.com\/es\/wp-json\/wp\/v2\/product_cat?post=629"},{"taxonomy":"product_tag","embeddable":true,"href":"https:\/\/skin-heal.com\/es\/wp-json\/wp\/v2\/product_tag?post=629"}],"curies":[{"name":"wp","href":"https:\/\/api.w.org\/{rel}","templated":true}]}}