{"id":644,"date":"2018-11-21T11:36:22","date_gmt":"2018-11-21T11:36:22","guid":{"rendered":"https:\/\/skin-heal.com\/?post_type=product&#038;p=644"},"modified":"2024-08-05T14:00:50","modified_gmt":"2024-08-05T11:00:50","slug":"stylage-s-with-lidocaine-2-x-08ml","status":"publish","type":"product","link":"https:\/\/skin-heal.com\/es\/producto\/stylage-s-with-lidocaine-2-x-08ml\/","title":{"rendered":"Stylage S con Lidoca\u00edna (2 x 0,8ml)"},"content":{"rendered":"<p><strong>Conoce Stylage S Lidocaine<\/strong><\/p>\n<ul>\n<li>Contiene tecnolog\u00eda de \u00e1cido hialur\u00f3nico reticulado tipo IPN, manitol y lidoca\u00edna<\/li>\n<li>Tiene una concentraci\u00f3n de 16mg\/g<\/li>\n<li>Cada paquete contiene 2 jeringas precargadas de 0,8 mL y agujas de 30G \u00bd.<\/li>\n<li>Duraci\u00f3n est\u00e1ndar: aproximadamente 9 meses<\/li>\n<li>Inyectado en la dermis superficial o media<\/li>\n<\/ul>\n<p>Stylage S Lidocaine forma parte de la gama de productos de rejuvenecimiento d\u00e9rmico de los Laboratorios VIVACY conocida como \"Special Comfort\" y est\u00e1 infundido con 0,3% de lidoca\u00edna. Sin embargo, el anest\u00e9sico que contiene no afecta ni debilita las propiedades del incre\u00edblemente puro HA reticulado. Al mismo tiempo, sin embargo, la lidoca\u00edna proporciona efectivamente a los pacientes una mayor comodidad durante el tratamiento, ya que adormece las zonas tratadas y elimina el dolor de la ecuaci\u00f3n.<\/p>\n<p><strong>\u00bfEs seguro este producto?<\/strong><\/p>\n<p>Se trata de un relleno de HA biodegradable 100% que no contiene ingredientes de origen animal. Por lo tanto, las reacciones al\u00e9rgicas son extremadamente raras y la biocompatibilidad del producto con el cuerpo humano est\u00e1 garantizada. Stylage S Lidocaine tambi\u00e9n ha sido producido de acuerdo con los est\u00e1ndares de seguridad y calidad de la industria y, como resultado de ello, no s\u00f3lo es seguro sino tambi\u00e9n duradero. Puede aplicarse durante los procedimientos de eliminaci\u00f3n de l\u00edneas superficiales en cualquier tipo de piel.<\/p>","protected":false},"excerpt":{"rendered":"<p>Combinando el poder de los antioxidantes y el anest\u00e9sico local, Stylage S Lidocaine es un relleno d\u00e9rmico de clase mundial que ofrece resultados incre\u00edbles y visibles, pero sin el dolor que normalmente se asocia con los procedimientos de inyecci\u00f3n de relleno. La Lidoca\u00edna en este producto permite a los pacientes tener una experiencia libre de dolor durante cada sesi\u00f3n de tratamiento. Las l\u00edneas finas y las arrugas no son un rival para este milagro de rejuvenecimiento de la piel.<\/p>","protected":false},"featured_media":645,"template":"","meta":[],"product_brand":[],"product_cat":[79,144,38,60],"product_tag":[],"class_list":{"0":"post-644","1":"product","2":"type-product","3":"status-publish","4":"has-post-thumbnail","6":"product_cat-dermal-fillers","7":"product_cat-holiday-mega-sale","8":"product_cat-stylage","9":"product_cat-vivacy","10":"clearfix","12":"first","13":"outofstock","14":"taxable","15":"shipping-taxable","16":"purchasable","17":"product-type-simple"},"yoast_head":"<!-- This site is optimized with the Yoast SEO plugin v27.4 - https:\/\/yoast.com\/product\/yoast-seo-wordpress\/ -->\n<title>Stylage S with Lidocaine (2 x 0,8ml) - Skin Heal<\/title>\n<meta name=\"description\" content=\"Stylage S Lidocaine is a high-quality dermal filler targeting shallow wrinkles and it is infused with Lidocaine for a painless filler injection treatment.\" \/>\n<meta name=\"robots\" content=\"index, follow, max-snippet:-1, max-image-preview:large, max-video-preview:-1\" \/>\n<link rel=\"canonical\" href=\"https:\/\/skin-heal.com\/es\/producto\/stylage-s-with-lidocaine-2-x-08ml\/\" \/>\n<meta property=\"og:locale\" content=\"es_MX\" \/>\n<meta property=\"og:type\" content=\"article\" \/>\n<meta property=\"og:title\" content=\"Stylage S with Lidocaine (2 x 0,8ml) - Skin Heal\" \/>\n<meta property=\"og:description\" content=\"Stylage S Lidocaine is a high-quality dermal filler targeting shallow wrinkles and it is infused with Lidocaine for a painless filler injection treatment.\" \/>\n<meta property=\"og:url\" content=\"https:\/\/skin-heal.com\/es\/producto\/stylage-s-with-lidocaine-2-x-08ml\/\" \/>\n<meta property=\"og:site_name\" content=\"Skin Heal\" \/>\n<meta property=\"article:modified_time\" content=\"2024-08-05T11:00:50+00:00\" \/>\n<meta property=\"og:image\" content=\"https:\/\/cdn.skin-heal.com\/wp-content\/uploads\/2018\/11\/Stylage-S-Lidocaine.jpg\" \/>\n\t<meta property=\"og:image:width\" content=\"550\" \/>\n\t<meta property=\"og:image:height\" content=\"550\" \/>\n\t<meta property=\"og:image:type\" content=\"image\/jpeg\" \/>\n<meta name=\"twitter:card\" content=\"summary_large_image\" \/>\n<meta name=\"twitter:label1\" content=\"Tiempo de lectura\" \/>\n\t<meta name=\"twitter:data1\" content=\"1 minuto\" \/>\n<script type=\"application\/ld+json\" class=\"yoast-schema-graph\">{\"@context\":\"https:\\\/\\\/schema.org\",\"@graph\":[{\"@type\":\"WebPage\",\"@id\":\"https:\\\/\\\/skin-heal.com\\\/product\\\/stylage-s-with-lidocaine-2-x-08ml\\\/\",\"url\":\"https:\\\/\\\/skin-heal.com\\\/product\\\/stylage-s-with-lidocaine-2-x-08ml\\\/\",\"name\":\"Stylage S with Lidocaine (2 x 0,8ml) - Skin Heal\",\"isPartOf\":{\"@id\":\"https:\\\/\\\/skin-heal.com\\\/#website\"},\"primaryImageOfPage\":{\"@id\":\"https:\\\/\\\/skin-heal.com\\\/product\\\/stylage-s-with-lidocaine-2-x-08ml\\\/#primaryimage\"},\"image\":{\"@id\":\"https:\\\/\\\/skin-heal.com\\\/product\\\/stylage-s-with-lidocaine-2-x-08ml\\\/#primaryimage\"},\"thumbnailUrl\":\"https:\\\/\\\/skin-heal.com\\\/wp-content\\\/uploads\\\/2018\\\/11\\\/Stylage-S-Lidocaine.jpg\",\"datePublished\":\"2018-11-21T11:36:22+00:00\",\"dateModified\":\"2024-08-05T11:00:50+00:00\",\"description\":\"Stylage S Lidocaine is a high-quality dermal filler targeting shallow wrinkles and it is infused with Lidocaine for a painless filler injection treatment.\",\"breadcrumb\":{\"@id\":\"https:\\\/\\\/skin-heal.com\\\/product\\\/stylage-s-with-lidocaine-2-x-08ml\\\/#breadcrumb\"},\"inLanguage\":\"es\",\"potentialAction\":[{\"@type\":\"ReadAction\",\"target\":[\"https:\\\/\\\/skin-heal.com\\\/product\\\/stylage-s-with-lidocaine-2-x-08ml\\\/\"]}]},{\"@type\":\"ImageObject\",\"inLanguage\":\"es\",\"@id\":\"https:\\\/\\\/skin-heal.com\\\/product\\\/stylage-s-with-lidocaine-2-x-08ml\\\/#primaryimage\",\"url\":\"https:\\\/\\\/skin-heal.com\\\/wp-content\\\/uploads\\\/2018\\\/11\\\/Stylage-S-Lidocaine.jpg\",\"contentUrl\":\"https:\\\/\\\/skin-heal.com\\\/wp-content\\\/uploads\\\/2018\\\/11\\\/Stylage-S-Lidocaine.jpg\",\"width\":550,\"height\":550,\"caption\":\"Stylage S Lidocaine\"},{\"@type\":\"BreadcrumbList\",\"@id\":\"https:\\\/\\\/skin-heal.com\\\/product\\\/stylage-s-with-lidocaine-2-x-08ml\\\/#breadcrumb\",\"itemListElement\":[{\"@type\":\"ListItem\",\"position\":1,\"name\":\"Home\",\"item\":\"https:\\\/\\\/skin-heal.com\\\/\"},{\"@type\":\"ListItem\",\"position\":2,\"name\":\"Store\",\"item\":\"https:\\\/\\\/skin-heal.com\\\/store\\\/\"},{\"@type\":\"ListItem\",\"position\":3,\"name\":\"Stylage S with Lidocaine (2 x 0,8ml)\"}]},{\"@type\":\"WebSite\",\"@id\":\"https:\\\/\\\/skin-heal.com\\\/#website\",\"url\":\"https:\\\/\\\/skin-heal.com\\\/\",\"name\":\"Skin Heal\",\"description\":\"Lowest Prices for Dermal Fillers\",\"potentialAction\":[{\"@type\":\"SearchAction\",\"target\":{\"@type\":\"EntryPoint\",\"urlTemplate\":\"https:\\\/\\\/skin-heal.com\\\/?s={search_term_string}\"},\"query-input\":{\"@type\":\"PropertyValueSpecification\",\"valueRequired\":true,\"valueName\":\"search_term_string\"}}],\"inLanguage\":\"es\"}]}<\/script>\n<!-- \/ Yoast SEO plugin. -->","yoast_head_json":{"title":"Stylage S con Lidoca\u00edna (2 x 0,8ml) - Skin Heal","description":"Stylage S Lidoca\u00edna es un relleno d\u00e9rmico de alta calidad dirigido a las arrugas poco profundas y est\u00e1 infundido con Lidoca\u00edna para un tratamiento de inyecci\u00f3n de relleno indoloro.","robots":{"index":"index","follow":"follow","max-snippet":"max-snippet:-1","max-image-preview":"max-image-preview:large","max-video-preview":"max-video-preview:-1"},"canonical":"https:\/\/skin-heal.com\/es\/producto\/stylage-s-with-lidocaine-2-x-08ml\/","og_locale":"es_MX","og_type":"article","og_title":"Stylage S with Lidocaine (2 x 0,8ml) - Skin Heal","og_description":"Stylage S Lidocaine is a high-quality dermal filler targeting shallow wrinkles and it is infused with Lidocaine for a painless filler injection treatment.","og_url":"https:\/\/skin-heal.com\/es\/producto\/stylage-s-with-lidocaine-2-x-08ml\/","og_site_name":"Skin Heal","article_modified_time":"2024-08-05T11:00:50+00:00","og_image":[{"width":550,"height":550,"url":"https:\/\/cdn.skin-heal.com\/wp-content\/uploads\/2018\/11\/Stylage-S-Lidocaine.jpg","type":"image\/jpeg"}],"twitter_card":"summary_large_image","twitter_misc":{"Tiempo de lectura":"1 minuto"},"schema":{"@context":"https:\/\/schema.org","@graph":[{"@type":"WebPage","@id":"https:\/\/skin-heal.com\/product\/stylage-s-with-lidocaine-2-x-08ml\/","url":"https:\/\/skin-heal.com\/product\/stylage-s-with-lidocaine-2-x-08ml\/","name":"Stylage S con Lidoca\u00edna (2 x 0,8ml) - Skin Heal","isPartOf":{"@id":"https:\/\/skin-heal.com\/#website"},"primaryImageOfPage":{"@id":"https:\/\/skin-heal.com\/product\/stylage-s-with-lidocaine-2-x-08ml\/#primaryimage"},"image":{"@id":"https:\/\/skin-heal.com\/product\/stylage-s-with-lidocaine-2-x-08ml\/#primaryimage"},"thumbnailUrl":"https:\/\/cdn.skin-heal.com\/wp-content\/uploads\/2018\/11\/Stylage-S-Lidocaine.jpg","datePublished":"2018-11-21T11:36:22+00:00","dateModified":"2024-08-05T11:00:50+00:00","description":"Stylage S Lidoca\u00edna es un relleno d\u00e9rmico de alta calidad dirigido a las arrugas poco profundas y est\u00e1 infundido con Lidoca\u00edna para un tratamiento de inyecci\u00f3n de relleno indoloro.","breadcrumb":{"@id":"https:\/\/skin-heal.com\/product\/stylage-s-with-lidocaine-2-x-08ml\/#breadcrumb"},"inLanguage":"es","potentialAction":[{"@type":"ReadAction","target":["https:\/\/skin-heal.com\/product\/stylage-s-with-lidocaine-2-x-08ml\/"]}]},{"@type":"ImageObject","inLanguage":"es","@id":"https:\/\/skin-heal.com\/product\/stylage-s-with-lidocaine-2-x-08ml\/#primaryimage","url":"https:\/\/cdn.skin-heal.com\/wp-content\/uploads\/2018\/11\/Stylage-S-Lidocaine.jpg","contentUrl":"https:\/\/cdn.skin-heal.com\/wp-content\/uploads\/2018\/11\/Stylage-S-Lidocaine.jpg","width":550,"height":550,"caption":"Stylage S Lidocaine"},{"@type":"BreadcrumbList","@id":"https:\/\/skin-heal.com\/product\/stylage-s-with-lidocaine-2-x-08ml\/#breadcrumb","itemListElement":[{"@type":"ListItem","position":1,"name":"Home","item":"https:\/\/skin-heal.com\/"},{"@type":"ListItem","position":2,"name":"Store","item":"https:\/\/skin-heal.com\/store\/"},{"@type":"ListItem","position":3,"name":"Stylage S with Lidocaine (2 x 0,8ml)"}]},{"@type":"WebSite","@id":"https:\/\/skin-heal.com\/#website","url":"https:\/\/skin-heal.com\/","name":"Curaci\u00f3n de la piel","description":"Los precios m\u00e1s bajos para los rellenos d\u00e9rmicos","potentialAction":[{"@type":"SearchAction","target":{"@type":"EntryPoint","urlTemplate":"https:\/\/skin-heal.com\/?s={search_term_string}"},"query-input":{"@type":"PropertyValueSpecification","valueRequired":true,"valueName":"search_term_string"}}],"inLanguage":"es"}]}},"_links":{"self":[{"href":"https:\/\/skin-heal.com\/es\/wp-json\/wp\/v2\/product\/644","targetHints":{"allow":["GET"]}}],"collection":[{"href":"https:\/\/skin-heal.com\/es\/wp-json\/wp\/v2\/product"}],"about":[{"href":"https:\/\/skin-heal.com\/es\/wp-json\/wp\/v2\/types\/product"}],"wp:featuredmedia":[{"embeddable":true,"href":"https:\/\/skin-heal.com\/es\/wp-json\/wp\/v2\/media\/645"}],"wp:attachment":[{"href":"https:\/\/skin-heal.com\/es\/wp-json\/wp\/v2\/media?parent=644"}],"wp:term":[{"taxonomy":"product_brand","embeddable":true,"href":"https:\/\/skin-heal.com\/es\/wp-json\/wp\/v2\/product_brand?post=644"},{"taxonomy":"product_cat","embeddable":true,"href":"https:\/\/skin-heal.com\/es\/wp-json\/wp\/v2\/product_cat?post=644"},{"taxonomy":"product_tag","embeddable":true,"href":"https:\/\/skin-heal.com\/es\/wp-json\/wp\/v2\/product_tag?post=644"}],"curies":[{"name":"wp","href":"https:\/\/api.w.org\/{rel}","templated":true}]}}