{"id":646,"date":"2018-11-21T11:38:16","date_gmt":"2018-11-21T11:38:16","guid":{"rendered":"https:\/\/skin-heal.com\/?post_type=product&#038;p=646"},"modified":"2024-08-05T14:02:41","modified_gmt":"2024-08-05T11:02:41","slug":"stylage-m-2-x-1ml","status":"publish","type":"product","link":"https:\/\/skin-heal.com\/es\/producto\/stylage-m-2-x-1ml\/","title":{"rendered":"Stylage M (2 x 1ml)"},"content":{"rendered":"<p><strong>Ventajas de Stylage M<\/strong><\/p>\n<p>Se trata de un relleno cut\u00e1neo revolucionario porque es el \u00fanico producto dirigido a las arrugas faciales de moderadas a graves que utiliza la innovadora tecnolog\u00eda IPN-like de VIVACY. Debido a esto, la consistencia de los ingredientes del gel ha sido finamente calibrada para proporcionar un tratamiento optimizado de eliminaci\u00f3n de arrugas en la dermis media y profunda. En otras palabras, proporciona la cantidad justa de \u00e1cido hialur\u00f3nico a la piel, ni m\u00e1s ni menos.<\/p>\n<ul>\n<li>Dispositivo m\u00e9dico de clase III<\/li>\n<li>Origen no animal<\/li>\n<li>Efectos duraderos potenciados por el manitol<\/li>\n<li>Resultados de aspecto natural<\/li>\n<\/ul>\n<p>Como cualquier otra inyecci\u00f3n de \u00e1cido hialur\u00f3nico del mercado, \u00e9sta tiene varias contraindicaciones. No se recomienda su uso en mujeres embarazadas o en per\u00edodo de lactancia, ni en pacientes que tengan alergia o hipersensibilidad a uno o m\u00e1s de sus ingredientes, que tengan tendencia a la formaci\u00f3n de velos, trastornos autoinmunes, una infecci\u00f3n cut\u00e1nea o que est\u00e9n sometidos a una terapia con antibi\u00f3ticos en el momento del tratamiento. En general, sin embargo, Stylage M no es perjudicial para la salud y su uso no conlleva ninguna complicaci\u00f3n grave.<\/p>\n<p><strong>\u00c1reas de uso y tratamiento:<\/strong><\/p>\n<ul>\n<li>Arrugas en las mejillas<\/li>\n<li>Zona del templo<\/li>\n<li>L\u00f3bulos de las orejas<\/li>\n<li>L\u00edneas de marioneta<\/li>\n<li>Nariz<\/li>\n<li>Pliegues nasog\u00e9nicos<\/li>\n<\/ul>","protected":false},"excerpt":{"rendered":"<p>Stylage M nunca deja de concurrir y vencer las arrugas moderadas o severas porque fue desarrollado por una compa\u00f1\u00eda de rejuvenecimiento cosm\u00e9tico de renombre como Laboratorios VIVACY y tiene una tonelada de beneficios gracias a su f\u00f3rmula de Tecnolog\u00eda IPN-like, \u00c1cido Hialur\u00f3nico magn\u00edficamente puro y efectos de tratamiento sobresalientes que pueden durar m\u00e1s de 12 meses. Se trata de un relleno de AH con infusi\u00f3n de manitol que se presenta en forma de gel monof\u00e1sico reticulado.<\/p>","protected":false},"featured_media":647,"template":"","meta":[],"product_brand":[],"product_cat":[79,38,60],"product_tag":[],"class_list":{"0":"post-646","1":"product","2":"type-product","3":"status-publish","4":"has-post-thumbnail","6":"product_cat-dermal-fillers","7":"product_cat-stylage","8":"product_cat-vivacy","9":"clearfix","11":"first","12":"instock","13":"taxable","14":"shipping-taxable","15":"purchasable","16":"product-type-simple"},"yoast_head":"<!-- This site is optimized with the Yoast SEO plugin v27.3 - https:\/\/yoast.com\/product\/yoast-seo-wordpress\/ -->\n<title>Stylage M (2 x 1ml) - Skin Heal<\/title>\n<meta name=\"description\" content=\"Long-lasting dermal filler Stylage M corrects moderate to severe wrinkles. Results last for 12 months or over and there are no harmful side effects.\" \/>\n<meta name=\"robots\" content=\"index, follow, max-snippet:-1, max-image-preview:large, max-video-preview:-1\" \/>\n<link rel=\"canonical\" href=\"https:\/\/skin-heal.com\/es\/producto\/stylage-m-2-x-1ml\/\" \/>\n<meta property=\"og:locale\" content=\"es_MX\" \/>\n<meta property=\"og:type\" content=\"article\" \/>\n<meta property=\"og:title\" content=\"Stylage M (2 x 1ml) - Skin Heal\" \/>\n<meta property=\"og:description\" content=\"Long-lasting dermal filler Stylage M corrects moderate to severe wrinkles. Results last for 12 months or over and there are no harmful side effects.\" \/>\n<meta property=\"og:url\" content=\"https:\/\/skin-heal.com\/es\/producto\/stylage-m-2-x-1ml\/\" \/>\n<meta property=\"og:site_name\" content=\"Skin Heal\" \/>\n<meta property=\"article:modified_time\" content=\"2024-08-05T11:02:41+00:00\" \/>\n<meta property=\"og:image\" content=\"https:\/\/cdn.skin-heal.com\/wp-content\/uploads\/2018\/11\/Stylage-M.jpg\" \/>\n\t<meta property=\"og:image:width\" content=\"550\" \/>\n\t<meta property=\"og:image:height\" content=\"550\" \/>\n\t<meta property=\"og:image:type\" content=\"image\/jpeg\" \/>\n<meta name=\"twitter:card\" content=\"summary_large_image\" \/>\n<meta name=\"twitter:label1\" content=\"Tiempo de lectura\" \/>\n\t<meta name=\"twitter:data1\" content=\"1 minuto\" \/>\n<script type=\"application\/ld+json\" class=\"yoast-schema-graph\">{\"@context\":\"https:\\\/\\\/schema.org\",\"@graph\":[{\"@type\":\"WebPage\",\"@id\":\"https:\\\/\\\/skin-heal.com\\\/product\\\/stylage-m-2-x-1ml\\\/\",\"url\":\"https:\\\/\\\/skin-heal.com\\\/product\\\/stylage-m-2-x-1ml\\\/\",\"name\":\"Stylage M (2 x 1ml) - Skin Heal\",\"isPartOf\":{\"@id\":\"https:\\\/\\\/skin-heal.com\\\/#website\"},\"primaryImageOfPage\":{\"@id\":\"https:\\\/\\\/skin-heal.com\\\/product\\\/stylage-m-2-x-1ml\\\/#primaryimage\"},\"image\":{\"@id\":\"https:\\\/\\\/skin-heal.com\\\/product\\\/stylage-m-2-x-1ml\\\/#primaryimage\"},\"thumbnailUrl\":\"https:\\\/\\\/skin-heal.com\\\/wp-content\\\/uploads\\\/2018\\\/11\\\/Stylage-M.jpg\",\"datePublished\":\"2018-11-21T11:38:16+00:00\",\"dateModified\":\"2024-08-05T11:02:41+00:00\",\"description\":\"Long-lasting dermal filler Stylage M corrects moderate to severe wrinkles. Results last for 12 months or over and there are no harmful side effects.\",\"breadcrumb\":{\"@id\":\"https:\\\/\\\/skin-heal.com\\\/product\\\/stylage-m-2-x-1ml\\\/#breadcrumb\"},\"inLanguage\":\"es\",\"potentialAction\":[{\"@type\":\"ReadAction\",\"target\":[\"https:\\\/\\\/skin-heal.com\\\/product\\\/stylage-m-2-x-1ml\\\/\"]}]},{\"@type\":\"ImageObject\",\"inLanguage\":\"es\",\"@id\":\"https:\\\/\\\/skin-heal.com\\\/product\\\/stylage-m-2-x-1ml\\\/#primaryimage\",\"url\":\"https:\\\/\\\/skin-heal.com\\\/wp-content\\\/uploads\\\/2018\\\/11\\\/Stylage-M.jpg\",\"contentUrl\":\"https:\\\/\\\/skin-heal.com\\\/wp-content\\\/uploads\\\/2018\\\/11\\\/Stylage-M.jpg\",\"width\":550,\"height\":550,\"caption\":\"Stylage M\"},{\"@type\":\"BreadcrumbList\",\"@id\":\"https:\\\/\\\/skin-heal.com\\\/product\\\/stylage-m-2-x-1ml\\\/#breadcrumb\",\"itemListElement\":[{\"@type\":\"ListItem\",\"position\":1,\"name\":\"Home\",\"item\":\"https:\\\/\\\/skin-heal.com\\\/\"},{\"@type\":\"ListItem\",\"position\":2,\"name\":\"Store\",\"item\":\"https:\\\/\\\/skin-heal.com\\\/store\\\/\"},{\"@type\":\"ListItem\",\"position\":3,\"name\":\"Stylage M (2 x 1ml)\"}]},{\"@type\":\"WebSite\",\"@id\":\"https:\\\/\\\/skin-heal.com\\\/#website\",\"url\":\"https:\\\/\\\/skin-heal.com\\\/\",\"name\":\"Skin Heal\",\"description\":\"Lowest Prices for Dermal Fillers\",\"potentialAction\":[{\"@type\":\"SearchAction\",\"target\":{\"@type\":\"EntryPoint\",\"urlTemplate\":\"https:\\\/\\\/skin-heal.com\\\/?s={search_term_string}\"},\"query-input\":{\"@type\":\"PropertyValueSpecification\",\"valueRequired\":true,\"valueName\":\"search_term_string\"}}],\"inLanguage\":\"es\"}]}<\/script>\n<!-- \/ Yoast SEO plugin. -->","yoast_head_json":{"title":"Stylage M (2 x 1ml) - Skin Heal","description":"El relleno d\u00e9rmico de larga duraci\u00f3n Stylage M corrige las arrugas de moderadas a graves. Los resultados duran 12 meses o m\u00e1s y no tiene efectos secundarios nocivos.","robots":{"index":"index","follow":"follow","max-snippet":"max-snippet:-1","max-image-preview":"max-image-preview:large","max-video-preview":"max-video-preview:-1"},"canonical":"https:\/\/skin-heal.com\/es\/producto\/stylage-m-2-x-1ml\/","og_locale":"es_MX","og_type":"article","og_title":"Stylage M (2 x 1ml) - Skin Heal","og_description":"Long-lasting dermal filler Stylage M corrects moderate to severe wrinkles. Results last for 12 months or over and there are no harmful side effects.","og_url":"https:\/\/skin-heal.com\/es\/producto\/stylage-m-2-x-1ml\/","og_site_name":"Skin Heal","article_modified_time":"2024-08-05T11:02:41+00:00","og_image":[{"width":550,"height":550,"url":"https:\/\/cdn.skin-heal.com\/wp-content\/uploads\/2018\/11\/Stylage-M.jpg","type":"image\/jpeg"}],"twitter_card":"summary_large_image","twitter_misc":{"Tiempo de lectura":"1 minuto"},"schema":{"@context":"https:\/\/schema.org","@graph":[{"@type":"WebPage","@id":"https:\/\/skin-heal.com\/product\/stylage-m-2-x-1ml\/","url":"https:\/\/skin-heal.com\/product\/stylage-m-2-x-1ml\/","name":"Stylage M (2 x 1ml) - Skin Heal","isPartOf":{"@id":"https:\/\/skin-heal.com\/#website"},"primaryImageOfPage":{"@id":"https:\/\/skin-heal.com\/product\/stylage-m-2-x-1ml\/#primaryimage"},"image":{"@id":"https:\/\/skin-heal.com\/product\/stylage-m-2-x-1ml\/#primaryimage"},"thumbnailUrl":"https:\/\/cdn.skin-heal.com\/wp-content\/uploads\/2018\/11\/Stylage-M.jpg","datePublished":"2018-11-21T11:38:16+00:00","dateModified":"2024-08-05T11:02:41+00:00","description":"El relleno d\u00e9rmico de larga duraci\u00f3n Stylage M corrige las arrugas de moderadas a graves. Los resultados duran 12 meses o m\u00e1s y no tiene efectos secundarios nocivos.","breadcrumb":{"@id":"https:\/\/skin-heal.com\/product\/stylage-m-2-x-1ml\/#breadcrumb"},"inLanguage":"es","potentialAction":[{"@type":"ReadAction","target":["https:\/\/skin-heal.com\/product\/stylage-m-2-x-1ml\/"]}]},{"@type":"ImageObject","inLanguage":"es","@id":"https:\/\/skin-heal.com\/product\/stylage-m-2-x-1ml\/#primaryimage","url":"https:\/\/cdn.skin-heal.com\/wp-content\/uploads\/2018\/11\/Stylage-M.jpg","contentUrl":"https:\/\/cdn.skin-heal.com\/wp-content\/uploads\/2018\/11\/Stylage-M.jpg","width":550,"height":550,"caption":"Stylage M"},{"@type":"BreadcrumbList","@id":"https:\/\/skin-heal.com\/product\/stylage-m-2-x-1ml\/#breadcrumb","itemListElement":[{"@type":"ListItem","position":1,"name":"Home","item":"https:\/\/skin-heal.com\/"},{"@type":"ListItem","position":2,"name":"Store","item":"https:\/\/skin-heal.com\/store\/"},{"@type":"ListItem","position":3,"name":"Stylage M (2 x 1ml)"}]},{"@type":"WebSite","@id":"https:\/\/skin-heal.com\/#website","url":"https:\/\/skin-heal.com\/","name":"Curaci\u00f3n de la piel","description":"Los precios m\u00e1s bajos para los rellenos d\u00e9rmicos","potentialAction":[{"@type":"SearchAction","target":{"@type":"EntryPoint","urlTemplate":"https:\/\/skin-heal.com\/?s={search_term_string}"},"query-input":{"@type":"PropertyValueSpecification","valueRequired":true,"valueName":"search_term_string"}}],"inLanguage":"es"}]}},"_links":{"self":[{"href":"https:\/\/skin-heal.com\/es\/wp-json\/wp\/v2\/product\/646","targetHints":{"allow":["GET"]}}],"collection":[{"href":"https:\/\/skin-heal.com\/es\/wp-json\/wp\/v2\/product"}],"about":[{"href":"https:\/\/skin-heal.com\/es\/wp-json\/wp\/v2\/types\/product"}],"wp:featuredmedia":[{"embeddable":true,"href":"https:\/\/skin-heal.com\/es\/wp-json\/wp\/v2\/media\/647"}],"wp:attachment":[{"href":"https:\/\/skin-heal.com\/es\/wp-json\/wp\/v2\/media?parent=646"}],"wp:term":[{"taxonomy":"product_brand","embeddable":true,"href":"https:\/\/skin-heal.com\/es\/wp-json\/wp\/v2\/product_brand?post=646"},{"taxonomy":"product_cat","embeddable":true,"href":"https:\/\/skin-heal.com\/es\/wp-json\/wp\/v2\/product_cat?post=646"},{"taxonomy":"product_tag","embeddable":true,"href":"https:\/\/skin-heal.com\/es\/wp-json\/wp\/v2\/product_tag?post=646"}],"curies":[{"name":"wp","href":"https:\/\/api.w.org\/{rel}","templated":true}]}}