{"id":648,"date":"2018-11-21T11:40:03","date_gmt":"2018-11-21T09:40:03","guid":{"rendered":"https:\/\/skin-heal.com\/?post_type=product&#038;p=648"},"modified":"2024-08-05T14:02:29","modified_gmt":"2024-08-05T11:02:29","slug":"stylage-m-with-lidocaine-2-x-1ml","status":"publish","type":"product","link":"https:\/\/skin-heal.com\/es\/producto\/stylage-m-with-lidocaine-2-x-1ml\/","title":{"rendered":"Stylage M con Lidoca\u00edna (2 x 1ml)"},"content":{"rendered":"<p><strong>Caracter\u00edsticas especiales<\/strong><\/p>\n<p>Stylage M Lidocaine es un relleno de tejidos blandos fiable que contiene \u00e1cido hialur\u00f3nico reticulado de alta pureza de origen no animal. Esto lo hace incre\u00edblemente biocompatible con el organismo humano y con el tiempo se descompone completamente. Al igual que otros productos de rejuvenecimiento cosm\u00e9tico de esta marca, esta inyecci\u00f3n de relleno de alta calidad se basa en gran medida en la llamada tecnolog\u00eda IPN-Like, que proporciona propiedades de viscoelasticidad mejoradas y ralentiza la velocidad de biodegradaci\u00f3n del AH inyectado. La duraci\u00f3n prevista de los efectos del tratamiento es de unos 12 meses.<\/p>\n<ul>\n<li>Lidoca\u00edna (0,3%) - reduce el dolor durante el tratamiento<\/li>\n<li>2 jeringas de vidrio de 1 ml, sin l\u00e1tex<\/li>\n<li>Acci\u00f3n inmediata<\/li>\n<li>Efectos secundarios m\u00ednimos<\/li>\n<li>Adecuado para la eliminaci\u00f3n de arrugas leves\/severas y la remodelaci\u00f3n del rostro<\/li>\n<\/ul>\n<p><strong>\u00bfCu\u00e1les son los usos de Stylage M Lidocaine?<\/strong><\/p>\n<p>Se recomienda a los cl\u00ednicos que inyecten este relleno d\u00e9rmico en las capas medias o profundas de la dermis para obtener resultados \u00f3ptimos a la hora de rellenar y alisar las arrugas. Este producto est\u00e1 especialmente indicado para corregir las l\u00edneas de marioneta, los pliegues nasogenianos y las arrugas de las mejillas. Adem\u00e1s, tambi\u00e9n puede aplicarse durante procedimientos sencillos de esculpido facial que se centran en:<\/p>\n<ul>\n<li>Aumento leve de la nariz<\/li>\n<li>Tratamiento del hueco del templo<\/li>\n<li>Remodelaci\u00f3n de los l\u00f3bulos de las orejas<\/li>\n<\/ul>","protected":false},"excerpt":{"rendered":"<p>La f\u00f3rmula innovadora de Stylage M Lidocaine hace que la eliminaci\u00f3n de las arrugas faciales medias y de servicio sea r\u00e1pida, duradera y sin dolor. Con una infusi\u00f3n de lidoca\u00edna y un agente antioxidante beneficioso, este relleno cut\u00e1neo puro de VIVACY ofrece una calidad inigualable. Se inyecta en la dermis media o profunda y puede tratar no s\u00f3lo las l\u00edneas y arrugas faciales, sino que tambi\u00e9n puede utilizarse para la remodelaci\u00f3n del l\u00f3bulo de la oreja y de la nariz.<\/p>","protected":false},"featured_media":649,"template":"","meta":[],"product_brand":[],"product_cat":[79,144,38,60],"product_tag":[],"class_list":{"0":"post-648","1":"product","2":"type-product","3":"status-publish","4":"has-post-thumbnail","6":"product_cat-dermal-fillers","7":"product_cat-holiday-mega-sale","8":"product_cat-stylage","9":"product_cat-vivacy","10":"clearfix","12":"first","13":"instock","14":"taxable","15":"shipping-taxable","16":"purchasable","17":"product-type-simple"},"yoast_head":"<!-- This site is optimized with the Yoast SEO plugin v27.4 - https:\/\/yoast.com\/product\/yoast-seo-wordpress\/ -->\n<title>Stylage M with Lidocaine (2 x 1ml) - Skin Heal<\/title>\n<meta name=\"description\" content=\"Stylage M Lidocaine is a skin filler that corrects mild and severe wrinkles. Its Lidocaine formula ensures patients feel zero discomfort during treatment.\" \/>\n<meta name=\"robots\" content=\"index, follow, max-snippet:-1, max-image-preview:large, max-video-preview:-1\" \/>\n<link rel=\"canonical\" href=\"https:\/\/skin-heal.com\/es\/producto\/stylage-m-with-lidocaine-2-x-1ml\/\" \/>\n<meta property=\"og:locale\" content=\"es_MX\" \/>\n<meta property=\"og:type\" content=\"article\" \/>\n<meta property=\"og:title\" content=\"Stylage M with Lidocaine (2 x 1ml) - Skin Heal\" \/>\n<meta property=\"og:description\" content=\"Stylage M Lidocaine is a skin filler that corrects mild and severe wrinkles. Its Lidocaine formula ensures patients feel zero discomfort during treatment.\" \/>\n<meta property=\"og:url\" content=\"https:\/\/skin-heal.com\/es\/producto\/stylage-m-with-lidocaine-2-x-1ml\/\" \/>\n<meta property=\"og:site_name\" content=\"Skin Heal\" \/>\n<meta property=\"article:modified_time\" content=\"2024-08-05T11:02:29+00:00\" \/>\n<meta property=\"og:image\" content=\"https:\/\/cdn.skin-heal.com\/wp-content\/uploads\/2018\/11\/Stylage-M-Lidcaine.jpg\" \/>\n\t<meta property=\"og:image:width\" content=\"550\" \/>\n\t<meta property=\"og:image:height\" content=\"550\" \/>\n\t<meta property=\"og:image:type\" content=\"image\/jpeg\" \/>\n<meta name=\"twitter:card\" content=\"summary_large_image\" \/>\n<meta name=\"twitter:label1\" content=\"Tiempo de lectura\" \/>\n\t<meta name=\"twitter:data1\" content=\"1 minuto\" \/>\n<script type=\"application\/ld+json\" class=\"yoast-schema-graph\">{\"@context\":\"https:\\\/\\\/schema.org\",\"@graph\":[{\"@type\":\"WebPage\",\"@id\":\"https:\\\/\\\/skin-heal.com\\\/product\\\/stylage-m-with-lidocaine-2-x-1ml\\\/\",\"url\":\"https:\\\/\\\/skin-heal.com\\\/product\\\/stylage-m-with-lidocaine-2-x-1ml\\\/\",\"name\":\"Stylage M with Lidocaine (2 x 1ml) - Skin Heal\",\"isPartOf\":{\"@id\":\"https:\\\/\\\/skin-heal.com\\\/#website\"},\"primaryImageOfPage\":{\"@id\":\"https:\\\/\\\/skin-heal.com\\\/product\\\/stylage-m-with-lidocaine-2-x-1ml\\\/#primaryimage\"},\"image\":{\"@id\":\"https:\\\/\\\/skin-heal.com\\\/product\\\/stylage-m-with-lidocaine-2-x-1ml\\\/#primaryimage\"},\"thumbnailUrl\":\"https:\\\/\\\/skin-heal.com\\\/wp-content\\\/uploads\\\/2018\\\/11\\\/Stylage-M-Lidcaine.jpg\",\"datePublished\":\"2018-11-21T09:40:03+00:00\",\"dateModified\":\"2024-08-05T11:02:29+00:00\",\"description\":\"Stylage M Lidocaine is a skin filler that corrects mild and severe wrinkles. Its Lidocaine formula ensures patients feel zero discomfort during treatment.\",\"breadcrumb\":{\"@id\":\"https:\\\/\\\/skin-heal.com\\\/product\\\/stylage-m-with-lidocaine-2-x-1ml\\\/#breadcrumb\"},\"inLanguage\":\"es\",\"potentialAction\":[{\"@type\":\"ReadAction\",\"target\":[\"https:\\\/\\\/skin-heal.com\\\/product\\\/stylage-m-with-lidocaine-2-x-1ml\\\/\"]}]},{\"@type\":\"ImageObject\",\"inLanguage\":\"es\",\"@id\":\"https:\\\/\\\/skin-heal.com\\\/product\\\/stylage-m-with-lidocaine-2-x-1ml\\\/#primaryimage\",\"url\":\"https:\\\/\\\/skin-heal.com\\\/wp-content\\\/uploads\\\/2018\\\/11\\\/Stylage-M-Lidcaine.jpg\",\"contentUrl\":\"https:\\\/\\\/skin-heal.com\\\/wp-content\\\/uploads\\\/2018\\\/11\\\/Stylage-M-Lidcaine.jpg\",\"width\":550,\"height\":550,\"caption\":\"Stylage M Lidcaine\"},{\"@type\":\"BreadcrumbList\",\"@id\":\"https:\\\/\\\/skin-heal.com\\\/product\\\/stylage-m-with-lidocaine-2-x-1ml\\\/#breadcrumb\",\"itemListElement\":[{\"@type\":\"ListItem\",\"position\":1,\"name\":\"Home\",\"item\":\"https:\\\/\\\/skin-heal.com\\\/\"},{\"@type\":\"ListItem\",\"position\":2,\"name\":\"Store\",\"item\":\"https:\\\/\\\/skin-heal.com\\\/store\\\/\"},{\"@type\":\"ListItem\",\"position\":3,\"name\":\"Stylage M with Lidocaine (2 x 1ml)\"}]},{\"@type\":\"WebSite\",\"@id\":\"https:\\\/\\\/skin-heal.com\\\/#website\",\"url\":\"https:\\\/\\\/skin-heal.com\\\/\",\"name\":\"Skin Heal\",\"description\":\"Lowest Prices for Dermal Fillers\",\"potentialAction\":[{\"@type\":\"SearchAction\",\"target\":{\"@type\":\"EntryPoint\",\"urlTemplate\":\"https:\\\/\\\/skin-heal.com\\\/?s={search_term_string}\"},\"query-input\":{\"@type\":\"PropertyValueSpecification\",\"valueRequired\":true,\"valueName\":\"search_term_string\"}}],\"inLanguage\":\"es\"}]}<\/script>\n<!-- \/ Yoast SEO plugin. -->","yoast_head_json":{"title":"Stylage M con Lidoca\u00edna (2 x 1ml) - Skin Heal","description":"Stylage M Lidocaine es un relleno cut\u00e1neo que corrige las arrugas leves y graves. Su f\u00f3rmula con lidoca\u00edna garantiza que los pacientes no sientan ninguna molestia durante el tratamiento.","robots":{"index":"index","follow":"follow","max-snippet":"max-snippet:-1","max-image-preview":"max-image-preview:large","max-video-preview":"max-video-preview:-1"},"canonical":"https:\/\/skin-heal.com\/es\/producto\/stylage-m-with-lidocaine-2-x-1ml\/","og_locale":"es_MX","og_type":"article","og_title":"Stylage M with Lidocaine (2 x 1ml) - Skin Heal","og_description":"Stylage M Lidocaine is a skin filler that corrects mild and severe wrinkles. Its Lidocaine formula ensures patients feel zero discomfort during treatment.","og_url":"https:\/\/skin-heal.com\/es\/producto\/stylage-m-with-lidocaine-2-x-1ml\/","og_site_name":"Skin Heal","article_modified_time":"2024-08-05T11:02:29+00:00","og_image":[{"width":550,"height":550,"url":"https:\/\/cdn.skin-heal.com\/wp-content\/uploads\/2018\/11\/Stylage-M-Lidcaine.jpg","type":"image\/jpeg"}],"twitter_card":"summary_large_image","twitter_misc":{"Tiempo de lectura":"1 minuto"},"schema":{"@context":"https:\/\/schema.org","@graph":[{"@type":"WebPage","@id":"https:\/\/skin-heal.com\/product\/stylage-m-with-lidocaine-2-x-1ml\/","url":"https:\/\/skin-heal.com\/product\/stylage-m-with-lidocaine-2-x-1ml\/","name":"Stylage M con Lidoca\u00edna (2 x 1ml) - Skin Heal","isPartOf":{"@id":"https:\/\/skin-heal.com\/#website"},"primaryImageOfPage":{"@id":"https:\/\/skin-heal.com\/product\/stylage-m-with-lidocaine-2-x-1ml\/#primaryimage"},"image":{"@id":"https:\/\/skin-heal.com\/product\/stylage-m-with-lidocaine-2-x-1ml\/#primaryimage"},"thumbnailUrl":"https:\/\/cdn.skin-heal.com\/wp-content\/uploads\/2018\/11\/Stylage-M-Lidcaine.jpg","datePublished":"2018-11-21T09:40:03+00:00","dateModified":"2024-08-05T11:02:29+00:00","description":"Stylage M Lidocaine es un relleno cut\u00e1neo que corrige las arrugas leves y graves. Su f\u00f3rmula con lidoca\u00edna garantiza que los pacientes no sientan ninguna molestia durante el tratamiento.","breadcrumb":{"@id":"https:\/\/skin-heal.com\/product\/stylage-m-with-lidocaine-2-x-1ml\/#breadcrumb"},"inLanguage":"es","potentialAction":[{"@type":"ReadAction","target":["https:\/\/skin-heal.com\/product\/stylage-m-with-lidocaine-2-x-1ml\/"]}]},{"@type":"ImageObject","inLanguage":"es","@id":"https:\/\/skin-heal.com\/product\/stylage-m-with-lidocaine-2-x-1ml\/#primaryimage","url":"https:\/\/cdn.skin-heal.com\/wp-content\/uploads\/2018\/11\/Stylage-M-Lidcaine.jpg","contentUrl":"https:\/\/cdn.skin-heal.com\/wp-content\/uploads\/2018\/11\/Stylage-M-Lidcaine.jpg","width":550,"height":550,"caption":"Stylage M Lidcaine"},{"@type":"BreadcrumbList","@id":"https:\/\/skin-heal.com\/product\/stylage-m-with-lidocaine-2-x-1ml\/#breadcrumb","itemListElement":[{"@type":"ListItem","position":1,"name":"Home","item":"https:\/\/skin-heal.com\/"},{"@type":"ListItem","position":2,"name":"Store","item":"https:\/\/skin-heal.com\/store\/"},{"@type":"ListItem","position":3,"name":"Stylage M with Lidocaine (2 x 1ml)"}]},{"@type":"WebSite","@id":"https:\/\/skin-heal.com\/#website","url":"https:\/\/skin-heal.com\/","name":"Curaci\u00f3n de la piel","description":"Los precios m\u00e1s bajos para los rellenos d\u00e9rmicos","potentialAction":[{"@type":"SearchAction","target":{"@type":"EntryPoint","urlTemplate":"https:\/\/skin-heal.com\/?s={search_term_string}"},"query-input":{"@type":"PropertyValueSpecification","valueRequired":true,"valueName":"search_term_string"}}],"inLanguage":"es"}]}},"_links":{"self":[{"href":"https:\/\/skin-heal.com\/es\/wp-json\/wp\/v2\/product\/648","targetHints":{"allow":["GET"]}}],"collection":[{"href":"https:\/\/skin-heal.com\/es\/wp-json\/wp\/v2\/product"}],"about":[{"href":"https:\/\/skin-heal.com\/es\/wp-json\/wp\/v2\/types\/product"}],"wp:featuredmedia":[{"embeddable":true,"href":"https:\/\/skin-heal.com\/es\/wp-json\/wp\/v2\/media\/649"}],"wp:attachment":[{"href":"https:\/\/skin-heal.com\/es\/wp-json\/wp\/v2\/media?parent=648"}],"wp:term":[{"taxonomy":"product_brand","embeddable":true,"href":"https:\/\/skin-heal.com\/es\/wp-json\/wp\/v2\/product_brand?post=648"},{"taxonomy":"product_cat","embeddable":true,"href":"https:\/\/skin-heal.com\/es\/wp-json\/wp\/v2\/product_cat?post=648"},{"taxonomy":"product_tag","embeddable":true,"href":"https:\/\/skin-heal.com\/es\/wp-json\/wp\/v2\/product_tag?post=648"}],"curies":[{"name":"wp","href":"https:\/\/api.w.org\/{rel}","templated":true}]}}