{"id":650,"date":"2018-11-21T11:41:20","date_gmt":"2018-11-21T11:41:20","guid":{"rendered":"https:\/\/skin-heal.com\/?post_type=product&#038;p=650"},"modified":"2022-06-15T18:06:58","modified_gmt":"2022-06-15T18:06:58","slug":"stylage-l-2-x-1ml","status":"publish","type":"product","link":"https:\/\/skin-heal.com\/es\/producto\/stylage-l-2-x-1ml\/","title":{"rendered":"Stylage L (2 x 1ml)"},"content":{"rendered":"<p><strong>Un atajo hacia el rejuvenecimiento est\u00e9tico personalizado<\/strong><\/p>\n<p>Mientras que la mayor\u00eda de los productos de rejuvenecimiento cosm\u00e9tico de HA disponibles en el mercado eligen sus batallas con mucho cuidado, Stylage L goza de victorias indiscutibles en varios campos de batalla. Esto se debe a que puede incluirse en el tratamiento de arrugas profundas como las arrugas de marioneta y los pliegues nasogenianos o aplicarse durante un procedimiento de remodelaci\u00f3n de la piel. Tiene una consistencia m\u00e1s espesa en comparaci\u00f3n con todos los dem\u00e1s productos de la gama Classic de VIVACY, por lo que puede rellenar y corregir pliegues y arrugas muy profundos. Al mismo tiempo, sin embargo, tiene una impresionante viscoelasticidad y es f\u00e1cil de moldear. Esto lo convierte en un relleno de \u00e1cido hialur\u00f3nico perfecto para tratamientos de escultura facial m\u00e1s superficiales. Un tratamiento es m\u00e1s que suficiente para obtener resultados duraderos que permanecen visibles durante aproximadamente un a\u00f1o o incluso m\u00e1s. La consistencia de las part\u00edculas de AH de este relleno d\u00e9rmico de primera categor\u00eda permite que se utilice tambi\u00e9n en la parte superior de las manos. Stylage L restaura r\u00e1pidamente el volumen perdido en esa parte del cuerpo, dando a las manos un aspecto m\u00e1s juvenil.<\/p>\n<p><strong>Se ha fabricado el Stylage L:<\/strong><\/p>\n<ul>\n<li>Por expertos certificados y formados en un entorno controlado<\/li>\n<li>Con el uso de part\u00edculas de HA que se produjeron a trav\u00e9s de una biofermentaci\u00f3n natural, no basada en animales<\/li>\n<li>A partir de materias primas cuidadosamente seleccionadas<\/li>\n<\/ul>","protected":false},"excerpt":{"rendered":"<p>Stylage L es un relleno de tejidos blandos de venta r\u00e1pida que sirve para m\u00faltiples prop\u00f3sitos. Puede utilizarse para la eliminaci\u00f3n de pliegues, la remodelaci\u00f3n facial e incluso para el rejuvenecimiento de las manos. Se compone de 24mg\/g de \u00c1cido Hialur\u00f3nico reticulado IPN-like Technology y Mannitol y por ello, dura m\u00e1s que la mayor\u00eda de las inyecciones de relleno de esta clase. Producido por los Laboratorios VIVACY, este producto es seguro, puro y eficaz.<\/p>","protected":false},"featured_media":651,"template":"","meta":[],"product_brand":[],"product_cat":[79,38,60],"product_tag":[],"class_list":{"0":"post-650","1":"product","2":"type-product","3":"status-publish","4":"has-post-thumbnail","6":"product_cat-dermal-fillers","7":"product_cat-stylage","8":"product_cat-vivacy","9":"clearfix","11":"first","12":"outofstock","13":"taxable","14":"shipping-taxable","15":"purchasable","16":"product-type-simple"},"yoast_head":"<!-- This site is optimized with the Yoast SEO plugin v27.4 - https:\/\/yoast.com\/product\/yoast-seo-wordpress\/ -->\n<title>Stylage L (2 x 1ml) - Skin Heal<\/title>\n<meta name=\"description\" content=\"Popular dermal filler Stylage L offers speedy deep wrinkle removal, hand rejuvenation, and facial contouring. It restores volume for at least 12 months.\" \/>\n<meta name=\"robots\" content=\"index, follow, max-snippet:-1, max-image-preview:large, max-video-preview:-1\" \/>\n<link rel=\"canonical\" href=\"https:\/\/skin-heal.com\/es\/producto\/stylage-l-2-x-1ml\/\" \/>\n<meta property=\"og:locale\" content=\"es_MX\" \/>\n<meta property=\"og:type\" content=\"article\" \/>\n<meta property=\"og:title\" content=\"Stylage L (2 x 1ml) - Skin Heal\" \/>\n<meta property=\"og:description\" content=\"Popular dermal filler Stylage L offers speedy deep wrinkle removal, hand rejuvenation, and facial contouring. It restores volume for at least 12 months.\" \/>\n<meta property=\"og:url\" content=\"https:\/\/skin-heal.com\/es\/producto\/stylage-l-2-x-1ml\/\" \/>\n<meta property=\"og:site_name\" content=\"Skin Heal\" \/>\n<meta property=\"article:modified_time\" content=\"2022-06-15T18:06:58+00:00\" \/>\n<meta property=\"og:image\" content=\"https:\/\/cdn.skin-heal.com\/wp-content\/uploads\/2018\/11\/Stylage-L.jpg\" \/>\n\t<meta property=\"og:image:width\" content=\"550\" \/>\n\t<meta property=\"og:image:height\" content=\"550\" \/>\n\t<meta property=\"og:image:type\" content=\"image\/jpeg\" \/>\n<meta name=\"twitter:card\" content=\"summary_large_image\" \/>\n<meta name=\"twitter:label1\" content=\"Tiempo de lectura\" \/>\n\t<meta name=\"twitter:data1\" content=\"1 minuto\" \/>\n<script type=\"application\/ld+json\" class=\"yoast-schema-graph\">{\"@context\":\"https:\\\/\\\/schema.org\",\"@graph\":[{\"@type\":\"WebPage\",\"@id\":\"https:\\\/\\\/skin-heal.com\\\/product\\\/stylage-l-2-x-1ml\\\/\",\"url\":\"https:\\\/\\\/skin-heal.com\\\/product\\\/stylage-l-2-x-1ml\\\/\",\"name\":\"Stylage L (2 x 1ml) - Skin Heal\",\"isPartOf\":{\"@id\":\"https:\\\/\\\/skin-heal.com\\\/#website\"},\"primaryImageOfPage\":{\"@id\":\"https:\\\/\\\/skin-heal.com\\\/product\\\/stylage-l-2-x-1ml\\\/#primaryimage\"},\"image\":{\"@id\":\"https:\\\/\\\/skin-heal.com\\\/product\\\/stylage-l-2-x-1ml\\\/#primaryimage\"},\"thumbnailUrl\":\"https:\\\/\\\/skin-heal.com\\\/wp-content\\\/uploads\\\/2018\\\/11\\\/Stylage-L.jpg\",\"datePublished\":\"2018-11-21T11:41:20+00:00\",\"dateModified\":\"2022-06-15T18:06:58+00:00\",\"description\":\"Popular dermal filler Stylage L offers speedy deep wrinkle removal, hand rejuvenation, and facial contouring. It restores volume for at least 12 months.\",\"breadcrumb\":{\"@id\":\"https:\\\/\\\/skin-heal.com\\\/product\\\/stylage-l-2-x-1ml\\\/#breadcrumb\"},\"inLanguage\":\"es\",\"potentialAction\":[{\"@type\":\"ReadAction\",\"target\":[\"https:\\\/\\\/skin-heal.com\\\/product\\\/stylage-l-2-x-1ml\\\/\"]}]},{\"@type\":\"ImageObject\",\"inLanguage\":\"es\",\"@id\":\"https:\\\/\\\/skin-heal.com\\\/product\\\/stylage-l-2-x-1ml\\\/#primaryimage\",\"url\":\"https:\\\/\\\/skin-heal.com\\\/wp-content\\\/uploads\\\/2018\\\/11\\\/Stylage-L.jpg\",\"contentUrl\":\"https:\\\/\\\/skin-heal.com\\\/wp-content\\\/uploads\\\/2018\\\/11\\\/Stylage-L.jpg\",\"width\":550,\"height\":550,\"caption\":\"Stylage L\"},{\"@type\":\"BreadcrumbList\",\"@id\":\"https:\\\/\\\/skin-heal.com\\\/product\\\/stylage-l-2-x-1ml\\\/#breadcrumb\",\"itemListElement\":[{\"@type\":\"ListItem\",\"position\":1,\"name\":\"Home\",\"item\":\"https:\\\/\\\/skin-heal.com\\\/\"},{\"@type\":\"ListItem\",\"position\":2,\"name\":\"Store\",\"item\":\"https:\\\/\\\/skin-heal.com\\\/store\\\/\"},{\"@type\":\"ListItem\",\"position\":3,\"name\":\"Stylage L (2 x 1ml)\"}]},{\"@type\":\"WebSite\",\"@id\":\"https:\\\/\\\/skin-heal.com\\\/#website\",\"url\":\"https:\\\/\\\/skin-heal.com\\\/\",\"name\":\"Skin Heal\",\"description\":\"Lowest Prices for Dermal Fillers\",\"potentialAction\":[{\"@type\":\"SearchAction\",\"target\":{\"@type\":\"EntryPoint\",\"urlTemplate\":\"https:\\\/\\\/skin-heal.com\\\/?s={search_term_string}\"},\"query-input\":{\"@type\":\"PropertyValueSpecification\",\"valueRequired\":true,\"valueName\":\"search_term_string\"}}],\"inLanguage\":\"es\"}]}<\/script>\n<!-- \/ Yoast SEO plugin. -->","yoast_head_json":{"title":"Stylage L (2 x 1ml) - Skin Heal","description":"El popular relleno d\u00e9rmico Stylage L ofrece una r\u00e1pida eliminaci\u00f3n de arrugas profundas, rejuvenecimiento de manos y contorno facial. Restaura el volumen durante al menos 12 meses.","robots":{"index":"index","follow":"follow","max-snippet":"max-snippet:-1","max-image-preview":"max-image-preview:large","max-video-preview":"max-video-preview:-1"},"canonical":"https:\/\/skin-heal.com\/es\/producto\/stylage-l-2-x-1ml\/","og_locale":"es_MX","og_type":"article","og_title":"Stylage L (2 x 1ml) - Skin Heal","og_description":"Popular dermal filler Stylage L offers speedy deep wrinkle removal, hand rejuvenation, and facial contouring. It restores volume for at least 12 months.","og_url":"https:\/\/skin-heal.com\/es\/producto\/stylage-l-2-x-1ml\/","og_site_name":"Skin Heal","article_modified_time":"2022-06-15T18:06:58+00:00","og_image":[{"width":550,"height":550,"url":"https:\/\/cdn.skin-heal.com\/wp-content\/uploads\/2018\/11\/Stylage-L.jpg","type":"image\/jpeg"}],"twitter_card":"summary_large_image","twitter_misc":{"Tiempo de lectura":"1 minuto"},"schema":{"@context":"https:\/\/schema.org","@graph":[{"@type":"WebPage","@id":"https:\/\/skin-heal.com\/product\/stylage-l-2-x-1ml\/","url":"https:\/\/skin-heal.com\/product\/stylage-l-2-x-1ml\/","name":"Stylage L (2 x 1ml) - Skin Heal","isPartOf":{"@id":"https:\/\/skin-heal.com\/#website"},"primaryImageOfPage":{"@id":"https:\/\/skin-heal.com\/product\/stylage-l-2-x-1ml\/#primaryimage"},"image":{"@id":"https:\/\/skin-heal.com\/product\/stylage-l-2-x-1ml\/#primaryimage"},"thumbnailUrl":"https:\/\/cdn.skin-heal.com\/wp-content\/uploads\/2018\/11\/Stylage-L.jpg","datePublished":"2018-11-21T11:41:20+00:00","dateModified":"2022-06-15T18:06:58+00:00","description":"El popular relleno d\u00e9rmico Stylage L ofrece una r\u00e1pida eliminaci\u00f3n de arrugas profundas, rejuvenecimiento de manos y contorno facial. Restaura el volumen durante al menos 12 meses.","breadcrumb":{"@id":"https:\/\/skin-heal.com\/product\/stylage-l-2-x-1ml\/#breadcrumb"},"inLanguage":"es","potentialAction":[{"@type":"ReadAction","target":["https:\/\/skin-heal.com\/product\/stylage-l-2-x-1ml\/"]}]},{"@type":"ImageObject","inLanguage":"es","@id":"https:\/\/skin-heal.com\/product\/stylage-l-2-x-1ml\/#primaryimage","url":"https:\/\/cdn.skin-heal.com\/wp-content\/uploads\/2018\/11\/Stylage-L.jpg","contentUrl":"https:\/\/cdn.skin-heal.com\/wp-content\/uploads\/2018\/11\/Stylage-L.jpg","width":550,"height":550,"caption":"Stylage L"},{"@type":"BreadcrumbList","@id":"https:\/\/skin-heal.com\/product\/stylage-l-2-x-1ml\/#breadcrumb","itemListElement":[{"@type":"ListItem","position":1,"name":"Home","item":"https:\/\/skin-heal.com\/"},{"@type":"ListItem","position":2,"name":"Store","item":"https:\/\/skin-heal.com\/store\/"},{"@type":"ListItem","position":3,"name":"Stylage L (2 x 1ml)"}]},{"@type":"WebSite","@id":"https:\/\/skin-heal.com\/#website","url":"https:\/\/skin-heal.com\/","name":"Curaci\u00f3n de la piel","description":"Los precios m\u00e1s bajos para los rellenos d\u00e9rmicos","potentialAction":[{"@type":"SearchAction","target":{"@type":"EntryPoint","urlTemplate":"https:\/\/skin-heal.com\/?s={search_term_string}"},"query-input":{"@type":"PropertyValueSpecification","valueRequired":true,"valueName":"search_term_string"}}],"inLanguage":"es"}]}},"_links":{"self":[{"href":"https:\/\/skin-heal.com\/es\/wp-json\/wp\/v2\/product\/650","targetHints":{"allow":["GET"]}}],"collection":[{"href":"https:\/\/skin-heal.com\/es\/wp-json\/wp\/v2\/product"}],"about":[{"href":"https:\/\/skin-heal.com\/es\/wp-json\/wp\/v2\/types\/product"}],"wp:featuredmedia":[{"embeddable":true,"href":"https:\/\/skin-heal.com\/es\/wp-json\/wp\/v2\/media\/651"}],"wp:attachment":[{"href":"https:\/\/skin-heal.com\/es\/wp-json\/wp\/v2\/media?parent=650"}],"wp:term":[{"taxonomy":"product_brand","embeddable":true,"href":"https:\/\/skin-heal.com\/es\/wp-json\/wp\/v2\/product_brand?post=650"},{"taxonomy":"product_cat","embeddable":true,"href":"https:\/\/skin-heal.com\/es\/wp-json\/wp\/v2\/product_cat?post=650"},{"taxonomy":"product_tag","embeddable":true,"href":"https:\/\/skin-heal.com\/es\/wp-json\/wp\/v2\/product_tag?post=650"}],"curies":[{"name":"wp","href":"https:\/\/api.w.org\/{rel}","templated":true}]}}