{"id":652,"date":"2018-11-21T11:46:05","date_gmt":"2018-11-21T11:46:05","guid":{"rendered":"https:\/\/skin-heal.com\/?post_type=product&#038;p=652"},"modified":"2025-04-09T13:47:27","modified_gmt":"2025-04-09T10:47:27","slug":"stylage-l-with-lidocaine-2-x-1ml","status":"publish","type":"product","link":"https:\/\/skin-heal.com\/es\/producto\/stylage-l-with-lidocaine-2-x-1ml\/","title":{"rendered":"Stylage L con Lidoca\u00edna (2 x 1ml)"},"content":{"rendered":"<p><strong>\u00bfEn qu\u00e9 se diferencia Stylage L Lidocaine de Stylage L?<\/strong><\/p>\n<p>La \u00fanica diferencia entre estos dos productos de VIVACY es el hecho de que uno de ellos est\u00e1 infundido con lidoca\u00edna. Aparte de ese detalle, ambos tienen las mismas propiedades o sea:<\/p>\n<ul>\n<li>Alta viscoelasticidad<\/li>\n<li>Impresionante longevidad del efecto (m\u00e1s de 12 meses)<\/li>\n<li>Biodegradaci\u00f3n gradual y lenta<\/li>\n<li>Bajo porcentaje de efectos secundarios<\/li>\n<li>Migraci\u00f3n de HA minimizada despu\u00e9s de la inyecci\u00f3n<\/li>\n<\/ul>\n<p>El anest\u00e9sico en Stylage L Lidocaine no afecta a la eficacia del tratamiento porque no cambia la concentraci\u00f3n de Mannitol, part\u00edculas de \u00c1cido Hialur\u00f3nico y todos los dem\u00e1s ingredientes utilizados en la elaboraci\u00f3n de este eficaz gel de inyecci\u00f3n de relleno. Lo \u00fanico que hace es reducir la sensibilidad al dolor de los pacientes durante el curso del procedimiento de rejuvenecimiento de la piel. La durabilidad de los resultados y su eficacia se conservan plenamente.<\/p>\n<p><strong>Ingredientes y concentraci\u00f3n<\/strong><\/p>\n<ul>\n<li>24mg\/g de HA reticulada Tecnolog\u00eda tipo IPN<\/li>\n<li>3mg\/g de Lidoca\u00edna<\/li>\n<li>Manitol<\/li>\n<\/ul>\n<p>Stylage L Lidocaine es para ser inyectado en la dermis profunda por un cl\u00ednico cualificado. Cada paquete viene con dos agujas finas de 27G \u00bd y dos jeringas de 1ml de grado farmac\u00e9utico, sin l\u00e1tex. Los efectos despu\u00e9s de los procedimientos de rejuvenecimiento de manos, remodelaci\u00f3n del ment\u00f3n y eliminaci\u00f3n de pliegues realizados con este exclusivo relleno de \u00e1cido hialur\u00f3nico suelen durar unos 12 meses.<\/p>","protected":false},"excerpt":{"rendered":"<p>Stylage L Lidocaine est\u00e1 espec\u00edficamente dise\u00f1ado para proporcionar comodidad durante los tratamientos de inyecci\u00f3n de relleno para la eliminaci\u00f3n de arrugas profundas, el contorno facial y el rejuvenecimiento de las manos. La lidoca\u00edna de este innovador relleno cut\u00e1neo cumple la funci\u00f3n de anestesia local y evita a los pacientes el dolor y las sensaciones desagradables durante la sesi\u00f3n de tratamiento. Se ha fabricado siguiendo las normas m\u00e1s estrictas y rigurosas y proporciona la m\u00e1xima satisfacci\u00f3n.<\/p>","protected":false},"featured_media":653,"template":"","meta":[],"product_brand":[],"product_cat":[79,144,38,60],"product_tag":[],"class_list":{"0":"post-652","1":"product","2":"type-product","3":"status-publish","4":"has-post-thumbnail","6":"product_cat-dermal-fillers","7":"product_cat-holiday-mega-sale","8":"product_cat-stylage","9":"product_cat-vivacy","10":"clearfix","12":"first","13":"instock","14":"taxable","15":"shipping-taxable","16":"purchasable","17":"product-type-simple"},"yoast_head":"<!-- This site is optimized with the Yoast SEO plugin v27.4 - https:\/\/yoast.com\/product\/yoast-seo-wordpress\/ -->\n<title>Stylage L with Lidocaine (2 x 1ml) - Skin Heal<\/title>\n<meta name=\"description\" content=\"Stylage L Lidocaine offers a painless treatment of deep folds, hand rejuvenation, and facial remodeling. Get this skin filler for year-long results.\" \/>\n<meta name=\"robots\" content=\"index, follow, max-snippet:-1, max-image-preview:large, max-video-preview:-1\" \/>\n<link rel=\"canonical\" href=\"https:\/\/skin-heal.com\/es\/producto\/stylage-l-with-lidocaine-2-x-1ml\/\" \/>\n<meta property=\"og:locale\" content=\"es_MX\" \/>\n<meta property=\"og:type\" content=\"article\" \/>\n<meta property=\"og:title\" content=\"Stylage L with Lidocaine (2 x 1ml) - Skin Heal\" \/>\n<meta property=\"og:description\" content=\"Stylage L Lidocaine offers a painless treatment of deep folds, hand rejuvenation, and facial remodeling. Get this skin filler for year-long results.\" \/>\n<meta property=\"og:url\" content=\"https:\/\/skin-heal.com\/es\/producto\/stylage-l-with-lidocaine-2-x-1ml\/\" \/>\n<meta property=\"og:site_name\" content=\"Skin Heal\" \/>\n<meta property=\"article:modified_time\" content=\"2025-04-09T10:47:27+00:00\" \/>\n<meta property=\"og:image\" content=\"https:\/\/cdn.skin-heal.com\/wp-content\/uploads\/2018\/11\/Stylage-L-Lidocaine.jpg\" \/>\n\t<meta property=\"og:image:width\" content=\"550\" \/>\n\t<meta property=\"og:image:height\" content=\"550\" \/>\n\t<meta property=\"og:image:type\" content=\"image\/jpeg\" \/>\n<meta name=\"twitter:card\" content=\"summary_large_image\" \/>\n<meta name=\"twitter:label1\" content=\"Tiempo de lectura\" \/>\n\t<meta name=\"twitter:data1\" content=\"2 minutos\" \/>\n<script type=\"application\/ld+json\" class=\"yoast-schema-graph\">{\"@context\":\"https:\\\/\\\/schema.org\",\"@graph\":[{\"@type\":\"WebPage\",\"@id\":\"https:\\\/\\\/skin-heal.com\\\/product\\\/stylage-l-with-lidocaine-2-x-1ml\\\/\",\"url\":\"https:\\\/\\\/skin-heal.com\\\/product\\\/stylage-l-with-lidocaine-2-x-1ml\\\/\",\"name\":\"Stylage L with Lidocaine (2 x 1ml) - Skin Heal\",\"isPartOf\":{\"@id\":\"https:\\\/\\\/skin-heal.com\\\/#website\"},\"primaryImageOfPage\":{\"@id\":\"https:\\\/\\\/skin-heal.com\\\/product\\\/stylage-l-with-lidocaine-2-x-1ml\\\/#primaryimage\"},\"image\":{\"@id\":\"https:\\\/\\\/skin-heal.com\\\/product\\\/stylage-l-with-lidocaine-2-x-1ml\\\/#primaryimage\"},\"thumbnailUrl\":\"https:\\\/\\\/skin-heal.com\\\/wp-content\\\/uploads\\\/2018\\\/11\\\/Stylage-L-Lidocaine.jpg\",\"datePublished\":\"2018-11-21T11:46:05+00:00\",\"dateModified\":\"2025-04-09T10:47:27+00:00\",\"description\":\"Stylage L Lidocaine offers a painless treatment of deep folds, hand rejuvenation, and facial remodeling. Get this skin filler for year-long results.\",\"breadcrumb\":{\"@id\":\"https:\\\/\\\/skin-heal.com\\\/product\\\/stylage-l-with-lidocaine-2-x-1ml\\\/#breadcrumb\"},\"inLanguage\":\"es\",\"potentialAction\":[{\"@type\":\"ReadAction\",\"target\":[\"https:\\\/\\\/skin-heal.com\\\/product\\\/stylage-l-with-lidocaine-2-x-1ml\\\/\"]}]},{\"@type\":\"ImageObject\",\"inLanguage\":\"es\",\"@id\":\"https:\\\/\\\/skin-heal.com\\\/product\\\/stylage-l-with-lidocaine-2-x-1ml\\\/#primaryimage\",\"url\":\"https:\\\/\\\/skin-heal.com\\\/wp-content\\\/uploads\\\/2018\\\/11\\\/Stylage-L-Lidocaine.jpg\",\"contentUrl\":\"https:\\\/\\\/skin-heal.com\\\/wp-content\\\/uploads\\\/2018\\\/11\\\/Stylage-L-Lidocaine.jpg\",\"width\":550,\"height\":550,\"caption\":\"Stylage L Lidocaine\"},{\"@type\":\"BreadcrumbList\",\"@id\":\"https:\\\/\\\/skin-heal.com\\\/product\\\/stylage-l-with-lidocaine-2-x-1ml\\\/#breadcrumb\",\"itemListElement\":[{\"@type\":\"ListItem\",\"position\":1,\"name\":\"Home\",\"item\":\"https:\\\/\\\/skin-heal.com\\\/\"},{\"@type\":\"ListItem\",\"position\":2,\"name\":\"Store\",\"item\":\"https:\\\/\\\/skin-heal.com\\\/store\\\/\"},{\"@type\":\"ListItem\",\"position\":3,\"name\":\"Stylage L with Lidocaine (2 x 1ml)\"}]},{\"@type\":\"WebSite\",\"@id\":\"https:\\\/\\\/skin-heal.com\\\/#website\",\"url\":\"https:\\\/\\\/skin-heal.com\\\/\",\"name\":\"Skin Heal\",\"description\":\"Lowest Prices for Dermal Fillers\",\"potentialAction\":[{\"@type\":\"SearchAction\",\"target\":{\"@type\":\"EntryPoint\",\"urlTemplate\":\"https:\\\/\\\/skin-heal.com\\\/?s={search_term_string}\"},\"query-input\":{\"@type\":\"PropertyValueSpecification\",\"valueRequired\":true,\"valueName\":\"search_term_string\"}}],\"inLanguage\":\"es\"}]}<\/script>\n<!-- \/ Yoast SEO plugin. -->","yoast_head_json":{"title":"Stylage L con Lidoca\u00edna (2 x 1ml) - Skin Heal","description":"Stylage L Lidoca\u00edna ofrece un tratamiento indoloro de pliegues profundos, rejuvenecimiento de manos y remodelaci\u00f3n facial. Consigue con este relleno cut\u00e1neo resultados para todo el a\u00f1o.","robots":{"index":"index","follow":"follow","max-snippet":"max-snippet:-1","max-image-preview":"max-image-preview:large","max-video-preview":"max-video-preview:-1"},"canonical":"https:\/\/skin-heal.com\/es\/producto\/stylage-l-with-lidocaine-2-x-1ml\/","og_locale":"es_MX","og_type":"article","og_title":"Stylage L with Lidocaine (2 x 1ml) - Skin Heal","og_description":"Stylage L Lidocaine offers a painless treatment of deep folds, hand rejuvenation, and facial remodeling. Get this skin filler for year-long results.","og_url":"https:\/\/skin-heal.com\/es\/producto\/stylage-l-with-lidocaine-2-x-1ml\/","og_site_name":"Skin Heal","article_modified_time":"2025-04-09T10:47:27+00:00","og_image":[{"width":550,"height":550,"url":"https:\/\/cdn.skin-heal.com\/wp-content\/uploads\/2018\/11\/Stylage-L-Lidocaine.jpg","type":"image\/jpeg"}],"twitter_card":"summary_large_image","twitter_misc":{"Tiempo de lectura":"2 minutos"},"schema":{"@context":"https:\/\/schema.org","@graph":[{"@type":"WebPage","@id":"https:\/\/skin-heal.com\/product\/stylage-l-with-lidocaine-2-x-1ml\/","url":"https:\/\/skin-heal.com\/product\/stylage-l-with-lidocaine-2-x-1ml\/","name":"Stylage L con Lidoca\u00edna (2 x 1ml) - Skin Heal","isPartOf":{"@id":"https:\/\/skin-heal.com\/#website"},"primaryImageOfPage":{"@id":"https:\/\/skin-heal.com\/product\/stylage-l-with-lidocaine-2-x-1ml\/#primaryimage"},"image":{"@id":"https:\/\/skin-heal.com\/product\/stylage-l-with-lidocaine-2-x-1ml\/#primaryimage"},"thumbnailUrl":"https:\/\/cdn.skin-heal.com\/wp-content\/uploads\/2018\/11\/Stylage-L-Lidocaine.jpg","datePublished":"2018-11-21T11:46:05+00:00","dateModified":"2025-04-09T10:47:27+00:00","description":"Stylage L Lidoca\u00edna ofrece un tratamiento indoloro de pliegues profundos, rejuvenecimiento de manos y remodelaci\u00f3n facial. Consigue con este relleno cut\u00e1neo resultados para todo el a\u00f1o.","breadcrumb":{"@id":"https:\/\/skin-heal.com\/product\/stylage-l-with-lidocaine-2-x-1ml\/#breadcrumb"},"inLanguage":"es","potentialAction":[{"@type":"ReadAction","target":["https:\/\/skin-heal.com\/product\/stylage-l-with-lidocaine-2-x-1ml\/"]}]},{"@type":"ImageObject","inLanguage":"es","@id":"https:\/\/skin-heal.com\/product\/stylage-l-with-lidocaine-2-x-1ml\/#primaryimage","url":"https:\/\/cdn.skin-heal.com\/wp-content\/uploads\/2018\/11\/Stylage-L-Lidocaine.jpg","contentUrl":"https:\/\/cdn.skin-heal.com\/wp-content\/uploads\/2018\/11\/Stylage-L-Lidocaine.jpg","width":550,"height":550,"caption":"Stylage L Lidocaine"},{"@type":"BreadcrumbList","@id":"https:\/\/skin-heal.com\/product\/stylage-l-with-lidocaine-2-x-1ml\/#breadcrumb","itemListElement":[{"@type":"ListItem","position":1,"name":"Home","item":"https:\/\/skin-heal.com\/"},{"@type":"ListItem","position":2,"name":"Store","item":"https:\/\/skin-heal.com\/store\/"},{"@type":"ListItem","position":3,"name":"Stylage L with Lidocaine (2 x 1ml)"}]},{"@type":"WebSite","@id":"https:\/\/skin-heal.com\/#website","url":"https:\/\/skin-heal.com\/","name":"Curaci\u00f3n de la piel","description":"Los precios m\u00e1s bajos para los rellenos d\u00e9rmicos","potentialAction":[{"@type":"SearchAction","target":{"@type":"EntryPoint","urlTemplate":"https:\/\/skin-heal.com\/?s={search_term_string}"},"query-input":{"@type":"PropertyValueSpecification","valueRequired":true,"valueName":"search_term_string"}}],"inLanguage":"es"}]}},"_links":{"self":[{"href":"https:\/\/skin-heal.com\/es\/wp-json\/wp\/v2\/product\/652","targetHints":{"allow":["GET"]}}],"collection":[{"href":"https:\/\/skin-heal.com\/es\/wp-json\/wp\/v2\/product"}],"about":[{"href":"https:\/\/skin-heal.com\/es\/wp-json\/wp\/v2\/types\/product"}],"wp:featuredmedia":[{"embeddable":true,"href":"https:\/\/skin-heal.com\/es\/wp-json\/wp\/v2\/media\/653"}],"wp:attachment":[{"href":"https:\/\/skin-heal.com\/es\/wp-json\/wp\/v2\/media?parent=652"}],"wp:term":[{"taxonomy":"product_brand","embeddable":true,"href":"https:\/\/skin-heal.com\/es\/wp-json\/wp\/v2\/product_brand?post=652"},{"taxonomy":"product_cat","embeddable":true,"href":"https:\/\/skin-heal.com\/es\/wp-json\/wp\/v2\/product_cat?post=652"},{"taxonomy":"product_tag","embeddable":true,"href":"https:\/\/skin-heal.com\/es\/wp-json\/wp\/v2\/product_tag?post=652"}],"curies":[{"name":"wp","href":"https:\/\/api.w.org\/{rel}","templated":true}]}}