{"id":654,"date":"2018-11-21T11:47:14","date_gmt":"2018-11-21T11:47:14","guid":{"rendered":"https:\/\/skin-heal.com\/?post_type=product&#038;p=654"},"modified":"2022-03-15T15:27:42","modified_gmt":"2022-03-15T15:27:42","slug":"stylage-xl-2-x-1ml","status":"publish","type":"product","link":"https:\/\/skin-heal.com\/es\/producto\/stylage-xl-2-x-1ml\/","title":{"rendered":"Stylage XL (2 x 1ml)"},"content":{"rendered":"<p><strong>\u00bfPara qu\u00e9 sirve Stylage XL?<\/strong><\/p>\n<p>A medida que el cuerpo humano envejece, la piel empieza a perder su volumen. La mayor\u00eda de las zonas faciales alcanzan su plenitud \u00f3ptima a principios de los 20 a\u00f1os. A partir de entonces, el tejido cut\u00e1neo pierde grasa de forma lenta pero segura, lo que conduce a la formaci\u00f3n de arrugas y a la flacidez de la piel. Otros factores que pueden desencadenar la formaci\u00f3n de l\u00edneas y arrugas son la exposici\u00f3n extrema o prolongada a la luz solar, el tabaquismo, condiciones gen\u00e9ticas poco frecuentes, desequilibrios hormonales o incluso algo tan simple como la gravedad. Para revertir estos efectos y hacer retroceder las manos del tiempo, la mayor\u00eda de los dermat\u00f3logos est\u00e9ticos y expertos en cosm\u00e9tica utilizan Stylage XL. Contiene \u00e1cido hialur\u00f3nico monof\u00e1sico, una sustancia qu\u00edmica que se encuentra de forma natural en el cuerpo humano y que aporta volumen a la piel y le da un aspecto m\u00e1s radiante, juvenil y saludable. El relleno cut\u00e1neo se aplica en la subdermis o en la dermis profunda mediante una inyecci\u00f3n y los resultados, tras un \u00fanico procedimiento de este tipo, son visibles de inmediato con una longevidad de unos 12 meses o m\u00e1s.<\/p>\n<p><strong>Ventajas principales<\/strong><\/p>\n<p>Este producto de rejuvenecimiento cosm\u00e9tico de primer nivel est\u00e1 hecho de un gel de AH con una alta maleabilidad para proporcionar resultados m\u00e1s precisos. El manitol de Stylage XL evita que el \u00e1cido hialur\u00f3nico se disuelva demasiado r\u00e1pido y permite a los pacientes disfrutar de su nuevo aspecto juvenil durante m\u00e1s tiempo.<\/p>\n<ul>\n<li>Gran precisi\u00f3n y exactitud<\/li>\n<li>Alta pseudoplasticidad<\/li>\n<li>Inyecci\u00f3n suave y estable<\/li>\n<li>Impresionante longevidad<\/li>\n<\/ul>","protected":false},"excerpt":{"rendered":"<p>Crear y restaurar el volumen perdido: este es el superpoder especial de Stylage XL, un relleno d\u00e9rmico de primera calidad que no tiene igual. Es un producto que proporciona un excelente soporte a la piel y por ello, tambi\u00e9n puede ser aplicado durante los tratamientos de contorno facial. Su combinaci\u00f3n de manitol y tecnolog\u00eda reticulada de HA IPN es la raz\u00f3n por la que se encuentra entre las inyecciones de relleno m\u00e1s duraderas de esta categor\u00eda.<\/p>","protected":false},"featured_media":655,"template":"","meta":[],"product_brand":[],"product_cat":[79,38,60],"product_tag":[],"class_list":{"0":"post-654","1":"product","2":"type-product","3":"status-publish","4":"has-post-thumbnail","6":"product_cat-dermal-fillers","7":"product_cat-stylage","8":"product_cat-vivacy","9":"clearfix","11":"first","12":"outofstock","13":"taxable","14":"shipping-taxable","15":"purchasable","16":"product-type-simple"},"yoast_head":"<!-- This site is optimized with the Yoast SEO plugin v27.3 - https:\/\/yoast.com\/product\/yoast-seo-wordpress\/ -->\n<title>Stylage XL (2 x 1ml) - Skin Heal<\/title>\n<meta name=\"description\" content=\"Buy Stylage XL \u2013 an effective skin filler that provides guaranteed volumetric restoration. It is easy to mold, making it a good facial contouring solution.\" \/>\n<meta name=\"robots\" content=\"index, follow, max-snippet:-1, max-image-preview:large, max-video-preview:-1\" \/>\n<link rel=\"canonical\" href=\"https:\/\/skin-heal.com\/es\/producto\/stylage-xl-2-x-1ml\/\" \/>\n<meta property=\"og:locale\" content=\"es_MX\" \/>\n<meta property=\"og:type\" content=\"article\" \/>\n<meta property=\"og:title\" content=\"Stylage XL (2 x 1ml) - Skin Heal\" \/>\n<meta property=\"og:description\" content=\"Buy Stylage XL \u2013 an effective skin filler that provides guaranteed volumetric restoration. It is easy to mold, making it a good facial contouring solution.\" \/>\n<meta property=\"og:url\" content=\"https:\/\/skin-heal.com\/es\/producto\/stylage-xl-2-x-1ml\/\" \/>\n<meta property=\"og:site_name\" content=\"Skin Heal\" \/>\n<meta property=\"article:modified_time\" content=\"2022-03-15T15:27:42+00:00\" \/>\n<meta property=\"og:image\" content=\"https:\/\/cdn.skin-heal.com\/wp-content\/uploads\/2018\/11\/Stylage-XL.jpg\" \/>\n\t<meta property=\"og:image:width\" content=\"550\" \/>\n\t<meta property=\"og:image:height\" content=\"550\" \/>\n\t<meta property=\"og:image:type\" content=\"image\/jpeg\" \/>\n<meta name=\"twitter:card\" content=\"summary_large_image\" \/>\n<meta name=\"twitter:label1\" content=\"Tiempo de lectura\" \/>\n\t<meta name=\"twitter:data1\" content=\"1 minuto\" \/>\n<script type=\"application\/ld+json\" class=\"yoast-schema-graph\">{\"@context\":\"https:\\\/\\\/schema.org\",\"@graph\":[{\"@type\":\"WebPage\",\"@id\":\"https:\\\/\\\/skin-heal.com\\\/product\\\/stylage-xl-2-x-1ml\\\/\",\"url\":\"https:\\\/\\\/skin-heal.com\\\/product\\\/stylage-xl-2-x-1ml\\\/\",\"name\":\"Stylage XL (2 x 1ml) - Skin Heal\",\"isPartOf\":{\"@id\":\"https:\\\/\\\/skin-heal.com\\\/#website\"},\"primaryImageOfPage\":{\"@id\":\"https:\\\/\\\/skin-heal.com\\\/product\\\/stylage-xl-2-x-1ml\\\/#primaryimage\"},\"image\":{\"@id\":\"https:\\\/\\\/skin-heal.com\\\/product\\\/stylage-xl-2-x-1ml\\\/#primaryimage\"},\"thumbnailUrl\":\"https:\\\/\\\/skin-heal.com\\\/wp-content\\\/uploads\\\/2018\\\/11\\\/Stylage-XL.jpg\",\"datePublished\":\"2018-11-21T11:47:14+00:00\",\"dateModified\":\"2022-03-15T15:27:42+00:00\",\"description\":\"Buy Stylage XL \u2013 an effective skin filler that provides guaranteed volumetric restoration. It is easy to mold, making it a good facial contouring solution.\",\"breadcrumb\":{\"@id\":\"https:\\\/\\\/skin-heal.com\\\/product\\\/stylage-xl-2-x-1ml\\\/#breadcrumb\"},\"inLanguage\":\"es\",\"potentialAction\":[{\"@type\":\"ReadAction\",\"target\":[\"https:\\\/\\\/skin-heal.com\\\/product\\\/stylage-xl-2-x-1ml\\\/\"]}]},{\"@type\":\"ImageObject\",\"inLanguage\":\"es\",\"@id\":\"https:\\\/\\\/skin-heal.com\\\/product\\\/stylage-xl-2-x-1ml\\\/#primaryimage\",\"url\":\"https:\\\/\\\/skin-heal.com\\\/wp-content\\\/uploads\\\/2018\\\/11\\\/Stylage-XL.jpg\",\"contentUrl\":\"https:\\\/\\\/skin-heal.com\\\/wp-content\\\/uploads\\\/2018\\\/11\\\/Stylage-XL.jpg\",\"width\":550,\"height\":550,\"caption\":\"Stylage XL\"},{\"@type\":\"BreadcrumbList\",\"@id\":\"https:\\\/\\\/skin-heal.com\\\/product\\\/stylage-xl-2-x-1ml\\\/#breadcrumb\",\"itemListElement\":[{\"@type\":\"ListItem\",\"position\":1,\"name\":\"Home\",\"item\":\"https:\\\/\\\/skin-heal.com\\\/\"},{\"@type\":\"ListItem\",\"position\":2,\"name\":\"Store\",\"item\":\"https:\\\/\\\/skin-heal.com\\\/store\\\/\"},{\"@type\":\"ListItem\",\"position\":3,\"name\":\"Stylage XL (2 x 1ml)\"}]},{\"@type\":\"WebSite\",\"@id\":\"https:\\\/\\\/skin-heal.com\\\/#website\",\"url\":\"https:\\\/\\\/skin-heal.com\\\/\",\"name\":\"Skin Heal\",\"description\":\"Lowest Prices for Dermal Fillers\",\"potentialAction\":[{\"@type\":\"SearchAction\",\"target\":{\"@type\":\"EntryPoint\",\"urlTemplate\":\"https:\\\/\\\/skin-heal.com\\\/?s={search_term_string}\"},\"query-input\":{\"@type\":\"PropertyValueSpecification\",\"valueRequired\":true,\"valueName\":\"search_term_string\"}}],\"inLanguage\":\"es\"}]}<\/script>\n<!-- \/ Yoast SEO plugin. -->","yoast_head_json":{"title":"Stylage XL (2 x 1ml) - Skin Heal","description":"Comprar Stylage XL - un eficaz relleno cut\u00e1neo que proporciona una restauraci\u00f3n volum\u00e9trica garantizada. Es f\u00e1cil de moldear, por lo que es una buena soluci\u00f3n de contorno facial.","robots":{"index":"index","follow":"follow","max-snippet":"max-snippet:-1","max-image-preview":"max-image-preview:large","max-video-preview":"max-video-preview:-1"},"canonical":"https:\/\/skin-heal.com\/es\/producto\/stylage-xl-2-x-1ml\/","og_locale":"es_MX","og_type":"article","og_title":"Stylage XL (2 x 1ml) - Skin Heal","og_description":"Buy Stylage XL \u2013 an effective skin filler that provides guaranteed volumetric restoration. It is easy to mold, making it a good facial contouring solution.","og_url":"https:\/\/skin-heal.com\/es\/producto\/stylage-xl-2-x-1ml\/","og_site_name":"Skin Heal","article_modified_time":"2022-03-15T15:27:42+00:00","og_image":[{"width":550,"height":550,"url":"https:\/\/cdn.skin-heal.com\/wp-content\/uploads\/2018\/11\/Stylage-XL.jpg","type":"image\/jpeg"}],"twitter_card":"summary_large_image","twitter_misc":{"Tiempo de lectura":"1 minuto"},"schema":{"@context":"https:\/\/schema.org","@graph":[{"@type":"WebPage","@id":"https:\/\/skin-heal.com\/product\/stylage-xl-2-x-1ml\/","url":"https:\/\/skin-heal.com\/product\/stylage-xl-2-x-1ml\/","name":"Stylage XL (2 x 1ml) - Skin Heal","isPartOf":{"@id":"https:\/\/skin-heal.com\/#website"},"primaryImageOfPage":{"@id":"https:\/\/skin-heal.com\/product\/stylage-xl-2-x-1ml\/#primaryimage"},"image":{"@id":"https:\/\/skin-heal.com\/product\/stylage-xl-2-x-1ml\/#primaryimage"},"thumbnailUrl":"https:\/\/cdn.skin-heal.com\/wp-content\/uploads\/2018\/11\/Stylage-XL.jpg","datePublished":"2018-11-21T11:47:14+00:00","dateModified":"2022-03-15T15:27:42+00:00","description":"Comprar Stylage XL - un eficaz relleno cut\u00e1neo que proporciona una restauraci\u00f3n volum\u00e9trica garantizada. Es f\u00e1cil de moldear, por lo que es una buena soluci\u00f3n de contorno facial.","breadcrumb":{"@id":"https:\/\/skin-heal.com\/product\/stylage-xl-2-x-1ml\/#breadcrumb"},"inLanguage":"es","potentialAction":[{"@type":"ReadAction","target":["https:\/\/skin-heal.com\/product\/stylage-xl-2-x-1ml\/"]}]},{"@type":"ImageObject","inLanguage":"es","@id":"https:\/\/skin-heal.com\/product\/stylage-xl-2-x-1ml\/#primaryimage","url":"https:\/\/cdn.skin-heal.com\/wp-content\/uploads\/2018\/11\/Stylage-XL.jpg","contentUrl":"https:\/\/cdn.skin-heal.com\/wp-content\/uploads\/2018\/11\/Stylage-XL.jpg","width":550,"height":550,"caption":"Stylage XL"},{"@type":"BreadcrumbList","@id":"https:\/\/skin-heal.com\/product\/stylage-xl-2-x-1ml\/#breadcrumb","itemListElement":[{"@type":"ListItem","position":1,"name":"Home","item":"https:\/\/skin-heal.com\/"},{"@type":"ListItem","position":2,"name":"Store","item":"https:\/\/skin-heal.com\/store\/"},{"@type":"ListItem","position":3,"name":"Stylage XL (2 x 1ml)"}]},{"@type":"WebSite","@id":"https:\/\/skin-heal.com\/#website","url":"https:\/\/skin-heal.com\/","name":"Curaci\u00f3n de la piel","description":"Los precios m\u00e1s bajos para los rellenos d\u00e9rmicos","potentialAction":[{"@type":"SearchAction","target":{"@type":"EntryPoint","urlTemplate":"https:\/\/skin-heal.com\/?s={search_term_string}"},"query-input":{"@type":"PropertyValueSpecification","valueRequired":true,"valueName":"search_term_string"}}],"inLanguage":"es"}]}},"_links":{"self":[{"href":"https:\/\/skin-heal.com\/es\/wp-json\/wp\/v2\/product\/654","targetHints":{"allow":["GET"]}}],"collection":[{"href":"https:\/\/skin-heal.com\/es\/wp-json\/wp\/v2\/product"}],"about":[{"href":"https:\/\/skin-heal.com\/es\/wp-json\/wp\/v2\/types\/product"}],"wp:featuredmedia":[{"embeddable":true,"href":"https:\/\/skin-heal.com\/es\/wp-json\/wp\/v2\/media\/655"}],"wp:attachment":[{"href":"https:\/\/skin-heal.com\/es\/wp-json\/wp\/v2\/media?parent=654"}],"wp:term":[{"taxonomy":"product_brand","embeddable":true,"href":"https:\/\/skin-heal.com\/es\/wp-json\/wp\/v2\/product_brand?post=654"},{"taxonomy":"product_cat","embeddable":true,"href":"https:\/\/skin-heal.com\/es\/wp-json\/wp\/v2\/product_cat?post=654"},{"taxonomy":"product_tag","embeddable":true,"href":"https:\/\/skin-heal.com\/es\/wp-json\/wp\/v2\/product_tag?post=654"}],"curies":[{"name":"wp","href":"https:\/\/api.w.org\/{rel}","templated":true}]}}