{"id":656,"date":"2018-11-21T11:48:38","date_gmt":"2018-11-21T11:48:38","guid":{"rendered":"https:\/\/skin-heal.com\/?post_type=product&#038;p=656"},"modified":"2022-03-15T15:27:36","modified_gmt":"2022-03-15T15:27:36","slug":"stylage-xl-with-lidocaine-2-x-1ml","status":"publish","type":"product","link":"https:\/\/skin-heal.com\/es\/producto\/stylage-xl-with-lidocaine-2-x-1ml\/","title":{"rendered":"Stylage XL con Lidoca\u00edna (2 x 1ml)"},"content":{"rendered":"<p><strong>\u00bfCu\u00e1les son los usos de Stylage XL Lidocaine?<\/strong><\/p>\n<p>Crear o restaurar el volumen facial durante un periodo tan largo como 12 meses o incluso m\u00e1s es algo que es una misi\u00f3n posible con este fant\u00e1stico producto de rejuvenecimiento cosm\u00e9tico. Para ello, un agente antioxidante conocido como Manitol desempe\u00f1a un papel fundamental. Se utiliza en la producci\u00f3n de Stylage XL Lidocaine y mantiene activas las part\u00edculas de AH reticuladas que se inyectan en la piel durante m\u00e1s tiempo, al ralentizar la biodegradaci\u00f3n del gel. Los usos de este avanzado relleno de \u00e1cido hialur\u00f3nico son muchos e incluyen:<\/p>\n<ul>\n<li>Restauraci\u00f3n del volumen facial<\/li>\n<li>Relleno del templo<\/li>\n<li>Crear volumen en la zona de las mejillas y los p\u00f3mulos<\/li>\n<li>Escultura del \u00f3valo facial<\/li>\n<\/ul>\n<p>Este es un producto que ha sido dise\u00f1ado por los Laboratorios VIVACY. Esta es la \u00fanica empresa que utiliza la tecnolog\u00eda patentada IPN-like en sus rellenos d\u00e9rmicos de grado profesional que proporciona al gel de HA una elasticidad y viscosidad \u00f3ptimas. Esa misma tecnolog\u00eda tambi\u00e9n est\u00e1 presente en Stylage XL Lidocaine y eso garantiza un resultado de aspecto natural en todo momento.<\/p>\n<p><strong>Mayor comodidad<\/strong><\/p>\n<p>El producto lleva una infusi\u00f3n de lidoca\u00edna. Esto hace que el procedimiento de inyecci\u00f3n sea indoloro para los pacientes y m\u00e1s f\u00e1cil para los m\u00e9dicos.<\/p>","protected":false},"excerpt":{"rendered":"<p>Stylage XL Lidoca\u00edna es un relleno d\u00e9rmico de alta pureza que puede dar volumen a los tejidos faciales blandos sin hacer sufrir al paciente durante el procedimiento de inyecci\u00f3n. El 0,3% de Lidoca\u00edna en este producto proporciona comodidad durante los tratamientos de restauraci\u00f3n y creaci\u00f3n de volumen sin impedir que los otros ingredientes del relleno d\u00e9rmico hagan su trabajo. La migraci\u00f3n de las part\u00edculas de HA es casi inexistente y, sin embargo, el gel de HA puede ser f\u00e1cilmente inyectado y moldeado.<\/p>","protected":false},"featured_media":657,"template":"","meta":[],"product_brand":[],"product_cat":[79,38,60],"product_tag":[],"class_list":{"0":"post-656","1":"product","2":"type-product","3":"status-publish","4":"has-post-thumbnail","6":"product_cat-dermal-fillers","7":"product_cat-stylage","8":"product_cat-vivacy","9":"clearfix","11":"first","12":"outofstock","13":"taxable","14":"shipping-taxable","15":"purchasable","16":"product-type-simple"},"yoast_head":"<!-- This site is optimized with the Yoast SEO plugin v27.3 - https:\/\/yoast.com\/product\/yoast-seo-wordpress\/ -->\n<title>Stylage XL with Lidocaine (2 x 1ml) - Skin Heal<\/title>\n<meta name=\"description\" content=\"Order Stylage XL Lidocaine to make any volumetric restoration process painless. This is a new-generation HA filler which uses a unique IPN-like Technology.\" \/>\n<meta name=\"robots\" content=\"index, follow, max-snippet:-1, max-image-preview:large, max-video-preview:-1\" \/>\n<link rel=\"canonical\" href=\"https:\/\/skin-heal.com\/es\/producto\/stylage-xl-with-lidocaine-2-x-1ml\/\" \/>\n<meta property=\"og:locale\" content=\"es_MX\" \/>\n<meta property=\"og:type\" content=\"article\" \/>\n<meta property=\"og:title\" content=\"Stylage XL with Lidocaine (2 x 1ml) - Skin Heal\" \/>\n<meta property=\"og:description\" content=\"Order Stylage XL Lidocaine to make any volumetric restoration process painless. This is a new-generation HA filler which uses a unique IPN-like Technology.\" \/>\n<meta property=\"og:url\" content=\"https:\/\/skin-heal.com\/es\/producto\/stylage-xl-with-lidocaine-2-x-1ml\/\" \/>\n<meta property=\"og:site_name\" content=\"Skin Heal\" \/>\n<meta property=\"article:modified_time\" content=\"2022-03-15T15:27:36+00:00\" \/>\n<meta property=\"og:image\" content=\"https:\/\/cdn.skin-heal.com\/wp-content\/uploads\/2018\/11\/Stylage-XL-Lidocaine.jpg\" \/>\n\t<meta property=\"og:image:width\" content=\"550\" \/>\n\t<meta property=\"og:image:height\" content=\"550\" \/>\n\t<meta property=\"og:image:type\" content=\"image\/jpeg\" \/>\n<meta name=\"twitter:card\" content=\"summary_large_image\" \/>\n<meta name=\"twitter:label1\" content=\"Tiempo de lectura\" \/>\n\t<meta name=\"twitter:data1\" content=\"1 minuto\" \/>\n<script type=\"application\/ld+json\" class=\"yoast-schema-graph\">{\"@context\":\"https:\\\/\\\/schema.org\",\"@graph\":[{\"@type\":\"WebPage\",\"@id\":\"https:\\\/\\\/skin-heal.com\\\/product\\\/stylage-xl-with-lidocaine-2-x-1ml\\\/\",\"url\":\"https:\\\/\\\/skin-heal.com\\\/product\\\/stylage-xl-with-lidocaine-2-x-1ml\\\/\",\"name\":\"Stylage XL with Lidocaine (2 x 1ml) - Skin Heal\",\"isPartOf\":{\"@id\":\"https:\\\/\\\/skin-heal.com\\\/#website\"},\"primaryImageOfPage\":{\"@id\":\"https:\\\/\\\/skin-heal.com\\\/product\\\/stylage-xl-with-lidocaine-2-x-1ml\\\/#primaryimage\"},\"image\":{\"@id\":\"https:\\\/\\\/skin-heal.com\\\/product\\\/stylage-xl-with-lidocaine-2-x-1ml\\\/#primaryimage\"},\"thumbnailUrl\":\"https:\\\/\\\/skin-heal.com\\\/wp-content\\\/uploads\\\/2018\\\/11\\\/Stylage-XL-Lidocaine.jpg\",\"datePublished\":\"2018-11-21T11:48:38+00:00\",\"dateModified\":\"2022-03-15T15:27:36+00:00\",\"description\":\"Order Stylage XL Lidocaine to make any volumetric restoration process painless. This is a new-generation HA filler which uses a unique IPN-like Technology.\",\"breadcrumb\":{\"@id\":\"https:\\\/\\\/skin-heal.com\\\/product\\\/stylage-xl-with-lidocaine-2-x-1ml\\\/#breadcrumb\"},\"inLanguage\":\"es\",\"potentialAction\":[{\"@type\":\"ReadAction\",\"target\":[\"https:\\\/\\\/skin-heal.com\\\/product\\\/stylage-xl-with-lidocaine-2-x-1ml\\\/\"]}]},{\"@type\":\"ImageObject\",\"inLanguage\":\"es\",\"@id\":\"https:\\\/\\\/skin-heal.com\\\/product\\\/stylage-xl-with-lidocaine-2-x-1ml\\\/#primaryimage\",\"url\":\"https:\\\/\\\/skin-heal.com\\\/wp-content\\\/uploads\\\/2018\\\/11\\\/Stylage-XL-Lidocaine.jpg\",\"contentUrl\":\"https:\\\/\\\/skin-heal.com\\\/wp-content\\\/uploads\\\/2018\\\/11\\\/Stylage-XL-Lidocaine.jpg\",\"width\":550,\"height\":550,\"caption\":\"Stylage XL Lidocaine\"},{\"@type\":\"BreadcrumbList\",\"@id\":\"https:\\\/\\\/skin-heal.com\\\/product\\\/stylage-xl-with-lidocaine-2-x-1ml\\\/#breadcrumb\",\"itemListElement\":[{\"@type\":\"ListItem\",\"position\":1,\"name\":\"Home\",\"item\":\"https:\\\/\\\/skin-heal.com\\\/\"},{\"@type\":\"ListItem\",\"position\":2,\"name\":\"Store\",\"item\":\"https:\\\/\\\/skin-heal.com\\\/store\\\/\"},{\"@type\":\"ListItem\",\"position\":3,\"name\":\"Stylage XL with Lidocaine (2 x 1ml)\"}]},{\"@type\":\"WebSite\",\"@id\":\"https:\\\/\\\/skin-heal.com\\\/#website\",\"url\":\"https:\\\/\\\/skin-heal.com\\\/\",\"name\":\"Skin Heal\",\"description\":\"Lowest Prices for Dermal Fillers\",\"potentialAction\":[{\"@type\":\"SearchAction\",\"target\":{\"@type\":\"EntryPoint\",\"urlTemplate\":\"https:\\\/\\\/skin-heal.com\\\/?s={search_term_string}\"},\"query-input\":{\"@type\":\"PropertyValueSpecification\",\"valueRequired\":true,\"valueName\":\"search_term_string\"}}],\"inLanguage\":\"es\"}]}<\/script>\n<!-- \/ Yoast SEO plugin. -->","yoast_head_json":{"title":"Stylage XL con Lidoca\u00edna (2 x 1ml) - Skin Heal","description":"Pida Stylage XL Lidocaine para que cualquier proceso de restauraci\u00f3n volum\u00e9trica sea indoloro. Se trata de un relleno de HA de nueva generaci\u00f3n que utiliza una tecnolog\u00eda \u00fanica similar a la IPN.","robots":{"index":"index","follow":"follow","max-snippet":"max-snippet:-1","max-image-preview":"max-image-preview:large","max-video-preview":"max-video-preview:-1"},"canonical":"https:\/\/skin-heal.com\/es\/producto\/stylage-xl-with-lidocaine-2-x-1ml\/","og_locale":"es_MX","og_type":"article","og_title":"Stylage XL with Lidocaine (2 x 1ml) - Skin Heal","og_description":"Order Stylage XL Lidocaine to make any volumetric restoration process painless. This is a new-generation HA filler which uses a unique IPN-like Technology.","og_url":"https:\/\/skin-heal.com\/es\/producto\/stylage-xl-with-lidocaine-2-x-1ml\/","og_site_name":"Skin Heal","article_modified_time":"2022-03-15T15:27:36+00:00","og_image":[{"width":550,"height":550,"url":"https:\/\/cdn.skin-heal.com\/wp-content\/uploads\/2018\/11\/Stylage-XL-Lidocaine.jpg","type":"image\/jpeg"}],"twitter_card":"summary_large_image","twitter_misc":{"Tiempo de lectura":"1 minuto"},"schema":{"@context":"https:\/\/schema.org","@graph":[{"@type":"WebPage","@id":"https:\/\/skin-heal.com\/product\/stylage-xl-with-lidocaine-2-x-1ml\/","url":"https:\/\/skin-heal.com\/product\/stylage-xl-with-lidocaine-2-x-1ml\/","name":"Stylage XL con Lidoca\u00edna (2 x 1ml) - Skin Heal","isPartOf":{"@id":"https:\/\/skin-heal.com\/#website"},"primaryImageOfPage":{"@id":"https:\/\/skin-heal.com\/product\/stylage-xl-with-lidocaine-2-x-1ml\/#primaryimage"},"image":{"@id":"https:\/\/skin-heal.com\/product\/stylage-xl-with-lidocaine-2-x-1ml\/#primaryimage"},"thumbnailUrl":"https:\/\/cdn.skin-heal.com\/wp-content\/uploads\/2018\/11\/Stylage-XL-Lidocaine.jpg","datePublished":"2018-11-21T11:48:38+00:00","dateModified":"2022-03-15T15:27:36+00:00","description":"Pida Stylage XL Lidocaine para que cualquier proceso de restauraci\u00f3n volum\u00e9trica sea indoloro. Se trata de un relleno de HA de nueva generaci\u00f3n que utiliza una tecnolog\u00eda \u00fanica similar a la IPN.","breadcrumb":{"@id":"https:\/\/skin-heal.com\/product\/stylage-xl-with-lidocaine-2-x-1ml\/#breadcrumb"},"inLanguage":"es","potentialAction":[{"@type":"ReadAction","target":["https:\/\/skin-heal.com\/product\/stylage-xl-with-lidocaine-2-x-1ml\/"]}]},{"@type":"ImageObject","inLanguage":"es","@id":"https:\/\/skin-heal.com\/product\/stylage-xl-with-lidocaine-2-x-1ml\/#primaryimage","url":"https:\/\/cdn.skin-heal.com\/wp-content\/uploads\/2018\/11\/Stylage-XL-Lidocaine.jpg","contentUrl":"https:\/\/cdn.skin-heal.com\/wp-content\/uploads\/2018\/11\/Stylage-XL-Lidocaine.jpg","width":550,"height":550,"caption":"Stylage XL Lidocaine"},{"@type":"BreadcrumbList","@id":"https:\/\/skin-heal.com\/product\/stylage-xl-with-lidocaine-2-x-1ml\/#breadcrumb","itemListElement":[{"@type":"ListItem","position":1,"name":"Home","item":"https:\/\/skin-heal.com\/"},{"@type":"ListItem","position":2,"name":"Store","item":"https:\/\/skin-heal.com\/store\/"},{"@type":"ListItem","position":3,"name":"Stylage XL with Lidocaine (2 x 1ml)"}]},{"@type":"WebSite","@id":"https:\/\/skin-heal.com\/#website","url":"https:\/\/skin-heal.com\/","name":"Curaci\u00f3n de la piel","description":"Los precios m\u00e1s bajos para los rellenos d\u00e9rmicos","potentialAction":[{"@type":"SearchAction","target":{"@type":"EntryPoint","urlTemplate":"https:\/\/skin-heal.com\/?s={search_term_string}"},"query-input":{"@type":"PropertyValueSpecification","valueRequired":true,"valueName":"search_term_string"}}],"inLanguage":"es"}]}},"_links":{"self":[{"href":"https:\/\/skin-heal.com\/es\/wp-json\/wp\/v2\/product\/656","targetHints":{"allow":["GET"]}}],"collection":[{"href":"https:\/\/skin-heal.com\/es\/wp-json\/wp\/v2\/product"}],"about":[{"href":"https:\/\/skin-heal.com\/es\/wp-json\/wp\/v2\/types\/product"}],"wp:featuredmedia":[{"embeddable":true,"href":"https:\/\/skin-heal.com\/es\/wp-json\/wp\/v2\/media\/657"}],"wp:attachment":[{"href":"https:\/\/skin-heal.com\/es\/wp-json\/wp\/v2\/media?parent=656"}],"wp:term":[{"taxonomy":"product_brand","embeddable":true,"href":"https:\/\/skin-heal.com\/es\/wp-json\/wp\/v2\/product_brand?post=656"},{"taxonomy":"product_cat","embeddable":true,"href":"https:\/\/skin-heal.com\/es\/wp-json\/wp\/v2\/product_cat?post=656"},{"taxonomy":"product_tag","embeddable":true,"href":"https:\/\/skin-heal.com\/es\/wp-json\/wp\/v2\/product_tag?post=656"}],"curies":[{"name":"wp","href":"https:\/\/api.w.org\/{rel}","templated":true}]}}