{"id":658,"date":"2018-11-21T11:50:02","date_gmt":"2018-11-21T11:50:02","guid":{"rendered":"https:\/\/skin-heal.com\/?post_type=product&#038;p=658"},"modified":"2021-10-28T12:10:29","modified_gmt":"2021-10-28T12:10:29","slug":"stylage-xxl-2-x-1ml","status":"publish","type":"product","link":"https:\/\/skin-heal.com\/es\/producto\/stylage-xxl-2-x-1ml\/","title":{"rendered":"Stylage XXL (2 x 1ml)"},"content":{"rendered":"<ul>\n<li>Composici\u00f3n del gel de relleno: \u00c1cido hialur\u00f3nico Tecnolog\u00eda IPN-like y agente antioxidante Manitol<\/li>\n<li>Volumen: 2 x 1ml y 1 x 2,2ml<\/li>\n<li>Concentraci\u00f3n de part\u00edculas de HA: 21mg\/g<\/li>\n<li>Agujas desechables: 21G 60, 21G \u00bd, 25G 40, 27G \u00bd<\/li>\n<li>Longevidad de los resultados: 12 meses o m\u00e1s<\/li>\n<li>Profundidad del lugar de la inyecci\u00f3n: Subcut\u00e1nea, dermis profunda<\/li>\n<\/ul>\n<p>Para dar un volumen muy necesario a la zona tratada, Stylage XXL se inyecta directamente en las capas m\u00e1s profundas de la piel con una c\u00e1nula. Las regiones que pueden ser tratadas con este avanzado relleno d\u00e9rmico son el ment\u00f3n, los p\u00f3mulos, las mejillas en las que se ha perdido volumen facial o que requieren alg\u00fan esculpido o aumento facial.<\/p>\n<p>Este dispositivo m\u00e9dico de clase III tambi\u00e9n es adecuado para los pacientes que desean hacer su cara m\u00e1s sim\u00e9trica, incluso para aquellos que tienen una debilidad facial diferenciada despu\u00e9s de sufrir un accidente cerebrovascular, por ejemplo.<\/p>\n<p><strong>\u00bfQu\u00e9 ocurre despu\u00e9s de la inyecci\u00f3n?<\/strong><\/p>\n<p>Stylage XXL tiene una estructura el\u00e1stica que es f\u00e1cil de modelar y moldear. Por lo tanto, los m\u00e9dicos pueden hacer ajustes en la forma y la colocaci\u00f3n del gel inyectado inmediatamente despu\u00e9s de que se haya aplicado en la dermis profunda para lograr la apariencia deseada. Los efectos se hacen visibles inmediatamente despu\u00e9s del tratamiento y suelen durar m\u00e1s de 12 meses. Normalmente no se requieren citas de retoque durante ese periodo.<\/p>","protected":false},"excerpt":{"rendered":"<p>Stylage XXL es un relleno de \u00e1cido hialur\u00f3nico \u00fanico en su g\u00e9nero. Es famoso por ser el producto m\u00e1s voluminizador de la l\u00ednea Stylage de Laboratorios VIVACY y puede ofrecer una restauraci\u00f3n de volumen extra que parece natural. Tambi\u00e9n es uno de los pocos productos de rejuvenecimiento cosm\u00e9tico que tienen Mannitol y HA IPN-like Technology. Con \u00e9l, las correcciones de volumen facial y la remodelaci\u00f3n ofrecen los mejores resultados posibles con cero efectos secundarios peligrosos.<\/p>","protected":false},"featured_media":659,"template":"","meta":[],"product_brand":[],"product_cat":[79,38,60],"product_tag":[],"class_list":{"0":"post-658","1":"product","2":"type-product","3":"status-publish","4":"has-post-thumbnail","6":"product_cat-dermal-fillers","7":"product_cat-stylage","8":"product_cat-vivacy","9":"clearfix","11":"first","12":"outofstock","13":"taxable","14":"shipping-taxable","15":"purchasable","16":"product-type-simple"},"yoast_head":"<!-- This site is optimized with the Yoast SEO plugin v27.4 - https:\/\/yoast.com\/product\/yoast-seo-wordpress\/ -->\n<title>Stylage XXL (2 x 1ml) - Skin Heal<\/title>\n<meta name=\"description\" content=\"Stylage XXL is a top-quality skin filler for extra volume restoration and facial remodeling. It offers a fast and durable solution for sagging facial skin.\" \/>\n<meta name=\"robots\" content=\"index, follow, max-snippet:-1, max-image-preview:large, max-video-preview:-1\" \/>\n<link rel=\"canonical\" href=\"https:\/\/skin-heal.com\/es\/producto\/stylage-xxl-2-x-1ml\/\" \/>\n<meta property=\"og:locale\" content=\"es_MX\" \/>\n<meta property=\"og:type\" content=\"article\" \/>\n<meta property=\"og:title\" content=\"Stylage XXL (2 x 1ml) - Skin Heal\" \/>\n<meta property=\"og:description\" content=\"Stylage XXL is a top-quality skin filler for extra volume restoration and facial remodeling. It offers a fast and durable solution for sagging facial skin.\" \/>\n<meta property=\"og:url\" content=\"https:\/\/skin-heal.com\/es\/producto\/stylage-xxl-2-x-1ml\/\" \/>\n<meta property=\"og:site_name\" content=\"Skin Heal\" \/>\n<meta property=\"article:modified_time\" content=\"2021-10-28T12:10:29+00:00\" \/>\n<meta property=\"og:image\" content=\"https:\/\/cdn.skin-heal.com\/wp-content\/uploads\/2018\/11\/Stylage-XXL.jpg\" \/>\n\t<meta property=\"og:image:width\" content=\"550\" \/>\n\t<meta property=\"og:image:height\" content=\"550\" \/>\n\t<meta property=\"og:image:type\" content=\"image\/jpeg\" \/>\n<meta name=\"twitter:card\" content=\"summary_large_image\" \/>\n<meta name=\"twitter:label1\" content=\"Tiempo de lectura\" \/>\n\t<meta name=\"twitter:data1\" content=\"1 minuto\" \/>\n<script type=\"application\/ld+json\" class=\"yoast-schema-graph\">{\"@context\":\"https:\\\/\\\/schema.org\",\"@graph\":[{\"@type\":\"WebPage\",\"@id\":\"https:\\\/\\\/skin-heal.com\\\/product\\\/stylage-xxl-2-x-1ml\\\/\",\"url\":\"https:\\\/\\\/skin-heal.com\\\/product\\\/stylage-xxl-2-x-1ml\\\/\",\"name\":\"Stylage XXL (2 x 1ml) - Skin Heal\",\"isPartOf\":{\"@id\":\"https:\\\/\\\/skin-heal.com\\\/#website\"},\"primaryImageOfPage\":{\"@id\":\"https:\\\/\\\/skin-heal.com\\\/product\\\/stylage-xxl-2-x-1ml\\\/#primaryimage\"},\"image\":{\"@id\":\"https:\\\/\\\/skin-heal.com\\\/product\\\/stylage-xxl-2-x-1ml\\\/#primaryimage\"},\"thumbnailUrl\":\"https:\\\/\\\/skin-heal.com\\\/wp-content\\\/uploads\\\/2018\\\/11\\\/Stylage-XXL.jpg\",\"datePublished\":\"2018-11-21T11:50:02+00:00\",\"dateModified\":\"2021-10-28T12:10:29+00:00\",\"description\":\"Stylage XXL is a top-quality skin filler for extra volume restoration and facial remodeling. It offers a fast and durable solution for sagging facial skin.\",\"breadcrumb\":{\"@id\":\"https:\\\/\\\/skin-heal.com\\\/product\\\/stylage-xxl-2-x-1ml\\\/#breadcrumb\"},\"inLanguage\":\"es\",\"potentialAction\":[{\"@type\":\"ReadAction\",\"target\":[\"https:\\\/\\\/skin-heal.com\\\/product\\\/stylage-xxl-2-x-1ml\\\/\"]}]},{\"@type\":\"ImageObject\",\"inLanguage\":\"es\",\"@id\":\"https:\\\/\\\/skin-heal.com\\\/product\\\/stylage-xxl-2-x-1ml\\\/#primaryimage\",\"url\":\"https:\\\/\\\/skin-heal.com\\\/wp-content\\\/uploads\\\/2018\\\/11\\\/Stylage-XXL.jpg\",\"contentUrl\":\"https:\\\/\\\/skin-heal.com\\\/wp-content\\\/uploads\\\/2018\\\/11\\\/Stylage-XXL.jpg\",\"width\":550,\"height\":550,\"caption\":\"Stylage XXL\"},{\"@type\":\"BreadcrumbList\",\"@id\":\"https:\\\/\\\/skin-heal.com\\\/product\\\/stylage-xxl-2-x-1ml\\\/#breadcrumb\",\"itemListElement\":[{\"@type\":\"ListItem\",\"position\":1,\"name\":\"Home\",\"item\":\"https:\\\/\\\/skin-heal.com\\\/\"},{\"@type\":\"ListItem\",\"position\":2,\"name\":\"Store\",\"item\":\"https:\\\/\\\/skin-heal.com\\\/store\\\/\"},{\"@type\":\"ListItem\",\"position\":3,\"name\":\"Stylage XXL (2 x 1ml)\"}]},{\"@type\":\"WebSite\",\"@id\":\"https:\\\/\\\/skin-heal.com\\\/#website\",\"url\":\"https:\\\/\\\/skin-heal.com\\\/\",\"name\":\"Skin Heal\",\"description\":\"Lowest Prices for Dermal Fillers\",\"potentialAction\":[{\"@type\":\"SearchAction\",\"target\":{\"@type\":\"EntryPoint\",\"urlTemplate\":\"https:\\\/\\\/skin-heal.com\\\/?s={search_term_string}\"},\"query-input\":{\"@type\":\"PropertyValueSpecification\",\"valueRequired\":true,\"valueName\":\"search_term_string\"}}],\"inLanguage\":\"es\"}]}<\/script>\n<!-- \/ Yoast SEO plugin. -->","yoast_head_json":{"title":"Stylage XXL (2 x 1ml) - Skin Heal","description":"Stylage XXL es un relleno cut\u00e1neo de m\u00e1xima calidad para la restauraci\u00f3n del volumen extra y la remodelaci\u00f3n facial. Ofrece una soluci\u00f3n r\u00e1pida y duradera para la flacidez de la piel facial.","robots":{"index":"index","follow":"follow","max-snippet":"max-snippet:-1","max-image-preview":"max-image-preview:large","max-video-preview":"max-video-preview:-1"},"canonical":"https:\/\/skin-heal.com\/es\/producto\/stylage-xxl-2-x-1ml\/","og_locale":"es_MX","og_type":"article","og_title":"Stylage XXL (2 x 1ml) - Skin Heal","og_description":"Stylage XXL is a top-quality skin filler for extra volume restoration and facial remodeling. It offers a fast and durable solution for sagging facial skin.","og_url":"https:\/\/skin-heal.com\/es\/producto\/stylage-xxl-2-x-1ml\/","og_site_name":"Skin Heal","article_modified_time":"2021-10-28T12:10:29+00:00","og_image":[{"width":550,"height":550,"url":"https:\/\/cdn.skin-heal.com\/wp-content\/uploads\/2018\/11\/Stylage-XXL.jpg","type":"image\/jpeg"}],"twitter_card":"summary_large_image","twitter_misc":{"Tiempo de lectura":"1 minuto"},"schema":{"@context":"https:\/\/schema.org","@graph":[{"@type":"WebPage","@id":"https:\/\/skin-heal.com\/product\/stylage-xxl-2-x-1ml\/","url":"https:\/\/skin-heal.com\/product\/stylage-xxl-2-x-1ml\/","name":"Stylage XXL (2 x 1ml) - Skin Heal","isPartOf":{"@id":"https:\/\/skin-heal.com\/#website"},"primaryImageOfPage":{"@id":"https:\/\/skin-heal.com\/product\/stylage-xxl-2-x-1ml\/#primaryimage"},"image":{"@id":"https:\/\/skin-heal.com\/product\/stylage-xxl-2-x-1ml\/#primaryimage"},"thumbnailUrl":"https:\/\/cdn.skin-heal.com\/wp-content\/uploads\/2018\/11\/Stylage-XXL.jpg","datePublished":"2018-11-21T11:50:02+00:00","dateModified":"2021-10-28T12:10:29+00:00","description":"Stylage XXL es un relleno cut\u00e1neo de m\u00e1xima calidad para la restauraci\u00f3n del volumen extra y la remodelaci\u00f3n facial. Ofrece una soluci\u00f3n r\u00e1pida y duradera para la flacidez de la piel facial.","breadcrumb":{"@id":"https:\/\/skin-heal.com\/product\/stylage-xxl-2-x-1ml\/#breadcrumb"},"inLanguage":"es","potentialAction":[{"@type":"ReadAction","target":["https:\/\/skin-heal.com\/product\/stylage-xxl-2-x-1ml\/"]}]},{"@type":"ImageObject","inLanguage":"es","@id":"https:\/\/skin-heal.com\/product\/stylage-xxl-2-x-1ml\/#primaryimage","url":"https:\/\/cdn.skin-heal.com\/wp-content\/uploads\/2018\/11\/Stylage-XXL.jpg","contentUrl":"https:\/\/cdn.skin-heal.com\/wp-content\/uploads\/2018\/11\/Stylage-XXL.jpg","width":550,"height":550,"caption":"Stylage XXL"},{"@type":"BreadcrumbList","@id":"https:\/\/skin-heal.com\/product\/stylage-xxl-2-x-1ml\/#breadcrumb","itemListElement":[{"@type":"ListItem","position":1,"name":"Home","item":"https:\/\/skin-heal.com\/"},{"@type":"ListItem","position":2,"name":"Store","item":"https:\/\/skin-heal.com\/store\/"},{"@type":"ListItem","position":3,"name":"Stylage XXL (2 x 1ml)"}]},{"@type":"WebSite","@id":"https:\/\/skin-heal.com\/#website","url":"https:\/\/skin-heal.com\/","name":"Curaci\u00f3n de la piel","description":"Los precios m\u00e1s bajos para los rellenos d\u00e9rmicos","potentialAction":[{"@type":"SearchAction","target":{"@type":"EntryPoint","urlTemplate":"https:\/\/skin-heal.com\/?s={search_term_string}"},"query-input":{"@type":"PropertyValueSpecification","valueRequired":true,"valueName":"search_term_string"}}],"inLanguage":"es"}]}},"_links":{"self":[{"href":"https:\/\/skin-heal.com\/es\/wp-json\/wp\/v2\/product\/658","targetHints":{"allow":["GET"]}}],"collection":[{"href":"https:\/\/skin-heal.com\/es\/wp-json\/wp\/v2\/product"}],"about":[{"href":"https:\/\/skin-heal.com\/es\/wp-json\/wp\/v2\/types\/product"}],"wp:featuredmedia":[{"embeddable":true,"href":"https:\/\/skin-heal.com\/es\/wp-json\/wp\/v2\/media\/659"}],"wp:attachment":[{"href":"https:\/\/skin-heal.com\/es\/wp-json\/wp\/v2\/media?parent=658"}],"wp:term":[{"taxonomy":"product_brand","embeddable":true,"href":"https:\/\/skin-heal.com\/es\/wp-json\/wp\/v2\/product_brand?post=658"},{"taxonomy":"product_cat","embeddable":true,"href":"https:\/\/skin-heal.com\/es\/wp-json\/wp\/v2\/product_cat?post=658"},{"taxonomy":"product_tag","embeddable":true,"href":"https:\/\/skin-heal.com\/es\/wp-json\/wp\/v2\/product_tag?post=658"}],"curies":[{"name":"wp","href":"https:\/\/api.w.org\/{rel}","templated":true}]}}