{"id":660,"date":"2018-11-21T11:54:45","date_gmt":"2018-11-21T11:54:45","guid":{"rendered":"https:\/\/skin-heal.com\/?post_type=product&#038;p=660"},"modified":"2021-12-22T15:40:33","modified_gmt":"2021-12-22T15:40:33","slug":"stylage-special-lips-1x1ml","status":"publish","type":"product","link":"https:\/\/skin-heal.com\/es\/producto\/stylage-special-lips-1x1ml\/","title":{"rendered":"Stylage Special Lips (1x1ml)"},"content":{"rendered":"<p><strong>\u00bfPor qu\u00e9 se cre\u00f3 Stylage Special Lips?<\/strong><\/p>\n<p>Como cualquier otra parte de los tejidos blandos de la cara, los labios pierden su volumen y elasticidad con la edad o como resultado de factores como la exposici\u00f3n solar prolongada, el tabaquismo, etc. Los rellenos profesionales de HA pueden devolverles su aspecto juvenil o corregirlos y aumentarlos para que se ajusten a las expectativas del paciente. Pero no todos los productos de rejuvenecimiento est\u00e9tico de esta categor\u00eda son adecuados para esa tarea, ya que los labios son la parte m\u00e1s sensible y m\u00f3vil de la cara. Como resultado, el \u00e1cido hialur\u00f3nico inyectado puede cambiar f\u00e1cilmente su forma o migrar, lo que lleva a resultados terribles despu\u00e9s del tratamiento. Por ello, los Laboratorios VIVACY han dise\u00f1ado un producto dirigido exclusivamente a esta regi\u00f3n del rostro. Stylage Special Lips se puede utilizar para:<\/p>\n<ul>\n<li>Rehidrataci\u00f3n de los labios<\/li>\n<li>Aumento del volumen de los labios<\/li>\n<li>Eliminaci\u00f3n de la l\u00ednea perioral<\/li>\n<li>Definici\u00f3n del contorno de los labios<\/li>\n<\/ul>\n<p>Los resultados duran entre 6 y 9 meses porque este producto contiene el agente antioxidante Mannitol que mantiene el relleno puro de tejido blando en su lugar y ralentiza la velocidad con la que se biodegrada. La revolucionaria tecnolog\u00eda HA IPN-like utilizada en el proceso de producci\u00f3n garantiza que los ingredientes de este producto est\u00e1n perfectamente optimizados para esta zona facial.<\/p>","protected":false},"excerpt":{"rendered":"<p>Stylage Special Lips es una inyecci\u00f3n de relleno especialmente dise\u00f1ada para los tratamientos de correcci\u00f3n y mejora de los labios. Con \u00e9l, los cl\u00ednicos pueden mejorar el contorno de los labios, corregir sus proporciones y darles m\u00e1s plenitud y volumen. El producto se presenta en forma de gel flexible que se inyecta en los labios. Adem\u00e1s del \u00e1cido hialur\u00f3nico reticulado, este relleno d\u00e9rmico seguro tambi\u00e9n contiene manitol para una mayor eficacia y durabilidad.<\/p>","protected":false},"featured_media":661,"template":"","meta":[],"product_brand":[],"product_cat":[79,38,60],"product_tag":[125],"class_list":{"0":"post-660","1":"product","2":"type-product","3":"status-publish","4":"has-post-thumbnail","6":"product_cat-dermal-fillers","7":"product_cat-stylage","8":"product_cat-vivacy","9":"product_tag-backorder","10":"clearfix","12":"first","13":"outofstock","14":"taxable","15":"shipping-taxable","16":"purchasable","17":"product-type-simple"},"yoast_head":"<!-- This site is optimized with the Yoast SEO plugin v27.3 - https:\/\/yoast.com\/product\/yoast-seo-wordpress\/ -->\n<title>Stylage Special Lips (1x1ml) - Skin Heal<\/title>\n<meta name=\"description\" content=\"Stylage Special Lips is a world-class lip filler with Mannitol. It was specifically developed to provide durable lip correction and enhancement.\" \/>\n<meta name=\"robots\" content=\"index, follow, max-snippet:-1, max-image-preview:large, max-video-preview:-1\" \/>\n<link rel=\"canonical\" href=\"https:\/\/skin-heal.com\/es\/producto\/stylage-special-lips-1x1ml\/\" \/>\n<meta property=\"og:locale\" content=\"es_MX\" \/>\n<meta property=\"og:type\" content=\"article\" \/>\n<meta property=\"og:title\" content=\"Stylage Special Lips (1x1ml) - Skin Heal\" \/>\n<meta property=\"og:description\" content=\"Stylage Special Lips is a world-class lip filler with Mannitol. It was specifically developed to provide durable lip correction and enhancement.\" \/>\n<meta property=\"og:url\" content=\"https:\/\/skin-heal.com\/es\/producto\/stylage-special-lips-1x1ml\/\" \/>\n<meta property=\"og:site_name\" content=\"Skin Heal\" \/>\n<meta property=\"article:modified_time\" content=\"2021-12-22T15:40:33+00:00\" \/>\n<meta property=\"og:image\" content=\"https:\/\/cdn.skin-heal.com\/wp-content\/uploads\/2018\/11\/Stylage-Special-Lips.jpg\" \/>\n\t<meta property=\"og:image:width\" content=\"550\" \/>\n\t<meta property=\"og:image:height\" content=\"550\" \/>\n\t<meta property=\"og:image:type\" content=\"image\/jpeg\" \/>\n<meta name=\"twitter:card\" content=\"summary_large_image\" \/>\n<meta name=\"twitter:label1\" content=\"Tiempo de lectura\" \/>\n\t<meta name=\"twitter:data1\" content=\"1 minuto\" \/>\n<script type=\"application\/ld+json\" class=\"yoast-schema-graph\">{\"@context\":\"https:\\\/\\\/schema.org\",\"@graph\":[{\"@type\":\"WebPage\",\"@id\":\"https:\\\/\\\/skin-heal.com\\\/product\\\/stylage-special-lips-1x1ml\\\/\",\"url\":\"https:\\\/\\\/skin-heal.com\\\/product\\\/stylage-special-lips-1x1ml\\\/\",\"name\":\"Stylage Special Lips (1x1ml) - Skin Heal\",\"isPartOf\":{\"@id\":\"https:\\\/\\\/skin-heal.com\\\/#website\"},\"primaryImageOfPage\":{\"@id\":\"https:\\\/\\\/skin-heal.com\\\/product\\\/stylage-special-lips-1x1ml\\\/#primaryimage\"},\"image\":{\"@id\":\"https:\\\/\\\/skin-heal.com\\\/product\\\/stylage-special-lips-1x1ml\\\/#primaryimage\"},\"thumbnailUrl\":\"https:\\\/\\\/skin-heal.com\\\/wp-content\\\/uploads\\\/2018\\\/11\\\/Stylage-Special-Lips.jpg\",\"datePublished\":\"2018-11-21T11:54:45+00:00\",\"dateModified\":\"2021-12-22T15:40:33+00:00\",\"description\":\"Stylage Special Lips is a world-class lip filler with Mannitol. It was specifically developed to provide durable lip correction and enhancement.\",\"breadcrumb\":{\"@id\":\"https:\\\/\\\/skin-heal.com\\\/product\\\/stylage-special-lips-1x1ml\\\/#breadcrumb\"},\"inLanguage\":\"es\",\"potentialAction\":[{\"@type\":\"ReadAction\",\"target\":[\"https:\\\/\\\/skin-heal.com\\\/product\\\/stylage-special-lips-1x1ml\\\/\"]}]},{\"@type\":\"ImageObject\",\"inLanguage\":\"es\",\"@id\":\"https:\\\/\\\/skin-heal.com\\\/product\\\/stylage-special-lips-1x1ml\\\/#primaryimage\",\"url\":\"https:\\\/\\\/skin-heal.com\\\/wp-content\\\/uploads\\\/2018\\\/11\\\/Stylage-Special-Lips.jpg\",\"contentUrl\":\"https:\\\/\\\/skin-heal.com\\\/wp-content\\\/uploads\\\/2018\\\/11\\\/Stylage-Special-Lips.jpg\",\"width\":550,\"height\":550,\"caption\":\"Stylage Special Lips\"},{\"@type\":\"BreadcrumbList\",\"@id\":\"https:\\\/\\\/skin-heal.com\\\/product\\\/stylage-special-lips-1x1ml\\\/#breadcrumb\",\"itemListElement\":[{\"@type\":\"ListItem\",\"position\":1,\"name\":\"Home\",\"item\":\"https:\\\/\\\/skin-heal.com\\\/\"},{\"@type\":\"ListItem\",\"position\":2,\"name\":\"Store\",\"item\":\"https:\\\/\\\/skin-heal.com\\\/store\\\/\"},{\"@type\":\"ListItem\",\"position\":3,\"name\":\"Stylage Special Lips (1x1ml)\"}]},{\"@type\":\"WebSite\",\"@id\":\"https:\\\/\\\/skin-heal.com\\\/#website\",\"url\":\"https:\\\/\\\/skin-heal.com\\\/\",\"name\":\"Skin Heal\",\"description\":\"Lowest Prices for Dermal Fillers\",\"potentialAction\":[{\"@type\":\"SearchAction\",\"target\":{\"@type\":\"EntryPoint\",\"urlTemplate\":\"https:\\\/\\\/skin-heal.com\\\/?s={search_term_string}\"},\"query-input\":{\"@type\":\"PropertyValueSpecification\",\"valueRequired\":true,\"valueName\":\"search_term_string\"}}],\"inLanguage\":\"es\"}]}<\/script>\n<!-- \/ Yoast SEO plugin. -->","yoast_head_json":{"title":"Stylage Especial Labios (1x1ml) - Skin Heal","description":"Stylage Special Lips es un relleno labial de clase mundial con Manitol. Se ha desarrollado espec\u00edficamente para proporcionar una correcci\u00f3n y un realce duraderos de los labios.","robots":{"index":"index","follow":"follow","max-snippet":"max-snippet:-1","max-image-preview":"max-image-preview:large","max-video-preview":"max-video-preview:-1"},"canonical":"https:\/\/skin-heal.com\/es\/producto\/stylage-special-lips-1x1ml\/","og_locale":"es_MX","og_type":"article","og_title":"Stylage Special Lips (1x1ml) - Skin Heal","og_description":"Stylage Special Lips is a world-class lip filler with Mannitol. It was specifically developed to provide durable lip correction and enhancement.","og_url":"https:\/\/skin-heal.com\/es\/producto\/stylage-special-lips-1x1ml\/","og_site_name":"Skin Heal","article_modified_time":"2021-12-22T15:40:33+00:00","og_image":[{"width":550,"height":550,"url":"https:\/\/cdn.skin-heal.com\/wp-content\/uploads\/2018\/11\/Stylage-Special-Lips.jpg","type":"image\/jpeg"}],"twitter_card":"summary_large_image","twitter_misc":{"Tiempo de lectura":"1 minuto"},"schema":{"@context":"https:\/\/schema.org","@graph":[{"@type":"WebPage","@id":"https:\/\/skin-heal.com\/product\/stylage-special-lips-1x1ml\/","url":"https:\/\/skin-heal.com\/product\/stylage-special-lips-1x1ml\/","name":"Stylage Especial Labios (1x1ml) - Skin Heal","isPartOf":{"@id":"https:\/\/skin-heal.com\/#website"},"primaryImageOfPage":{"@id":"https:\/\/skin-heal.com\/product\/stylage-special-lips-1x1ml\/#primaryimage"},"image":{"@id":"https:\/\/skin-heal.com\/product\/stylage-special-lips-1x1ml\/#primaryimage"},"thumbnailUrl":"https:\/\/cdn.skin-heal.com\/wp-content\/uploads\/2018\/11\/Stylage-Special-Lips.jpg","datePublished":"2018-11-21T11:54:45+00:00","dateModified":"2021-12-22T15:40:33+00:00","description":"Stylage Special Lips es un relleno labial de clase mundial con Manitol. Se ha desarrollado espec\u00edficamente para proporcionar una correcci\u00f3n y un realce duraderos de los labios.","breadcrumb":{"@id":"https:\/\/skin-heal.com\/product\/stylage-special-lips-1x1ml\/#breadcrumb"},"inLanguage":"es","potentialAction":[{"@type":"ReadAction","target":["https:\/\/skin-heal.com\/product\/stylage-special-lips-1x1ml\/"]}]},{"@type":"ImageObject","inLanguage":"es","@id":"https:\/\/skin-heal.com\/product\/stylage-special-lips-1x1ml\/#primaryimage","url":"https:\/\/cdn.skin-heal.com\/wp-content\/uploads\/2018\/11\/Stylage-Special-Lips.jpg","contentUrl":"https:\/\/cdn.skin-heal.com\/wp-content\/uploads\/2018\/11\/Stylage-Special-Lips.jpg","width":550,"height":550,"caption":"Stylage Special Lips"},{"@type":"BreadcrumbList","@id":"https:\/\/skin-heal.com\/product\/stylage-special-lips-1x1ml\/#breadcrumb","itemListElement":[{"@type":"ListItem","position":1,"name":"Home","item":"https:\/\/skin-heal.com\/"},{"@type":"ListItem","position":2,"name":"Store","item":"https:\/\/skin-heal.com\/store\/"},{"@type":"ListItem","position":3,"name":"Stylage Special Lips (1x1ml)"}]},{"@type":"WebSite","@id":"https:\/\/skin-heal.com\/#website","url":"https:\/\/skin-heal.com\/","name":"Curaci\u00f3n de la piel","description":"Los precios m\u00e1s bajos para los rellenos d\u00e9rmicos","potentialAction":[{"@type":"SearchAction","target":{"@type":"EntryPoint","urlTemplate":"https:\/\/skin-heal.com\/?s={search_term_string}"},"query-input":{"@type":"PropertyValueSpecification","valueRequired":true,"valueName":"search_term_string"}}],"inLanguage":"es"}]}},"_links":{"self":[{"href":"https:\/\/skin-heal.com\/es\/wp-json\/wp\/v2\/product\/660","targetHints":{"allow":["GET"]}}],"collection":[{"href":"https:\/\/skin-heal.com\/es\/wp-json\/wp\/v2\/product"}],"about":[{"href":"https:\/\/skin-heal.com\/es\/wp-json\/wp\/v2\/types\/product"}],"wp:featuredmedia":[{"embeddable":true,"href":"https:\/\/skin-heal.com\/es\/wp-json\/wp\/v2\/media\/661"}],"wp:attachment":[{"href":"https:\/\/skin-heal.com\/es\/wp-json\/wp\/v2\/media?parent=660"}],"wp:term":[{"taxonomy":"product_brand","embeddable":true,"href":"https:\/\/skin-heal.com\/es\/wp-json\/wp\/v2\/product_brand?post=660"},{"taxonomy":"product_cat","embeddable":true,"href":"https:\/\/skin-heal.com\/es\/wp-json\/wp\/v2\/product_cat?post=660"},{"taxonomy":"product_tag","embeddable":true,"href":"https:\/\/skin-heal.com\/es\/wp-json\/wp\/v2\/product_tag?post=660"}],"curies":[{"name":"wp","href":"https:\/\/api.w.org\/{rel}","templated":true}]}}