{"id":662,"date":"2018-11-21T11:56:06","date_gmt":"2018-11-21T11:56:06","guid":{"rendered":"https:\/\/skin-heal.com\/?post_type=product&#038;p=662"},"modified":"2025-04-03T18:33:55","modified_gmt":"2025-04-03T15:33:55","slug":"stylage-special-lips-with-lidocaine-1x1ml","status":"publish","type":"product","link":"https:\/\/skin-heal.com\/es\/producto\/stylage-special-lips-with-lidocaine-1x1ml\/","title":{"rendered":"Stylage Especial Labios con Lidoca\u00edna (1x1ml)"},"content":{"rendered":"<p>Profundidad de la inyecci\u00f3n: alrededor o dentro de la mucosa labial<\/p>\n<p>Composici\u00f3n: Tecnolog\u00eda de \u00c1cido Hialur\u00f3nico reticulado tipo IPN (18,5gm\/g), Manitol y Lidoca\u00edna (3mg\/g)<\/p>\n<p>Duraci\u00f3n: aproximadamente 6 - 9 meses<\/p>\n<p>Contenido del envase: 1 jeringa de vidrio precargada de 1 ml con dise\u00f1o ergon\u00f3mico y 1 aguja de un solo uso 30G1\/2<\/p>\n<p><strong>Igual pero mejor<\/strong><\/p>\n<p>Las propiedades y los resultados que ofrece Stylage Special Lips Lidocaine son iguales a los que ofrece el relleno labial sin lidoca\u00edna de la l\u00ednea de la marca. Por lo tanto, no dejar\u00e1 de proporcionar un efecto sorprendente e inmediato despu\u00e9s de una sola sesi\u00f3n de tratamiento. Este producto seguro puede reemplazar la estructura perdida de los labios, mejorar su aspecto, rehidratarlos y darles una plenitud natural. Y lo que es m\u00e1s importante, eliminar\u00e1 uno de los mayores problemas de las inyecciones de relleno labial: el dolor y la incomodidad con que suelen caracterizarse. El 0,3% de lidoca\u00edna que contiene este producto es m\u00e1s que suficiente para evitar el dolor a los pacientes.<\/p>\n<p><strong>\u00bfSe puede utilizar en otras zonas del rostro?<\/strong><\/p>\n<p>Stylage Special Lips Lidocaine es un relleno d\u00e9rmico probado y de confianza que no presenta efectos secundarios arriesgados o duraderos. Sin embargo, dado que fue espec\u00edficamente dise\u00f1ado y desarrollado para el tratamiento, correcci\u00f3n y aumento de los labios, no se recomienda su uso en otras \u00e1reas faciales ya que puede no proporcionar los resultados esperados.<\/p>","protected":false},"excerpt":{"rendered":"<p>Para mejorar y corregir los labios sin dolor, los mejores dermat\u00f3logos est\u00e9ticos y profesionales de la cosm\u00e9tica conf\u00edan en Stylage Special Lips Lidocaine. Este relleno labial con infusi\u00f3n de Lidoca\u00edna proporcionar\u00e1 los resultados deseados pero sin someter al paciente a ning\u00fan dolor o molestia innecesaria. Otros ingredientes presentes en la estructura de este producto son la tecnolog\u00eda HA IPN-like reticulada y el manitol. Los resultados despu\u00e9s de un tratamiento permanecen visibles durante m\u00e1s de 6 meses.<\/p>","protected":false},"featured_media":663,"template":"","meta":[],"product_brand":[],"product_cat":[79,38,60],"product_tag":[],"class_list":{"0":"post-662","1":"product","2":"type-product","3":"status-publish","4":"has-post-thumbnail","6":"product_cat-dermal-fillers","7":"product_cat-stylage","8":"product_cat-vivacy","9":"clearfix","11":"first","12":"instock","13":"taxable","14":"shipping-taxable","15":"purchasable","16":"product-type-simple"},"yoast_head":"<!-- This site is optimized with the Yoast SEO plugin v27.3 - https:\/\/yoast.com\/product\/yoast-seo-wordpress\/ -->\n<title>Stylage Special Lips with Lidocaine (1x1ml) - Skin Heal<\/title>\n<meta name=\"description\" content=\"Buy Stylage Special Lips Lidocaine \u2013 the best lip filler that can enhance, correct and contour lips without any pain. It offers results lasting 6-9 months.\" \/>\n<meta name=\"robots\" content=\"index, follow, max-snippet:-1, max-image-preview:large, max-video-preview:-1\" \/>\n<link rel=\"canonical\" href=\"https:\/\/skin-heal.com\/es\/producto\/stylage-special-lips-with-lidocaine-1x1ml\/\" \/>\n<meta property=\"og:locale\" content=\"es_MX\" \/>\n<meta property=\"og:type\" content=\"article\" \/>\n<meta property=\"og:title\" content=\"Stylage Special Lips with Lidocaine (1x1ml) - Skin Heal\" \/>\n<meta property=\"og:description\" content=\"Buy Stylage Special Lips Lidocaine \u2013 the best lip filler that can enhance, correct and contour lips without any pain. It offers results lasting 6-9 months.\" \/>\n<meta property=\"og:url\" content=\"https:\/\/skin-heal.com\/es\/producto\/stylage-special-lips-with-lidocaine-1x1ml\/\" \/>\n<meta property=\"og:site_name\" content=\"Skin Heal\" \/>\n<meta property=\"article:modified_time\" content=\"2025-04-03T15:33:55+00:00\" \/>\n<meta property=\"og:image\" content=\"https:\/\/cdn.skin-heal.com\/wp-content\/uploads\/2018\/11\/Stylage-Special-Lips-Lidocaine.jpg\" \/>\n\t<meta property=\"og:image:width\" content=\"550\" \/>\n\t<meta property=\"og:image:height\" content=\"550\" \/>\n\t<meta property=\"og:image:type\" content=\"image\/jpeg\" \/>\n<meta name=\"twitter:card\" content=\"summary_large_image\" \/>\n<meta name=\"twitter:label1\" content=\"Tiempo de lectura\" \/>\n\t<meta name=\"twitter:data1\" content=\"1 minuto\" \/>\n<script type=\"application\/ld+json\" class=\"yoast-schema-graph\">{\"@context\":\"https:\\\/\\\/schema.org\",\"@graph\":[{\"@type\":\"WebPage\",\"@id\":\"https:\\\/\\\/skin-heal.com\\\/product\\\/stylage-special-lips-with-lidocaine-1x1ml\\\/\",\"url\":\"https:\\\/\\\/skin-heal.com\\\/product\\\/stylage-special-lips-with-lidocaine-1x1ml\\\/\",\"name\":\"Stylage Special Lips with Lidocaine (1x1ml) - Skin Heal\",\"isPartOf\":{\"@id\":\"https:\\\/\\\/skin-heal.com\\\/#website\"},\"primaryImageOfPage\":{\"@id\":\"https:\\\/\\\/skin-heal.com\\\/product\\\/stylage-special-lips-with-lidocaine-1x1ml\\\/#primaryimage\"},\"image\":{\"@id\":\"https:\\\/\\\/skin-heal.com\\\/product\\\/stylage-special-lips-with-lidocaine-1x1ml\\\/#primaryimage\"},\"thumbnailUrl\":\"https:\\\/\\\/skin-heal.com\\\/wp-content\\\/uploads\\\/2018\\\/11\\\/Stylage-Special-Lips-Lidocaine.jpg\",\"datePublished\":\"2018-11-21T11:56:06+00:00\",\"dateModified\":\"2025-04-03T15:33:55+00:00\",\"description\":\"Buy Stylage Special Lips Lidocaine \u2013 the best lip filler that can enhance, correct and contour lips without any pain. It offers results lasting 6-9 months.\",\"breadcrumb\":{\"@id\":\"https:\\\/\\\/skin-heal.com\\\/product\\\/stylage-special-lips-with-lidocaine-1x1ml\\\/#breadcrumb\"},\"inLanguage\":\"es\",\"potentialAction\":[{\"@type\":\"ReadAction\",\"target\":[\"https:\\\/\\\/skin-heal.com\\\/product\\\/stylage-special-lips-with-lidocaine-1x1ml\\\/\"]}]},{\"@type\":\"ImageObject\",\"inLanguage\":\"es\",\"@id\":\"https:\\\/\\\/skin-heal.com\\\/product\\\/stylage-special-lips-with-lidocaine-1x1ml\\\/#primaryimage\",\"url\":\"https:\\\/\\\/skin-heal.com\\\/wp-content\\\/uploads\\\/2018\\\/11\\\/Stylage-Special-Lips-Lidocaine.jpg\",\"contentUrl\":\"https:\\\/\\\/skin-heal.com\\\/wp-content\\\/uploads\\\/2018\\\/11\\\/Stylage-Special-Lips-Lidocaine.jpg\",\"width\":550,\"height\":550,\"caption\":\"Stylage Special Lips Lidocaine\"},{\"@type\":\"BreadcrumbList\",\"@id\":\"https:\\\/\\\/skin-heal.com\\\/product\\\/stylage-special-lips-with-lidocaine-1x1ml\\\/#breadcrumb\",\"itemListElement\":[{\"@type\":\"ListItem\",\"position\":1,\"name\":\"Home\",\"item\":\"https:\\\/\\\/skin-heal.com\\\/\"},{\"@type\":\"ListItem\",\"position\":2,\"name\":\"Store\",\"item\":\"https:\\\/\\\/skin-heal.com\\\/store\\\/\"},{\"@type\":\"ListItem\",\"position\":3,\"name\":\"Stylage Special Lips with Lidocaine (1x1ml)\"}]},{\"@type\":\"WebSite\",\"@id\":\"https:\\\/\\\/skin-heal.com\\\/#website\",\"url\":\"https:\\\/\\\/skin-heal.com\\\/\",\"name\":\"Skin Heal\",\"description\":\"Lowest Prices for Dermal Fillers\",\"potentialAction\":[{\"@type\":\"SearchAction\",\"target\":{\"@type\":\"EntryPoint\",\"urlTemplate\":\"https:\\\/\\\/skin-heal.com\\\/?s={search_term_string}\"},\"query-input\":{\"@type\":\"PropertyValueSpecification\",\"valueRequired\":true,\"valueName\":\"search_term_string\"}}],\"inLanguage\":\"es\"}]}<\/script>\n<!-- \/ Yoast SEO plugin. -->","yoast_head_json":{"title":"Stylage Especial Labios con Lidoca\u00edna (1x1ml) - Skin Heal","description":"Comprar Stylage Special Lips Lidocaine - el mejor relleno labial que puede realzar, corregir y contornear los labios sin ning\u00fan dolor. Ofrece resultados que duran de 6 a 9 meses.","robots":{"index":"index","follow":"follow","max-snippet":"max-snippet:-1","max-image-preview":"max-image-preview:large","max-video-preview":"max-video-preview:-1"},"canonical":"https:\/\/skin-heal.com\/es\/producto\/stylage-special-lips-with-lidocaine-1x1ml\/","og_locale":"es_MX","og_type":"article","og_title":"Stylage Special Lips with Lidocaine (1x1ml) - Skin Heal","og_description":"Buy Stylage Special Lips Lidocaine \u2013 the best lip filler that can enhance, correct and contour lips without any pain. It offers results lasting 6-9 months.","og_url":"https:\/\/skin-heal.com\/es\/producto\/stylage-special-lips-with-lidocaine-1x1ml\/","og_site_name":"Skin Heal","article_modified_time":"2025-04-03T15:33:55+00:00","og_image":[{"width":550,"height":550,"url":"https:\/\/cdn.skin-heal.com\/wp-content\/uploads\/2018\/11\/Stylage-Special-Lips-Lidocaine.jpg","type":"image\/jpeg"}],"twitter_card":"summary_large_image","twitter_misc":{"Tiempo de lectura":"1 minuto"},"schema":{"@context":"https:\/\/schema.org","@graph":[{"@type":"WebPage","@id":"https:\/\/skin-heal.com\/product\/stylage-special-lips-with-lidocaine-1x1ml\/","url":"https:\/\/skin-heal.com\/product\/stylage-special-lips-with-lidocaine-1x1ml\/","name":"Stylage Especial Labios con Lidoca\u00edna (1x1ml) - Skin Heal","isPartOf":{"@id":"https:\/\/skin-heal.com\/#website"},"primaryImageOfPage":{"@id":"https:\/\/skin-heal.com\/product\/stylage-special-lips-with-lidocaine-1x1ml\/#primaryimage"},"image":{"@id":"https:\/\/skin-heal.com\/product\/stylage-special-lips-with-lidocaine-1x1ml\/#primaryimage"},"thumbnailUrl":"https:\/\/cdn.skin-heal.com\/wp-content\/uploads\/2018\/11\/Stylage-Special-Lips-Lidocaine.jpg","datePublished":"2018-11-21T11:56:06+00:00","dateModified":"2025-04-03T15:33:55+00:00","description":"Comprar Stylage Special Lips Lidocaine - el mejor relleno labial que puede realzar, corregir y contornear los labios sin ning\u00fan dolor. Ofrece resultados que duran de 6 a 9 meses.","breadcrumb":{"@id":"https:\/\/skin-heal.com\/product\/stylage-special-lips-with-lidocaine-1x1ml\/#breadcrumb"},"inLanguage":"es","potentialAction":[{"@type":"ReadAction","target":["https:\/\/skin-heal.com\/product\/stylage-special-lips-with-lidocaine-1x1ml\/"]}]},{"@type":"ImageObject","inLanguage":"es","@id":"https:\/\/skin-heal.com\/product\/stylage-special-lips-with-lidocaine-1x1ml\/#primaryimage","url":"https:\/\/cdn.skin-heal.com\/wp-content\/uploads\/2018\/11\/Stylage-Special-Lips-Lidocaine.jpg","contentUrl":"https:\/\/cdn.skin-heal.com\/wp-content\/uploads\/2018\/11\/Stylage-Special-Lips-Lidocaine.jpg","width":550,"height":550,"caption":"Stylage Special Lips Lidocaine"},{"@type":"BreadcrumbList","@id":"https:\/\/skin-heal.com\/product\/stylage-special-lips-with-lidocaine-1x1ml\/#breadcrumb","itemListElement":[{"@type":"ListItem","position":1,"name":"Home","item":"https:\/\/skin-heal.com\/"},{"@type":"ListItem","position":2,"name":"Store","item":"https:\/\/skin-heal.com\/store\/"},{"@type":"ListItem","position":3,"name":"Stylage Special Lips with Lidocaine (1x1ml)"}]},{"@type":"WebSite","@id":"https:\/\/skin-heal.com\/#website","url":"https:\/\/skin-heal.com\/","name":"Curaci\u00f3n de la piel","description":"Los precios m\u00e1s bajos para los rellenos d\u00e9rmicos","potentialAction":[{"@type":"SearchAction","target":{"@type":"EntryPoint","urlTemplate":"https:\/\/skin-heal.com\/?s={search_term_string}"},"query-input":{"@type":"PropertyValueSpecification","valueRequired":true,"valueName":"search_term_string"}}],"inLanguage":"es"}]}},"_links":{"self":[{"href":"https:\/\/skin-heal.com\/es\/wp-json\/wp\/v2\/product\/662","targetHints":{"allow":["GET"]}}],"collection":[{"href":"https:\/\/skin-heal.com\/es\/wp-json\/wp\/v2\/product"}],"about":[{"href":"https:\/\/skin-heal.com\/es\/wp-json\/wp\/v2\/types\/product"}],"wp:featuredmedia":[{"embeddable":true,"href":"https:\/\/skin-heal.com\/es\/wp-json\/wp\/v2\/media\/663"}],"wp:attachment":[{"href":"https:\/\/skin-heal.com\/es\/wp-json\/wp\/v2\/media?parent=662"}],"wp:term":[{"taxonomy":"product_brand","embeddable":true,"href":"https:\/\/skin-heal.com\/es\/wp-json\/wp\/v2\/product_brand?post=662"},{"taxonomy":"product_cat","embeddable":true,"href":"https:\/\/skin-heal.com\/es\/wp-json\/wp\/v2\/product_cat?post=662"},{"taxonomy":"product_tag","embeddable":true,"href":"https:\/\/skin-heal.com\/es\/wp-json\/wp\/v2\/product_tag?post=662"}],"curies":[{"name":"wp","href":"https:\/\/api.w.org\/{rel}","templated":true}]}}