{"id":664,"date":"2018-11-21T11:57:32","date_gmt":"2018-11-21T11:57:32","guid":{"rendered":"https:\/\/skin-heal.com\/?post_type=product&#038;p=664"},"modified":"2021-03-08T16:12:43","modified_gmt":"2021-03-08T16:12:43","slug":"stylage-hydro-1-x-1ml","status":"publish","type":"product","link":"https:\/\/skin-heal.com\/es\/producto\/stylage-hydro-1-x-1ml\/","title":{"rendered":"Stylage Hydro (1 x 1ml)"},"content":{"rendered":"<p><strong>Efectos, \u00e1reas objetivo y usos<\/strong><\/p>\n<p>Este producto contiene \u00c1cido Hialur\u00f3nico no reticulado, que se encuentra de forma natural en el cuerpo humano, y Manitol - un agente antioxidante que retrasa la disoluci\u00f3n del AH, mejorando la longevidad de los resultados conseguidos. Las zonas que pueden tratarse con \u00e9l son el rostro, el escote, el dorso de las manos y el cuello.<\/p>\n<ul>\n<li>Mejora del tono de la piel<\/li>\n<li>Estimula los procesos naturales de biorrevitalizaci\u00f3n<\/li>\n<li>Restablece el nivel de hidrataci\u00f3n de la piel<\/li>\n<li>Mejora la elasticidad de la piel<\/li>\n<li>Propiedades antienvejecimiento<\/li>\n<li>A\u00f1ade firmeza a la dermis<\/li>\n<\/ul>\n<p><strong>\u00bfQu\u00e9 implica un tratamiento t\u00edpico con Stylage Hydro?<\/strong><\/p>\n<p>El tratamiento se realiza a trav\u00e9s de una serie de inyecciones de AH en la capa superficial o profunda de la dermis (dependiendo de la zona objetivo y de los resultados deseados). Se pueden utilizar diferentes t\u00e9cnicas de inyecci\u00f3n durante esa etapa del proceso, pero la experiencia general para el paciente no suele implicar ninguna molestia considerable, ya que este dispositivo m\u00e9dico de clase III viene con una aguja desechable superfina de 30G 1\/8. Los resultados pueden sentirse y verse inmediatamente despu\u00e9s del primer tratamiento, pero para que sean m\u00e1s duraderos, se recomiendan sesiones de retoque. Los resultados despu\u00e9s del tratamiento tambi\u00e9n pueden variar de un paciente a otro.<\/p>","protected":false},"excerpt":{"rendered":"<p>Stylage Hydro es una inyecci\u00f3n de relleno para el rejuvenecimiento de la piel que puede utilizarse para el tratamiento de la laxitud cut\u00e1nea y la deshidrataci\u00f3n moderada de la piel. Dado que contiene valiosos antioxidantes y part\u00edculas de HA producidas a trav\u00e9s de un m\u00e9todo innovador, funciona r\u00e1pidamente, no implica ning\u00fan efecto secundario importante (si es que hay alguno) y tiene el poder de aumentar la elasticidad y la hidrataci\u00f3n de la piel. En pocas palabras, combina lo mejor de dos mundos: la mesoterapia y los rellenos de HA.<\/p>","protected":false},"featured_media":665,"template":"","meta":[],"product_brand":[],"product_cat":[79,38,60],"product_tag":[125],"class_list":{"0":"post-664","1":"product","2":"type-product","3":"status-publish","4":"has-post-thumbnail","6":"product_cat-dermal-fillers","7":"product_cat-stylage","8":"product_cat-vivacy","9":"product_tag-backorder","10":"clearfix","12":"first","13":"outofstock","14":"taxable","15":"shipping-taxable","16":"purchasable","17":"product-type-simple"},"yoast_head":"<!-- This site is optimized with the Yoast SEO plugin v27.4 - https:\/\/yoast.com\/product\/yoast-seo-wordpress\/ -->\n<title>Stylage Hydro (1 x 1ml) - Skin Heal<\/title>\n<meta name=\"description\" content=\"Skin rejuvenation filler injection Stylage Hydro improves skin elasticity, hydration and appearance. It can be safely applied to various areas of the body.\" \/>\n<meta name=\"robots\" content=\"index, follow, max-snippet:-1, max-image-preview:large, max-video-preview:-1\" \/>\n<link rel=\"canonical\" href=\"https:\/\/skin-heal.com\/es\/producto\/stylage-hydro-1-x-1ml\/\" \/>\n<meta property=\"og:locale\" content=\"es_MX\" \/>\n<meta property=\"og:type\" content=\"article\" \/>\n<meta property=\"og:title\" content=\"Stylage Hydro (1 x 1ml) - Skin Heal\" \/>\n<meta property=\"og:description\" content=\"Skin rejuvenation filler injection Stylage Hydro improves skin elasticity, hydration and appearance. It can be safely applied to various areas of the body.\" \/>\n<meta property=\"og:url\" content=\"https:\/\/skin-heal.com\/es\/producto\/stylage-hydro-1-x-1ml\/\" \/>\n<meta property=\"og:site_name\" content=\"Skin Heal\" \/>\n<meta property=\"article:modified_time\" content=\"2021-03-08T16:12:43+00:00\" \/>\n<meta property=\"og:image\" content=\"https:\/\/cdn.skin-heal.com\/wp-content\/uploads\/2018\/11\/Stylage-Hydro.jpg\" \/>\n\t<meta property=\"og:image:width\" content=\"550\" \/>\n\t<meta property=\"og:image:height\" content=\"550\" \/>\n\t<meta property=\"og:image:type\" content=\"image\/jpeg\" \/>\n<meta name=\"twitter:card\" content=\"summary_large_image\" \/>\n<meta name=\"twitter:label1\" content=\"Tiempo de lectura\" \/>\n\t<meta name=\"twitter:data1\" content=\"1 minuto\" \/>\n<script type=\"application\/ld+json\" class=\"yoast-schema-graph\">{\"@context\":\"https:\\\/\\\/schema.org\",\"@graph\":[{\"@type\":\"WebPage\",\"@id\":\"https:\\\/\\\/skin-heal.com\\\/product\\\/stylage-hydro-1-x-1ml\\\/\",\"url\":\"https:\\\/\\\/skin-heal.com\\\/product\\\/stylage-hydro-1-x-1ml\\\/\",\"name\":\"Stylage Hydro (1 x 1ml) - Skin Heal\",\"isPartOf\":{\"@id\":\"https:\\\/\\\/skin-heal.com\\\/#website\"},\"primaryImageOfPage\":{\"@id\":\"https:\\\/\\\/skin-heal.com\\\/product\\\/stylage-hydro-1-x-1ml\\\/#primaryimage\"},\"image\":{\"@id\":\"https:\\\/\\\/skin-heal.com\\\/product\\\/stylage-hydro-1-x-1ml\\\/#primaryimage\"},\"thumbnailUrl\":\"https:\\\/\\\/skin-heal.com\\\/wp-content\\\/uploads\\\/2018\\\/11\\\/Stylage-Hydro.jpg\",\"datePublished\":\"2018-11-21T11:57:32+00:00\",\"dateModified\":\"2021-03-08T16:12:43+00:00\",\"description\":\"Skin rejuvenation filler injection Stylage Hydro improves skin elasticity, hydration and appearance. It can be safely applied to various areas of the body.\",\"breadcrumb\":{\"@id\":\"https:\\\/\\\/skin-heal.com\\\/product\\\/stylage-hydro-1-x-1ml\\\/#breadcrumb\"},\"inLanguage\":\"es\",\"potentialAction\":[{\"@type\":\"ReadAction\",\"target\":[\"https:\\\/\\\/skin-heal.com\\\/product\\\/stylage-hydro-1-x-1ml\\\/\"]}]},{\"@type\":\"ImageObject\",\"inLanguage\":\"es\",\"@id\":\"https:\\\/\\\/skin-heal.com\\\/product\\\/stylage-hydro-1-x-1ml\\\/#primaryimage\",\"url\":\"https:\\\/\\\/skin-heal.com\\\/wp-content\\\/uploads\\\/2018\\\/11\\\/Stylage-Hydro.jpg\",\"contentUrl\":\"https:\\\/\\\/skin-heal.com\\\/wp-content\\\/uploads\\\/2018\\\/11\\\/Stylage-Hydro.jpg\",\"width\":550,\"height\":550,\"caption\":\"Stylage Hydro\"},{\"@type\":\"BreadcrumbList\",\"@id\":\"https:\\\/\\\/skin-heal.com\\\/product\\\/stylage-hydro-1-x-1ml\\\/#breadcrumb\",\"itemListElement\":[{\"@type\":\"ListItem\",\"position\":1,\"name\":\"Home\",\"item\":\"https:\\\/\\\/skin-heal.com\\\/\"},{\"@type\":\"ListItem\",\"position\":2,\"name\":\"Store\",\"item\":\"https:\\\/\\\/skin-heal.com\\\/store\\\/\"},{\"@type\":\"ListItem\",\"position\":3,\"name\":\"Stylage Hydro (1 x 1ml)\"}]},{\"@type\":\"WebSite\",\"@id\":\"https:\\\/\\\/skin-heal.com\\\/#website\",\"url\":\"https:\\\/\\\/skin-heal.com\\\/\",\"name\":\"Skin Heal\",\"description\":\"Lowest Prices for Dermal Fillers\",\"potentialAction\":[{\"@type\":\"SearchAction\",\"target\":{\"@type\":\"EntryPoint\",\"urlTemplate\":\"https:\\\/\\\/skin-heal.com\\\/?s={search_term_string}\"},\"query-input\":{\"@type\":\"PropertyValueSpecification\",\"valueRequired\":true,\"valueName\":\"search_term_string\"}}],\"inLanguage\":\"es\"}]}<\/script>\n<!-- \/ Yoast SEO plugin. -->","yoast_head_json":{"title":"Stylage Hydro (1 x 1ml) - Skin Heal","description":"La inyecci\u00f3n de relleno para rejuvenecimiento cut\u00e1neo Stylage Hydro mejora la elasticidad, la hidrataci\u00f3n y el aspecto de la piel. Puede aplicarse con seguridad en diversas zonas del cuerpo.","robots":{"index":"index","follow":"follow","max-snippet":"max-snippet:-1","max-image-preview":"max-image-preview:large","max-video-preview":"max-video-preview:-1"},"canonical":"https:\/\/skin-heal.com\/es\/producto\/stylage-hydro-1-x-1ml\/","og_locale":"es_MX","og_type":"article","og_title":"Stylage Hydro (1 x 1ml) - Skin Heal","og_description":"Skin rejuvenation filler injection Stylage Hydro improves skin elasticity, hydration and appearance. It can be safely applied to various areas of the body.","og_url":"https:\/\/skin-heal.com\/es\/producto\/stylage-hydro-1-x-1ml\/","og_site_name":"Skin Heal","article_modified_time":"2021-03-08T16:12:43+00:00","og_image":[{"width":550,"height":550,"url":"https:\/\/cdn.skin-heal.com\/wp-content\/uploads\/2018\/11\/Stylage-Hydro.jpg","type":"image\/jpeg"}],"twitter_card":"summary_large_image","twitter_misc":{"Tiempo de lectura":"1 minuto"},"schema":{"@context":"https:\/\/schema.org","@graph":[{"@type":"WebPage","@id":"https:\/\/skin-heal.com\/product\/stylage-hydro-1-x-1ml\/","url":"https:\/\/skin-heal.com\/product\/stylage-hydro-1-x-1ml\/","name":"Stylage Hydro (1 x 1ml) - Skin Heal","isPartOf":{"@id":"https:\/\/skin-heal.com\/#website"},"primaryImageOfPage":{"@id":"https:\/\/skin-heal.com\/product\/stylage-hydro-1-x-1ml\/#primaryimage"},"image":{"@id":"https:\/\/skin-heal.com\/product\/stylage-hydro-1-x-1ml\/#primaryimage"},"thumbnailUrl":"https:\/\/cdn.skin-heal.com\/wp-content\/uploads\/2018\/11\/Stylage-Hydro.jpg","datePublished":"2018-11-21T11:57:32+00:00","dateModified":"2021-03-08T16:12:43+00:00","description":"La inyecci\u00f3n de relleno para rejuvenecimiento cut\u00e1neo Stylage Hydro mejora la elasticidad, la hidrataci\u00f3n y el aspecto de la piel. Puede aplicarse con seguridad en diversas zonas del cuerpo.","breadcrumb":{"@id":"https:\/\/skin-heal.com\/product\/stylage-hydro-1-x-1ml\/#breadcrumb"},"inLanguage":"es","potentialAction":[{"@type":"ReadAction","target":["https:\/\/skin-heal.com\/product\/stylage-hydro-1-x-1ml\/"]}]},{"@type":"ImageObject","inLanguage":"es","@id":"https:\/\/skin-heal.com\/product\/stylage-hydro-1-x-1ml\/#primaryimage","url":"https:\/\/cdn.skin-heal.com\/wp-content\/uploads\/2018\/11\/Stylage-Hydro.jpg","contentUrl":"https:\/\/cdn.skin-heal.com\/wp-content\/uploads\/2018\/11\/Stylage-Hydro.jpg","width":550,"height":550,"caption":"Stylage Hydro"},{"@type":"BreadcrumbList","@id":"https:\/\/skin-heal.com\/product\/stylage-hydro-1-x-1ml\/#breadcrumb","itemListElement":[{"@type":"ListItem","position":1,"name":"Home","item":"https:\/\/skin-heal.com\/"},{"@type":"ListItem","position":2,"name":"Store","item":"https:\/\/skin-heal.com\/store\/"},{"@type":"ListItem","position":3,"name":"Stylage Hydro (1 x 1ml)"}]},{"@type":"WebSite","@id":"https:\/\/skin-heal.com\/#website","url":"https:\/\/skin-heal.com\/","name":"Curaci\u00f3n de la piel","description":"Los precios m\u00e1s bajos para los rellenos d\u00e9rmicos","potentialAction":[{"@type":"SearchAction","target":{"@type":"EntryPoint","urlTemplate":"https:\/\/skin-heal.com\/?s={search_term_string}"},"query-input":{"@type":"PropertyValueSpecification","valueRequired":true,"valueName":"search_term_string"}}],"inLanguage":"es"}]}},"_links":{"self":[{"href":"https:\/\/skin-heal.com\/es\/wp-json\/wp\/v2\/product\/664","targetHints":{"allow":["GET"]}}],"collection":[{"href":"https:\/\/skin-heal.com\/es\/wp-json\/wp\/v2\/product"}],"about":[{"href":"https:\/\/skin-heal.com\/es\/wp-json\/wp\/v2\/types\/product"}],"wp:featuredmedia":[{"embeddable":true,"href":"https:\/\/skin-heal.com\/es\/wp-json\/wp\/v2\/media\/665"}],"wp:attachment":[{"href":"https:\/\/skin-heal.com\/es\/wp-json\/wp\/v2\/media?parent=664"}],"wp:term":[{"taxonomy":"product_brand","embeddable":true,"href":"https:\/\/skin-heal.com\/es\/wp-json\/wp\/v2\/product_brand?post=664"},{"taxonomy":"product_cat","embeddable":true,"href":"https:\/\/skin-heal.com\/es\/wp-json\/wp\/v2\/product_cat?post=664"},{"taxonomy":"product_tag","embeddable":true,"href":"https:\/\/skin-heal.com\/es\/wp-json\/wp\/v2\/product_tag?post=664"}],"curies":[{"name":"wp","href":"https:\/\/api.w.org\/{rel}","templated":true}]}}