{"id":666,"date":"2018-11-21T11:58:46","date_gmt":"2018-11-21T11:58:46","guid":{"rendered":"https:\/\/skin-heal.com\/?post_type=product&#038;p=666"},"modified":"2021-03-08T15:40:12","modified_gmt":"2021-03-08T15:40:12","slug":"stylage-hydro-max-1-x-1ml","status":"publish","type":"product","link":"https:\/\/skin-heal.com\/es\/producto\/stylage-hydro-max-1-x-1ml\/","title":{"rendered":"Stylage Hydro MAX (1 x 1ml)"},"content":{"rendered":"<p><strong>Mayores propiedades de hidrataci\u00f3n<\/strong><\/p>\n<p>El Stylage HydroMax de los Laboratorios VIVACY es un verdadero pionero en la industria del rejuvenecimiento cosm\u00e9tico porque es el primer producto en este nicho que contiene \u00c1cido Hialur\u00f3nico y Sorbitol. Con estos dos ingredientes en su estructura, sus propiedades de hidrataci\u00f3n son dos veces mayores en comparaci\u00f3n con las de otros productos similares. El sorbitol es un agente antioxidante que se ha utilizado ampliamente en varios productos de belleza porque puede hidratar r\u00e1pidamente la piel, ya que ayuda a los tejidos blandos a conservar la humedad. El resultado es un aspecto m\u00e1s joven y fresco. El AH de esta nueva generaci\u00f3n de rellenos para la piel tambi\u00e9n es muy especial porque ha sido dise\u00f1ado con una innovadora tecnolog\u00eda similar a la del IPN. Tambi\u00e9n tiene el poder de hidratar la piel, pero cuando se combina con el sorbitol, su eficacia es a\u00fan m\u00e1s impresionante y duradera. Tanto el \u00e1cido hialur\u00f3nico reticulado como el agente antioxidante de esta fiable inyecci\u00f3n de relleno de rejuvenecimiento cosm\u00e9tico son biodegradables, muy puros y respetuosos con la salud.<\/p>\n<ul>\n<li>Hidrata la piel<\/li>\n<li>Mantiene la humedad en los tejidos blandos<\/li>\n<li>Proporciona a la piel un aspecto brillante y fresco<\/li>\n<li>Limita la deshidrataci\u00f3n inmediata<\/li>\n<li>Aumentar la elasticidad de la piel<\/li>\n<li>Tiene incre\u00edbles propiedades revitalizantes<\/li>\n<\/ul>\n<p>Stylage HydroMax puede inyectarse (normalmente mediante una t\u00e9cnica punto por punto) en el cuello, la cara, el escote y el dorso de las manos. La primera fase del tratamiento suele consistir en dos sesiones (con un intervalo de un mes). La segunda fase del tratamiento se realiza dos meses despu\u00e9s. Las sesiones de retoque prolongan los resultados. Duraci\u00f3n media: 2 - 4 meses.<\/p>","protected":false},"excerpt":{"rendered":"<p>Stylage HydroMax es un producto de mesoterapia pionero que contiene la combinaci\u00f3n ganadora de \u00e1cido hialur\u00f3nico reticulado y sorbitol. Estos dos ingredientes le permiten mejorar la elasticidad de la piel, ofrecer una soluci\u00f3n r\u00e1pida de rejuvenecimiento de la piel y combatir la deshidrataci\u00f3n severa. Se trata de un relleno de AH como ning\u00fan otro, ya que es doblemente eficaz, sin toxinas y de larga duraci\u00f3n.<\/p>","protected":false},"featured_media":667,"template":"","meta":[],"product_brand":[],"product_cat":[79,38,60],"product_tag":[125],"class_list":{"0":"post-666","1":"product","2":"type-product","3":"status-publish","4":"has-post-thumbnail","6":"product_cat-dermal-fillers","7":"product_cat-stylage","8":"product_cat-vivacy","9":"product_tag-backorder","10":"clearfix","12":"first","13":"outofstock","14":"taxable","15":"shipping-taxable","16":"purchasable","17":"product-type-simple"},"yoast_head":"<!-- This site is optimized with the Yoast SEO plugin v27.3 - https:\/\/yoast.com\/product\/yoast-seo-wordpress\/ -->\n<title>Stylage Hydro MAX (1 x 1ml) - Skin Heal<\/title>\n<meta name=\"description\" content=\"Stylage HydroMax is a top-notch mesotherapy injection filler that uses cross-linked HA and Sorbitol to improve skin hydration and boost skin elasticity.\" \/>\n<meta name=\"robots\" content=\"index, follow, max-snippet:-1, max-image-preview:large, max-video-preview:-1\" \/>\n<link rel=\"canonical\" href=\"https:\/\/skin-heal.com\/es\/producto\/stylage-hydro-max-1-x-1ml\/\" \/>\n<meta property=\"og:locale\" content=\"es_MX\" \/>\n<meta property=\"og:type\" content=\"article\" \/>\n<meta property=\"og:title\" content=\"Stylage Hydro MAX (1 x 1ml) - Skin Heal\" \/>\n<meta property=\"og:description\" content=\"Stylage HydroMax is a top-notch mesotherapy injection filler that uses cross-linked HA and Sorbitol to improve skin hydration and boost skin elasticity.\" \/>\n<meta property=\"og:url\" content=\"https:\/\/skin-heal.com\/es\/producto\/stylage-hydro-max-1-x-1ml\/\" \/>\n<meta property=\"og:site_name\" content=\"Skin Heal\" \/>\n<meta property=\"article:modified_time\" content=\"2021-03-08T15:40:12+00:00\" \/>\n<meta property=\"og:image\" content=\"https:\/\/cdn.skin-heal.com\/wp-content\/uploads\/2018\/11\/Stylage-Hydro-MAX.jpg\" \/>\n\t<meta property=\"og:image:width\" content=\"550\" \/>\n\t<meta property=\"og:image:height\" content=\"550\" \/>\n\t<meta property=\"og:image:type\" content=\"image\/jpeg\" \/>\n<meta name=\"twitter:card\" content=\"summary_large_image\" \/>\n<meta name=\"twitter:label1\" content=\"Tiempo de lectura\" \/>\n\t<meta name=\"twitter:data1\" content=\"1 minuto\" \/>\n<script type=\"application\/ld+json\" class=\"yoast-schema-graph\">{\"@context\":\"https:\\\/\\\/schema.org\",\"@graph\":[{\"@type\":\"WebPage\",\"@id\":\"https:\\\/\\\/skin-heal.com\\\/product\\\/stylage-hydro-max-1-x-1ml\\\/\",\"url\":\"https:\\\/\\\/skin-heal.com\\\/product\\\/stylage-hydro-max-1-x-1ml\\\/\",\"name\":\"Stylage Hydro MAX (1 x 1ml) - Skin Heal\",\"isPartOf\":{\"@id\":\"https:\\\/\\\/skin-heal.com\\\/#website\"},\"primaryImageOfPage\":{\"@id\":\"https:\\\/\\\/skin-heal.com\\\/product\\\/stylage-hydro-max-1-x-1ml\\\/#primaryimage\"},\"image\":{\"@id\":\"https:\\\/\\\/skin-heal.com\\\/product\\\/stylage-hydro-max-1-x-1ml\\\/#primaryimage\"},\"thumbnailUrl\":\"https:\\\/\\\/skin-heal.com\\\/wp-content\\\/uploads\\\/2018\\\/11\\\/Stylage-Hydro-MAX.jpg\",\"datePublished\":\"2018-11-21T11:58:46+00:00\",\"dateModified\":\"2021-03-08T15:40:12+00:00\",\"description\":\"Stylage HydroMax is a top-notch mesotherapy injection filler that uses cross-linked HA and Sorbitol to improve skin hydration and boost skin elasticity.\",\"breadcrumb\":{\"@id\":\"https:\\\/\\\/skin-heal.com\\\/product\\\/stylage-hydro-max-1-x-1ml\\\/#breadcrumb\"},\"inLanguage\":\"es\",\"potentialAction\":[{\"@type\":\"ReadAction\",\"target\":[\"https:\\\/\\\/skin-heal.com\\\/product\\\/stylage-hydro-max-1-x-1ml\\\/\"]}]},{\"@type\":\"ImageObject\",\"inLanguage\":\"es\",\"@id\":\"https:\\\/\\\/skin-heal.com\\\/product\\\/stylage-hydro-max-1-x-1ml\\\/#primaryimage\",\"url\":\"https:\\\/\\\/skin-heal.com\\\/wp-content\\\/uploads\\\/2018\\\/11\\\/Stylage-Hydro-MAX.jpg\",\"contentUrl\":\"https:\\\/\\\/skin-heal.com\\\/wp-content\\\/uploads\\\/2018\\\/11\\\/Stylage-Hydro-MAX.jpg\",\"width\":550,\"height\":550,\"caption\":\"Stylage Hydro MAX\"},{\"@type\":\"BreadcrumbList\",\"@id\":\"https:\\\/\\\/skin-heal.com\\\/product\\\/stylage-hydro-max-1-x-1ml\\\/#breadcrumb\",\"itemListElement\":[{\"@type\":\"ListItem\",\"position\":1,\"name\":\"Home\",\"item\":\"https:\\\/\\\/skin-heal.com\\\/\"},{\"@type\":\"ListItem\",\"position\":2,\"name\":\"Store\",\"item\":\"https:\\\/\\\/skin-heal.com\\\/store\\\/\"},{\"@type\":\"ListItem\",\"position\":3,\"name\":\"Stylage Hydro MAX (1 x 1ml)\"}]},{\"@type\":\"WebSite\",\"@id\":\"https:\\\/\\\/skin-heal.com\\\/#website\",\"url\":\"https:\\\/\\\/skin-heal.com\\\/\",\"name\":\"Skin Heal\",\"description\":\"Lowest Prices for Dermal Fillers\",\"potentialAction\":[{\"@type\":\"SearchAction\",\"target\":{\"@type\":\"EntryPoint\",\"urlTemplate\":\"https:\\\/\\\/skin-heal.com\\\/?s={search_term_string}\"},\"query-input\":{\"@type\":\"PropertyValueSpecification\",\"valueRequired\":true,\"valueName\":\"search_term_string\"}}],\"inLanguage\":\"es\"}]}<\/script>\n<!-- \/ Yoast SEO plugin. -->","yoast_head_json":{"title":"Stylage Hydro MAX (1 x 1ml) - Skin Heal","description":"Stylage HydroMax es un relleno inyectable de mesoterapia de primera categor\u00eda que utiliza HA reticulado y Sorbitol para mejorar la hidrataci\u00f3n de la piel y potenciar su elasticidad.","robots":{"index":"index","follow":"follow","max-snippet":"max-snippet:-1","max-image-preview":"max-image-preview:large","max-video-preview":"max-video-preview:-1"},"canonical":"https:\/\/skin-heal.com\/es\/producto\/stylage-hydro-max-1-x-1ml\/","og_locale":"es_MX","og_type":"article","og_title":"Stylage Hydro MAX (1 x 1ml) - Skin Heal","og_description":"Stylage HydroMax is a top-notch mesotherapy injection filler that uses cross-linked HA and Sorbitol to improve skin hydration and boost skin elasticity.","og_url":"https:\/\/skin-heal.com\/es\/producto\/stylage-hydro-max-1-x-1ml\/","og_site_name":"Skin Heal","article_modified_time":"2021-03-08T15:40:12+00:00","og_image":[{"width":550,"height":550,"url":"https:\/\/cdn.skin-heal.com\/wp-content\/uploads\/2018\/11\/Stylage-Hydro-MAX.jpg","type":"image\/jpeg"}],"twitter_card":"summary_large_image","twitter_misc":{"Tiempo de lectura":"1 minuto"},"schema":{"@context":"https:\/\/schema.org","@graph":[{"@type":"WebPage","@id":"https:\/\/skin-heal.com\/product\/stylage-hydro-max-1-x-1ml\/","url":"https:\/\/skin-heal.com\/product\/stylage-hydro-max-1-x-1ml\/","name":"Stylage Hydro MAX (1 x 1ml) - Skin Heal","isPartOf":{"@id":"https:\/\/skin-heal.com\/#website"},"primaryImageOfPage":{"@id":"https:\/\/skin-heal.com\/product\/stylage-hydro-max-1-x-1ml\/#primaryimage"},"image":{"@id":"https:\/\/skin-heal.com\/product\/stylage-hydro-max-1-x-1ml\/#primaryimage"},"thumbnailUrl":"https:\/\/cdn.skin-heal.com\/wp-content\/uploads\/2018\/11\/Stylage-Hydro-MAX.jpg","datePublished":"2018-11-21T11:58:46+00:00","dateModified":"2021-03-08T15:40:12+00:00","description":"Stylage HydroMax es un relleno inyectable de mesoterapia de primera categor\u00eda que utiliza HA reticulado y Sorbitol para mejorar la hidrataci\u00f3n de la piel y potenciar su elasticidad.","breadcrumb":{"@id":"https:\/\/skin-heal.com\/product\/stylage-hydro-max-1-x-1ml\/#breadcrumb"},"inLanguage":"es","potentialAction":[{"@type":"ReadAction","target":["https:\/\/skin-heal.com\/product\/stylage-hydro-max-1-x-1ml\/"]}]},{"@type":"ImageObject","inLanguage":"es","@id":"https:\/\/skin-heal.com\/product\/stylage-hydro-max-1-x-1ml\/#primaryimage","url":"https:\/\/cdn.skin-heal.com\/wp-content\/uploads\/2018\/11\/Stylage-Hydro-MAX.jpg","contentUrl":"https:\/\/cdn.skin-heal.com\/wp-content\/uploads\/2018\/11\/Stylage-Hydro-MAX.jpg","width":550,"height":550,"caption":"Stylage Hydro MAX"},{"@type":"BreadcrumbList","@id":"https:\/\/skin-heal.com\/product\/stylage-hydro-max-1-x-1ml\/#breadcrumb","itemListElement":[{"@type":"ListItem","position":1,"name":"Home","item":"https:\/\/skin-heal.com\/"},{"@type":"ListItem","position":2,"name":"Store","item":"https:\/\/skin-heal.com\/store\/"},{"@type":"ListItem","position":3,"name":"Stylage Hydro MAX (1 x 1ml)"}]},{"@type":"WebSite","@id":"https:\/\/skin-heal.com\/#website","url":"https:\/\/skin-heal.com\/","name":"Curaci\u00f3n de la piel","description":"Los precios m\u00e1s bajos para los rellenos d\u00e9rmicos","potentialAction":[{"@type":"SearchAction","target":{"@type":"EntryPoint","urlTemplate":"https:\/\/skin-heal.com\/?s={search_term_string}"},"query-input":{"@type":"PropertyValueSpecification","valueRequired":true,"valueName":"search_term_string"}}],"inLanguage":"es"}]}},"_links":{"self":[{"href":"https:\/\/skin-heal.com\/es\/wp-json\/wp\/v2\/product\/666","targetHints":{"allow":["GET"]}}],"collection":[{"href":"https:\/\/skin-heal.com\/es\/wp-json\/wp\/v2\/product"}],"about":[{"href":"https:\/\/skin-heal.com\/es\/wp-json\/wp\/v2\/types\/product"}],"wp:featuredmedia":[{"embeddable":true,"href":"https:\/\/skin-heal.com\/es\/wp-json\/wp\/v2\/media\/667"}],"wp:attachment":[{"href":"https:\/\/skin-heal.com\/es\/wp-json\/wp\/v2\/media?parent=666"}],"wp:term":[{"taxonomy":"product_brand","embeddable":true,"href":"https:\/\/skin-heal.com\/es\/wp-json\/wp\/v2\/product_brand?post=666"},{"taxonomy":"product_cat","embeddable":true,"href":"https:\/\/skin-heal.com\/es\/wp-json\/wp\/v2\/product_cat?post=666"},{"taxonomy":"product_tag","embeddable":true,"href":"https:\/\/skin-heal.com\/es\/wp-json\/wp\/v2\/product_tag?post=666"}],"curies":[{"name":"wp","href":"https:\/\/api.w.org\/{rel}","templated":true}]}}