{"id":668,"date":"2018-11-21T12:08:14","date_gmt":"2018-11-21T12:08:14","guid":{"rendered":"https:\/\/skin-heal.com\/?post_type=product&#038;p=668"},"modified":"2020-04-16T13:24:15","modified_gmt":"2020-04-16T13:24:15","slug":"desirial-2x1ml","status":"publish","type":"product","link":"https:\/\/skin-heal.com\/es\/producto\/desirial-2x1ml\/","title":{"rendered":"Desirial (2x1ml)"},"content":{"rendered":"<p>Con la edad, todos los tejidos blandos pierden su elasticidad y se vuelven m\u00e1s secos, y la mucosa vaginal no es una excepci\u00f3n. La sequedad vaginal y vulvar afecta a 8 de cada 10 mujeres peri-menop\u00e1usicas y tambi\u00e9n puede ser provocada por condiciones iatrog\u00e9nicas y otros factores. Desirial ofrece resultados r\u00e1pidos y duraderos en el tratamiento de estos s\u00edntomas. Lo mejor de este innovador relleno cut\u00e1neo es que no es t\u00f3xico y que contiene un AH biodegradable que el cuerpo humano produce de forma natural. Junto con el agente antioxidante Manitol, las part\u00edculas de \u00c1cido Hialur\u00f3nico purificado de este producto hidratar\u00e1n los tejidos genitales femeninos tratados, lo que les permitir\u00e1 funcionar correctamente.<\/p>\n<p><strong>Pacientes para los que es adecuado Desirial<\/strong><\/p>\n<p>Este producto de HA puro puede utilizarse para el tratamiento no s\u00f3lo de las mujeres que est\u00e1n pasando por la transici\u00f3n de la menopausia, sino tambi\u00e9n para las que est\u00e1n en edad reproductiva. Sirve como soluci\u00f3n particularmente para aquellas que experimentan sequedad vulvar y es aplicable incluso en los casos en que esta condici\u00f3n incluye s\u00edntomas como la irritaci\u00f3n. Algunas de las condiciones que puede tratar son:<\/p>\n<ul>\n<li>Vulvodinia<\/li>\n<li>Molestias e irritaciones (cr\u00f3nicas)<\/li>\n<li>Sensaci\u00f3n de tir\u00f3n o ardor<\/li>\n<li>Dispareunia<\/li>\n<li>Picaz\u00f3n<\/li>\n<li>Sequedad<\/li>\n<\/ul>\n<p>Los resultados son inmediatos y pueden durar 6 meses o incluso hasta 1-2 a\u00f1os.<\/p>","protected":false},"excerpt":{"rendered":"<p>Desirial es un innovador relleno de \u00e1cido hialur\u00f3nico que se utiliza como tratamiento no invasivo en cirug\u00eda pl\u00e1stica \u00edntima y ginecolog\u00eda. Es la primera inyecci\u00f3n de relleno de AH con infusi\u00f3n de manitol que se centra en la salud \u00edntima de la mujer. Dise\u00f1ado por los Laboratorios VIVACY, l\u00edderes en el mercado, rehidrata, tonifica y mejora la elasticidad de las zonas vaginales y\/o vulvares, combatiendo la sequedad, la irritaci\u00f3n y la sensaci\u00f3n general de malestar.<\/p>","protected":false},"featured_media":671,"template":"","meta":[],"product_brand":[],"product_cat":[79,39,60],"product_tag":[],"class_list":{"0":"post-668","1":"product","2":"type-product","3":"status-publish","4":"has-post-thumbnail","6":"product_cat-dermal-fillers","7":"product_cat-desirial","8":"product_cat-vivacy","9":"clearfix","11":"first","12":"outofstock","13":"taxable","14":"shipping-taxable","15":"purchasable","16":"product-type-simple"},"yoast_head":"<!-- This site is optimized with the Yoast SEO plugin v27.4 - https:\/\/yoast.com\/product\/yoast-seo-wordpress\/ -->\n<title>Desirial (2x1ml) - Skin Heal<\/title>\n<meta name=\"description\" content=\"Desirial is a unique HA filler for women\u2019s intimate health. It has Mannitol and it hydrates female genital tissues, helping them to function properly.\" \/>\n<meta name=\"robots\" content=\"index, follow, max-snippet:-1, max-image-preview:large, max-video-preview:-1\" \/>\n<link rel=\"canonical\" href=\"https:\/\/skin-heal.com\/es\/producto\/desirial-2x1ml\/\" \/>\n<meta property=\"og:locale\" content=\"es_MX\" \/>\n<meta property=\"og:type\" content=\"article\" \/>\n<meta property=\"og:title\" content=\"Desirial (2x1ml) - Skin Heal\" \/>\n<meta property=\"og:description\" content=\"Desirial is a unique HA filler for women\u2019s intimate health. It has Mannitol and it hydrates female genital tissues, helping them to function properly.\" \/>\n<meta property=\"og:url\" content=\"https:\/\/skin-heal.com\/es\/producto\/desirial-2x1ml\/\" \/>\n<meta property=\"og:site_name\" content=\"Skin Heal\" \/>\n<meta property=\"article:modified_time\" content=\"2020-04-16T13:24:15+00:00\" \/>\n<meta property=\"og:image\" content=\"https:\/\/cdn.skin-heal.com\/wp-content\/uploads\/2018\/11\/Desirial-1.jpg\" \/>\n\t<meta property=\"og:image:width\" content=\"450\" \/>\n\t<meta property=\"og:image:height\" content=\"450\" \/>\n\t<meta property=\"og:image:type\" content=\"image\/jpeg\" \/>\n<meta name=\"twitter:card\" content=\"summary_large_image\" \/>\n<meta name=\"twitter:label1\" content=\"Tiempo de lectura\" \/>\n\t<meta name=\"twitter:data1\" content=\"1 minuto\" \/>\n<script type=\"application\/ld+json\" class=\"yoast-schema-graph\">{\"@context\":\"https:\\\/\\\/schema.org\",\"@graph\":[{\"@type\":\"WebPage\",\"@id\":\"https:\\\/\\\/skin-heal.com\\\/product\\\/desirial-2x1ml\\\/\",\"url\":\"https:\\\/\\\/skin-heal.com\\\/product\\\/desirial-2x1ml\\\/\",\"name\":\"Desirial (2x1ml) - Skin Heal\",\"isPartOf\":{\"@id\":\"https:\\\/\\\/skin-heal.com\\\/#website\"},\"primaryImageOfPage\":{\"@id\":\"https:\\\/\\\/skin-heal.com\\\/product\\\/desirial-2x1ml\\\/#primaryimage\"},\"image\":{\"@id\":\"https:\\\/\\\/skin-heal.com\\\/product\\\/desirial-2x1ml\\\/#primaryimage\"},\"thumbnailUrl\":\"https:\\\/\\\/skin-heal.com\\\/wp-content\\\/uploads\\\/2018\\\/11\\\/Desirial-1.jpg\",\"datePublished\":\"2018-11-21T12:08:14+00:00\",\"dateModified\":\"2020-04-16T13:24:15+00:00\",\"description\":\"Desirial is a unique HA filler for women\u2019s intimate health. It has Mannitol and it hydrates female genital tissues, helping them to function properly.\",\"breadcrumb\":{\"@id\":\"https:\\\/\\\/skin-heal.com\\\/product\\\/desirial-2x1ml\\\/#breadcrumb\"},\"inLanguage\":\"es\",\"potentialAction\":[{\"@type\":\"ReadAction\",\"target\":[\"https:\\\/\\\/skin-heal.com\\\/product\\\/desirial-2x1ml\\\/\"]}]},{\"@type\":\"ImageObject\",\"inLanguage\":\"es\",\"@id\":\"https:\\\/\\\/skin-heal.com\\\/product\\\/desirial-2x1ml\\\/#primaryimage\",\"url\":\"https:\\\/\\\/skin-heal.com\\\/wp-content\\\/uploads\\\/2018\\\/11\\\/Desirial-1.jpg\",\"contentUrl\":\"https:\\\/\\\/skin-heal.com\\\/wp-content\\\/uploads\\\/2018\\\/11\\\/Desirial-1.jpg\",\"width\":450,\"height\":450,\"caption\":\"Desirial\"},{\"@type\":\"BreadcrumbList\",\"@id\":\"https:\\\/\\\/skin-heal.com\\\/product\\\/desirial-2x1ml\\\/#breadcrumb\",\"itemListElement\":[{\"@type\":\"ListItem\",\"position\":1,\"name\":\"Home\",\"item\":\"https:\\\/\\\/skin-heal.com\\\/\"},{\"@type\":\"ListItem\",\"position\":2,\"name\":\"Store\",\"item\":\"https:\\\/\\\/skin-heal.com\\\/store\\\/\"},{\"@type\":\"ListItem\",\"position\":3,\"name\":\"Desirial (2x1ml)\"}]},{\"@type\":\"WebSite\",\"@id\":\"https:\\\/\\\/skin-heal.com\\\/#website\",\"url\":\"https:\\\/\\\/skin-heal.com\\\/\",\"name\":\"Skin Heal\",\"description\":\"Lowest Prices for Dermal Fillers\",\"potentialAction\":[{\"@type\":\"SearchAction\",\"target\":{\"@type\":\"EntryPoint\",\"urlTemplate\":\"https:\\\/\\\/skin-heal.com\\\/?s={search_term_string}\"},\"query-input\":{\"@type\":\"PropertyValueSpecification\",\"valueRequired\":true,\"valueName\":\"search_term_string\"}}],\"inLanguage\":\"es\"}]}<\/script>\n<!-- \/ Yoast SEO plugin. -->","yoast_head_json":{"title":"Desirial (2x1ml) - Piel sana","description":"Desirial es un relleno de HA \u00fanico para la salud \u00edntima de la mujer. Tiene Manitol e hidrata los tejidos genitales femeninos, ayud\u00e1ndoles a funcionar correctamente.","robots":{"index":"index","follow":"follow","max-snippet":"max-snippet:-1","max-image-preview":"max-image-preview:large","max-video-preview":"max-video-preview:-1"},"canonical":"https:\/\/skin-heal.com\/es\/producto\/desirial-2x1ml\/","og_locale":"es_MX","og_type":"article","og_title":"Desirial (2x1ml) - Skin Heal","og_description":"Desirial is a unique HA filler for women\u2019s intimate health. It has Mannitol and it hydrates female genital tissues, helping them to function properly.","og_url":"https:\/\/skin-heal.com\/es\/producto\/desirial-2x1ml\/","og_site_name":"Skin Heal","article_modified_time":"2020-04-16T13:24:15+00:00","og_image":[{"width":450,"height":450,"url":"https:\/\/cdn.skin-heal.com\/wp-content\/uploads\/2018\/11\/Desirial-1.jpg","type":"image\/jpeg"}],"twitter_card":"summary_large_image","twitter_misc":{"Tiempo de lectura":"1 minuto"},"schema":{"@context":"https:\/\/schema.org","@graph":[{"@type":"WebPage","@id":"https:\/\/skin-heal.com\/product\/desirial-2x1ml\/","url":"https:\/\/skin-heal.com\/product\/desirial-2x1ml\/","name":"Desirial (2x1ml) - Piel sana","isPartOf":{"@id":"https:\/\/skin-heal.com\/#website"},"primaryImageOfPage":{"@id":"https:\/\/skin-heal.com\/product\/desirial-2x1ml\/#primaryimage"},"image":{"@id":"https:\/\/skin-heal.com\/product\/desirial-2x1ml\/#primaryimage"},"thumbnailUrl":"https:\/\/cdn.skin-heal.com\/wp-content\/uploads\/2018\/11\/Desirial-1.jpg","datePublished":"2018-11-21T12:08:14+00:00","dateModified":"2020-04-16T13:24:15+00:00","description":"Desirial es un relleno de HA \u00fanico para la salud \u00edntima de la mujer. Tiene Manitol e hidrata los tejidos genitales femeninos, ayud\u00e1ndoles a funcionar correctamente.","breadcrumb":{"@id":"https:\/\/skin-heal.com\/product\/desirial-2x1ml\/#breadcrumb"},"inLanguage":"es","potentialAction":[{"@type":"ReadAction","target":["https:\/\/skin-heal.com\/product\/desirial-2x1ml\/"]}]},{"@type":"ImageObject","inLanguage":"es","@id":"https:\/\/skin-heal.com\/product\/desirial-2x1ml\/#primaryimage","url":"https:\/\/cdn.skin-heal.com\/wp-content\/uploads\/2018\/11\/Desirial-1.jpg","contentUrl":"https:\/\/cdn.skin-heal.com\/wp-content\/uploads\/2018\/11\/Desirial-1.jpg","width":450,"height":450,"caption":"Desirial"},{"@type":"BreadcrumbList","@id":"https:\/\/skin-heal.com\/product\/desirial-2x1ml\/#breadcrumb","itemListElement":[{"@type":"ListItem","position":1,"name":"Home","item":"https:\/\/skin-heal.com\/"},{"@type":"ListItem","position":2,"name":"Store","item":"https:\/\/skin-heal.com\/store\/"},{"@type":"ListItem","position":3,"name":"Desirial (2x1ml)"}]},{"@type":"WebSite","@id":"https:\/\/skin-heal.com\/#website","url":"https:\/\/skin-heal.com\/","name":"Curaci\u00f3n de la piel","description":"Los precios m\u00e1s bajos para los rellenos d\u00e9rmicos","potentialAction":[{"@type":"SearchAction","target":{"@type":"EntryPoint","urlTemplate":"https:\/\/skin-heal.com\/?s={search_term_string}"},"query-input":{"@type":"PropertyValueSpecification","valueRequired":true,"valueName":"search_term_string"}}],"inLanguage":"es"}]}},"_links":{"self":[{"href":"https:\/\/skin-heal.com\/es\/wp-json\/wp\/v2\/product\/668","targetHints":{"allow":["GET"]}}],"collection":[{"href":"https:\/\/skin-heal.com\/es\/wp-json\/wp\/v2\/product"}],"about":[{"href":"https:\/\/skin-heal.com\/es\/wp-json\/wp\/v2\/types\/product"}],"wp:featuredmedia":[{"embeddable":true,"href":"https:\/\/skin-heal.com\/es\/wp-json\/wp\/v2\/media\/671"}],"wp:attachment":[{"href":"https:\/\/skin-heal.com\/es\/wp-json\/wp\/v2\/media?parent=668"}],"wp:term":[{"taxonomy":"product_brand","embeddable":true,"href":"https:\/\/skin-heal.com\/es\/wp-json\/wp\/v2\/product_brand?post=668"},{"taxonomy":"product_cat","embeddable":true,"href":"https:\/\/skin-heal.com\/es\/wp-json\/wp\/v2\/product_cat?post=668"},{"taxonomy":"product_tag","embeddable":true,"href":"https:\/\/skin-heal.com\/es\/wp-json\/wp\/v2\/product_tag?post=668"}],"curies":[{"name":"wp","href":"https:\/\/api.w.org\/{rel}","templated":true}]}}