{"id":669,"date":"2018-11-21T12:08:55","date_gmt":"2018-11-21T12:08:55","guid":{"rendered":"https:\/\/skin-heal.com\/?post_type=product&#038;p=669"},"modified":"2020-04-16T13:24:15","modified_gmt":"2020-04-16T13:24:15","slug":"desirial-plus-1x2ml","status":"publish","type":"product","link":"https:\/\/skin-heal.com\/es\/producto\/desirial-plus-1x2ml\/","title":{"rendered":"Desirial Plus (1x2ml)"},"content":{"rendered":"<p><strong>Duraci\u00f3n de los efectos:<\/strong> al menos 6 meses (en algunos pacientes puede durar hasta 2 a\u00f1os)<\/p>\n<p><strong>Lugares de inyecci\u00f3n:<\/strong> Inyectado directamente en los tejidos genitales femeninos tratados<\/p>\n<p><strong>Pacientes que cumplen los requisitos para recibir el tratamiento:<\/strong> Todas las mujeres en edad reproductiva o en la peri-menopausia que deseen tratar las imperfecciones vulvares o que sufran atrofia o hipertrofia de los labios mayores.<\/p>\n<p>Desirial Plus es un relleno de tejidos blandos de primera calidad que contiene \u00c1cido Hialur\u00f3nico de calidad tipo IPN que puede a\u00f1adir volumen a los labios mayores y de esa manera proporcionar protecci\u00f3n a los labios menores lo que reduce o incluso elimina el dolor o las sensaciones desagradables para el paciente.  Los resultados son visibles inmediatamente despu\u00e9s de un tratamiento y vienen acompa\u00f1ados de mejoras est\u00e9ticas.<\/p>\n<p><strong>\u00bfCu\u00e1les son los efectos secundarios asociados a este producto?<\/strong><\/p>\n<p>Los efectos secundarios que se han producido tras un tratamiento con Desirial Plus son poco frecuentes, de corta duraci\u00f3n y no son perjudiciales. Pueden incluir sensibilidad o decoloraci\u00f3n alrededor de los puntos de inyecci\u00f3n, picor, hinchaz\u00f3n, dolor leve o enrojecimiento.<\/p>\n<p>Cada paquete incluye una jeringa de 2mL y dos agujas de un solo uso de 27G \u00bd y una c\u00e1nula de 18. La concentraci\u00f3n de tecnolog\u00eda reticulada tipo NaHa IPN se mide en 21mg\/g. Se trata de un producto sanitario de clase III y los procedimientos de inyecci\u00f3n de relleno con Desirial Plus deben ser realizados siempre por un profesional experimentado y formado.<\/p>","protected":false},"excerpt":{"rendered":"<p>Desirial Plus es un producto m\u00e9dico para la salud \u00edntima de la mujer que puede utilizarse para la remodelaci\u00f3n de los labios mayores o como tratamiento no quir\u00fargico de ciertas afecciones como la atrofia de los labios mayores. Con este relleno d\u00e9rmico de primera calidad, los ginec\u00f3logos y los cirujanos pl\u00e1sticos \u00edntimos pueden ofrecer algo m\u00e1s que una mera correcci\u00f3n est\u00e9tica, ya que tambi\u00e9n es una excelente soluci\u00f3n para el tratamiento de los trastornos vaginales funcionales.<\/p>","protected":false},"featured_media":672,"template":"","meta":[],"product_brand":[],"product_cat":[79,39,60],"product_tag":[],"class_list":{"0":"post-669","1":"product","2":"type-product","3":"status-publish","4":"has-post-thumbnail","6":"product_cat-dermal-fillers","7":"product_cat-desirial","8":"product_cat-vivacy","9":"clearfix","11":"first","12":"outofstock","13":"taxable","14":"shipping-taxable","15":"purchasable","16":"product-type-simple"},"yoast_head":"<!-- This site is optimized with the Yoast SEO plugin v27.4 - https:\/\/yoast.com\/product\/yoast-seo-wordpress\/ -->\n<title>Desirial Plus (1x2ml) - Skin Heal<\/title>\n<meta name=\"description\" content=\"Hyaluronic Acid filler Desirial Plus provides aesthetic correction of the labia majora and treats various vulvo-vaginal disorders and symptoms. Get it now!\" \/>\n<meta name=\"robots\" content=\"index, follow, max-snippet:-1, max-image-preview:large, max-video-preview:-1\" \/>\n<link rel=\"canonical\" href=\"https:\/\/skin-heal.com\/es\/producto\/desirial-plus-1x2ml\/\" \/>\n<meta property=\"og:locale\" content=\"es_MX\" \/>\n<meta property=\"og:type\" content=\"article\" \/>\n<meta property=\"og:title\" content=\"Desirial Plus (1x2ml) - Skin Heal\" \/>\n<meta property=\"og:description\" content=\"Hyaluronic Acid filler Desirial Plus provides aesthetic correction of the labia majora and treats various vulvo-vaginal disorders and symptoms. Get it now!\" \/>\n<meta property=\"og:url\" content=\"https:\/\/skin-heal.com\/es\/producto\/desirial-plus-1x2ml\/\" \/>\n<meta property=\"og:site_name\" content=\"Skin Heal\" \/>\n<meta property=\"article:modified_time\" content=\"2020-04-16T13:24:15+00:00\" \/>\n<meta property=\"og:image\" content=\"https:\/\/cdn.skin-heal.com\/wp-content\/uploads\/2018\/11\/Desirial-Plus.jpg\" \/>\n\t<meta property=\"og:image:width\" content=\"450\" \/>\n\t<meta property=\"og:image:height\" content=\"450\" \/>\n\t<meta property=\"og:image:type\" content=\"image\/jpeg\" \/>\n<meta name=\"twitter:card\" content=\"summary_large_image\" \/>\n<meta name=\"twitter:label1\" content=\"Tiempo de lectura\" \/>\n\t<meta name=\"twitter:data1\" content=\"1 minuto\" \/>\n<script type=\"application\/ld+json\" class=\"yoast-schema-graph\">{\"@context\":\"https:\\\/\\\/schema.org\",\"@graph\":[{\"@type\":\"WebPage\",\"@id\":\"https:\\\/\\\/skin-heal.com\\\/product\\\/desirial-plus-1x2ml\\\/\",\"url\":\"https:\\\/\\\/skin-heal.com\\\/product\\\/desirial-plus-1x2ml\\\/\",\"name\":\"Desirial Plus (1x2ml) - Skin Heal\",\"isPartOf\":{\"@id\":\"https:\\\/\\\/skin-heal.com\\\/#website\"},\"primaryImageOfPage\":{\"@id\":\"https:\\\/\\\/skin-heal.com\\\/product\\\/desirial-plus-1x2ml\\\/#primaryimage\"},\"image\":{\"@id\":\"https:\\\/\\\/skin-heal.com\\\/product\\\/desirial-plus-1x2ml\\\/#primaryimage\"},\"thumbnailUrl\":\"https:\\\/\\\/skin-heal.com\\\/wp-content\\\/uploads\\\/2018\\\/11\\\/Desirial-Plus.jpg\",\"datePublished\":\"2018-11-21T12:08:55+00:00\",\"dateModified\":\"2020-04-16T13:24:15+00:00\",\"description\":\"Hyaluronic Acid filler Desirial Plus provides aesthetic correction of the labia majora and treats various vulvo-vaginal disorders and symptoms. Get it now!\",\"breadcrumb\":{\"@id\":\"https:\\\/\\\/skin-heal.com\\\/product\\\/desirial-plus-1x2ml\\\/#breadcrumb\"},\"inLanguage\":\"es\",\"potentialAction\":[{\"@type\":\"ReadAction\",\"target\":[\"https:\\\/\\\/skin-heal.com\\\/product\\\/desirial-plus-1x2ml\\\/\"]}]},{\"@type\":\"ImageObject\",\"inLanguage\":\"es\",\"@id\":\"https:\\\/\\\/skin-heal.com\\\/product\\\/desirial-plus-1x2ml\\\/#primaryimage\",\"url\":\"https:\\\/\\\/skin-heal.com\\\/wp-content\\\/uploads\\\/2018\\\/11\\\/Desirial-Plus.jpg\",\"contentUrl\":\"https:\\\/\\\/skin-heal.com\\\/wp-content\\\/uploads\\\/2018\\\/11\\\/Desirial-Plus.jpg\",\"width\":450,\"height\":450,\"caption\":\"Desirial Plus\"},{\"@type\":\"BreadcrumbList\",\"@id\":\"https:\\\/\\\/skin-heal.com\\\/product\\\/desirial-plus-1x2ml\\\/#breadcrumb\",\"itemListElement\":[{\"@type\":\"ListItem\",\"position\":1,\"name\":\"Home\",\"item\":\"https:\\\/\\\/skin-heal.com\\\/\"},{\"@type\":\"ListItem\",\"position\":2,\"name\":\"Store\",\"item\":\"https:\\\/\\\/skin-heal.com\\\/store\\\/\"},{\"@type\":\"ListItem\",\"position\":3,\"name\":\"Desirial Plus (1x2ml)\"}]},{\"@type\":\"WebSite\",\"@id\":\"https:\\\/\\\/skin-heal.com\\\/#website\",\"url\":\"https:\\\/\\\/skin-heal.com\\\/\",\"name\":\"Skin Heal\",\"description\":\"Lowest Prices for Dermal Fillers\",\"potentialAction\":[{\"@type\":\"SearchAction\",\"target\":{\"@type\":\"EntryPoint\",\"urlTemplate\":\"https:\\\/\\\/skin-heal.com\\\/?s={search_term_string}\"},\"query-input\":{\"@type\":\"PropertyValueSpecification\",\"valueRequired\":true,\"valueName\":\"search_term_string\"}}],\"inLanguage\":\"es\"}]}<\/script>\n<!-- \/ Yoast SEO plugin. -->","yoast_head_json":{"title":"Desirial Plus (1x2ml) - Skin Heal","description":"El relleno de \u00e1cido hialur\u00f3nico Desirial Plus proporciona una correcci\u00f3n est\u00e9tica de los labios mayores y trata diversos trastornos y s\u00edntomas vulvovaginales. \u00a1Cons\u00edguelo ya!","robots":{"index":"index","follow":"follow","max-snippet":"max-snippet:-1","max-image-preview":"max-image-preview:large","max-video-preview":"max-video-preview:-1"},"canonical":"https:\/\/skin-heal.com\/es\/producto\/desirial-plus-1x2ml\/","og_locale":"es_MX","og_type":"article","og_title":"Desirial Plus (1x2ml) - Skin Heal","og_description":"Hyaluronic Acid filler Desirial Plus provides aesthetic correction of the labia majora and treats various vulvo-vaginal disorders and symptoms. Get it now!","og_url":"https:\/\/skin-heal.com\/es\/producto\/desirial-plus-1x2ml\/","og_site_name":"Skin Heal","article_modified_time":"2020-04-16T13:24:15+00:00","og_image":[{"width":450,"height":450,"url":"https:\/\/cdn.skin-heal.com\/wp-content\/uploads\/2018\/11\/Desirial-Plus.jpg","type":"image\/jpeg"}],"twitter_card":"summary_large_image","twitter_misc":{"Tiempo de lectura":"1 minuto"},"schema":{"@context":"https:\/\/schema.org","@graph":[{"@type":"WebPage","@id":"https:\/\/skin-heal.com\/product\/desirial-plus-1x2ml\/","url":"https:\/\/skin-heal.com\/product\/desirial-plus-1x2ml\/","name":"Desirial Plus (1x2ml) - Skin Heal","isPartOf":{"@id":"https:\/\/skin-heal.com\/#website"},"primaryImageOfPage":{"@id":"https:\/\/skin-heal.com\/product\/desirial-plus-1x2ml\/#primaryimage"},"image":{"@id":"https:\/\/skin-heal.com\/product\/desirial-plus-1x2ml\/#primaryimage"},"thumbnailUrl":"https:\/\/cdn.skin-heal.com\/wp-content\/uploads\/2018\/11\/Desirial-Plus.jpg","datePublished":"2018-11-21T12:08:55+00:00","dateModified":"2020-04-16T13:24:15+00:00","description":"El relleno de \u00e1cido hialur\u00f3nico Desirial Plus proporciona una correcci\u00f3n est\u00e9tica de los labios mayores y trata diversos trastornos y s\u00edntomas vulvovaginales. \u00a1Cons\u00edguelo ya!","breadcrumb":{"@id":"https:\/\/skin-heal.com\/product\/desirial-plus-1x2ml\/#breadcrumb"},"inLanguage":"es","potentialAction":[{"@type":"ReadAction","target":["https:\/\/skin-heal.com\/product\/desirial-plus-1x2ml\/"]}]},{"@type":"ImageObject","inLanguage":"es","@id":"https:\/\/skin-heal.com\/product\/desirial-plus-1x2ml\/#primaryimage","url":"https:\/\/cdn.skin-heal.com\/wp-content\/uploads\/2018\/11\/Desirial-Plus.jpg","contentUrl":"https:\/\/cdn.skin-heal.com\/wp-content\/uploads\/2018\/11\/Desirial-Plus.jpg","width":450,"height":450,"caption":"Desirial Plus"},{"@type":"BreadcrumbList","@id":"https:\/\/skin-heal.com\/product\/desirial-plus-1x2ml\/#breadcrumb","itemListElement":[{"@type":"ListItem","position":1,"name":"Home","item":"https:\/\/skin-heal.com\/"},{"@type":"ListItem","position":2,"name":"Store","item":"https:\/\/skin-heal.com\/store\/"},{"@type":"ListItem","position":3,"name":"Desirial Plus (1x2ml)"}]},{"@type":"WebSite","@id":"https:\/\/skin-heal.com\/#website","url":"https:\/\/skin-heal.com\/","name":"Curaci\u00f3n de la piel","description":"Los precios m\u00e1s bajos para los rellenos d\u00e9rmicos","potentialAction":[{"@type":"SearchAction","target":{"@type":"EntryPoint","urlTemplate":"https:\/\/skin-heal.com\/?s={search_term_string}"},"query-input":{"@type":"PropertyValueSpecification","valueRequired":true,"valueName":"search_term_string"}}],"inLanguage":"es"}]}},"_links":{"self":[{"href":"https:\/\/skin-heal.com\/es\/wp-json\/wp\/v2\/product\/669","targetHints":{"allow":["GET"]}}],"collection":[{"href":"https:\/\/skin-heal.com\/es\/wp-json\/wp\/v2\/product"}],"about":[{"href":"https:\/\/skin-heal.com\/es\/wp-json\/wp\/v2\/types\/product"}],"wp:featuredmedia":[{"embeddable":true,"href":"https:\/\/skin-heal.com\/es\/wp-json\/wp\/v2\/media\/672"}],"wp:attachment":[{"href":"https:\/\/skin-heal.com\/es\/wp-json\/wp\/v2\/media?parent=669"}],"wp:term":[{"taxonomy":"product_brand","embeddable":true,"href":"https:\/\/skin-heal.com\/es\/wp-json\/wp\/v2\/product_brand?post=669"},{"taxonomy":"product_cat","embeddable":true,"href":"https:\/\/skin-heal.com\/es\/wp-json\/wp\/v2\/product_cat?post=669"},{"taxonomy":"product_tag","embeddable":true,"href":"https:\/\/skin-heal.com\/es\/wp-json\/wp\/v2\/product_tag?post=669"}],"curies":[{"name":"wp","href":"https:\/\/api.w.org\/{rel}","templated":true}]}}