{"id":673,"date":"2018-11-23T15:57:03","date_gmt":"2018-11-23T15:57:03","guid":{"rendered":"https:\/\/skin-heal.com\/?post_type=product&#038;p=673"},"modified":"2023-02-20T19:15:05","modified_gmt":"2023-02-20T17:15:05","slug":"restylane-subq-1x2ml","status":"publish","type":"product","link":"https:\/\/skin-heal.com\/es\/producto\/restylane-subq-1x2ml\/","title":{"rendered":"Restylane SUBQ (1x2ml)"},"content":{"rendered":"<p><strong>Mejor rendimiento, mayor seguridad<\/strong><\/p>\n<p>Los efectos despu\u00e9s del primer tratamiento con Restylane SubQ son instant\u00e1neos y las propiedades del gel permanecen activas durante 12 o m\u00e1s meses despu\u00e9s. Este es normalmente el tiempo que tarda el \u00e1cido hialur\u00f3nico de este relleno cut\u00e1neo de primer nivel en disolverse en la piel. Como muchos otros productos Restylane, \u00e9ste se basa en la tecnolog\u00eda NASHA. En otras palabras, el AH utilizado en el desarrollo de este producto de rejuvenecimiento cosm\u00e9tico es de origen no animal y el tama\u00f1o de sus part\u00edculas fue cuidadosamente personalizado para este tipo de tratamiento. Por lo tanto, los pacientes no necesitan someterse a pruebas antes de los procedimientos de inyecci\u00f3n, ya que la biocompatibilidad y la seguridad de este magn\u00edfico relleno de tejidos blandos est\u00e1n 100% garantizadas.<\/p>\n<p>La principal caracter\u00edstica del \u00e1cido hialur\u00f3nico es que puede mejorar o incluso restaurar el volumen de la piel o corregir diversas imperfecciones. Los resultados que ofrece Restylane SubQ incluyen:<\/p>\n<ul>\n<li>Corregir el contorno y la forma del rostro de forma no quir\u00fargica<\/li>\n<li>Aumento de p\u00f3mulos o barbilla<\/li>\n<li>Remodelaci\u00f3n de la boca y la nariz<\/li>\n<li>Rellenar las sienes huecas<\/li>\n<li>Mejora de la suavidad de la piel<\/li>\n<li>Mand\u00edbula o lifting<\/li>\n<li>Corregir un rostro asim\u00e9trico o desequilibrado<\/li>\n<\/ul>\n<p>El relleno cut\u00e1neo se aplica en la dermis profunda mediante una inyecci\u00f3n. Los efectos secundarios son muy infrecuentes y suelen ser menores y desaparecen en horas o d\u00edas despu\u00e9s del tratamiento.<\/p>","protected":false},"excerpt":{"rendered":"<p>Restylane SubQ es un relleno d\u00e9rmico biocompatible de la m\u00e1s alta calidad, no s\u00f3lo porque ha sido desarrollado por una empresa de belleza y rejuvenecimiento cosm\u00e9tico bien establecida, sino tambi\u00e9n porque se basa en una tecnolog\u00eda NASHA patentada. Con ella, el esculpido de la cara y la eliminaci\u00f3n de las imperfecciones faciales tienen resultados mejores, m\u00e1s duraderos y de aspecto natural. Este producto es completamente seguro y biodegradable.<\/p>","protected":false},"featured_media":835,"template":"","meta":[],"product_brand":[],"product_cat":[79,40],"product_tag":[125],"class_list":{"0":"post-673","1":"product","2":"type-product","3":"status-publish","4":"has-post-thumbnail","6":"product_cat-dermal-fillers","7":"product_cat-restylane","8":"product_tag-backorder","9":"clearfix","11":"first","12":"outofstock","13":"taxable","14":"shipping-taxable","15":"purchasable","16":"product-type-simple"},"yoast_head":"<!-- This site is optimized with the Yoast SEO plugin v27.4 - https:\/\/yoast.com\/product\/yoast-seo-wordpress\/ -->\n<title>Restylane SUBQ (1x2ml) - Skin Heal<\/title>\n<meta name=\"description\" content=\"Restylane SubQ relies on NASHA Technology to add volume to soft tissues. This reliable dermal filler can be used for facial sculpting and lifting.\" \/>\n<meta name=\"robots\" content=\"index, follow, max-snippet:-1, max-image-preview:large, max-video-preview:-1\" \/>\n<link rel=\"canonical\" href=\"https:\/\/skin-heal.com\/es\/producto\/restylane-subq-1x2ml\/\" \/>\n<meta property=\"og:locale\" content=\"es_MX\" \/>\n<meta property=\"og:type\" content=\"article\" \/>\n<meta property=\"og:title\" content=\"Restylane SUBQ (1x2ml) - Skin Heal\" \/>\n<meta property=\"og:description\" content=\"Restylane SubQ relies on NASHA Technology to add volume to soft tissues. This reliable dermal filler can be used for facial sculpting and lifting.\" \/>\n<meta property=\"og:url\" content=\"https:\/\/skin-heal.com\/es\/producto\/restylane-subq-1x2ml\/\" \/>\n<meta property=\"og:site_name\" content=\"Skin Heal\" \/>\n<meta property=\"article:modified_time\" content=\"2023-02-20T17:15:05+00:00\" \/>\n<meta property=\"og:image\" content=\"https:\/\/cdn.skin-heal.com\/wp-content\/uploads\/2018\/11\/Restylane-SUBQ.jpg\" \/>\n\t<meta property=\"og:image:width\" content=\"550\" \/>\n\t<meta property=\"og:image:height\" content=\"550\" \/>\n\t<meta property=\"og:image:type\" content=\"image\/jpeg\" \/>\n<meta name=\"twitter:card\" content=\"summary_large_image\" \/>\n<meta name=\"twitter:label1\" content=\"Tiempo de lectura\" \/>\n\t<meta name=\"twitter:data1\" content=\"1 minuto\" \/>\n<script type=\"application\/ld+json\" class=\"yoast-schema-graph\">{\"@context\":\"https:\\\/\\\/schema.org\",\"@graph\":[{\"@type\":\"WebPage\",\"@id\":\"https:\\\/\\\/skin-heal.com\\\/product\\\/restylane-subq-1x2ml\\\/\",\"url\":\"https:\\\/\\\/skin-heal.com\\\/product\\\/restylane-subq-1x2ml\\\/\",\"name\":\"Restylane SUBQ (1x2ml) - Skin Heal\",\"isPartOf\":{\"@id\":\"https:\\\/\\\/skin-heal.com\\\/#website\"},\"primaryImageOfPage\":{\"@id\":\"https:\\\/\\\/skin-heal.com\\\/product\\\/restylane-subq-1x2ml\\\/#primaryimage\"},\"image\":{\"@id\":\"https:\\\/\\\/skin-heal.com\\\/product\\\/restylane-subq-1x2ml\\\/#primaryimage\"},\"thumbnailUrl\":\"https:\\\/\\\/skin-heal.com\\\/wp-content\\\/uploads\\\/2018\\\/11\\\/Restylane-SUBQ.jpg\",\"datePublished\":\"2018-11-23T15:57:03+00:00\",\"dateModified\":\"2023-02-20T17:15:05+00:00\",\"description\":\"Restylane SubQ relies on NASHA Technology to add volume to soft tissues. This reliable dermal filler can be used for facial sculpting and lifting.\",\"breadcrumb\":{\"@id\":\"https:\\\/\\\/skin-heal.com\\\/product\\\/restylane-subq-1x2ml\\\/#breadcrumb\"},\"inLanguage\":\"es\",\"potentialAction\":[{\"@type\":\"ReadAction\",\"target\":[\"https:\\\/\\\/skin-heal.com\\\/product\\\/restylane-subq-1x2ml\\\/\"]}]},{\"@type\":\"ImageObject\",\"inLanguage\":\"es\",\"@id\":\"https:\\\/\\\/skin-heal.com\\\/product\\\/restylane-subq-1x2ml\\\/#primaryimage\",\"url\":\"https:\\\/\\\/skin-heal.com\\\/wp-content\\\/uploads\\\/2018\\\/11\\\/Restylane-SUBQ.jpg\",\"contentUrl\":\"https:\\\/\\\/skin-heal.com\\\/wp-content\\\/uploads\\\/2018\\\/11\\\/Restylane-SUBQ.jpg\",\"width\":550,\"height\":550,\"caption\":\"Restylane SUBQ\"},{\"@type\":\"BreadcrumbList\",\"@id\":\"https:\\\/\\\/skin-heal.com\\\/product\\\/restylane-subq-1x2ml\\\/#breadcrumb\",\"itemListElement\":[{\"@type\":\"ListItem\",\"position\":1,\"name\":\"Home\",\"item\":\"https:\\\/\\\/skin-heal.com\\\/\"},{\"@type\":\"ListItem\",\"position\":2,\"name\":\"Store\",\"item\":\"https:\\\/\\\/skin-heal.com\\\/store\\\/\"},{\"@type\":\"ListItem\",\"position\":3,\"name\":\"Restylane SUBQ (1x2ml)\"}]},{\"@type\":\"WebSite\",\"@id\":\"https:\\\/\\\/skin-heal.com\\\/#website\",\"url\":\"https:\\\/\\\/skin-heal.com\\\/\",\"name\":\"Skin Heal\",\"description\":\"Lowest Prices for Dermal Fillers\",\"potentialAction\":[{\"@type\":\"SearchAction\",\"target\":{\"@type\":\"EntryPoint\",\"urlTemplate\":\"https:\\\/\\\/skin-heal.com\\\/?s={search_term_string}\"},\"query-input\":{\"@type\":\"PropertyValueSpecification\",\"valueRequired\":true,\"valueName\":\"search_term_string\"}}],\"inLanguage\":\"es\"}]}<\/script>\n<!-- \/ Yoast SEO plugin. -->","yoast_head_json":{"title":"Restylane SUBQ (1x2ml) - Skin Heal","description":"Restylane SubQ se basa en la tecnolog\u00eda NASHA para a\u00f1adir volumen a los tejidos blandos. Este fiable relleno d\u00e9rmico puede utilizarse para esculpir y elevar el rostro.","robots":{"index":"index","follow":"follow","max-snippet":"max-snippet:-1","max-image-preview":"max-image-preview:large","max-video-preview":"max-video-preview:-1"},"canonical":"https:\/\/skin-heal.com\/es\/producto\/restylane-subq-1x2ml\/","og_locale":"es_MX","og_type":"article","og_title":"Restylane SUBQ (1x2ml) - Skin Heal","og_description":"Restylane SubQ relies on NASHA Technology to add volume to soft tissues. This reliable dermal filler can be used for facial sculpting and lifting.","og_url":"https:\/\/skin-heal.com\/es\/producto\/restylane-subq-1x2ml\/","og_site_name":"Skin Heal","article_modified_time":"2023-02-20T17:15:05+00:00","og_image":[{"width":550,"height":550,"url":"https:\/\/cdn.skin-heal.com\/wp-content\/uploads\/2018\/11\/Restylane-SUBQ.jpg","type":"image\/jpeg"}],"twitter_card":"summary_large_image","twitter_misc":{"Tiempo de lectura":"1 minuto"},"schema":{"@context":"https:\/\/schema.org","@graph":[{"@type":"WebPage","@id":"https:\/\/skin-heal.com\/product\/restylane-subq-1x2ml\/","url":"https:\/\/skin-heal.com\/product\/restylane-subq-1x2ml\/","name":"Restylane SUBQ (1x2ml) - Skin Heal","isPartOf":{"@id":"https:\/\/skin-heal.com\/#website"},"primaryImageOfPage":{"@id":"https:\/\/skin-heal.com\/product\/restylane-subq-1x2ml\/#primaryimage"},"image":{"@id":"https:\/\/skin-heal.com\/product\/restylane-subq-1x2ml\/#primaryimage"},"thumbnailUrl":"https:\/\/cdn.skin-heal.com\/wp-content\/uploads\/2018\/11\/Restylane-SUBQ.jpg","datePublished":"2018-11-23T15:57:03+00:00","dateModified":"2023-02-20T17:15:05+00:00","description":"Restylane SubQ se basa en la tecnolog\u00eda NASHA para a\u00f1adir volumen a los tejidos blandos. Este fiable relleno d\u00e9rmico puede utilizarse para esculpir y elevar el rostro.","breadcrumb":{"@id":"https:\/\/skin-heal.com\/product\/restylane-subq-1x2ml\/#breadcrumb"},"inLanguage":"es","potentialAction":[{"@type":"ReadAction","target":["https:\/\/skin-heal.com\/product\/restylane-subq-1x2ml\/"]}]},{"@type":"ImageObject","inLanguage":"es","@id":"https:\/\/skin-heal.com\/product\/restylane-subq-1x2ml\/#primaryimage","url":"https:\/\/cdn.skin-heal.com\/wp-content\/uploads\/2018\/11\/Restylane-SUBQ.jpg","contentUrl":"https:\/\/cdn.skin-heal.com\/wp-content\/uploads\/2018\/11\/Restylane-SUBQ.jpg","width":550,"height":550,"caption":"Restylane SUBQ"},{"@type":"BreadcrumbList","@id":"https:\/\/skin-heal.com\/product\/restylane-subq-1x2ml\/#breadcrumb","itemListElement":[{"@type":"ListItem","position":1,"name":"Home","item":"https:\/\/skin-heal.com\/"},{"@type":"ListItem","position":2,"name":"Store","item":"https:\/\/skin-heal.com\/store\/"},{"@type":"ListItem","position":3,"name":"Restylane SUBQ (1x2ml)"}]},{"@type":"WebSite","@id":"https:\/\/skin-heal.com\/#website","url":"https:\/\/skin-heal.com\/","name":"Curaci\u00f3n de la piel","description":"Los precios m\u00e1s bajos para los rellenos d\u00e9rmicos","potentialAction":[{"@type":"SearchAction","target":{"@type":"EntryPoint","urlTemplate":"https:\/\/skin-heal.com\/?s={search_term_string}"},"query-input":{"@type":"PropertyValueSpecification","valueRequired":true,"valueName":"search_term_string"}}],"inLanguage":"es"}]}},"_links":{"self":[{"href":"https:\/\/skin-heal.com\/es\/wp-json\/wp\/v2\/product\/673","targetHints":{"allow":["GET"]}}],"collection":[{"href":"https:\/\/skin-heal.com\/es\/wp-json\/wp\/v2\/product"}],"about":[{"href":"https:\/\/skin-heal.com\/es\/wp-json\/wp\/v2\/types\/product"}],"wp:featuredmedia":[{"embeddable":true,"href":"https:\/\/skin-heal.com\/es\/wp-json\/wp\/v2\/media\/835"}],"wp:attachment":[{"href":"https:\/\/skin-heal.com\/es\/wp-json\/wp\/v2\/media?parent=673"}],"wp:term":[{"taxonomy":"product_brand","embeddable":true,"href":"https:\/\/skin-heal.com\/es\/wp-json\/wp\/v2\/product_brand?post=673"},{"taxonomy":"product_cat","embeddable":true,"href":"https:\/\/skin-heal.com\/es\/wp-json\/wp\/v2\/product_cat?post=673"},{"taxonomy":"product_tag","embeddable":true,"href":"https:\/\/skin-heal.com\/es\/wp-json\/wp\/v2\/product_tag?post=673"}],"curies":[{"name":"wp","href":"https:\/\/api.w.org\/{rel}","templated":true}]}}