{"id":690,"date":"2018-11-23T15:57:07","date_gmt":"2018-11-23T15:57:07","guid":{"rendered":"https:\/\/skin-heal.com\/?post_type=product&#038;p=690"},"modified":"2023-02-20T19:13:16","modified_gmt":"2023-02-20T17:13:16","slug":"restylane-subq-lidocaine-1x2ml","status":"publish","type":"product","link":"https:\/\/skin-heal.com\/es\/producto\/restylane-subq-lidocaine-1x2ml\/","title":{"rendered":"Restylane SUBQ Lidoca\u00edna (1x2ml)"},"content":{"rendered":"<p><strong>Impulsado por una tecnolog\u00eda \u00fanica<\/strong><\/p>\n<p>Restylane SubQ Lidocaine es uno de los rellenos cut\u00e1neos m\u00e1s fiables que ofrecen correcci\u00f3n de volumen y remodelaci\u00f3n del contorno facial. Esto no s\u00f3lo se debe a que cuenta con HA altamente purificado, sino tambi\u00e9n a que se basa en la tecnolog\u00eda NASHA, que significa \u00e1cido hialur\u00f3nico no esterilizado por animales. Permite que la textura del gel sea m\u00e1s firme y determina con precisi\u00f3n el tama\u00f1o de las part\u00edculas. Adem\u00e1s, los innovadores rellenos de tejidos blandos producidos con este m\u00e9todo no contienen ingredientes de origen animal. Debido a todas estas propiedades de la tecnolog\u00eda NASHA, Restylane SubQ Lidocaine:<\/p>\n<ul>\n<li>Es m\u00e1s duradero<\/li>\n<li>Posee una impresionante capacidad de elevaci\u00f3n<\/li>\n<li>No provoca reacciones al\u00e9rgicas ni efectos secundarios graves<\/li>\n<li>Tiene propiedades hidratantes duraderas<\/li>\n<\/ul>\n<p>La longevidad est\u00e1ndar de los resultados ofrecidos por este eficaz relleno de HA es de unos 12 meses o m\u00e1s. La durabilidad de los efectos suele depender del tipo de piel del paciente, su estilo de vida y su dieta, as\u00ed como del propio m\u00e9todo de tratamiento.<\/p>\n<p><strong>F\u00f3rmula \"cero dolores\".<\/strong><\/p>\n<p>Este producto contiene 3mg\/ml de lidoca\u00edna que permite a los pacientes tener una experiencia indolora durante el tratamiento. Este medicamento proporciona un anest\u00e9sico local y minimiza las molestias del procedimiento de inyecci\u00f3n. La presencia de lidoca\u00edna en Restylane SubQ Lidocaine no afecta a las excelentes cualidades viscoel\u00e1sticas de este relleno de \u00e1cido hialur\u00f3nico.<\/p>","protected":false},"excerpt":{"rendered":"<p>Proporcionar plenitud y volumen y restaurar la simetr\u00eda facial - estos son los dos principales usos de Restylane SubQ Lidocaine - un excelente relleno d\u00e9rmico que se basa en la avanzada tecnolog\u00eda NASHA. Esto lo hace incre\u00edblemente duradero, biocompatible y seguro. El efecto despu\u00e9s del tratamiento es inmediato y el proceso de tratamiento en s\u00ed es indoloro ya que este producto de rejuvenecimiento cosm\u00e9tico cuenta con 0,3% de lidoca\u00edna.<\/p>","protected":false},"featured_media":834,"template":"","meta":[],"product_brand":[],"product_cat":[79,40],"product_tag":[125],"class_list":{"0":"post-690","1":"product","2":"type-product","3":"status-publish","4":"has-post-thumbnail","6":"product_cat-dermal-fillers","7":"product_cat-restylane","8":"product_tag-backorder","9":"clearfix","11":"first","12":"outofstock","13":"taxable","14":"shipping-taxable","15":"purchasable","16":"product-type-simple"},"yoast_head":"<!-- This site is optimized with the Yoast SEO plugin v27.4 - https:\/\/yoast.com\/product\/yoast-seo-wordpress\/ -->\n<title>Restylane SUBQ Lidocaine (1x2ml) - Skin Heal<\/title>\n<meta name=\"description\" content=\"Buy Restylane SubQ Lidocaine \u2013 a durable HA filler that provides fast volume correction and facial contouring. It is NASHA Technology-based and safe.\" \/>\n<meta name=\"robots\" content=\"index, follow, max-snippet:-1, max-image-preview:large, max-video-preview:-1\" \/>\n<link rel=\"canonical\" href=\"https:\/\/skin-heal.com\/es\/producto\/restylane-subq-lidocaine-1x2ml\/\" \/>\n<meta property=\"og:locale\" content=\"es_MX\" \/>\n<meta property=\"og:type\" content=\"article\" \/>\n<meta property=\"og:title\" content=\"Restylane SUBQ Lidocaine (1x2ml) - Skin Heal\" \/>\n<meta property=\"og:description\" content=\"Buy Restylane SubQ Lidocaine \u2013 a durable HA filler that provides fast volume correction and facial contouring. It is NASHA Technology-based and safe.\" \/>\n<meta property=\"og:url\" content=\"https:\/\/skin-heal.com\/es\/producto\/restylane-subq-lidocaine-1x2ml\/\" \/>\n<meta property=\"og:site_name\" content=\"Skin Heal\" \/>\n<meta property=\"article:modified_time\" content=\"2023-02-20T17:13:16+00:00\" \/>\n<meta property=\"og:image\" content=\"https:\/\/cdn.skin-heal.com\/wp-content\/uploads\/2018\/11\/Restylane-SUBQ-Lidocaine.jpg\" \/>\n\t<meta property=\"og:image:width\" content=\"550\" \/>\n\t<meta property=\"og:image:height\" content=\"550\" \/>\n\t<meta property=\"og:image:type\" content=\"image\/jpeg\" \/>\n<meta name=\"twitter:card\" content=\"summary_large_image\" \/>\n<meta name=\"twitter:label1\" content=\"Tiempo de lectura\" \/>\n\t<meta name=\"twitter:data1\" content=\"1 minuto\" \/>\n<script type=\"application\/ld+json\" class=\"yoast-schema-graph\">{\"@context\":\"https:\\\/\\\/schema.org\",\"@graph\":[{\"@type\":\"WebPage\",\"@id\":\"https:\\\/\\\/skin-heal.com\\\/product\\\/restylane-subq-lidocaine-1x2ml\\\/\",\"url\":\"https:\\\/\\\/skin-heal.com\\\/product\\\/restylane-subq-lidocaine-1x2ml\\\/\",\"name\":\"Restylane SUBQ Lidocaine (1x2ml) - Skin Heal\",\"isPartOf\":{\"@id\":\"https:\\\/\\\/skin-heal.com\\\/#website\"},\"primaryImageOfPage\":{\"@id\":\"https:\\\/\\\/skin-heal.com\\\/product\\\/restylane-subq-lidocaine-1x2ml\\\/#primaryimage\"},\"image\":{\"@id\":\"https:\\\/\\\/skin-heal.com\\\/product\\\/restylane-subq-lidocaine-1x2ml\\\/#primaryimage\"},\"thumbnailUrl\":\"https:\\\/\\\/skin-heal.com\\\/wp-content\\\/uploads\\\/2018\\\/11\\\/Restylane-SUBQ-Lidocaine.jpg\",\"datePublished\":\"2018-11-23T15:57:07+00:00\",\"dateModified\":\"2023-02-20T17:13:16+00:00\",\"description\":\"Buy Restylane SubQ Lidocaine \u2013 a durable HA filler that provides fast volume correction and facial contouring. It is NASHA Technology-based and safe.\",\"breadcrumb\":{\"@id\":\"https:\\\/\\\/skin-heal.com\\\/product\\\/restylane-subq-lidocaine-1x2ml\\\/#breadcrumb\"},\"inLanguage\":\"es\",\"potentialAction\":[{\"@type\":\"ReadAction\",\"target\":[\"https:\\\/\\\/skin-heal.com\\\/product\\\/restylane-subq-lidocaine-1x2ml\\\/\"]}]},{\"@type\":\"ImageObject\",\"inLanguage\":\"es\",\"@id\":\"https:\\\/\\\/skin-heal.com\\\/product\\\/restylane-subq-lidocaine-1x2ml\\\/#primaryimage\",\"url\":\"https:\\\/\\\/skin-heal.com\\\/wp-content\\\/uploads\\\/2018\\\/11\\\/Restylane-SUBQ-Lidocaine.jpg\",\"contentUrl\":\"https:\\\/\\\/skin-heal.com\\\/wp-content\\\/uploads\\\/2018\\\/11\\\/Restylane-SUBQ-Lidocaine.jpg\",\"width\":550,\"height\":550,\"caption\":\"Restylane SUBQ Lidocaine\"},{\"@type\":\"BreadcrumbList\",\"@id\":\"https:\\\/\\\/skin-heal.com\\\/product\\\/restylane-subq-lidocaine-1x2ml\\\/#breadcrumb\",\"itemListElement\":[{\"@type\":\"ListItem\",\"position\":1,\"name\":\"Home\",\"item\":\"https:\\\/\\\/skin-heal.com\\\/\"},{\"@type\":\"ListItem\",\"position\":2,\"name\":\"Store\",\"item\":\"https:\\\/\\\/skin-heal.com\\\/store\\\/\"},{\"@type\":\"ListItem\",\"position\":3,\"name\":\"Restylane SUBQ Lidocaine (1x2ml)\"}]},{\"@type\":\"WebSite\",\"@id\":\"https:\\\/\\\/skin-heal.com\\\/#website\",\"url\":\"https:\\\/\\\/skin-heal.com\\\/\",\"name\":\"Skin Heal\",\"description\":\"Lowest Prices for Dermal Fillers\",\"potentialAction\":[{\"@type\":\"SearchAction\",\"target\":{\"@type\":\"EntryPoint\",\"urlTemplate\":\"https:\\\/\\\/skin-heal.com\\\/?s={search_term_string}\"},\"query-input\":{\"@type\":\"PropertyValueSpecification\",\"valueRequired\":true,\"valueName\":\"search_term_string\"}}],\"inLanguage\":\"es\"}]}<\/script>\n<!-- \/ Yoast SEO plugin. -->","yoast_head_json":{"title":"Restylane SUBQ Lidoca\u00edna (1x2ml) - Skin Heal","description":"Comprar Restylane SubQ Lidocaine - un relleno de HA duradero que proporciona una r\u00e1pida correcci\u00f3n del volumen y contorno facial. Est\u00e1 basado en la tecnolog\u00eda NASHA y es seguro.","robots":{"index":"index","follow":"follow","max-snippet":"max-snippet:-1","max-image-preview":"max-image-preview:large","max-video-preview":"max-video-preview:-1"},"canonical":"https:\/\/skin-heal.com\/es\/producto\/restylane-subq-lidocaine-1x2ml\/","og_locale":"es_MX","og_type":"article","og_title":"Restylane SUBQ Lidocaine (1x2ml) - Skin Heal","og_description":"Buy Restylane SubQ Lidocaine \u2013 a durable HA filler that provides fast volume correction and facial contouring. It is NASHA Technology-based and safe.","og_url":"https:\/\/skin-heal.com\/es\/producto\/restylane-subq-lidocaine-1x2ml\/","og_site_name":"Skin Heal","article_modified_time":"2023-02-20T17:13:16+00:00","og_image":[{"width":550,"height":550,"url":"https:\/\/cdn.skin-heal.com\/wp-content\/uploads\/2018\/11\/Restylane-SUBQ-Lidocaine.jpg","type":"image\/jpeg"}],"twitter_card":"summary_large_image","twitter_misc":{"Tiempo de lectura":"1 minuto"},"schema":{"@context":"https:\/\/schema.org","@graph":[{"@type":"WebPage","@id":"https:\/\/skin-heal.com\/product\/restylane-subq-lidocaine-1x2ml\/","url":"https:\/\/skin-heal.com\/product\/restylane-subq-lidocaine-1x2ml\/","name":"Restylane SUBQ Lidoca\u00edna (1x2ml) - Skin Heal","isPartOf":{"@id":"https:\/\/skin-heal.com\/#website"},"primaryImageOfPage":{"@id":"https:\/\/skin-heal.com\/product\/restylane-subq-lidocaine-1x2ml\/#primaryimage"},"image":{"@id":"https:\/\/skin-heal.com\/product\/restylane-subq-lidocaine-1x2ml\/#primaryimage"},"thumbnailUrl":"https:\/\/cdn.skin-heal.com\/wp-content\/uploads\/2018\/11\/Restylane-SUBQ-Lidocaine.jpg","datePublished":"2018-11-23T15:57:07+00:00","dateModified":"2023-02-20T17:13:16+00:00","description":"Comprar Restylane SubQ Lidocaine - un relleno de HA duradero que proporciona una r\u00e1pida correcci\u00f3n del volumen y contorno facial. Est\u00e1 basado en la tecnolog\u00eda NASHA y es seguro.","breadcrumb":{"@id":"https:\/\/skin-heal.com\/product\/restylane-subq-lidocaine-1x2ml\/#breadcrumb"},"inLanguage":"es","potentialAction":[{"@type":"ReadAction","target":["https:\/\/skin-heal.com\/product\/restylane-subq-lidocaine-1x2ml\/"]}]},{"@type":"ImageObject","inLanguage":"es","@id":"https:\/\/skin-heal.com\/product\/restylane-subq-lidocaine-1x2ml\/#primaryimage","url":"https:\/\/cdn.skin-heal.com\/wp-content\/uploads\/2018\/11\/Restylane-SUBQ-Lidocaine.jpg","contentUrl":"https:\/\/cdn.skin-heal.com\/wp-content\/uploads\/2018\/11\/Restylane-SUBQ-Lidocaine.jpg","width":550,"height":550,"caption":"Restylane SUBQ Lidocaine"},{"@type":"BreadcrumbList","@id":"https:\/\/skin-heal.com\/product\/restylane-subq-lidocaine-1x2ml\/#breadcrumb","itemListElement":[{"@type":"ListItem","position":1,"name":"Home","item":"https:\/\/skin-heal.com\/"},{"@type":"ListItem","position":2,"name":"Store","item":"https:\/\/skin-heal.com\/store\/"},{"@type":"ListItem","position":3,"name":"Restylane SUBQ Lidocaine (1x2ml)"}]},{"@type":"WebSite","@id":"https:\/\/skin-heal.com\/#website","url":"https:\/\/skin-heal.com\/","name":"Curaci\u00f3n de la piel","description":"Los precios m\u00e1s bajos para los rellenos d\u00e9rmicos","potentialAction":[{"@type":"SearchAction","target":{"@type":"EntryPoint","urlTemplate":"https:\/\/skin-heal.com\/?s={search_term_string}"},"query-input":{"@type":"PropertyValueSpecification","valueRequired":true,"valueName":"search_term_string"}}],"inLanguage":"es"}]}},"_links":{"self":[{"href":"https:\/\/skin-heal.com\/es\/wp-json\/wp\/v2\/product\/690","targetHints":{"allow":["GET"]}}],"collection":[{"href":"https:\/\/skin-heal.com\/es\/wp-json\/wp\/v2\/product"}],"about":[{"href":"https:\/\/skin-heal.com\/es\/wp-json\/wp\/v2\/types\/product"}],"wp:featuredmedia":[{"embeddable":true,"href":"https:\/\/skin-heal.com\/es\/wp-json\/wp\/v2\/media\/834"}],"wp:attachment":[{"href":"https:\/\/skin-heal.com\/es\/wp-json\/wp\/v2\/media?parent=690"}],"wp:term":[{"taxonomy":"product_brand","embeddable":true,"href":"https:\/\/skin-heal.com\/es\/wp-json\/wp\/v2\/product_brand?post=690"},{"taxonomy":"product_cat","embeddable":true,"href":"https:\/\/skin-heal.com\/es\/wp-json\/wp\/v2\/product_cat?post=690"},{"taxonomy":"product_tag","embeddable":true,"href":"https:\/\/skin-heal.com\/es\/wp-json\/wp\/v2\/product_tag?post=690"}],"curies":[{"name":"wp","href":"https:\/\/api.w.org\/{rel}","templated":true}]}}