{"id":691,"date":"2018-11-23T15:58:24","date_gmt":"2018-11-23T15:58:24","guid":{"rendered":"https:\/\/skin-heal.com\/?post_type=product&#038;p=691"},"modified":"2023-02-20T19:11:05","modified_gmt":"2023-02-20T17:11:05","slug":"restylane-skinboosters-vital-1x1ml","status":"publish","type":"product","link":"https:\/\/skin-heal.com\/es\/producto\/restylane-skinboosters-vital-1x1ml\/","title":{"rendered":"Restylane Skinboosters Vital (1x1ml)"},"content":{"rendered":"<p>Este producto contiene \u00e1cido hialur\u00f3nico, pero no es un relleno d\u00e9rmico ni una inyecci\u00f3n para eliminar las arrugas. Restylane Skinboosters Vital es una soluci\u00f3n de tratamiento inyectable de otro tipo. Como su nombre indica, el objetivo real de esta soluci\u00f3n de rejuvenecimiento de la piel es potenciar sus cualidades. Para lograrlo, utiliza las fenomenales propiedades del HA esterilizado. Se trata de una sustancia que se encuentra de forma natural en nuestro cuerpo, pero con la edad, su producci\u00f3n disminuye. Al inyectar el tejido blando con m\u00e1s \u00e1cido hialur\u00f3nico, los m\u00e9dicos pueden potenciar las propiedades de hidrataci\u00f3n, elasticidad y volumen de la piel.<\/p>\n<p><strong>Pacientes para los que este producto es m\u00e1s adecuado<\/strong><\/p>\n<p>Restylane Skinboosters Vital fue desarrollado espec\u00edficamente para el tratamiento del envejecimiento de la piel. Se recomienda su uso en pacientes con pieles maduras (de cualquier tipo). Tanto los hombres como las mujeres son aptos para la terapia de rejuvenecimiento de la piel con este producto. Las \u00e1reas que pueden ser tratadas con \u00e9l incluyen:<\/p>\n<ul>\n<li>Cara<\/li>\n<li>Cuello<\/li>\n<li>Descolocar<\/li>\n<li>El dorso de las manos<\/li>\n<li>La piel alrededor de las rodillas<\/li>\n<li>Piel del codo<\/li>\n<li>Pliegue axilar<\/li>\n<\/ul>\n<p>La concentraci\u00f3n de \u00e1cido hialur\u00f3nico en este producto de mesoterapia avanzada es de 20mg\/ml. Est\u00e1 clasificado como producto m\u00e9dico y su envase incluye una jeringa precargada de 1 ml y tres agujas.<\/p>\n<p>Los efectos secundarios son raros y suelen incluir enrojecimiento, hinchaz\u00f3n y sensibilidad alrededor del lugar de la inyecci\u00f3n. Normalmente, desaparecen unos d\u00edas despu\u00e9s del tratamiento. Los resultados duran entre 4 y 6 meses.<\/p>","protected":false},"excerpt":{"rendered":"<p>Restylane Skinboosters Vital es un tratamiento inyectable de nueva generaci\u00f3n dise\u00f1ado para tratar el envejecimiento de la piel, hidrat\u00e1ndola y alis\u00e1ndola. Adem\u00e1s, puede proporcionar un mayor volumen a las zonas tratadas. Este producto de mesoterapia profesional contiene \u00e1cido hialur\u00f3nico estabilizado, una sustancia que el cuerpo humano produce de forma natural. Por lo tanto, se trata de un producto respetuoso con la salud que ofrece resultados \u00f3ptimos y r\u00e1pidos.<\/p>","protected":false},"featured_media":830,"template":"","meta":[],"product_brand":[],"product_cat":[79,40],"product_tag":[125],"class_list":{"0":"post-691","1":"product","2":"type-product","3":"status-publish","4":"has-post-thumbnail","6":"product_cat-dermal-fillers","7":"product_cat-restylane","8":"product_tag-backorder","9":"clearfix","11":"first","12":"outofstock","13":"taxable","14":"shipping-taxable","15":"purchasable","16":"product-type-simple"},"yoast_head":"<!-- This site is optimized with the Yoast SEO plugin v27.4 - https:\/\/yoast.com\/product\/yoast-seo-wordpress\/ -->\n<title>Restylane Skinboosters Vital (1x1ml) - Skin Heal<\/title>\n<meta name=\"description\" content=\"Restylane Skinboosters Vital is a trusted mesotherapy product that is injected into the skin to make it smoother, more hydrated and to give it volume.\" \/>\n<meta name=\"robots\" content=\"index, follow, max-snippet:-1, max-image-preview:large, max-video-preview:-1\" \/>\n<link rel=\"canonical\" href=\"https:\/\/skin-heal.com\/es\/producto\/restylane-skinboosters-vital-1x1ml\/\" \/>\n<meta property=\"og:locale\" content=\"es_MX\" \/>\n<meta property=\"og:type\" content=\"article\" \/>\n<meta property=\"og:title\" content=\"Restylane Skinboosters Vital (1x1ml) - Skin Heal\" \/>\n<meta property=\"og:description\" content=\"Restylane Skinboosters Vital is a trusted mesotherapy product that is injected into the skin to make it smoother, more hydrated and to give it volume.\" \/>\n<meta property=\"og:url\" content=\"https:\/\/skin-heal.com\/es\/producto\/restylane-skinboosters-vital-1x1ml\/\" \/>\n<meta property=\"og:site_name\" content=\"Skin Heal\" \/>\n<meta property=\"article:modified_time\" content=\"2023-02-20T17:11:05+00:00\" \/>\n<meta property=\"og:image\" content=\"https:\/\/cdn.skin-heal.com\/wp-content\/uploads\/2018\/11\/Restylane-Skinbooster-Vital.jpg\" \/>\n\t<meta property=\"og:image:width\" content=\"550\" \/>\n\t<meta property=\"og:image:height\" content=\"550\" \/>\n\t<meta property=\"og:image:type\" content=\"image\/jpeg\" \/>\n<meta name=\"twitter:card\" content=\"summary_large_image\" \/>\n<meta name=\"twitter:label1\" content=\"Tiempo de lectura\" \/>\n\t<meta name=\"twitter:data1\" content=\"1 minuto\" \/>\n<script type=\"application\/ld+json\" class=\"yoast-schema-graph\">{\"@context\":\"https:\\\/\\\/schema.org\",\"@graph\":[{\"@type\":\"WebPage\",\"@id\":\"https:\\\/\\\/skin-heal.com\\\/product\\\/restylane-skinboosters-vital-1x1ml\\\/\",\"url\":\"https:\\\/\\\/skin-heal.com\\\/product\\\/restylane-skinboosters-vital-1x1ml\\\/\",\"name\":\"Restylane Skinboosters Vital (1x1ml) - Skin Heal\",\"isPartOf\":{\"@id\":\"https:\\\/\\\/skin-heal.com\\\/#website\"},\"primaryImageOfPage\":{\"@id\":\"https:\\\/\\\/skin-heal.com\\\/product\\\/restylane-skinboosters-vital-1x1ml\\\/#primaryimage\"},\"image\":{\"@id\":\"https:\\\/\\\/skin-heal.com\\\/product\\\/restylane-skinboosters-vital-1x1ml\\\/#primaryimage\"},\"thumbnailUrl\":\"https:\\\/\\\/skin-heal.com\\\/wp-content\\\/uploads\\\/2018\\\/11\\\/Restylane-Skinbooster-Vital.jpg\",\"datePublished\":\"2018-11-23T15:58:24+00:00\",\"dateModified\":\"2023-02-20T17:11:05+00:00\",\"description\":\"Restylane Skinboosters Vital is a trusted mesotherapy product that is injected into the skin to make it smoother, more hydrated and to give it volume.\",\"breadcrumb\":{\"@id\":\"https:\\\/\\\/skin-heal.com\\\/product\\\/restylane-skinboosters-vital-1x1ml\\\/#breadcrumb\"},\"inLanguage\":\"es\",\"potentialAction\":[{\"@type\":\"ReadAction\",\"target\":[\"https:\\\/\\\/skin-heal.com\\\/product\\\/restylane-skinboosters-vital-1x1ml\\\/\"]}]},{\"@type\":\"ImageObject\",\"inLanguage\":\"es\",\"@id\":\"https:\\\/\\\/skin-heal.com\\\/product\\\/restylane-skinboosters-vital-1x1ml\\\/#primaryimage\",\"url\":\"https:\\\/\\\/skin-heal.com\\\/wp-content\\\/uploads\\\/2018\\\/11\\\/Restylane-Skinbooster-Vital.jpg\",\"contentUrl\":\"https:\\\/\\\/skin-heal.com\\\/wp-content\\\/uploads\\\/2018\\\/11\\\/Restylane-Skinbooster-Vital.jpg\",\"width\":550,\"height\":550,\"caption\":\"Restylane Skinboosters Vital\"},{\"@type\":\"BreadcrumbList\",\"@id\":\"https:\\\/\\\/skin-heal.com\\\/product\\\/restylane-skinboosters-vital-1x1ml\\\/#breadcrumb\",\"itemListElement\":[{\"@type\":\"ListItem\",\"position\":1,\"name\":\"Home\",\"item\":\"https:\\\/\\\/skin-heal.com\\\/\"},{\"@type\":\"ListItem\",\"position\":2,\"name\":\"Store\",\"item\":\"https:\\\/\\\/skin-heal.com\\\/store\\\/\"},{\"@type\":\"ListItem\",\"position\":3,\"name\":\"Restylane Skinboosters Vital (1x1ml)\"}]},{\"@type\":\"WebSite\",\"@id\":\"https:\\\/\\\/skin-heal.com\\\/#website\",\"url\":\"https:\\\/\\\/skin-heal.com\\\/\",\"name\":\"Skin Heal\",\"description\":\"Lowest Prices for Dermal Fillers\",\"potentialAction\":[{\"@type\":\"SearchAction\",\"target\":{\"@type\":\"EntryPoint\",\"urlTemplate\":\"https:\\\/\\\/skin-heal.com\\\/?s={search_term_string}\"},\"query-input\":{\"@type\":\"PropertyValueSpecification\",\"valueRequired\":true,\"valueName\":\"search_term_string\"}}],\"inLanguage\":\"es\"}]}<\/script>\n<!-- \/ Yoast SEO plugin. -->","yoast_head_json":{"title":"Restylane Skinboosters Vital (1x1ml) - Skin Heal","description":"Restylane Skinboosters Vital es un producto de mesoterapia de confianza que se inyecta en la piel para alisarla, hidratarla y darle volumen.","robots":{"index":"index","follow":"follow","max-snippet":"max-snippet:-1","max-image-preview":"max-image-preview:large","max-video-preview":"max-video-preview:-1"},"canonical":"https:\/\/skin-heal.com\/es\/producto\/restylane-skinboosters-vital-1x1ml\/","og_locale":"es_MX","og_type":"article","og_title":"Restylane Skinboosters Vital (1x1ml) - Skin Heal","og_description":"Restylane Skinboosters Vital is a trusted mesotherapy product that is injected into the skin to make it smoother, more hydrated and to give it volume.","og_url":"https:\/\/skin-heal.com\/es\/producto\/restylane-skinboosters-vital-1x1ml\/","og_site_name":"Skin Heal","article_modified_time":"2023-02-20T17:11:05+00:00","og_image":[{"width":550,"height":550,"url":"https:\/\/cdn.skin-heal.com\/wp-content\/uploads\/2018\/11\/Restylane-Skinbooster-Vital.jpg","type":"image\/jpeg"}],"twitter_card":"summary_large_image","twitter_misc":{"Tiempo de lectura":"1 minuto"},"schema":{"@context":"https:\/\/schema.org","@graph":[{"@type":"WebPage","@id":"https:\/\/skin-heal.com\/product\/restylane-skinboosters-vital-1x1ml\/","url":"https:\/\/skin-heal.com\/product\/restylane-skinboosters-vital-1x1ml\/","name":"Restylane Skinboosters Vital (1x1ml) - Skin Heal","isPartOf":{"@id":"https:\/\/skin-heal.com\/#website"},"primaryImageOfPage":{"@id":"https:\/\/skin-heal.com\/product\/restylane-skinboosters-vital-1x1ml\/#primaryimage"},"image":{"@id":"https:\/\/skin-heal.com\/product\/restylane-skinboosters-vital-1x1ml\/#primaryimage"},"thumbnailUrl":"https:\/\/cdn.skin-heal.com\/wp-content\/uploads\/2018\/11\/Restylane-Skinbooster-Vital.jpg","datePublished":"2018-11-23T15:58:24+00:00","dateModified":"2023-02-20T17:11:05+00:00","description":"Restylane Skinboosters Vital es un producto de mesoterapia de confianza que se inyecta en la piel para alisarla, hidratarla y darle volumen.","breadcrumb":{"@id":"https:\/\/skin-heal.com\/product\/restylane-skinboosters-vital-1x1ml\/#breadcrumb"},"inLanguage":"es","potentialAction":[{"@type":"ReadAction","target":["https:\/\/skin-heal.com\/product\/restylane-skinboosters-vital-1x1ml\/"]}]},{"@type":"ImageObject","inLanguage":"es","@id":"https:\/\/skin-heal.com\/product\/restylane-skinboosters-vital-1x1ml\/#primaryimage","url":"https:\/\/cdn.skin-heal.com\/wp-content\/uploads\/2018\/11\/Restylane-Skinbooster-Vital.jpg","contentUrl":"https:\/\/cdn.skin-heal.com\/wp-content\/uploads\/2018\/11\/Restylane-Skinbooster-Vital.jpg","width":550,"height":550,"caption":"Restylane Skinboosters Vital"},{"@type":"BreadcrumbList","@id":"https:\/\/skin-heal.com\/product\/restylane-skinboosters-vital-1x1ml\/#breadcrumb","itemListElement":[{"@type":"ListItem","position":1,"name":"Home","item":"https:\/\/skin-heal.com\/"},{"@type":"ListItem","position":2,"name":"Store","item":"https:\/\/skin-heal.com\/store\/"},{"@type":"ListItem","position":3,"name":"Restylane Skinboosters Vital (1x1ml)"}]},{"@type":"WebSite","@id":"https:\/\/skin-heal.com\/#website","url":"https:\/\/skin-heal.com\/","name":"Curaci\u00f3n de la piel","description":"Los precios m\u00e1s bajos para los rellenos d\u00e9rmicos","potentialAction":[{"@type":"SearchAction","target":{"@type":"EntryPoint","urlTemplate":"https:\/\/skin-heal.com\/?s={search_term_string}"},"query-input":{"@type":"PropertyValueSpecification","valueRequired":true,"valueName":"search_term_string"}}],"inLanguage":"es"}]}},"_links":{"self":[{"href":"https:\/\/skin-heal.com\/es\/wp-json\/wp\/v2\/product\/691","targetHints":{"allow":["GET"]}}],"collection":[{"href":"https:\/\/skin-heal.com\/es\/wp-json\/wp\/v2\/product"}],"about":[{"href":"https:\/\/skin-heal.com\/es\/wp-json\/wp\/v2\/types\/product"}],"wp:featuredmedia":[{"embeddable":true,"href":"https:\/\/skin-heal.com\/es\/wp-json\/wp\/v2\/media\/830"}],"wp:attachment":[{"href":"https:\/\/skin-heal.com\/es\/wp-json\/wp\/v2\/media?parent=691"}],"wp:term":[{"taxonomy":"product_brand","embeddable":true,"href":"https:\/\/skin-heal.com\/es\/wp-json\/wp\/v2\/product_brand?post=691"},{"taxonomy":"product_cat","embeddable":true,"href":"https:\/\/skin-heal.com\/es\/wp-json\/wp\/v2\/product_cat?post=691"},{"taxonomy":"product_tag","embeddable":true,"href":"https:\/\/skin-heal.com\/es\/wp-json\/wp\/v2\/product_tag?post=691"}],"curies":[{"name":"wp","href":"https:\/\/api.w.org\/{rel}","templated":true}]}}