{"id":692,"date":"2018-11-23T15:59:34","date_gmt":"2018-11-23T15:59:34","guid":{"rendered":"https:\/\/skin-heal.com\/?post_type=product&#038;p=692"},"modified":"2023-02-20T19:09:13","modified_gmt":"2023-02-20T17:09:13","slug":"restylane-skinboosters-vital-light-1x1ml","status":"publish","type":"product","link":"https:\/\/skin-heal.com\/es\/producto\/restylane-skinboosters-vital-light-1x1ml\/","title":{"rendered":"Restylane Skinboosters Vital Light (1x1ml)"},"content":{"rendered":"<p><strong>La diferencia entre Skinboosters Vital Light y Skinboosters Vital<\/strong><\/p>\n<p>Ambos productos tienen muchas cosas en com\u00fan: ofrecen una hidrataci\u00f3n y una elasticidad duraderas de la piel y pueden corregir las l\u00edneas de expresi\u00f3n. Cada uno de ellos contiene \u00e1cido hialur\u00f3nico esterilizado e implica un tratamiento de inyecci\u00f3n. A pesar de ello, Restylane Skinboosters Vital Light es la versi\u00f3n m\u00e1s ligera del producto original de Restylane para potenciar la piel. Tiene una menor concentraci\u00f3n de part\u00edculas de AH (12mg\/ml) y su objetivo no es tanto corregir las imperfecciones de la piel como posponer su formaci\u00f3n. Por ello, este producto m\u00e9dico certificado se centra en el tratamiento de pacientes que tienen una piel m\u00e1s delicada o m\u00e1s joven.<\/p>\n<p>Adem\u00e1s de mantener el aspecto juvenil de la piel durante m\u00e1s tiempo, este fant\u00e1stico producto de mesoterapia tambi\u00e9n puede darle un brillo extra, mejores propiedades de turgencia y una textura de la piel m\u00e1s sana y mejorada. Las zonas de tratamiento son el rostro, el escote y el cuello. Otras partes del cuerpo (rodillas, codos, dorso de las manos, etc.) tambi\u00e9n pueden tratarse con esta obra maestra del rejuvenecimiento cut\u00e1neo.<\/p>\n<p><strong>Beneficios de Restylane Skinboosters Vital Light<\/strong><\/p>\n<ul>\n<li>Uno de los pocos tratamientos inyectables que tienen car\u00e1cter preventivo<\/li>\n<li>Muy seguro ya que est\u00e1 hecho de materias primas de primera calidad y HA purificado<\/li>\n<li>Resultados inmediatos (con una longevidad de 4 a 6 meses)<\/li>\n<li>No invasivo, no agresivo, no quir\u00fargico<\/li>\n<\/ul>","protected":false},"excerpt":{"rendered":"<p>Restylane Skinboosters Vital Light es el mejor producto de inyecci\u00f3n de HA para pacientes con una piel delicada o joven. Tiene una funci\u00f3n preventiva: hidratar\u00e1 la piel y mejorar\u00e1 su textura para garantizar que los signos de envejecimiento se mantengan a raya. Este producto de mesoterapia de larga duraci\u00f3n puede aplicarse en los tejidos blandos mediante una inyecci\u00f3n y puede tratar varias zonas del rostro y del cuerpo.<\/p>","protected":false},"featured_media":833,"template":"","meta":[],"product_brand":[],"product_cat":[79,40],"product_tag":[125],"class_list":{"0":"post-692","1":"product","2":"type-product","3":"status-publish","4":"has-post-thumbnail","6":"product_cat-dermal-fillers","7":"product_cat-restylane","8":"product_tag-backorder","9":"clearfix","11":"first","12":"outofstock","13":"taxable","14":"shipping-taxable","15":"purchasable","16":"product-type-simple"},"yoast_head":"<!-- This site is optimized with the Yoast SEO plugin v27.3 - https:\/\/yoast.com\/product\/yoast-seo-wordpress\/ -->\n<title>Restylane Skinboosters Vital Light (1x1ml) - Skin Heal<\/title>\n<meta name=\"description\" content=\"Restylane Skinboosters Vital Light is a safe mesotherapy product that offers preventive skin rejuvenation treatment for younger patients. It contains HA.\" \/>\n<meta name=\"robots\" content=\"index, follow, max-snippet:-1, max-image-preview:large, max-video-preview:-1\" \/>\n<link rel=\"canonical\" href=\"https:\/\/skin-heal.com\/es\/producto\/restylane-skinboosters-vital-light-1x1ml\/\" \/>\n<meta property=\"og:locale\" content=\"es_MX\" \/>\n<meta property=\"og:type\" content=\"article\" \/>\n<meta property=\"og:title\" content=\"Restylane Skinboosters Vital Light (1x1ml) - Skin Heal\" \/>\n<meta property=\"og:description\" content=\"Restylane Skinboosters Vital Light is a safe mesotherapy product that offers preventive skin rejuvenation treatment for younger patients. It contains HA.\" \/>\n<meta property=\"og:url\" content=\"https:\/\/skin-heal.com\/es\/producto\/restylane-skinboosters-vital-light-1x1ml\/\" \/>\n<meta property=\"og:site_name\" content=\"Skin Heal\" \/>\n<meta property=\"article:modified_time\" content=\"2023-02-20T17:09:13+00:00\" \/>\n<meta property=\"og:image\" content=\"https:\/\/cdn.skin-heal.com\/wp-content\/uploads\/2018\/11\/Restylane-Skinboosters-Vital-Light.jpg\" \/>\n\t<meta property=\"og:image:width\" content=\"550\" \/>\n\t<meta property=\"og:image:height\" content=\"550\" \/>\n\t<meta property=\"og:image:type\" content=\"image\/jpeg\" \/>\n<meta name=\"twitter:card\" content=\"summary_large_image\" \/>\n<meta name=\"twitter:label1\" content=\"Tiempo de lectura\" \/>\n\t<meta name=\"twitter:data1\" content=\"1 minuto\" \/>\n<script type=\"application\/ld+json\" class=\"yoast-schema-graph\">{\"@context\":\"https:\\\/\\\/schema.org\",\"@graph\":[{\"@type\":\"WebPage\",\"@id\":\"https:\\\/\\\/skin-heal.com\\\/product\\\/restylane-skinboosters-vital-light-1x1ml\\\/\",\"url\":\"https:\\\/\\\/skin-heal.com\\\/product\\\/restylane-skinboosters-vital-light-1x1ml\\\/\",\"name\":\"Restylane Skinboosters Vital Light (1x1ml) - Skin Heal\",\"isPartOf\":{\"@id\":\"https:\\\/\\\/skin-heal.com\\\/#website\"},\"primaryImageOfPage\":{\"@id\":\"https:\\\/\\\/skin-heal.com\\\/product\\\/restylane-skinboosters-vital-light-1x1ml\\\/#primaryimage\"},\"image\":{\"@id\":\"https:\\\/\\\/skin-heal.com\\\/product\\\/restylane-skinboosters-vital-light-1x1ml\\\/#primaryimage\"},\"thumbnailUrl\":\"https:\\\/\\\/skin-heal.com\\\/wp-content\\\/uploads\\\/2018\\\/11\\\/Restylane-Skinboosters-Vital-Light.jpg\",\"datePublished\":\"2018-11-23T15:59:34+00:00\",\"dateModified\":\"2023-02-20T17:09:13+00:00\",\"description\":\"Restylane Skinboosters Vital Light is a safe mesotherapy product that offers preventive skin rejuvenation treatment for younger patients. It contains HA.\",\"breadcrumb\":{\"@id\":\"https:\\\/\\\/skin-heal.com\\\/product\\\/restylane-skinboosters-vital-light-1x1ml\\\/#breadcrumb\"},\"inLanguage\":\"es\",\"potentialAction\":[{\"@type\":\"ReadAction\",\"target\":[\"https:\\\/\\\/skin-heal.com\\\/product\\\/restylane-skinboosters-vital-light-1x1ml\\\/\"]}]},{\"@type\":\"ImageObject\",\"inLanguage\":\"es\",\"@id\":\"https:\\\/\\\/skin-heal.com\\\/product\\\/restylane-skinboosters-vital-light-1x1ml\\\/#primaryimage\",\"url\":\"https:\\\/\\\/skin-heal.com\\\/wp-content\\\/uploads\\\/2018\\\/11\\\/Restylane-Skinboosters-Vital-Light.jpg\",\"contentUrl\":\"https:\\\/\\\/skin-heal.com\\\/wp-content\\\/uploads\\\/2018\\\/11\\\/Restylane-Skinboosters-Vital-Light.jpg\",\"width\":550,\"height\":550,\"caption\":\"Restylane Skinboosters Vital Light\"},{\"@type\":\"BreadcrumbList\",\"@id\":\"https:\\\/\\\/skin-heal.com\\\/product\\\/restylane-skinboosters-vital-light-1x1ml\\\/#breadcrumb\",\"itemListElement\":[{\"@type\":\"ListItem\",\"position\":1,\"name\":\"Home\",\"item\":\"https:\\\/\\\/skin-heal.com\\\/\"},{\"@type\":\"ListItem\",\"position\":2,\"name\":\"Store\",\"item\":\"https:\\\/\\\/skin-heal.com\\\/store\\\/\"},{\"@type\":\"ListItem\",\"position\":3,\"name\":\"Restylane Skinboosters Vital Light (1x1ml)\"}]},{\"@type\":\"WebSite\",\"@id\":\"https:\\\/\\\/skin-heal.com\\\/#website\",\"url\":\"https:\\\/\\\/skin-heal.com\\\/\",\"name\":\"Skin Heal\",\"description\":\"Lowest Prices for Dermal Fillers\",\"potentialAction\":[{\"@type\":\"SearchAction\",\"target\":{\"@type\":\"EntryPoint\",\"urlTemplate\":\"https:\\\/\\\/skin-heal.com\\\/?s={search_term_string}\"},\"query-input\":{\"@type\":\"PropertyValueSpecification\",\"valueRequired\":true,\"valueName\":\"search_term_string\"}}],\"inLanguage\":\"es\"}]}<\/script>\n<!-- \/ Yoast SEO plugin. -->","yoast_head_json":{"title":"Restylane Skinboosters Vital Light (1x1ml) - Skin Heal","description":"Restylane Skinboosters Vital Light es un producto de mesoterapia seguro que ofrece un tratamiento preventivo de rejuvenecimiento cut\u00e1neo para pacientes j\u00f3venes. Contiene HA.","robots":{"index":"index","follow":"follow","max-snippet":"max-snippet:-1","max-image-preview":"max-image-preview:large","max-video-preview":"max-video-preview:-1"},"canonical":"https:\/\/skin-heal.com\/es\/producto\/restylane-skinboosters-vital-light-1x1ml\/","og_locale":"es_MX","og_type":"article","og_title":"Restylane Skinboosters Vital Light (1x1ml) - Skin Heal","og_description":"Restylane Skinboosters Vital Light is a safe mesotherapy product that offers preventive skin rejuvenation treatment for younger patients. It contains HA.","og_url":"https:\/\/skin-heal.com\/es\/producto\/restylane-skinboosters-vital-light-1x1ml\/","og_site_name":"Skin Heal","article_modified_time":"2023-02-20T17:09:13+00:00","og_image":[{"width":550,"height":550,"url":"https:\/\/cdn.skin-heal.com\/wp-content\/uploads\/2018\/11\/Restylane-Skinboosters-Vital-Light.jpg","type":"image\/jpeg"}],"twitter_card":"summary_large_image","twitter_misc":{"Tiempo de lectura":"1 minuto"},"schema":{"@context":"https:\/\/schema.org","@graph":[{"@type":"WebPage","@id":"https:\/\/skin-heal.com\/product\/restylane-skinboosters-vital-light-1x1ml\/","url":"https:\/\/skin-heal.com\/product\/restylane-skinboosters-vital-light-1x1ml\/","name":"Restylane Skinboosters Vital Light (1x1ml) - Skin Heal","isPartOf":{"@id":"https:\/\/skin-heal.com\/#website"},"primaryImageOfPage":{"@id":"https:\/\/skin-heal.com\/product\/restylane-skinboosters-vital-light-1x1ml\/#primaryimage"},"image":{"@id":"https:\/\/skin-heal.com\/product\/restylane-skinboosters-vital-light-1x1ml\/#primaryimage"},"thumbnailUrl":"https:\/\/cdn.skin-heal.com\/wp-content\/uploads\/2018\/11\/Restylane-Skinboosters-Vital-Light.jpg","datePublished":"2018-11-23T15:59:34+00:00","dateModified":"2023-02-20T17:09:13+00:00","description":"Restylane Skinboosters Vital Light es un producto de mesoterapia seguro que ofrece un tratamiento preventivo de rejuvenecimiento cut\u00e1neo para pacientes j\u00f3venes. Contiene HA.","breadcrumb":{"@id":"https:\/\/skin-heal.com\/product\/restylane-skinboosters-vital-light-1x1ml\/#breadcrumb"},"inLanguage":"es","potentialAction":[{"@type":"ReadAction","target":["https:\/\/skin-heal.com\/product\/restylane-skinboosters-vital-light-1x1ml\/"]}]},{"@type":"ImageObject","inLanguage":"es","@id":"https:\/\/skin-heal.com\/product\/restylane-skinboosters-vital-light-1x1ml\/#primaryimage","url":"https:\/\/cdn.skin-heal.com\/wp-content\/uploads\/2018\/11\/Restylane-Skinboosters-Vital-Light.jpg","contentUrl":"https:\/\/cdn.skin-heal.com\/wp-content\/uploads\/2018\/11\/Restylane-Skinboosters-Vital-Light.jpg","width":550,"height":550,"caption":"Restylane Skinboosters Vital Light"},{"@type":"BreadcrumbList","@id":"https:\/\/skin-heal.com\/product\/restylane-skinboosters-vital-light-1x1ml\/#breadcrumb","itemListElement":[{"@type":"ListItem","position":1,"name":"Home","item":"https:\/\/skin-heal.com\/"},{"@type":"ListItem","position":2,"name":"Store","item":"https:\/\/skin-heal.com\/store\/"},{"@type":"ListItem","position":3,"name":"Restylane Skinboosters Vital Light (1x1ml)"}]},{"@type":"WebSite","@id":"https:\/\/skin-heal.com\/#website","url":"https:\/\/skin-heal.com\/","name":"Curaci\u00f3n de la piel","description":"Los precios m\u00e1s bajos para los rellenos d\u00e9rmicos","potentialAction":[{"@type":"SearchAction","target":{"@type":"EntryPoint","urlTemplate":"https:\/\/skin-heal.com\/?s={search_term_string}"},"query-input":{"@type":"PropertyValueSpecification","valueRequired":true,"valueName":"search_term_string"}}],"inLanguage":"es"}]}},"_links":{"self":[{"href":"https:\/\/skin-heal.com\/es\/wp-json\/wp\/v2\/product\/692","targetHints":{"allow":["GET"]}}],"collection":[{"href":"https:\/\/skin-heal.com\/es\/wp-json\/wp\/v2\/product"}],"about":[{"href":"https:\/\/skin-heal.com\/es\/wp-json\/wp\/v2\/types\/product"}],"wp:featuredmedia":[{"embeddable":true,"href":"https:\/\/skin-heal.com\/es\/wp-json\/wp\/v2\/media\/833"}],"wp:attachment":[{"href":"https:\/\/skin-heal.com\/es\/wp-json\/wp\/v2\/media?parent=692"}],"wp:term":[{"taxonomy":"product_brand","embeddable":true,"href":"https:\/\/skin-heal.com\/es\/wp-json\/wp\/v2\/product_brand?post=692"},{"taxonomy":"product_cat","embeddable":true,"href":"https:\/\/skin-heal.com\/es\/wp-json\/wp\/v2\/product_cat?post=692"},{"taxonomy":"product_tag","embeddable":true,"href":"https:\/\/skin-heal.com\/es\/wp-json\/wp\/v2\/product_tag?post=692"}],"curies":[{"name":"wp","href":"https:\/\/api.w.org\/{rel}","templated":true}]}}