{"id":693,"date":"2018-11-23T16:00:45","date_gmt":"2018-11-23T16:00:45","guid":{"rendered":"https:\/\/skin-heal.com\/?post_type=product&#038;p=693"},"modified":"2023-02-20T18:57:58","modified_gmt":"2023-02-20T16:57:58","slug":"restylane-skinboosters-vital-with-lidocaine-1x1ml","status":"publish","type":"product","link":"https:\/\/skin-heal.com\/es\/producto\/restylane-skinboosters-vital-with-lidocaine-1x1ml\/","title":{"rendered":"Restylane Skinboosters Vital con Lidoca\u00edna (1x1ml)"},"content":{"rendered":"<ul>\n<li><strong>Duraci\u00f3n de los resultados<\/strong> - Entre 4 y 6 meses<\/li>\n<li><strong>Principales ingredientes<\/strong> - 20mg\/ml de \u00e1cido hialur\u00f3nico y 0,3% de lidoca\u00edna<\/li>\n<li><strong>Zonas tratadas<\/strong> - Principalmente en la cara, el cuello y el escote, pero tambi\u00e9n en otras partes del cuerpo (dorso de las manos, piel de los codos, etc.)<\/li>\n<\/ul>\n<p><strong>\u00bfCu\u00e1ntos tratamientos son necesarios para que los resultados sean visibles?<\/strong><\/p>\n<p>Se trata de un producto de inyecci\u00f3n de AH l\u00edder en la industria y, como tal, ofrece excelentes efectos que pueden verse y sentirse desde la primera sesi\u00f3n de tratamiento. El procedimiento en s\u00ed suele durar unos 30 minutos y no incluye ning\u00fan tiempo de inactividad despu\u00e9s de eso. Sin embargo, Restylane Skinboosters Vital Lidocaine est\u00e1 basado en el \u00e1cido hialur\u00f3nico. Esto significa que se descompone de forma natural en la piel. Por lo tanto, para que el resultado del tratamiento se mantenga y se prolongue, los m\u00e9dicos pueden programar sesiones adicionales. Se recomienda un ciclo inicial de 4 sesiones que deben realizarse con un intervalo de 4 semanas. El proceso puede repetirse al cabo de seis meses.<\/p>\n<p>Restylane Skinboosters Vital Lidocaine es un producto de mesoterapia con infusi\u00f3n de lidoca\u00edna y tiene el poder de reducir el dolor y las molestias durante el tratamiento, proporcionando a los pacientes una experiencia general m\u00e1s positiva.<\/p>","protected":false},"excerpt":{"rendered":"<p>Restylane Skinboosters Vital Lidocaine no es la t\u00edpica inyecci\u00f3n de relleno porque trata la piel de dentro a fuera. Contiene \u00c1cido Hialur\u00f3nico de primera calidad que, cuando se inyecta en la piel, aumenta su plenitud. El producto hidrata las zonas tratadas de forma natural y segura, dando como resultado una piel m\u00e1s suave y radiante. Desarrollado para pieles envejecidas, este producto de mesoterapia de primera calidad tambi\u00e9n es adecuado para pacientes que han soportado una exposici\u00f3n solar excesiva.<\/p>","protected":false},"featured_media":831,"template":"","meta":[],"product_brand":[],"product_cat":[79,40,144],"product_tag":[145],"class_list":{"0":"post-693","1":"product","2":"type-product","3":"status-publish","4":"has-post-thumbnail","6":"product_cat-dermal-fillers","7":"product_cat-restylane","8":"product_cat-holiday-mega-sale","9":"product_tag-5off","10":"clearfix","12":"first","13":"instock","14":"sale","15":"taxable","16":"shipping-taxable","17":"purchasable","18":"product-type-simple"},"yoast_head":"<!-- This site is optimized with the Yoast SEO plugin v27.4 - https:\/\/yoast.com\/product\/yoast-seo-wordpress\/ -->\n<title>Restylane Skinboosters Vital with Lidocaine (1x1ml) - Skin Heal<\/title>\n<meta name=\"description\" content=\"Restylane Skinboosters Vital Lidocaine targets aging skin. This HA-based mesotherapy product provides the skin with elasticity, radiance &amp; smoothness.\" \/>\n<meta name=\"robots\" content=\"index, follow, max-snippet:-1, max-image-preview:large, max-video-preview:-1\" \/>\n<link rel=\"canonical\" href=\"https:\/\/skin-heal.com\/es\/producto\/restylane-skinboosters-vital-with-lidocaine-1x1ml\/\" \/>\n<meta property=\"og:locale\" content=\"es_MX\" \/>\n<meta property=\"og:type\" content=\"article\" \/>\n<meta property=\"og:title\" content=\"Restylane Skinboosters Vital with Lidocaine (1x1ml) - Skin Heal\" \/>\n<meta property=\"og:description\" content=\"Restylane Skinboosters Vital Lidocaine targets aging skin. This HA-based mesotherapy product provides the skin with elasticity, radiance &amp; smoothness.\" \/>\n<meta property=\"og:url\" content=\"https:\/\/skin-heal.com\/es\/producto\/restylane-skinboosters-vital-with-lidocaine-1x1ml\/\" \/>\n<meta property=\"og:site_name\" content=\"Skin Heal\" \/>\n<meta property=\"article:modified_time\" content=\"2023-02-20T16:57:58+00:00\" \/>\n<meta property=\"og:image\" content=\"https:\/\/cdn.skin-heal.com\/wp-content\/uploads\/2018\/11\/Restylane-Skinboosters-Vital-Lidocaine.jpg\" \/>\n\t<meta property=\"og:image:width\" content=\"550\" \/>\n\t<meta property=\"og:image:height\" content=\"550\" \/>\n\t<meta property=\"og:image:type\" content=\"image\/jpeg\" \/>\n<meta name=\"twitter:card\" content=\"summary_large_image\" \/>\n<meta name=\"twitter:label1\" content=\"Tiempo de lectura\" \/>\n\t<meta name=\"twitter:data1\" content=\"1 minuto\" \/>\n<script type=\"application\/ld+json\" class=\"yoast-schema-graph\">{\"@context\":\"https:\\\/\\\/schema.org\",\"@graph\":[{\"@type\":\"WebPage\",\"@id\":\"https:\\\/\\\/skin-heal.com\\\/product\\\/restylane-skinboosters-vital-with-lidocaine-1x1ml\\\/\",\"url\":\"https:\\\/\\\/skin-heal.com\\\/product\\\/restylane-skinboosters-vital-with-lidocaine-1x1ml\\\/\",\"name\":\"Restylane Skinboosters Vital with Lidocaine (1x1ml) - Skin Heal\",\"isPartOf\":{\"@id\":\"https:\\\/\\\/skin-heal.com\\\/#website\"},\"primaryImageOfPage\":{\"@id\":\"https:\\\/\\\/skin-heal.com\\\/product\\\/restylane-skinboosters-vital-with-lidocaine-1x1ml\\\/#primaryimage\"},\"image\":{\"@id\":\"https:\\\/\\\/skin-heal.com\\\/product\\\/restylane-skinboosters-vital-with-lidocaine-1x1ml\\\/#primaryimage\"},\"thumbnailUrl\":\"https:\\\/\\\/skin-heal.com\\\/wp-content\\\/uploads\\\/2018\\\/11\\\/Restylane-Skinboosters-Vital-Lidocaine.jpg\",\"datePublished\":\"2018-11-23T16:00:45+00:00\",\"dateModified\":\"2023-02-20T16:57:58+00:00\",\"description\":\"Restylane Skinboosters Vital Lidocaine targets aging skin. This HA-based mesotherapy product provides the skin with elasticity, radiance & smoothness.\",\"breadcrumb\":{\"@id\":\"https:\\\/\\\/skin-heal.com\\\/product\\\/restylane-skinboosters-vital-with-lidocaine-1x1ml\\\/#breadcrumb\"},\"inLanguage\":\"es\",\"potentialAction\":[{\"@type\":\"ReadAction\",\"target\":[\"https:\\\/\\\/skin-heal.com\\\/product\\\/restylane-skinboosters-vital-with-lidocaine-1x1ml\\\/\"]}]},{\"@type\":\"ImageObject\",\"inLanguage\":\"es\",\"@id\":\"https:\\\/\\\/skin-heal.com\\\/product\\\/restylane-skinboosters-vital-with-lidocaine-1x1ml\\\/#primaryimage\",\"url\":\"https:\\\/\\\/skin-heal.com\\\/wp-content\\\/uploads\\\/2018\\\/11\\\/Restylane-Skinboosters-Vital-Lidocaine.jpg\",\"contentUrl\":\"https:\\\/\\\/skin-heal.com\\\/wp-content\\\/uploads\\\/2018\\\/11\\\/Restylane-Skinboosters-Vital-Lidocaine.jpg\",\"width\":550,\"height\":550,\"caption\":\"Restylane Skinboosters Vital Lidocaine\"},{\"@type\":\"BreadcrumbList\",\"@id\":\"https:\\\/\\\/skin-heal.com\\\/product\\\/restylane-skinboosters-vital-with-lidocaine-1x1ml\\\/#breadcrumb\",\"itemListElement\":[{\"@type\":\"ListItem\",\"position\":1,\"name\":\"Home\",\"item\":\"https:\\\/\\\/skin-heal.com\\\/\"},{\"@type\":\"ListItem\",\"position\":2,\"name\":\"Store\",\"item\":\"https:\\\/\\\/skin-heal.com\\\/store\\\/\"},{\"@type\":\"ListItem\",\"position\":3,\"name\":\"Restylane Skinboosters Vital with Lidocaine (1x1ml)\"}]},{\"@type\":\"WebSite\",\"@id\":\"https:\\\/\\\/skin-heal.com\\\/#website\",\"url\":\"https:\\\/\\\/skin-heal.com\\\/\",\"name\":\"Skin Heal\",\"description\":\"Lowest Prices for Dermal Fillers\",\"potentialAction\":[{\"@type\":\"SearchAction\",\"target\":{\"@type\":\"EntryPoint\",\"urlTemplate\":\"https:\\\/\\\/skin-heal.com\\\/?s={search_term_string}\"},\"query-input\":{\"@type\":\"PropertyValueSpecification\",\"valueRequired\":true,\"valueName\":\"search_term_string\"}}],\"inLanguage\":\"es\"}]}<\/script>\n<!-- \/ Yoast SEO plugin. -->","yoast_head_json":{"title":"Restylane Skinboosters Vital con Lidoca\u00edna (1x1ml) - Skin Heal","description":"Restylane Skinboosters Vital Lidocaine se dirige a la piel envejecida. Este producto de mesoterapia a base de HA proporciona a la piel elasticidad, luminosidad y tersura.","robots":{"index":"index","follow":"follow","max-snippet":"max-snippet:-1","max-image-preview":"max-image-preview:large","max-video-preview":"max-video-preview:-1"},"canonical":"https:\/\/skin-heal.com\/es\/producto\/restylane-skinboosters-vital-with-lidocaine-1x1ml\/","og_locale":"es_MX","og_type":"article","og_title":"Restylane Skinboosters Vital with Lidocaine (1x1ml) - Skin Heal","og_description":"Restylane Skinboosters Vital Lidocaine targets aging skin. This HA-based mesotherapy product provides the skin with elasticity, radiance & smoothness.","og_url":"https:\/\/skin-heal.com\/es\/producto\/restylane-skinboosters-vital-with-lidocaine-1x1ml\/","og_site_name":"Skin Heal","article_modified_time":"2023-02-20T16:57:58+00:00","og_image":[{"width":550,"height":550,"url":"https:\/\/cdn.skin-heal.com\/wp-content\/uploads\/2018\/11\/Restylane-Skinboosters-Vital-Lidocaine.jpg","type":"image\/jpeg"}],"twitter_card":"summary_large_image","twitter_misc":{"Tiempo de lectura":"1 minuto"},"schema":{"@context":"https:\/\/schema.org","@graph":[{"@type":"WebPage","@id":"https:\/\/skin-heal.com\/product\/restylane-skinboosters-vital-with-lidocaine-1x1ml\/","url":"https:\/\/skin-heal.com\/product\/restylane-skinboosters-vital-with-lidocaine-1x1ml\/","name":"Restylane Skinboosters Vital con Lidoca\u00edna (1x1ml) - Skin Heal","isPartOf":{"@id":"https:\/\/skin-heal.com\/#website"},"primaryImageOfPage":{"@id":"https:\/\/skin-heal.com\/product\/restylane-skinboosters-vital-with-lidocaine-1x1ml\/#primaryimage"},"image":{"@id":"https:\/\/skin-heal.com\/product\/restylane-skinboosters-vital-with-lidocaine-1x1ml\/#primaryimage"},"thumbnailUrl":"https:\/\/cdn.skin-heal.com\/wp-content\/uploads\/2018\/11\/Restylane-Skinboosters-Vital-Lidocaine.jpg","datePublished":"2018-11-23T16:00:45+00:00","dateModified":"2023-02-20T16:57:58+00:00","description":"Restylane Skinboosters Vital Lidocaine se dirige a la piel envejecida. Este producto de mesoterapia a base de HA proporciona a la piel elasticidad, luminosidad y tersura.","breadcrumb":{"@id":"https:\/\/skin-heal.com\/product\/restylane-skinboosters-vital-with-lidocaine-1x1ml\/#breadcrumb"},"inLanguage":"es","potentialAction":[{"@type":"ReadAction","target":["https:\/\/skin-heal.com\/product\/restylane-skinboosters-vital-with-lidocaine-1x1ml\/"]}]},{"@type":"ImageObject","inLanguage":"es","@id":"https:\/\/skin-heal.com\/product\/restylane-skinboosters-vital-with-lidocaine-1x1ml\/#primaryimage","url":"https:\/\/cdn.skin-heal.com\/wp-content\/uploads\/2018\/11\/Restylane-Skinboosters-Vital-Lidocaine.jpg","contentUrl":"https:\/\/cdn.skin-heal.com\/wp-content\/uploads\/2018\/11\/Restylane-Skinboosters-Vital-Lidocaine.jpg","width":550,"height":550,"caption":"Restylane Skinboosters Vital Lidocaine"},{"@type":"BreadcrumbList","@id":"https:\/\/skin-heal.com\/product\/restylane-skinboosters-vital-with-lidocaine-1x1ml\/#breadcrumb","itemListElement":[{"@type":"ListItem","position":1,"name":"Home","item":"https:\/\/skin-heal.com\/"},{"@type":"ListItem","position":2,"name":"Store","item":"https:\/\/skin-heal.com\/store\/"},{"@type":"ListItem","position":3,"name":"Restylane Skinboosters Vital with Lidocaine (1x1ml)"}]},{"@type":"WebSite","@id":"https:\/\/skin-heal.com\/#website","url":"https:\/\/skin-heal.com\/","name":"Curaci\u00f3n de la piel","description":"Los precios m\u00e1s bajos para los rellenos d\u00e9rmicos","potentialAction":[{"@type":"SearchAction","target":{"@type":"EntryPoint","urlTemplate":"https:\/\/skin-heal.com\/?s={search_term_string}"},"query-input":{"@type":"PropertyValueSpecification","valueRequired":true,"valueName":"search_term_string"}}],"inLanguage":"es"}]}},"_links":{"self":[{"href":"https:\/\/skin-heal.com\/es\/wp-json\/wp\/v2\/product\/693","targetHints":{"allow":["GET"]}}],"collection":[{"href":"https:\/\/skin-heal.com\/es\/wp-json\/wp\/v2\/product"}],"about":[{"href":"https:\/\/skin-heal.com\/es\/wp-json\/wp\/v2\/types\/product"}],"wp:featuredmedia":[{"embeddable":true,"href":"https:\/\/skin-heal.com\/es\/wp-json\/wp\/v2\/media\/831"}],"wp:attachment":[{"href":"https:\/\/skin-heal.com\/es\/wp-json\/wp\/v2\/media?parent=693"}],"wp:term":[{"taxonomy":"product_brand","embeddable":true,"href":"https:\/\/skin-heal.com\/es\/wp-json\/wp\/v2\/product_brand?post=693"},{"taxonomy":"product_cat","embeddable":true,"href":"https:\/\/skin-heal.com\/es\/wp-json\/wp\/v2\/product_cat?post=693"},{"taxonomy":"product_tag","embeddable":true,"href":"https:\/\/skin-heal.com\/es\/wp-json\/wp\/v2\/product_tag?post=693"}],"curies":[{"name":"wp","href":"https:\/\/api.w.org\/{rel}","templated":true}]}}