{"id":694,"date":"2018-11-23T16:02:02","date_gmt":"2018-11-23T14:02:02","guid":{"rendered":"https:\/\/skin-heal.com\/?post_type=product&#038;p=694"},"modified":"2023-02-20T18:56:16","modified_gmt":"2023-02-20T16:56:16","slug":"restylane-skinboosters-vital-light-with-lidocaine-1x1ml","status":"publish","type":"product","link":"https:\/\/skin-heal.com\/es\/producto\/restylane-skinboosters-vital-light-with-lidocaine-1x1ml\/","title":{"rendered":"Restylane Skinboosters Vital Light con Lidoca\u00edna (1x1ml)"},"content":{"rendered":"<p><strong>Una descripci\u00f3n detallada del producto<\/strong><\/p>\n<ul>\n<li>Contenido del envase: 1 jeringa precargada de 1 ml, 3 agujas desechables de 30 G<\/li>\n<li>Concentraci\u00f3n de \u00e1cido hialur\u00f3nico - 12 mg\/ml<\/li>\n<li>Durabilidad - 4-6 meses de media<\/li>\n<li>Concentraci\u00f3n de lidoca\u00edna - 0,3%<\/li>\n<\/ul>\n<p>Restylane Skinboosters Vital Light Lidocaine est\u00e1 aprobado para el tratamiento de pacientes m\u00e1s j\u00f3venes (mayores de 21 a\u00f1os) porque no tiene la alta concentraci\u00f3n de AH de un relleno d\u00e9rmico est\u00e1ndar. En su lugar, contiene la cantidad justa de part\u00edculas para revitalizar y refrescar la piel sin realizar correcciones considerables del contorno facial. No est\u00e1 dise\u00f1ado para proporcionar una soluci\u00f3n de eliminaci\u00f3n de arrugas o pliegues, sino para ralentizar las manos del tiempo manteniendo los niveles \u00f3ptimos de hidrataci\u00f3n y viscoelasticidad de la piel.<\/p>\n<p><strong>\u00bfQu\u00e9 resultados ofrece?<\/strong><\/p>\n<p>Los efectos del tratamiento pueden notarse incluso despu\u00e9s de la primera inyecci\u00f3n de Restylane Skinboosters Vital Light Lidocaine. Aunque los resultados pueden variar de un paciente a otro, suelen incluir una piel m\u00e1s brillante y mejor hidratada. La textura de las zonas tratadas se vuelve m\u00e1s suave y eso le da un aspecto a\u00fan m\u00e1s juvenil y saludable. Con este revolucionario producto de mesoterapia, eso no tiene el precio del dolor debido a la lidoca\u00edna en su composici\u00f3n.<\/p>","protected":false},"excerpt":{"rendered":"<p>Restylane Skinboosters Vital Light Lidocaine es un tipo de producto de rejuvenecimiento de la piel con HA poco com\u00fan, ya que en lugar de centrarse en la piel envejecida, foto o da\u00f1ada por el sol, est\u00e1 dise\u00f1ado para tratar la piel delicada y m\u00e1s joven. Tiene un prop\u00f3sito preventivo que tiene como objetivo mantener las l\u00edneas, arrugas y otras imperfecciones de la piel padre en el camino para el paciente tratado. La f\u00f3rmula de lidoca\u00edna de este producto de mesoterapia \u00fanico en su g\u00e9nero garantiza un procedimiento de inyecci\u00f3n indoloro.<\/p>","protected":false},"featured_media":832,"template":"","meta":[],"product_brand":[],"product_cat":[79,40,144],"product_tag":[145],"class_list":{"0":"post-694","1":"product","2":"type-product","3":"status-publish","4":"has-post-thumbnail","6":"product_cat-dermal-fillers","7":"product_cat-restylane","8":"product_cat-holiday-mega-sale","9":"product_tag-5off","10":"clearfix","12":"first","13":"instock","14":"sale","15":"taxable","16":"shipping-taxable","17":"purchasable","18":"product-type-simple"},"yoast_head":"<!-- This site is optimized with the Yoast SEO plugin v27.3 - https:\/\/yoast.com\/product\/yoast-seo-wordpress\/ -->\n<title>Restylane Skinboosters Vital Light with Lidocaine (1x1ml) - Skin Heal<\/title>\n<meta name=\"description\" content=\"Get Restylane Skinboosters Vital Light Lidocaine \u2013 a quality mesotherapy product that delivers preventive skin rejuvenation therapy using the powers of HA.\" \/>\n<meta name=\"robots\" content=\"index, follow, max-snippet:-1, max-image-preview:large, max-video-preview:-1\" \/>\n<link rel=\"canonical\" href=\"https:\/\/skin-heal.com\/es\/producto\/restylane-skinboosters-vital-light-with-lidocaine-1x1ml\/\" \/>\n<meta property=\"og:locale\" content=\"es_MX\" \/>\n<meta property=\"og:type\" content=\"article\" \/>\n<meta property=\"og:title\" content=\"Restylane Skinboosters Vital Light with Lidocaine (1x1ml) - Skin Heal\" \/>\n<meta property=\"og:description\" content=\"Get Restylane Skinboosters Vital Light Lidocaine \u2013 a quality mesotherapy product that delivers preventive skin rejuvenation therapy using the powers of HA.\" \/>\n<meta property=\"og:url\" content=\"https:\/\/skin-heal.com\/es\/producto\/restylane-skinboosters-vital-light-with-lidocaine-1x1ml\/\" \/>\n<meta property=\"og:site_name\" content=\"Skin Heal\" \/>\n<meta property=\"article:modified_time\" content=\"2023-02-20T16:56:16+00:00\" \/>\n<meta property=\"og:image\" content=\"https:\/\/cdn.skin-heal.com\/wp-content\/uploads\/2018\/11\/Restylane-skinboosters-Vital-Light-Lidocaine.jpg\" \/>\n\t<meta property=\"og:image:width\" content=\"550\" \/>\n\t<meta property=\"og:image:height\" content=\"550\" \/>\n\t<meta property=\"og:image:type\" content=\"image\/jpeg\" \/>\n<meta name=\"twitter:card\" content=\"summary_large_image\" \/>\n<meta name=\"twitter:label1\" content=\"Tiempo de lectura\" \/>\n\t<meta name=\"twitter:data1\" content=\"1 minuto\" \/>\n<script type=\"application\/ld+json\" class=\"yoast-schema-graph\">{\"@context\":\"https:\\\/\\\/schema.org\",\"@graph\":[{\"@type\":\"WebPage\",\"@id\":\"https:\\\/\\\/skin-heal.com\\\/product\\\/restylane-skinboosters-vital-light-with-lidocaine-1x1ml\\\/\",\"url\":\"https:\\\/\\\/skin-heal.com\\\/product\\\/restylane-skinboosters-vital-light-with-lidocaine-1x1ml\\\/\",\"name\":\"Restylane Skinboosters Vital Light with Lidocaine (1x1ml) - Skin Heal\",\"isPartOf\":{\"@id\":\"https:\\\/\\\/skin-heal.com\\\/#website\"},\"primaryImageOfPage\":{\"@id\":\"https:\\\/\\\/skin-heal.com\\\/product\\\/restylane-skinboosters-vital-light-with-lidocaine-1x1ml\\\/#primaryimage\"},\"image\":{\"@id\":\"https:\\\/\\\/skin-heal.com\\\/product\\\/restylane-skinboosters-vital-light-with-lidocaine-1x1ml\\\/#primaryimage\"},\"thumbnailUrl\":\"https:\\\/\\\/skin-heal.com\\\/wp-content\\\/uploads\\\/2018\\\/11\\\/Restylane-skinboosters-Vital-Light-Lidocaine.jpg\",\"datePublished\":\"2018-11-23T14:02:02+00:00\",\"dateModified\":\"2023-02-20T16:56:16+00:00\",\"description\":\"Get Restylane Skinboosters Vital Light Lidocaine \u2013 a quality mesotherapy product that delivers preventive skin rejuvenation therapy using the powers of HA.\",\"breadcrumb\":{\"@id\":\"https:\\\/\\\/skin-heal.com\\\/product\\\/restylane-skinboosters-vital-light-with-lidocaine-1x1ml\\\/#breadcrumb\"},\"inLanguage\":\"es\",\"potentialAction\":[{\"@type\":\"ReadAction\",\"target\":[\"https:\\\/\\\/skin-heal.com\\\/product\\\/restylane-skinboosters-vital-light-with-lidocaine-1x1ml\\\/\"]}]},{\"@type\":\"ImageObject\",\"inLanguage\":\"es\",\"@id\":\"https:\\\/\\\/skin-heal.com\\\/product\\\/restylane-skinboosters-vital-light-with-lidocaine-1x1ml\\\/#primaryimage\",\"url\":\"https:\\\/\\\/skin-heal.com\\\/wp-content\\\/uploads\\\/2018\\\/11\\\/Restylane-skinboosters-Vital-Light-Lidocaine.jpg\",\"contentUrl\":\"https:\\\/\\\/skin-heal.com\\\/wp-content\\\/uploads\\\/2018\\\/11\\\/Restylane-skinboosters-Vital-Light-Lidocaine.jpg\",\"width\":550,\"height\":550,\"caption\":\"Restylane Skinboosters Vital Light Lidocaine\"},{\"@type\":\"BreadcrumbList\",\"@id\":\"https:\\\/\\\/skin-heal.com\\\/product\\\/restylane-skinboosters-vital-light-with-lidocaine-1x1ml\\\/#breadcrumb\",\"itemListElement\":[{\"@type\":\"ListItem\",\"position\":1,\"name\":\"Home\",\"item\":\"https:\\\/\\\/skin-heal.com\\\/\"},{\"@type\":\"ListItem\",\"position\":2,\"name\":\"Store\",\"item\":\"https:\\\/\\\/skin-heal.com\\\/store\\\/\"},{\"@type\":\"ListItem\",\"position\":3,\"name\":\"Restylane Skinboosters Vital Light with Lidocaine (1x1ml)\"}]},{\"@type\":\"WebSite\",\"@id\":\"https:\\\/\\\/skin-heal.com\\\/#website\",\"url\":\"https:\\\/\\\/skin-heal.com\\\/\",\"name\":\"Skin Heal\",\"description\":\"Lowest Prices for Dermal Fillers\",\"potentialAction\":[{\"@type\":\"SearchAction\",\"target\":{\"@type\":\"EntryPoint\",\"urlTemplate\":\"https:\\\/\\\/skin-heal.com\\\/?s={search_term_string}\"},\"query-input\":{\"@type\":\"PropertyValueSpecification\",\"valueRequired\":true,\"valueName\":\"search_term_string\"}}],\"inLanguage\":\"es\"}]}<\/script>\n<!-- \/ Yoast SEO plugin. -->","yoast_head_json":{"title":"Restylane Skinboosters Vital Light con Lidoca\u00edna (1x1ml) - Skin Heal","description":"Obtenga Restylane Skinboosters Vital Light Lidocaine - un producto de mesoterapia de calidad que proporciona una terapia preventiva de rejuvenecimiento de la piel utilizando los poderes del AH.","robots":{"index":"index","follow":"follow","max-snippet":"max-snippet:-1","max-image-preview":"max-image-preview:large","max-video-preview":"max-video-preview:-1"},"canonical":"https:\/\/skin-heal.com\/es\/producto\/restylane-skinboosters-vital-light-with-lidocaine-1x1ml\/","og_locale":"es_MX","og_type":"article","og_title":"Restylane Skinboosters Vital Light with Lidocaine (1x1ml) - Skin Heal","og_description":"Get Restylane Skinboosters Vital Light Lidocaine \u2013 a quality mesotherapy product that delivers preventive skin rejuvenation therapy using the powers of HA.","og_url":"https:\/\/skin-heal.com\/es\/producto\/restylane-skinboosters-vital-light-with-lidocaine-1x1ml\/","og_site_name":"Skin Heal","article_modified_time":"2023-02-20T16:56:16+00:00","og_image":[{"width":550,"height":550,"url":"https:\/\/cdn.skin-heal.com\/wp-content\/uploads\/2018\/11\/Restylane-skinboosters-Vital-Light-Lidocaine.jpg","type":"image\/jpeg"}],"twitter_card":"summary_large_image","twitter_misc":{"Tiempo de lectura":"1 minuto"},"schema":{"@context":"https:\/\/schema.org","@graph":[{"@type":"WebPage","@id":"https:\/\/skin-heal.com\/product\/restylane-skinboosters-vital-light-with-lidocaine-1x1ml\/","url":"https:\/\/skin-heal.com\/product\/restylane-skinboosters-vital-light-with-lidocaine-1x1ml\/","name":"Restylane Skinboosters Vital Light con Lidoca\u00edna (1x1ml) - Skin Heal","isPartOf":{"@id":"https:\/\/skin-heal.com\/#website"},"primaryImageOfPage":{"@id":"https:\/\/skin-heal.com\/product\/restylane-skinboosters-vital-light-with-lidocaine-1x1ml\/#primaryimage"},"image":{"@id":"https:\/\/skin-heal.com\/product\/restylane-skinboosters-vital-light-with-lidocaine-1x1ml\/#primaryimage"},"thumbnailUrl":"https:\/\/cdn.skin-heal.com\/wp-content\/uploads\/2018\/11\/Restylane-skinboosters-Vital-Light-Lidocaine.jpg","datePublished":"2018-11-23T14:02:02+00:00","dateModified":"2023-02-20T16:56:16+00:00","description":"Obtenga Restylane Skinboosters Vital Light Lidocaine - un producto de mesoterapia de calidad que proporciona una terapia preventiva de rejuvenecimiento de la piel utilizando los poderes del AH.","breadcrumb":{"@id":"https:\/\/skin-heal.com\/product\/restylane-skinboosters-vital-light-with-lidocaine-1x1ml\/#breadcrumb"},"inLanguage":"es","potentialAction":[{"@type":"ReadAction","target":["https:\/\/skin-heal.com\/product\/restylane-skinboosters-vital-light-with-lidocaine-1x1ml\/"]}]},{"@type":"ImageObject","inLanguage":"es","@id":"https:\/\/skin-heal.com\/product\/restylane-skinboosters-vital-light-with-lidocaine-1x1ml\/#primaryimage","url":"https:\/\/cdn.skin-heal.com\/wp-content\/uploads\/2018\/11\/Restylane-skinboosters-Vital-Light-Lidocaine.jpg","contentUrl":"https:\/\/cdn.skin-heal.com\/wp-content\/uploads\/2018\/11\/Restylane-skinboosters-Vital-Light-Lidocaine.jpg","width":550,"height":550,"caption":"Restylane Skinboosters Vital Light Lidocaine"},{"@type":"BreadcrumbList","@id":"https:\/\/skin-heal.com\/product\/restylane-skinboosters-vital-light-with-lidocaine-1x1ml\/#breadcrumb","itemListElement":[{"@type":"ListItem","position":1,"name":"Home","item":"https:\/\/skin-heal.com\/"},{"@type":"ListItem","position":2,"name":"Store","item":"https:\/\/skin-heal.com\/store\/"},{"@type":"ListItem","position":3,"name":"Restylane Skinboosters Vital Light with Lidocaine (1x1ml)"}]},{"@type":"WebSite","@id":"https:\/\/skin-heal.com\/#website","url":"https:\/\/skin-heal.com\/","name":"Curaci\u00f3n de la piel","description":"Los precios m\u00e1s bajos para los rellenos d\u00e9rmicos","potentialAction":[{"@type":"SearchAction","target":{"@type":"EntryPoint","urlTemplate":"https:\/\/skin-heal.com\/?s={search_term_string}"},"query-input":{"@type":"PropertyValueSpecification","valueRequired":true,"valueName":"search_term_string"}}],"inLanguage":"es"}]}},"_links":{"self":[{"href":"https:\/\/skin-heal.com\/es\/wp-json\/wp\/v2\/product\/694","targetHints":{"allow":["GET"]}}],"collection":[{"href":"https:\/\/skin-heal.com\/es\/wp-json\/wp\/v2\/product"}],"about":[{"href":"https:\/\/skin-heal.com\/es\/wp-json\/wp\/v2\/types\/product"}],"wp:featuredmedia":[{"embeddable":true,"href":"https:\/\/skin-heal.com\/es\/wp-json\/wp\/v2\/media\/832"}],"wp:attachment":[{"href":"https:\/\/skin-heal.com\/es\/wp-json\/wp\/v2\/media?parent=694"}],"wp:term":[{"taxonomy":"product_brand","embeddable":true,"href":"https:\/\/skin-heal.com\/es\/wp-json\/wp\/v2\/product_brand?post=694"},{"taxonomy":"product_cat","embeddable":true,"href":"https:\/\/skin-heal.com\/es\/wp-json\/wp\/v2\/product_cat?post=694"},{"taxonomy":"product_tag","embeddable":true,"href":"https:\/\/skin-heal.com\/es\/wp-json\/wp\/v2\/product_tag?post=694"}],"curies":[{"name":"wp","href":"https:\/\/api.w.org\/{rel}","templated":true}]}}