{"id":695,"date":"2018-11-23T16:03:54","date_gmt":"2018-11-23T14:03:54","guid":{"rendered":"https:\/\/skin-heal.com\/?post_type=product&#038;p=695"},"modified":"2023-06-25T20:26:53","modified_gmt":"2023-06-25T17:26:53","slug":"restylane-lidocaine-1x1ml","status":"publish","type":"product","link":"https:\/\/skin-heal.com\/es\/producto\/restylane-lidocaine-1x1ml\/","title":{"rendered":"Restylane Lidoca\u00edna (1x1ml)"},"content":{"rendered":"<p><strong>Adecuado para las zonas faciales m\u00e1s delicadas<\/strong><\/p>\n<p>Restylane Lidocaine puede inyectarse en aquellas zonas de la cara que son incre\u00edblemente sensibles y finas. Entre ellas se encuentran las comisuras de la boca, las zonas nasolabiales y periorales y los labios. El gel de HA del que est\u00e1 hecho tiene una elasticidad incre\u00edble y, sin embargo, la fuerza de las part\u00edculas de HA es de 20mg\/ml. Por ello, este revolucionario relleno de tejidos blandos no migra cuando se inyecta en los labios, la parte de la cara que utilizamos constantemente cuando hacemos muecas, comemos, hablamos, etc. Al mismo tiempo, el gel puede ser moldeado r\u00e1pidamente en la forma y posici\u00f3n deseadas por los profesionales mediante un suave masaje que proporciona un alto \u00edndice de satisfacci\u00f3n.<\/p>\n<p><strong>Menos dolor, mismo precio y resultados<\/strong><\/p>\n<p>Restylane Lidocaine es el \u00fanico producto de la gama Restylane Restore de Q-Med que contiene lidoca\u00edna. Aunque est\u00e1 disponible pr\u00e1cticamente al mismo precio que su versi\u00f3n sin lidoca\u00edna, este relleno d\u00e9rmico puro proporciona a los pacientes un tratamiento sin molestias ni dolor. Los ensayos cl\u00ednicos muestran que para 7 de cada 10 pacientes, el dolor durante el tratamiento con este producto fue considerablemente menor o incluso inexistente.<\/p>\n<ul>\n<li>Durabilidad: 6-9 meses<\/li>\n<li>Indicaciones: L\u00edneas de la sonrisa, l\u00edneas de marioneta, realce de labios<\/li>\n<\/ul>","protected":false},"excerpt":{"rendered":"<p>Para un tratamiento de eliminaci\u00f3n de arrugas duradero, no invasivo e indoloro, conf\u00ede en Restylane Lidocaine. Se trata de un relleno cut\u00e1neo de \u00e1cido hialur\u00f3nico de excelente calidad aprobado por la FDA. Es completamente compatible con el cuerpo humano porque est\u00e1 hecho de un AH esterilizado de origen no animal. Este producto con infusi\u00f3n de Lidoca\u00edna es tan seguro, f\u00e1cil de moldear y biocompatible que tambi\u00e9n ha sido aprobado para procedimientos de aumento de labios.<\/p>","protected":false},"featured_media":826,"template":"","meta":[],"product_brand":[],"product_cat":[79,40,144],"product_tag":[145],"class_list":{"0":"post-695","1":"product","2":"type-product","3":"status-publish","4":"has-post-thumbnail","6":"product_cat-dermal-fillers","7":"product_cat-restylane","8":"product_cat-holiday-mega-sale","9":"product_tag-5off","10":"clearfix","12":"first","13":"instock","14":"sale","15":"taxable","16":"shipping-taxable","17":"purchasable","18":"product-type-simple"},"yoast_head":"<!-- This site is optimized with the Yoast SEO plugin v27.4 - https:\/\/yoast.com\/product\/yoast-seo-wordpress\/ -->\n<title>Restylane Lidocaine (1x1ml) - Skin Heal<\/title>\n<meta name=\"description\" content=\"Restylane Lidocaine is an FDA-approved skin filler for a risk-free facial wrinkle correction. This HA filler is successfully used for lip enhancement.\" \/>\n<meta name=\"robots\" content=\"index, follow, max-snippet:-1, max-image-preview:large, max-video-preview:-1\" \/>\n<link rel=\"canonical\" href=\"https:\/\/skin-heal.com\/es\/producto\/restylane-lidocaine-1x1ml\/\" \/>\n<meta property=\"og:locale\" content=\"es_MX\" \/>\n<meta property=\"og:type\" content=\"article\" \/>\n<meta property=\"og:title\" content=\"Restylane Lidocaine (1x1ml) - Skin Heal\" \/>\n<meta property=\"og:description\" content=\"Restylane Lidocaine is an FDA-approved skin filler for a risk-free facial wrinkle correction. This HA filler is successfully used for lip enhancement.\" \/>\n<meta property=\"og:url\" content=\"https:\/\/skin-heal.com\/es\/producto\/restylane-lidocaine-1x1ml\/\" \/>\n<meta property=\"og:site_name\" content=\"Skin Heal\" \/>\n<meta property=\"article:modified_time\" content=\"2023-06-25T17:26:53+00:00\" \/>\n<meta property=\"og:image\" content=\"https:\/\/cdn.skin-heal.com\/wp-content\/uploads\/2018\/11\/Restylane-Lidocanine.jpg\" \/>\n\t<meta property=\"og:image:width\" content=\"550\" \/>\n\t<meta property=\"og:image:height\" content=\"548\" \/>\n\t<meta property=\"og:image:type\" content=\"image\/jpeg\" \/>\n<meta name=\"twitter:card\" content=\"summary_large_image\" \/>\n<meta name=\"twitter:label1\" content=\"Tiempo de lectura\" \/>\n\t<meta name=\"twitter:data1\" content=\"1 minuto\" \/>\n<script type=\"application\/ld+json\" class=\"yoast-schema-graph\">{\"@context\":\"https:\\\/\\\/schema.org\",\"@graph\":[{\"@type\":\"WebPage\",\"@id\":\"https:\\\/\\\/skin-heal.com\\\/product\\\/restylane-lidocaine-1x1ml\\\/\",\"url\":\"https:\\\/\\\/skin-heal.com\\\/product\\\/restylane-lidocaine-1x1ml\\\/\",\"name\":\"Restylane Lidocaine (1x1ml) - Skin Heal\",\"isPartOf\":{\"@id\":\"https:\\\/\\\/skin-heal.com\\\/#website\"},\"primaryImageOfPage\":{\"@id\":\"https:\\\/\\\/skin-heal.com\\\/product\\\/restylane-lidocaine-1x1ml\\\/#primaryimage\"},\"image\":{\"@id\":\"https:\\\/\\\/skin-heal.com\\\/product\\\/restylane-lidocaine-1x1ml\\\/#primaryimage\"},\"thumbnailUrl\":\"https:\\\/\\\/skin-heal.com\\\/wp-content\\\/uploads\\\/2018\\\/11\\\/Restylane-Lidocanine.jpg\",\"datePublished\":\"2018-11-23T14:03:54+00:00\",\"dateModified\":\"2023-06-25T17:26:53+00:00\",\"description\":\"Restylane Lidocaine is an FDA-approved skin filler for a risk-free facial wrinkle correction. This HA filler is successfully used for lip enhancement.\",\"breadcrumb\":{\"@id\":\"https:\\\/\\\/skin-heal.com\\\/product\\\/restylane-lidocaine-1x1ml\\\/#breadcrumb\"},\"inLanguage\":\"es\",\"potentialAction\":[{\"@type\":\"ReadAction\",\"target\":[\"https:\\\/\\\/skin-heal.com\\\/product\\\/restylane-lidocaine-1x1ml\\\/\"]}]},{\"@type\":\"ImageObject\",\"inLanguage\":\"es\",\"@id\":\"https:\\\/\\\/skin-heal.com\\\/product\\\/restylane-lidocaine-1x1ml\\\/#primaryimage\",\"url\":\"https:\\\/\\\/skin-heal.com\\\/wp-content\\\/uploads\\\/2018\\\/11\\\/Restylane-Lidocanine.jpg\",\"contentUrl\":\"https:\\\/\\\/skin-heal.com\\\/wp-content\\\/uploads\\\/2018\\\/11\\\/Restylane-Lidocanine.jpg\",\"width\":550,\"height\":548,\"caption\":\"Restylane Lidocanine\"},{\"@type\":\"BreadcrumbList\",\"@id\":\"https:\\\/\\\/skin-heal.com\\\/product\\\/restylane-lidocaine-1x1ml\\\/#breadcrumb\",\"itemListElement\":[{\"@type\":\"ListItem\",\"position\":1,\"name\":\"Home\",\"item\":\"https:\\\/\\\/skin-heal.com\\\/\"},{\"@type\":\"ListItem\",\"position\":2,\"name\":\"Store\",\"item\":\"https:\\\/\\\/skin-heal.com\\\/store\\\/\"},{\"@type\":\"ListItem\",\"position\":3,\"name\":\"Restylane Lidocaine (1x1ml)\"}]},{\"@type\":\"WebSite\",\"@id\":\"https:\\\/\\\/skin-heal.com\\\/#website\",\"url\":\"https:\\\/\\\/skin-heal.com\\\/\",\"name\":\"Skin Heal\",\"description\":\"Lowest Prices for Dermal Fillers\",\"potentialAction\":[{\"@type\":\"SearchAction\",\"target\":{\"@type\":\"EntryPoint\",\"urlTemplate\":\"https:\\\/\\\/skin-heal.com\\\/?s={search_term_string}\"},\"query-input\":{\"@type\":\"PropertyValueSpecification\",\"valueRequired\":true,\"valueName\":\"search_term_string\"}}],\"inLanguage\":\"es\"}]}<\/script>\n<!-- \/ Yoast SEO plugin. -->","yoast_head_json":{"title":"Restylane Lidoca\u00edna (1x1ml) - Skin Heal","description":"Restylane Lidocaine es un relleno cut\u00e1neo aprobado por la FDA para una correcci\u00f3n de las arrugas faciales sin riesgos. Este relleno de HA se utiliza con \u00e9xito para el realce de los labios.","robots":{"index":"index","follow":"follow","max-snippet":"max-snippet:-1","max-image-preview":"max-image-preview:large","max-video-preview":"max-video-preview:-1"},"canonical":"https:\/\/skin-heal.com\/es\/producto\/restylane-lidocaine-1x1ml\/","og_locale":"es_MX","og_type":"article","og_title":"Restylane Lidocaine (1x1ml) - Skin Heal","og_description":"Restylane Lidocaine is an FDA-approved skin filler for a risk-free facial wrinkle correction. This HA filler is successfully used for lip enhancement.","og_url":"https:\/\/skin-heal.com\/es\/producto\/restylane-lidocaine-1x1ml\/","og_site_name":"Skin Heal","article_modified_time":"2023-06-25T17:26:53+00:00","og_image":[{"width":550,"height":548,"url":"https:\/\/cdn.skin-heal.com\/wp-content\/uploads\/2018\/11\/Restylane-Lidocanine.jpg","type":"image\/jpeg"}],"twitter_card":"summary_large_image","twitter_misc":{"Tiempo de lectura":"1 minuto"},"schema":{"@context":"https:\/\/schema.org","@graph":[{"@type":"WebPage","@id":"https:\/\/skin-heal.com\/product\/restylane-lidocaine-1x1ml\/","url":"https:\/\/skin-heal.com\/product\/restylane-lidocaine-1x1ml\/","name":"Restylane Lidoca\u00edna (1x1ml) - Skin Heal","isPartOf":{"@id":"https:\/\/skin-heal.com\/#website"},"primaryImageOfPage":{"@id":"https:\/\/skin-heal.com\/product\/restylane-lidocaine-1x1ml\/#primaryimage"},"image":{"@id":"https:\/\/skin-heal.com\/product\/restylane-lidocaine-1x1ml\/#primaryimage"},"thumbnailUrl":"https:\/\/cdn.skin-heal.com\/wp-content\/uploads\/2018\/11\/Restylane-Lidocanine.jpg","datePublished":"2018-11-23T14:03:54+00:00","dateModified":"2023-06-25T17:26:53+00:00","description":"Restylane Lidocaine es un relleno cut\u00e1neo aprobado por la FDA para una correcci\u00f3n de las arrugas faciales sin riesgos. Este relleno de HA se utiliza con \u00e9xito para el realce de los labios.","breadcrumb":{"@id":"https:\/\/skin-heal.com\/product\/restylane-lidocaine-1x1ml\/#breadcrumb"},"inLanguage":"es","potentialAction":[{"@type":"ReadAction","target":["https:\/\/skin-heal.com\/product\/restylane-lidocaine-1x1ml\/"]}]},{"@type":"ImageObject","inLanguage":"es","@id":"https:\/\/skin-heal.com\/product\/restylane-lidocaine-1x1ml\/#primaryimage","url":"https:\/\/cdn.skin-heal.com\/wp-content\/uploads\/2018\/11\/Restylane-Lidocanine.jpg","contentUrl":"https:\/\/cdn.skin-heal.com\/wp-content\/uploads\/2018\/11\/Restylane-Lidocanine.jpg","width":550,"height":548,"caption":"Restylane Lidocanine"},{"@type":"BreadcrumbList","@id":"https:\/\/skin-heal.com\/product\/restylane-lidocaine-1x1ml\/#breadcrumb","itemListElement":[{"@type":"ListItem","position":1,"name":"Home","item":"https:\/\/skin-heal.com\/"},{"@type":"ListItem","position":2,"name":"Store","item":"https:\/\/skin-heal.com\/store\/"},{"@type":"ListItem","position":3,"name":"Restylane Lidocaine (1x1ml)"}]},{"@type":"WebSite","@id":"https:\/\/skin-heal.com\/#website","url":"https:\/\/skin-heal.com\/","name":"Curaci\u00f3n de la piel","description":"Los precios m\u00e1s bajos para los rellenos d\u00e9rmicos","potentialAction":[{"@type":"SearchAction","target":{"@type":"EntryPoint","urlTemplate":"https:\/\/skin-heal.com\/?s={search_term_string}"},"query-input":{"@type":"PropertyValueSpecification","valueRequired":true,"valueName":"search_term_string"}}],"inLanguage":"es"}]}},"_links":{"self":[{"href":"https:\/\/skin-heal.com\/es\/wp-json\/wp\/v2\/product\/695","targetHints":{"allow":["GET"]}}],"collection":[{"href":"https:\/\/skin-heal.com\/es\/wp-json\/wp\/v2\/product"}],"about":[{"href":"https:\/\/skin-heal.com\/es\/wp-json\/wp\/v2\/types\/product"}],"wp:featuredmedia":[{"embeddable":true,"href":"https:\/\/skin-heal.com\/es\/wp-json\/wp\/v2\/media\/826"}],"wp:attachment":[{"href":"https:\/\/skin-heal.com\/es\/wp-json\/wp\/v2\/media?parent=695"}],"wp:term":[{"taxonomy":"product_brand","embeddable":true,"href":"https:\/\/skin-heal.com\/es\/wp-json\/wp\/v2\/product_brand?post=695"},{"taxonomy":"product_cat","embeddable":true,"href":"https:\/\/skin-heal.com\/es\/wp-json\/wp\/v2\/product_cat?post=695"},{"taxonomy":"product_tag","embeddable":true,"href":"https:\/\/skin-heal.com\/es\/wp-json\/wp\/v2\/product_tag?post=695"}],"curies":[{"name":"wp","href":"https:\/\/api.w.org\/{rel}","templated":true}]}}